{"id":19567,"date":"2025-04-09T13:26:26","date_gmt":"2025-04-09T11:26:26","guid":{"rendered":"https:\/\/andalubox.com\/producto-andaluz\/pepsi-cola-usa-soda-shop-355ml\/"},"modified":"2025-09-22T15:47:46","modified_gmt":"2025-09-22T13:47:46","slug":"pepsi-cola-usa-soda-shop-355ml","status":"publish","type":"product","link":"https:\/\/andalubox.com\/fr\/producto-andaluz\/pepsi-cola-usa-soda-shop-355ml\/","title":{"rendered":"Pepsi Cola USA soda shop 355ml"},"content":{"rendered":"<p>Pepsi Cola USA soda shop 355ml<\/p>\n<p><span class=\"citation-27\">Le magasin de sodas Pepsi-Cola <\/span><b><span class=\"citation-27\">Pepsi-Cola Soda Shop<\/span><\/b><span class=\"citation-27 citation-end-27\"> est une \u00e9dition sp\u00e9ciale de Pepsi lanc\u00e9e aux \u00c9tats-Unis dans le but d&#8217;\u00e9voquer l&#8217;exp\u00e9rience nostalgique des fontaines \u00e0 soda d&#8217;antan.<\/span> <span class=\"citation-26\">L&#8217;une de ses principales caract\u00e9ristiques est que, contrairement au Pepsi ordinaire aux \u00c9tats-Unis qui utilise du sirop de ma\u00efs \u00e0 haute teneur en fructose, le Soda Shop est fabriqu\u00e9 avec du vrai sucre. <\/span><b><span class=\"citation-26\">fabriqu\u00e9 avec du vrai sucre<\/span><\/b><span class=\"citation-26 citation-end-26\">.<\/span><\/p>\n<p><span class=\"citation-25\">Cette s\u00e9rie comprend plusieurs saveurs, la plus courante \u00e9tant le <\/span><b><span class=\"citation-25\">Soda \u00e0 la cr\u00e8me<\/span><\/b><span class=\"citation-25\"> (avec un soup\u00e7on de vanille et de cr\u00e8me) et le <\/span><b><span class=\"citation-25\">Cerise noire<\/span><\/b><span class=\"citation-25 citation-end-25\"> (avec un soup\u00e7on de cerise noire).<\/span> Le format de 355 ml est la taille standard des canettes aux \u00c9tats-Unis.<\/p>\n<h3>Caract\u00e9ristiques principales<\/h3>\n<ul>\n\t<li>\n<p><b><span class=\"citation-24\">Fabriqu\u00e9 avec du vrai sucre :<\/span><\/b><span class=\"citation-24 citation-end-24\"> Contrairement \u00e0 de nombreux sodas sur le march\u00e9 am\u00e9ricain, il est produit avec du sucre de canne plut\u00f4t qu&#8217;avec du sirop de ma\u00efs, ce que de nombreux consommateurs pr\u00e9f\u00e8rent pour un go\u00fbt plus &#8220;authentique&#8221; et moins sucr\u00e9.<\/span><\/p>\n<\/li>\n\t<li>\n<p><b>Saveurs sp\u00e9ciales :<\/b><span class=\"citation-23 citation-end-23\"> Se concentre sur les saveurs classiques des fontaines \u00e0 soda, telles que la cr\u00e8me \u00e0 la vanille et la cerise noire.<\/span><\/p>\n<\/li>\n\t<li>\n<p><b>Format :<\/b><span class=\"citation-22 citation-end-22\"> Bo\u00eete de 355 ml (12 oz liq.), la taille habituelle d&#8217;une portion individuelle aux \u00c9tats-Unis.<\/span><\/p>\n<\/li>\n\t<li>\n<p><b>Disponibilit\u00e9 :<\/b> g\u00e9n\u00e9ralement en \u00e9dition limit\u00e9e ou saisonni\u00e8re, souvent vendue comme produit d&#8217;importation en dehors des \u00c9tats-Unis.<\/p>\n<\/li>\n<\/ul>\n<h3>Ingr\u00e9dients et nutrition<\/h3>\n<p>Bien que les ingr\u00e9dients exacts puissent varier l\u00e9g\u00e8rement d&#8217;une saveur \u00e0 l&#8217;autre, ils comprennent g\u00e9n\u00e9ralement :<\/p>\n<ul>\n\t<li>\n<p>Eau gazeuse<\/p>\n<\/li>\n\t<li>\n<p><span class=\"citation-21 citation-end-21\">Sucre<\/span><\/p>\n<\/li>\n\t<li>\n<p>Colorant caramel<\/p>\n<\/li>\n\t<li>\n<p>Ar\u00f4mes naturels<\/p>\n<\/li>\n\t<li>\n<p>Acide phosphorique<\/p>\n<\/li>\n\t<li>\n<p>Caf\u00e9ine<\/p>\n<\/li>\n\t<li>\n<p><span class=\"citation-20 citation-end-20\">Autres conservateurs tels que le sorbate de potassium<\/span><\/p>\n<\/li>\n<\/ul>\n<p><b>Informations nutritionnelles (pour 355 ml) :<\/b><\/p>\n<ul>\n\t<li>\n<p><b>Calories :<\/b> environ 150<\/p>\n<\/li>\n\t<li>\n<p><b><span class=\"citation-19\">Glucides totaux :<\/span><\/b><span class=\"citation-19 citation-end-19\"> 39 g<\/span><\/p>\n<\/li>\n\t<li>\n<p><b><span class=\"citation-18\">Sucres :<\/span><\/b><span class=\"citation-18 citation-end-18\"> 39 g<\/span><\/p>\n<\/li>\n\t<li>\n<p><b><span class=\"citation-17\">Lipides :<\/span><\/b><span class=\"citation-17 citation-end-17\"> 0 g<\/span><\/p>\n<\/li>\n\t<li>\n<p><b><span class=\"citation-16\">Prot\u00e9ines :<\/span><\/b><span class=\"citation-16 citation-end-16\"> 0 g<\/span><\/p>\n<\/li>\n\t<li>\n<p><b><span class=\"citation-15\">Sodium :<\/span><\/b><span class=\"citation-15 citation-end-15\"> Environ 35 mg<\/span><\/p>\n<\/li>\n\t<li>\n<p><b><span class=\"citation-14\">Caf\u00e9ine :<\/span><\/b><span class=\"citation-14 citation-end-14\"> Environ 38 mg<\/span><\/p>\n<\/li>\n<\/ul>","protected":false},"excerpt":{"rendered":"<p>Pepsi Cola USA soda shop 355ml all overEurope<\/p>\n","protected":false},"featured_media":19563,"template":"","meta":{"site-sidebar-layout":"default","site-content-layout":"","ast-site-content-layout":"default","site-content-style":"default","site-sidebar-style":"default","ast-global-header-display":"","ast-banner-title-visibility":"","ast-main-header-display":"","ast-hfb-above-header-display":"","ast-hfb-below-header-display":"","ast-hfb-mobile-header-display":"","site-post-title":"","ast-breadcrumbs-content":"","ast-featured-img":"","footer-sml-layout":"","ast-disable-related-posts":"","theme-transparent-header-meta":"default","adv-header-id-meta":"","stick-header-meta":"","header-above-stick-meta":"","header-main-stick-meta":"","header-below-stick-meta":"","astra-migrate-meta-layouts":"default","ast-page-background-enabled":"default","ast-page-background-meta":{"desktop":{"background-color":"var(--ast-global-color-4)","background-image":"","background-repeat":"repeat","background-position":"center center","background-size":"auto","background-attachment":"scroll","background-type":"","background-media":"","overlay-type":"","overlay-color":"","overlay-opacity":"","overlay-gradient":""},"tablet":{"background-color":"","background-image":"","background-repeat":"repeat","background-position":"center center","background-size":"auto","background-attachment":"scroll","background-type":"","background-media":"","overlay-type":"","overlay-color":"","overlay-opacity":"","overlay-gradient":""},"mobile":{"background-color":"","background-image":"","background-repeat":"repeat","background-position":"center center","background-size":"auto","background-attachment":"scroll","background-type":"","background-media":"","overlay-type":"","overlay-color":"","overlay-opacity":"","overlay-gradient":""}},"ast-content-background-meta":{"desktop":{"background-color":"var(--ast-global-color-5)","background-image":"","background-repeat":"repeat","background-position":"center center","background-size":"auto","background-attachment":"scroll","background-type":"","background-media":"","overlay-type":"","overlay-color":"","overlay-opacity":"","overlay-gradient":""},"tablet":{"background-color":"var(--ast-global-color-5)","background-image":"","background-repeat":"repeat","background-position":"center center","background-size":"auto","background-attachment":"scroll","background-type":"","background-media":"","overlay-type":"","overlay-color":"","overlay-opacity":"","overlay-gradient":""},"mobile":{"background-color":"var(--ast-global-color-5)","background-image":"","background-repeat":"repeat","background-position":"center center","background-size":"auto","background-attachment":"scroll","background-type":"","background-media":"","overlay-type":"","overlay-color":"","overlay-opacity":"","overlay-gradient":""}}},"product_brand":[1344],"product_cat":[422],"product_tag":[],"class_list":{"0":"post-19567","1":"product","2":"type-product","3":"status-publish","4":"has-post-thumbnail","6":"product_brand-pepsi","7":"product_cat-boissons-non-alcoolisees-fr","8":"desktop-align-left","9":"tablet-align-left","10":"mobile-align-left","12":"first","13":"outofstock","14":"taxable","15":"shipping-taxable","16":"purchasable","17":"product-type-simple"},"_links":{"self":[{"href":"https:\/\/andalubox.com\/fr\/wp-json\/wp\/v2\/product\/19567","targetHints":{"allow":["GET"]}}],"collection":[{"href":"https:\/\/andalubox.com\/fr\/wp-json\/wp\/v2\/product"}],"about":[{"href":"https:\/\/andalubox.com\/fr\/wp-json\/wp\/v2\/types\/product"}],"wp:featuredmedia":[{"embeddable":true,"href":"https:\/\/andalubox.com\/fr\/wp-json\/wp\/v2\/media\/19563"}],"wp:attachment":[{"href":"https:\/\/andalubox.com\/fr\/wp-json\/wp\/v2\/media?parent=19567"}],"wp:term":[{"taxonomy":"product_brand","embeddable":true,"href":"https:\/\/andalubox.com\/fr\/wp-json\/wp\/v2\/product_brand?post=19567"},{"taxonomy":"product_cat","embeddable":true,"href":"https:\/\/andalubox.com\/fr\/wp-json\/wp\/v2\/product_cat?post=19567"},{"taxonomy":"product_tag","embeddable":true,"href":"https:\/\/andalubox.com\/fr\/wp-json\/wp\/v2\/product_tag?post=19567"}],"curies":[{"name":"wp","href":"https:\/\/api.w.org\/{rel}","templated":true}]}}