{"id":19058,"date":"2025-03-11T10:24:26","date_gmt":"2025-03-11T09:24:26","guid":{"rendered":"https:\/\/andalubox.com\/producto-andaluz\/moet-chandon-ice-magnum-15l\/"},"modified":"2025-09-23T09:31:34","modified_gmt":"2025-09-23T07:31:34","slug":"moet-chandon-ice-magnum-15l","status":"publish","type":"product","link":"https:\/\/andalubox.com\/fr\/producto-andaluz\/moet-chandon-ice-magnum-15l\/","title":{"rendered":"Moet &amp; Chandon Ice Magnum 1,5L"},"content":{"rendered":"<p>Moet &amp; Chandon Ice Magnum 1,5L<\/p>\n<p>M\u00f6et Ice Magnum, un vrai plaisir pour le palais, avec des reflets brillants et verd\u00e2tres qui permettent une texture constante et d\u00e9licate en bouche. C&#8217;est un champagne con\u00e7u pour \u00eatre d\u00e9gust\u00e9 m\u00eame sous le soleil d&#8217;\u00e9t\u00e9, mais avec beaucoup de glace. Essayez-le et vous serez surpris par son intensit\u00e9 aromatique.  <\/p>\n<p>99,33\/litre<\/p>\n<h3>Mo\u00ebt &amp; Chandon Ice Imp\u00e9rial Magnum 1,5L<\/h3>\n<p>&nbsp;<\/p>\n<p>Mo\u00ebt &amp; Chandon Ice Imp\u00e9rial est un champagne pionnier, le premier et le seul \u00e0 avoir \u00e9t\u00e9 cr\u00e9\u00e9 pour \u00eatre d\u00e9gust\u00e9 sur glace. Ce format magnum de 1,5 litre est id\u00e9al pour \u00eatre partag\u00e9 lors des grandes occasions. <\/p>\n<p><b>Caract\u00e9ristiques principales :<\/b><\/p>\n<ul>\n\t<li>\n<p><b>Composition (Coupage) :<\/b> L&#8217;assemblage est soigneusement s\u00e9lectionn\u00e9 pour maintenir l&#8217;intensit\u00e9 et la structure m\u00eame avec de la glace. Le <b>Pinot Noir<\/b> pr\u00e9domine (40-50%) pour son fruit\u00e9, suivi du <b>Pinot Meunier<\/b> (30-40%) qui apporte rondeur et richesse. Le <b>Chardonnay<\/b> (10-20%) apporte une finale rafra\u00eechissante et acidul\u00e9e.  <\/p>\n<\/li>\n\t<li>\n<p><b>Notes de d\u00e9gustation :<\/b><\/p>\n<ul>\n\t<li>\n<p><b>Couleur :<\/b> or intense avec des nuances d&#8217;ambre.<\/p>\n<\/li>\n\t<li>\n<p><b>Nez (ar\u00f4mes) :<\/b> Un bouquet intense et fruit\u00e9. Des ar\u00f4mes de fruits tropicaux comme la mangue et la goyave, de fruits \u00e0 noyaux comme la nectarine et une touche originale de framboise ressortent. <\/p>\n<\/li>\n\t<li>\n<p><b>Bouche :<\/b> G\u00e9n\u00e9reuse, alliant rondeur et fra\u00eecheur. Une explosion de saveurs de salade de fruits frais, une douceur envo\u00fbtante de caramel et de coing, une finale rafra\u00eechissante aux notes de gingembre et de pamplemousse. <\/p>\n<\/li>\n<\/ul>\n<\/li>\n\t<li>\n<p><b>Dosage :<\/b> 45 g\/l.<\/p>\n<\/li>\n<\/ul>\n<p><b>Comment le servir :<\/b><\/p>\n<p>La cl\u00e9 pour appr\u00e9cier Mo\u00ebt &amp; Chandon Ice Imp\u00e9rial est de le servir correctement afin de mettre en valeur sa fra\u00eecheur.<\/p>\n<ol start=\"1\">\n\t<li>\n<p><b>Refroidissement :<\/b> Servez tr\u00e8s froid, \u00e0 une temp\u00e9rature comprise entre 6\u00b0C et 8\u00b0C.<\/p>\n<\/li>\n\t<li>\n<p><b>Utilisez un verre adapt\u00e9 :<\/b> il est recommand\u00e9 d&#8217;utiliser un grand verre \u00e0 vin ou &#8220;verre ballon&#8221; afin que les ar\u00f4mes puissent se d\u00e9velopper et qu&#8217;il y ait de la place pour la glace.<\/p>\n<\/li>\n\t<li>\n<p><b>Ajoutez des gla\u00e7ons :<\/b> placez trois gros gla\u00e7ons dans le verre avant de servir le champagne.<\/p>\n<\/li>\n\t<li>\n<p><b>Personnalisez l&#8217;exp\u00e9rience :<\/b> vous pouvez ajouter des ingr\u00e9dients qui accentuent sa fra\u00eecheur et sa complexit\u00e9, tels que des feuilles de menthe, du concombre, des tranches de gingembre, des zestes de citron vert ou des baies comme des fraises et des framboises.<\/p>\n<\/li>\n<\/ol>\n<p><b>L&#8217;histoire :<\/b><\/p>\n<p>L&#8217;id\u00e9e d&#8217;un champagne \u00e0 boire avec des gla\u00e7ons est n\u00e9e dans les ann\u00e9es 1960 \u00e0 Saint-Tropez, o\u00f9 les consommateurs ont commenc\u00e9 \u00e0 ajouter de la glace \u00e0 leur champagne pour le rafra\u00eechir pendant les chaudes journ\u00e9es d&#8217;\u00e9t\u00e9. Mo\u00ebt &amp; Chandon, reconnaissant cette tendance, a d\u00e9cid\u00e9 de cr\u00e9er un produit sp\u00e9cifique. En 2011, la maison a lanc\u00e9 le premier champagne con\u00e7u pour \u00eatre servi sur glace, Ice Imp\u00e9rial. C&#8217;est un champagne qui c\u00e9l\u00e8bre un style de vie amusant, frais et libre, id\u00e9al pour les mois d&#8217;\u00e9t\u00e9.   <\/p>","protected":false},"excerpt":{"rendered":"<p>Moet &amp; Chandon Ice Magnum 1,5L maintenant disponible dans toute l&#8217;Europe !<\/p>\n<p>&nbsp;<\/p>\n","protected":false},"featured_media":18726,"comment_status":"open","ping_status":"closed","template":"","meta":{"site-sidebar-layout":"default","site-content-layout":"","ast-site-content-layout":"default","site-content-style":"default","site-sidebar-style":"default","ast-global-header-display":"","ast-banner-title-visibility":"","ast-main-header-display":"","ast-hfb-above-header-display":"","ast-hfb-below-header-display":"","ast-hfb-mobile-header-display":"","site-post-title":"","ast-breadcrumbs-content":"","ast-featured-img":"","footer-sml-layout":"","ast-disable-related-posts":"","theme-transparent-header-meta":"default","adv-header-id-meta":"","stick-header-meta":"","header-above-stick-meta":"","header-main-stick-meta":"","header-below-stick-meta":"","astra-migrate-meta-layouts":"default","ast-page-background-enabled":"default","ast-page-background-meta":{"desktop":{"background-color":"var(--ast-global-color-4)","background-image":"","background-repeat":"repeat","background-position":"center center","background-size":"auto","background-attachment":"scroll","background-type":"","background-media":"","overlay-type":"","overlay-color":"","overlay-opacity":"","overlay-gradient":""},"tablet":{"background-color":"","background-image":"","background-repeat":"repeat","background-position":"center center","background-size":"auto","background-attachment":"scroll","background-type":"","background-media":"","overlay-type":"","overlay-color":"","overlay-opacity":"","overlay-gradient":""},"mobile":{"background-color":"","background-image":"","background-repeat":"repeat","background-position":"center center","background-size":"auto","background-attachment":"scroll","background-type":"","background-media":"","overlay-type":"","overlay-color":"","overlay-opacity":"","overlay-gradient":""}},"ast-content-background-meta":{"desktop":{"background-color":"var(--ast-global-color-5)","background-image":"","background-repeat":"repeat","background-position":"center center","background-size":"auto","background-attachment":"scroll","background-type":"","background-media":"","overlay-type":"","overlay-color":"","overlay-opacity":"","overlay-gradient":""},"tablet":{"background-color":"var(--ast-global-color-5)","background-image":"","background-repeat":"repeat","background-position":"center center","background-size":"auto","background-attachment":"scroll","background-type":"","background-media":"","overlay-type":"","overlay-color":"","overlay-opacity":"","overlay-gradient":""},"mobile":{"background-color":"var(--ast-global-color-5)","background-image":"","background-repeat":"repeat","background-position":"center center","background-size":"auto","background-attachment":"scroll","background-type":"","background-media":"","overlay-type":"","overlay-color":"","overlay-opacity":"","overlay-gradient":""}}},"product_brand":[1305],"product_cat":[416],"product_tag":[],"class_list":{"0":"post-19058","1":"product","2":"type-product","3":"status-publish","4":"has-post-thumbnail","6":"product_brand-moet-chandon","7":"product_cat-exclusivites-andalubox","8":"desktop-align-left","9":"tablet-align-left","10":"mobile-align-left","12":"first","13":"instock","14":"taxable","15":"shipping-taxable","16":"purchasable","17":"product-type-simple"},"_links":{"self":[{"href":"https:\/\/andalubox.com\/fr\/wp-json\/wp\/v2\/product\/19058","targetHints":{"allow":["GET"]}}],"collection":[{"href":"https:\/\/andalubox.com\/fr\/wp-json\/wp\/v2\/product"}],"about":[{"href":"https:\/\/andalubox.com\/fr\/wp-json\/wp\/v2\/types\/product"}],"replies":[{"embeddable":true,"href":"https:\/\/andalubox.com\/fr\/wp-json\/wp\/v2\/comments?post=19058"}],"wp:featuredmedia":[{"embeddable":true,"href":"https:\/\/andalubox.com\/fr\/wp-json\/wp\/v2\/media\/18726"}],"wp:attachment":[{"href":"https:\/\/andalubox.com\/fr\/wp-json\/wp\/v2\/media?parent=19058"}],"wp:term":[{"taxonomy":"product_brand","embeddable":true,"href":"https:\/\/andalubox.com\/fr\/wp-json\/wp\/v2\/product_brand?post=19058"},{"taxonomy":"product_cat","embeddable":true,"href":"https:\/\/andalubox.com\/fr\/wp-json\/wp\/v2\/product_cat?post=19058"},{"taxonomy":"product_tag","embeddable":true,"href":"https:\/\/andalubox.com\/fr\/wp-json\/wp\/v2\/product_tag?post=19058"}],"curies":[{"name":"wp","href":"https:\/\/api.w.org\/{rel}","templated":true}]}}