{"id":19029,"date":"2025-03-18T11:08:58","date_gmt":"2025-03-18T10:08:58","guid":{"rendered":"https:\/\/andalubox.com\/producto-andaluz\/oremus-tokaji-late-harvest-2023-70-cl\/"},"modified":"2025-09-22T18:43:53","modified_gmt":"2025-09-22T16:43:53","slug":"oremus-tokaji-late-harvest-2023-70-cl","status":"publish","type":"product","link":"https:\/\/andalubox.com\/fr\/producto-andaluz\/oremus-tokaji-late-harvest-2023-70-cl\/","title":{"rendered":"Oremus Tokaji Blanc Vega Sicilia D.O.P. Tokaji Late Harvest 2023 70cl"},"content":{"rendered":"<p><strong>Oremus Tokaji Blanc Vega Sicilia D.O.P. Tokaji Late Harvest 2023 70cl<\/strong><\/p>\n<p><strong>Vin doux fortifi\u00e9 \u00e9labor\u00e9 \u00e0 partir de furmint Tokaji D.O. par Tokaj Oremus Vineyards and Winery.<\/strong><\/p>\n<p class=\"wysiwyg-text-align-justify\">Late Harvest est l&#8217;un des tr\u00e9sors de la l\u00e9gendaire r\u00e9gion de Tokaj, c\u00e9l\u00e8bre pour la grandeur de ses vins naturellement doux. Il est issu d&#8217;un assemblage de trois vari\u00e9t\u00e9s hongroises : le furmint, dont l&#8217;acidit\u00e9 apporte un \u00e9quilibre et un contrepoint parfaits \u00e0 la douceur ; le raisin h\u00e1rslevel\u0171, qui apporte de l&#8217;onctuosit\u00e9 et une texture soyeuse ; et le s\u00e1rgamuskot\u00e1ly, qui arrondit les ar\u00f4mes. <\/p>\n<p class=\"wysiwyg-text-align-justify\">Pour son \u00e9laboration, il faut des grappes dont au moins la moiti\u00e9 des baies sont des baies nobles Asz\u00fa, c&#8217;est-\u00e0-dire atteintes de botrytis ou de pourriture noble. C&#8217;est pourquoi, lors des vendanges, le vignoble est travaill\u00e9 plusieurs fois et seules les grappes dont la moiti\u00e9 des baies sont atteintes de botrytis sont r\u00e9colt\u00e9es. <\/p>\n<p>34,57\/litre<\/p>","protected":false},"excerpt":{"rendered":"<p>Oremus Tokaji White Wine Vega Sicilia PDO Tokaji Late Harvest 2023 70cl toute l&#8217;Europe !<\/p>\n","protected":false},"featured_media":19045,"template":"","meta":{"site-sidebar-layout":"default","site-content-layout":"","ast-site-content-layout":"default","site-content-style":"default","site-sidebar-style":"default","ast-global-header-display":"","ast-banner-title-visibility":"","ast-main-header-display":"","ast-hfb-above-header-display":"","ast-hfb-below-header-display":"","ast-hfb-mobile-header-display":"","site-post-title":"","ast-breadcrumbs-content":"","ast-featured-img":"","footer-sml-layout":"","ast-disable-related-posts":"","theme-transparent-header-meta":"default","adv-header-id-meta":"","stick-header-meta":"","header-above-stick-meta":"","header-main-stick-meta":"","header-below-stick-meta":"","astra-migrate-meta-layouts":"default","ast-page-background-enabled":"default","ast-page-background-meta":{"desktop":{"background-color":"var(--ast-global-color-4)","background-image":"","background-repeat":"repeat","background-position":"center center","background-size":"auto","background-attachment":"scroll","background-type":"","background-media":"","overlay-type":"","overlay-color":"","overlay-opacity":"","overlay-gradient":""},"tablet":{"background-color":"","background-image":"","background-repeat":"repeat","background-position":"center center","background-size":"auto","background-attachment":"scroll","background-type":"","background-media":"","overlay-type":"","overlay-color":"","overlay-opacity":"","overlay-gradient":""},"mobile":{"background-color":"","background-image":"","background-repeat":"repeat","background-position":"center center","background-size":"auto","background-attachment":"scroll","background-type":"","background-media":"","overlay-type":"","overlay-color":"","overlay-opacity":"","overlay-gradient":""}},"ast-content-background-meta":{"desktop":{"background-color":"var(--ast-global-color-5)","background-image":"","background-repeat":"repeat","background-position":"center center","background-size":"auto","background-attachment":"scroll","background-type":"","background-media":"","overlay-type":"","overlay-color":"","overlay-opacity":"","overlay-gradient":""},"tablet":{"background-color":"var(--ast-global-color-5)","background-image":"","background-repeat":"repeat","background-position":"center center","background-size":"auto","background-attachment":"scroll","background-type":"","background-media":"","overlay-type":"","overlay-color":"","overlay-opacity":"","overlay-gradient":""},"mobile":{"background-color":"var(--ast-global-color-5)","background-image":"","background-repeat":"repeat","background-position":"center center","background-size":"auto","background-attachment":"scroll","background-type":"","background-media":"","overlay-type":"","overlay-color":"","overlay-opacity":"","overlay-gradient":""}}},"product_brand":[1339],"product_cat":[416,292],"product_tag":[],"class_list":{"0":"post-19029","1":"product","2":"type-product","3":"status-publish","4":"has-post-thumbnail","6":"product_brand-oremus","7":"product_cat-exclusivites-andalubox","8":"product_cat-vin-blanc","9":"desktop-align-left","10":"tablet-align-left","11":"mobile-align-left","13":"first","14":"instock","15":"taxable","16":"shipping-taxable","17":"purchasable","18":"product-type-simple"},"_links":{"self":[{"href":"https:\/\/andalubox.com\/fr\/wp-json\/wp\/v2\/product\/19029","targetHints":{"allow":["GET"]}}],"collection":[{"href":"https:\/\/andalubox.com\/fr\/wp-json\/wp\/v2\/product"}],"about":[{"href":"https:\/\/andalubox.com\/fr\/wp-json\/wp\/v2\/types\/product"}],"wp:featuredmedia":[{"embeddable":true,"href":"https:\/\/andalubox.com\/fr\/wp-json\/wp\/v2\/media\/19045"}],"wp:attachment":[{"href":"https:\/\/andalubox.com\/fr\/wp-json\/wp\/v2\/media?parent=19029"}],"wp:term":[{"taxonomy":"product_brand","embeddable":true,"href":"https:\/\/andalubox.com\/fr\/wp-json\/wp\/v2\/product_brand?post=19029"},{"taxonomy":"product_cat","embeddable":true,"href":"https:\/\/andalubox.com\/fr\/wp-json\/wp\/v2\/product_cat?post=19029"},{"taxonomy":"product_tag","embeddable":true,"href":"https:\/\/andalubox.com\/fr\/wp-json\/wp\/v2\/product_tag?post=19029"}],"curies":[{"name":"wp","href":"https:\/\/api.w.org\/{rel}","templated":true}]}}