{"id":19009,"date":"2025-03-18T10:03:51","date_gmt":"2025-03-18T09:03:51","guid":{"rendered":"https:\/\/andalubox.com\/producto-andaluz\/oremus-aszu-3-puttoyons-2019-50-cl\/"},"modified":"2025-09-22T18:49:16","modified_gmt":"2025-09-22T16:49:16","slug":"oremus-aszu-3-puttoyons-2019-50-cl","status":"publish","type":"product","link":"https:\/\/andalubox.com\/fr\/producto-andaluz\/oremus-aszu-3-puttoyons-2019-50-cl\/","title":{"rendered":"Oremus Tokaji Aszu 3 Puttoyons Vintage 2019 50cl"},"content":{"rendered":"<div><strong>Oremus Tokaji Aszu 3 Puttoyons Vintage 2019 50cl<\/strong> est un vin doux \u00e9labor\u00e9 par la cave <strong>Oremus<\/strong> dans la prestigieuse appellation <strong>Tokai<\/strong> \u00e0<strong> Tokaj-Hegyalja <\/strong>(Hongrie) \u00e0 partir des c\u00e9pages autochtones <strong>furmint, z\u00e9ta, h\u00e1rslevel\u00fc, sargamuskotaly.<\/strong><\/div>\n<div> <\/div>\n<div>En 1993, la famille \u00c1lvarez, propri\u00e9taire de <strong>Vega Sicilia<\/strong>, a fond\u00e9 la cave <strong>Tokaj Oremus<\/strong> dans l&#8217;intention de faire revivre l&#8217;une des r\u00e9gions viticoles les plus prestigieuses du monde. Pour ce faire, ils ont utilis\u00e9 les galeries souterraines construites au XIIIe si\u00e8cle et ont suivi la m\u00e9thode de vinification m\u00e9ticuleuse mise au point il y a plus de 400 ans. Le r\u00e9sultat est une excellente gamme de vins consid\u00e9r\u00e9s comme faisant partie des meilleurs au monde.    <\/div>\n<div>\n<p>L&#8217;<b>Oremus Tokaji Asz\u00fa 3 Puttonyos Vintage 2019<\/b> est un vin doux de grande qualit\u00e9 provenant de la prestigieuse r\u00e9gion de Tokaj en Hongrie. La cave Oremus appartient au groupe espagnol <b>Tempos Vega Sicilia<\/b>, ce qui lui conf\u00e8re un label d&#8217;excellence et un processus de vinification rigoureux. <\/p>\n<p>Ce vin n&#8217;est produit que lors de mill\u00e9simes exceptionnels, lorsque les conditions climatiques sont propices au d\u00e9veloppement du <b>&#8220;botrytis cinerea&#8221;<\/b> ou &#8220;pourriture noble&#8221;, un champignon qui concentre les sucres et les ar\u00f4mes des raisins. Le terme <b>&#8220;Puttonyos&#8221;<\/b> d\u00e9signe les paniers de raisins botrytis\u00e9s (asz\u00fa) qui sont ajout\u00e9s par tonneau de 136 litres. Un Puttonyos 3 est le niveau de douceur le plus bas de la cat\u00e9gorie Asz\u00fa, mais reste un vin d&#8217;une douceur remarquable et d&#8217;une acidit\u00e9 vibrante.  <\/p>\n<h3>Caract\u00e9ristiques du vin<\/h3>\n<ul>\n\t<li>\n<p><b>Mill\u00e9sime :<\/b> 2019, consid\u00e9r\u00e9 comme un mill\u00e9sime exceptionnel pour les vins d&#8217;Asz\u00fa.<\/p>\n<\/li>\n\t<li>\n<p><b>Type de vin :<\/b> blanc doux naturel (liqueur).<\/p>\n<\/li>\n\t<li>\n<p><b>C\u00e9pages :<\/b> principalement Furmint, Z\u00e9ta et H\u00e1rslevel\u00fc.<\/p>\n<\/li>\n\t<li>\n<p><b>Titre alcoom\u00e9trique :<\/b> environ 12 % vol.<\/p>\n<\/li>\n\t<li>\n<p><b>Format :<\/b> Bouteille de 50 cl.<\/p>\n<\/li>\n\t<li>\n<p><b>Vieillissement : Vieillissement<\/b> en f\u00fbts de ch\u00eane hongrois de 136 et 220 litres dans les caves souterraines de la propri\u00e9t\u00e9, processus qui dure entre 2 et 3 ans.<\/p>\n<\/li>\n<\/ul>\n<h3>Notes de d\u00e9gustation<\/h3>\n<ul>\n\t<li>\n<p><b>Aspect :<\/b> Couleur dor\u00e9e brillante.<\/p>\n<\/li>\n\t<li>\n<p><b>Nez :<\/b> Ar\u00f4mes intenses et complexes de fruits confits (abricot, coing, citron vert), de miel, de rayon de miel et de notes d&#8217;agrumes.<\/p>\n<\/li>\n\t<li>\n<p><b>Bouche :<\/b> C&#8217;est un vin \u00e9l\u00e9gant, frais et onctueux \u00e0 la fois. Son acidit\u00e9 marqu\u00e9e \u00e9quilibre parfaitement la douceur, ce qui le rend vibrant et velout\u00e9 en bouche. La finale est longue et persistante.  <\/p>\n<\/li>\n<\/ul>\n<h3>Couplage<\/h3>\n<p>Gr\u00e2ce \u00e0 sa douceur et \u00e0 son acidit\u00e9, il constitue un accompagnement id\u00e9al :<\/p>\n<ul>\n\t<li>\n<p>Desserts \u00e0 base de fruits ou de cr\u00e8mes.<\/p>\n<\/li>\n\t<li>\n<p>Foie-gras.<\/p>\n<\/li>\n\t<li>\n<p>Les fromages bleus et les fromages forts (comme le roquefort).<\/p>\n<\/li>\n\t<li>\n<p>Viandes blanches et plats aigre-doux.<\/p>\n<\/li>\n<\/ul>\n<\/div>","protected":false},"excerpt":{"rendered":"<p>Oremus Tokaji Aszu 3 Puttoyons Vintage 2019 50cl maintenant en Europe !<\/p>\n","protected":false},"featured_media":19037,"comment_status":"open","ping_status":"closed","template":"","meta":{"site-sidebar-layout":"default","site-content-layout":"","ast-site-content-layout":"default","site-content-style":"default","site-sidebar-style":"default","ast-global-header-display":"","ast-banner-title-visibility":"","ast-main-header-display":"","ast-hfb-above-header-display":"","ast-hfb-below-header-display":"","ast-hfb-mobile-header-display":"","site-post-title":"","ast-breadcrumbs-content":"","ast-featured-img":"","footer-sml-layout":"","ast-disable-related-posts":"","theme-transparent-header-meta":"default","adv-header-id-meta":"","stick-header-meta":"","header-above-stick-meta":"","header-main-stick-meta":"","header-below-stick-meta":"","astra-migrate-meta-layouts":"default","ast-page-background-enabled":"default","ast-page-background-meta":{"desktop":{"background-color":"var(--ast-global-color-4)","background-image":"","background-repeat":"repeat","background-position":"center center","background-size":"auto","background-attachment":"scroll","background-type":"","background-media":"","overlay-type":"","overlay-color":"","overlay-opacity":"","overlay-gradient":""},"tablet":{"background-color":"","background-image":"","background-repeat":"repeat","background-position":"center center","background-size":"auto","background-attachment":"scroll","background-type":"","background-media":"","overlay-type":"","overlay-color":"","overlay-opacity":"","overlay-gradient":""},"mobile":{"background-color":"","background-image":"","background-repeat":"repeat","background-position":"center center","background-size":"auto","background-attachment":"scroll","background-type":"","background-media":"","overlay-type":"","overlay-color":"","overlay-opacity":"","overlay-gradient":""}},"ast-content-background-meta":{"desktop":{"background-color":"var(--ast-global-color-5)","background-image":"","background-repeat":"repeat","background-position":"center center","background-size":"auto","background-attachment":"scroll","background-type":"","background-media":"","overlay-type":"","overlay-color":"","overlay-opacity":"","overlay-gradient":""},"tablet":{"background-color":"var(--ast-global-color-5)","background-image":"","background-repeat":"repeat","background-position":"center center","background-size":"auto","background-attachment":"scroll","background-type":"","background-media":"","overlay-type":"","overlay-color":"","overlay-opacity":"","overlay-gradient":""},"mobile":{"background-color":"var(--ast-global-color-5)","background-image":"","background-repeat":"repeat","background-position":"center center","background-size":"auto","background-attachment":"scroll","background-type":"","background-media":"","overlay-type":"","overlay-color":"","overlay-opacity":"","overlay-gradient":""}}},"product_brand":[1339],"product_cat":[416,292],"product_tag":[],"class_list":{"0":"post-19009","1":"product","2":"type-product","3":"status-publish","4":"has-post-thumbnail","6":"product_brand-oremus","7":"product_cat-exclusivites-andalubox","8":"product_cat-vin-blanc","9":"desktop-align-left","10":"tablet-align-left","11":"mobile-align-left","13":"first","14":"instock","15":"taxable","16":"shipping-taxable","17":"purchasable","18":"product-type-simple"},"_links":{"self":[{"href":"https:\/\/andalubox.com\/fr\/wp-json\/wp\/v2\/product\/19009","targetHints":{"allow":["GET"]}}],"collection":[{"href":"https:\/\/andalubox.com\/fr\/wp-json\/wp\/v2\/product"}],"about":[{"href":"https:\/\/andalubox.com\/fr\/wp-json\/wp\/v2\/types\/product"}],"replies":[{"embeddable":true,"href":"https:\/\/andalubox.com\/fr\/wp-json\/wp\/v2\/comments?post=19009"}],"wp:featuredmedia":[{"embeddable":true,"href":"https:\/\/andalubox.com\/fr\/wp-json\/wp\/v2\/media\/19037"}],"wp:attachment":[{"href":"https:\/\/andalubox.com\/fr\/wp-json\/wp\/v2\/media?parent=19009"}],"wp:term":[{"taxonomy":"product_brand","embeddable":true,"href":"https:\/\/andalubox.com\/fr\/wp-json\/wp\/v2\/product_brand?post=19009"},{"taxonomy":"product_cat","embeddable":true,"href":"https:\/\/andalubox.com\/fr\/wp-json\/wp\/v2\/product_cat?post=19009"},{"taxonomy":"product_tag","embeddable":true,"href":"https:\/\/andalubox.com\/fr\/wp-json\/wp\/v2\/product_tag?post=19009"}],"curies":[{"name":"wp","href":"https:\/\/api.w.org\/{rel}","templated":true}]}}