{"id":18971,"date":"2025-03-14T11:24:53","date_gmt":"2025-03-14T10:24:53","guid":{"rendered":"https:\/\/andalubox.com\/producto-andaluz\/rhum-havana-club-maestros-selection-70-cl\/"},"modified":"2025-09-22T18:58:43","modified_gmt":"2025-09-22T16:58:43","slug":"rhum-havana-club-maestros-selection-70-cl","status":"publish","type":"product","link":"https:\/\/andalubox.com\/fr\/producto-andaluz\/rhum-havana-club-maestros-selection-70-cl\/","title":{"rendered":"Rhum Havana Club Maestros Selection 70cl"},"content":{"rendered":"<p>Rhum Havana Club Maestros Selection 70cl<\/p>\n<p>Havana Club Selecci\u00f3n de Maestros est un rhum qui nous offre un voyage exotique \u00e0 travers des ar\u00f4mes \u00e9pic\u00e9s et fum\u00e9s et des notes de noix de p\u00e9can grill\u00e9es, qui s&#8217;\u00e9tendent doucement sur le palais en augmentant progressivement sa complexit\u00e9 gr\u00e2ce \u00e0 une saveur qui s&#8217;intensifie en montrant des notes de cacao, de caf\u00e9, de tabac doux et d&#8217;\u00e9pices. Un rhum d&#8217;une belle couleur ambr\u00e9e chaude avec un reflet rouge\u00e2tre profond, une finale \u00e9pic\u00e9e, du ch\u00eane fum\u00e9 et des fruits confits. <\/p>\n<div id=\"chat-history\" class=\"chat-history-scroll-container\">\n<div id=\"83c78d78f5f46ba7\" class=\"conversation-container message-actions-hover-boundary ng-star-inserted\">\n<div class=\"response-container ng-tns-c2989923582-70 response-container-with-gpi ng-star-inserted response-container-has-multiple-responses\">\n<div class=\"presented-response-container ng-tns-c2989923582-70\">\n<div class=\"response-container-content ng-tns-c2989923582-70\">\n<div class=\"response-content ng-tns-c2989923582-70\">\n<div id=\"model-response-message-contentr_83c78d78f5f46ba7\" class=\"markdown markdown-main-panel enable-updated-hr-color\" dir=\"ltr\">\n<p><b>Havana Club Selecci\u00f3n de Maestros<\/b> est un rhum de la marque cubaine Havana Club, connue pour sa tradition et sa qualit\u00e9 dans la production de rhums vieillis. Ce rhum, contrairement \u00e0 d&#8217;autres expressions plus jeunes de la marque, repr\u00e9sente une s\u00e9lection sp\u00e9ciale de rhums vieillis qui sont m\u00e9lang\u00e9s et vieillis dans des f\u00fbts de ch\u00eane blanc par un groupe de ma\u00eetres rhumiers cubains. <\/p>\n<p>&nbsp;<\/p>\n<h3>Processus de production<\/h3>\n<p>&nbsp;<\/p>\n<p>C&#8217;est ce processus qui lui donne son nom et son caract\u00e8re distinctif :<\/p>\n<ol start=\"1\">\n\t<li>\n<p><b>S\u00e9lection :<\/b> Les ma\u00eetres du rhum s\u00e9lectionnent les meilleurs rhums vieillis dans les caves de Havana Club.<\/p>\n<\/li>\n\t<li>\n<p><b>M\u00e9lange :<\/b> Ces rhums s\u00e9lectionn\u00e9s sont m\u00e9lang\u00e9s dans des proportions secr\u00e8tes pour cr\u00e9er le profil souhait\u00e9.<\/p>\n<\/li>\n\t<li>\n<p><b>Vieillissement suppl\u00e9mentaire :<\/b> le m\u00e9lange obtenu est encore vieilli dans des f\u00fbts de ch\u00eane blanc s\u00e9lectionn\u00e9s \u00e0 la main, ce que l&#8217;on appelle le &#8220;troisi\u00e8me stade de vieillissement&#8221;. Ce processus permet d&#8217;intensifier les saveurs et les ar\u00f4mes. <\/p>\n<\/li>\n\t<li>\n<p><b>Mise en bouteille :<\/b> le rhum est mis en bouteille directement \u00e0 partir du tonneau \u00e0 une teneur en alcool de 45 %, ce qui permet de pr\u00e9server tout le caract\u00e8re de l&#8217;assemblage.<\/p>\n<\/li>\n<\/ol>\n<p>&nbsp;<\/p>\n<h3>Caract\u00e9ristiques du rhum<\/h3>\n<p>&nbsp;<\/p>\n<ul>\n\t<li>\n<p><b>Couleur :<\/b> ambre chaud, avec des reflets dor\u00e9s.<\/p>\n<\/li>\n\t<li>\n<p><b>Ar\u00f4me :<\/b> Intense et complexe. Notes de noix grill\u00e9es, d&#8217;\u00e9pices, de cacao, de caf\u00e9, de caramel et de tabac. <\/p>\n<\/li>\n\t<li>\n<p><b>Go\u00fbt :<\/b> Doux et soyeux en bouche, avec une saveur robuste et \u00e9quilibr\u00e9e. On per\u00e7oit des notes de caramel, d&#8217;\u00e9pices, de fruits secs et de bois grill\u00e9. <\/p>\n<\/li>\n\t<li>\n<p><b>Finale :<\/b> longue et persistante, avec une touche fum\u00e9e et des notes de chocolat.<\/p>\n<\/li>\n\t<li>\n<p><b>Taux d&#8217;alcool :<\/b> 45% vol.<\/p>\n<\/li>\n\t<li>\n<p><b>Format :<\/b> Bouteille de 70 cl.<\/p>\n<\/li>\n<\/ul>\n<p>&nbsp;<\/p>\n<h3>Appairage et service<\/h3>\n<p>&nbsp;<\/p>\n<p>En raison de sa complexit\u00e9, ce rhum est con\u00e7u pour \u00eatre d\u00e9gust\u00e9 pur ou avec des gla\u00e7ons. Il est souvent compar\u00e9 \u00e0 un cognac ou \u00e0 un whisky vieilli, et il est recommand\u00e9 de le boire dans un verre ballon pour mieux appr\u00e9cier ses ar\u00f4mes. Il constitue \u00e9galement une excellente base pour les cocktails classiques qui n\u00e9cessitent un rhum de grande qualit\u00e9, bien que sa complexit\u00e9 puisse \u00eatre g\u00e2ch\u00e9e par des m\u00e9langes simples.  <\/p>\n<\/div>\n<div class=\"response-footer gap complete\"> <\/div>\n<\/div>\n<\/div>\n<\/div>\n<\/div>\n<\/div>\n<\/div>\n<div class=\"input-area-container ng-tns-c520165346-2 ng-trigger ng-trigger-inputAreaAnimation ng-star-inserted\">\n<div class=\"contextual-actions-container ng-tns-c520165346-2 ng-star-inserted\">\n<div class=\"container hidden\"> <\/div>\n<\/div>\n<div class=\"input-area ng-tns-c433292241-7 with-toolbox-drawer\" data-node-type=\"input-area\">\n<div class=\"text-input-field ng-tns-c433292241-7 with-toolbox-drawer height-expanded-past-single-line\">\n<div class=\"text-input-field_textarea-wrapper ng-tns-c433292241-7\">\n<div class=\"text-input-field-main-area ng-tns-c433292241-7\">\n<div class=\"text-input-field_textarea-inner ng-tns-c433292241-7\">\n<div class=\"ql-editor textarea new-input-ui ql-blank\" role=\"textbox\" contenteditable=\"true\" data-gramm=\"false\" aria-multiline=\"true\" aria-label=\"Introduce una petici\u00f3n aqu\u00ed\" data-placeholder=\"Pregunta a Gemini\"> <\/div>\n<\/div>\n<\/div>\n<\/div>\n<\/div>\n<\/div>\n<\/div>","protected":false},"excerpt":{"rendered":"<p>Ron Havana Club Selecci\u00f3n Maestros 70cl maintenant disponible dans toute l&#8217;Europe !<\/p>\n","protected":false},"featured_media":18963,"comment_status":"open","ping_status":"closed","template":"","meta":{"site-sidebar-layout":"default","site-content-layout":"","ast-site-content-layout":"default","site-content-style":"default","site-sidebar-style":"default","ast-global-header-display":"","ast-banner-title-visibility":"","ast-main-header-display":"","ast-hfb-above-header-display":"","ast-hfb-below-header-display":"","ast-hfb-mobile-header-display":"","site-post-title":"","ast-breadcrumbs-content":"","ast-featured-img":"","footer-sml-layout":"","ast-disable-related-posts":"","theme-transparent-header-meta":"default","adv-header-id-meta":"","stick-header-meta":"","header-above-stick-meta":"","header-main-stick-meta":"","header-below-stick-meta":"","astra-migrate-meta-layouts":"default","ast-page-background-enabled":"default","ast-page-background-meta":{"desktop":{"background-color":"var(--ast-global-color-4)","background-image":"","background-repeat":"repeat","background-position":"center center","background-size":"auto","background-attachment":"scroll","background-type":"","background-media":"","overlay-type":"","overlay-color":"","overlay-opacity":"","overlay-gradient":""},"tablet":{"background-color":"","background-image":"","background-repeat":"repeat","background-position":"center center","background-size":"auto","background-attachment":"scroll","background-type":"","background-media":"","overlay-type":"","overlay-color":"","overlay-opacity":"","overlay-gradient":""},"mobile":{"background-color":"","background-image":"","background-repeat":"repeat","background-position":"center center","background-size":"auto","background-attachment":"scroll","background-type":"","background-media":"","overlay-type":"","overlay-color":"","overlay-opacity":"","overlay-gradient":""}},"ast-content-background-meta":{"desktop":{"background-color":"var(--ast-global-color-5)","background-image":"","background-repeat":"repeat","background-position":"center center","background-size":"auto","background-attachment":"scroll","background-type":"","background-media":"","overlay-type":"","overlay-color":"","overlay-opacity":"","overlay-gradient":""},"tablet":{"background-color":"var(--ast-global-color-5)","background-image":"","background-repeat":"repeat","background-position":"center center","background-size":"auto","background-attachment":"scroll","background-type":"","background-media":"","overlay-type":"","overlay-color":"","overlay-opacity":"","overlay-gradient":""},"mobile":{"background-color":"var(--ast-global-color-5)","background-image":"","background-repeat":"repeat","background-position":"center center","background-size":"auto","background-attachment":"scroll","background-type":"","background-media":"","overlay-type":"","overlay-color":"","overlay-opacity":"","overlay-gradient":""}}},"product_brand":[1338],"product_cat":[41],"product_tag":[],"class_list":{"0":"post-18971","1":"product","2":"type-product","3":"status-publish","4":"has-post-thumbnail","6":"product_brand-havana-club","7":"product_cat-conservas-de-carne","8":"desktop-align-left","9":"tablet-align-left","10":"mobile-align-left","12":"first","13":"instock","14":"taxable","15":"shipping-taxable","16":"purchasable","17":"product-type-simple"},"_links":{"self":[{"href":"https:\/\/andalubox.com\/fr\/wp-json\/wp\/v2\/product\/18971","targetHints":{"allow":["GET"]}}],"collection":[{"href":"https:\/\/andalubox.com\/fr\/wp-json\/wp\/v2\/product"}],"about":[{"href":"https:\/\/andalubox.com\/fr\/wp-json\/wp\/v2\/types\/product"}],"replies":[{"embeddable":true,"href":"https:\/\/andalubox.com\/fr\/wp-json\/wp\/v2\/comments?post=18971"}],"wp:featuredmedia":[{"embeddable":true,"href":"https:\/\/andalubox.com\/fr\/wp-json\/wp\/v2\/media\/18963"}],"wp:attachment":[{"href":"https:\/\/andalubox.com\/fr\/wp-json\/wp\/v2\/media?parent=18971"}],"wp:term":[{"taxonomy":"product_brand","embeddable":true,"href":"https:\/\/andalubox.com\/fr\/wp-json\/wp\/v2\/product_brand?post=18971"},{"taxonomy":"product_cat","embeddable":true,"href":"https:\/\/andalubox.com\/fr\/wp-json\/wp\/v2\/product_cat?post=18971"},{"taxonomy":"product_tag","embeddable":true,"href":"https:\/\/andalubox.com\/fr\/wp-json\/wp\/v2\/product_tag?post=18971"}],"curies":[{"name":"wp","href":"https:\/\/api.w.org\/{rel}","templated":true}]}}