{"id":18938,"date":"2025-03-14T10:11:08","date_gmt":"2025-03-14T09:11:08","guid":{"rendered":"https:\/\/andalubox.com\/producto-andaluz\/epinards-aux-pois-chiches-campo-rico-1-kg\/"},"modified":"2025-10-08T13:27:43","modified_gmt":"2025-10-08T11:27:43","slug":"epinards-aux-pois-chiches-campo-rico-1-kg","status":"publish","type":"product","link":"https:\/\/andalubox.com\/fr\/producto-andaluz\/epinards-aux-pois-chiches-campo-rico-1-kg\/","title":{"rendered":"Campo Rico Epinards aux pois chiches, 1kg"},"content":{"rendered":"<p>Campo Rico Epinards aux pois chiches, 1kg<\/p>\n<ul>\n\t<li>Produit adapt\u00e9 aux c\u0153liaques<\/li>\n\t<li>Produit adapt\u00e9 aux v\u00e9g\u00e9taliens<\/li>\n\t<li>Id\u00e9al pour le r\u00e9gime m\u00e9diterran\u00e9en<\/li>\n<\/ul>\n<p>Les \u00e9pinards aux pois chiches Campo Rico sont un plat pr\u00e9par\u00e9 avec des \u00e9pinards et des pois chiches, id\u00e9al pour un r\u00e9gime m\u00e9diterran\u00e9en. Ils sont sans gluten, conviennent aux v\u00e9g\u00e9taliens et sont compos\u00e9s d&#8217;ingr\u00e9dients naturels tels que des \u00e9pinards (69 %), des pois chiches (16 %), de l&#8217;huile de tournesol, de l&#8217;ail, de l&#8217;huile d&#8217;olive extra vierge, du vinaigre, du sel, du cumin, du paprika doux, du poivre noir, de la feuille de laurier et de l&#8217;acide citrique. <\/p>\n<p>Pr\u00e9paration : R\u00e9chauffez pendant 2 minutes au micro-ondes et servez.<\/p>\n<p>Informations nutritionnelles : Riche en fibres, en prot\u00e9ines, en vitamines A et K, en fer, en magn\u00e9sium et en zinc, il est peu calorique et favorise la digestion, le maintien des muscles et la sant\u00e9 en g\u00e9n\u00e9ral.<\/p>\n<p>&nbsp;<\/p>","protected":false},"excerpt":{"rendered":"<p>Campo Rico Spinach with Chickpeas, 1kg en EXPORT pour TOUTE L&#8217;EUROPE.<\/p>\n","protected":false},"featured_media":18931,"comment_status":"open","ping_status":"closed","template":"","meta":{"site-sidebar-layout":"default","site-content-layout":"","ast-site-content-layout":"default","site-content-style":"default","site-sidebar-style":"default","ast-global-header-display":"","ast-banner-title-visibility":"","ast-main-header-display":"","ast-hfb-above-header-display":"","ast-hfb-below-header-display":"","ast-hfb-mobile-header-display":"","site-post-title":"","ast-breadcrumbs-content":"","ast-featured-img":"","footer-sml-layout":"","ast-disable-related-posts":"","theme-transparent-header-meta":"default","adv-header-id-meta":"","stick-header-meta":"","header-above-stick-meta":"","header-main-stick-meta":"","header-below-stick-meta":"","astra-migrate-meta-layouts":"default","ast-page-background-enabled":"default","ast-page-background-meta":{"desktop":{"background-color":"var(--ast-global-color-4)","background-image":"","background-repeat":"repeat","background-position":"center center","background-size":"auto","background-attachment":"scroll","background-type":"","background-media":"","overlay-type":"","overlay-color":"","overlay-opacity":"","overlay-gradient":""},"tablet":{"background-color":"","background-image":"","background-repeat":"repeat","background-position":"center center","background-size":"auto","background-attachment":"scroll","background-type":"","background-media":"","overlay-type":"","overlay-color":"","overlay-opacity":"","overlay-gradient":""},"mobile":{"background-color":"","background-image":"","background-repeat":"repeat","background-position":"center center","background-size":"auto","background-attachment":"scroll","background-type":"","background-media":"","overlay-type":"","overlay-color":"","overlay-opacity":"","overlay-gradient":""}},"ast-content-background-meta":{"desktop":{"background-color":"var(--ast-global-color-5)","background-image":"","background-repeat":"repeat","background-position":"center center","background-size":"auto","background-attachment":"scroll","background-type":"","background-media":"","overlay-type":"","overlay-color":"","overlay-opacity":"","overlay-gradient":""},"tablet":{"background-color":"var(--ast-global-color-5)","background-image":"","background-repeat":"repeat","background-position":"center center","background-size":"auto","background-attachment":"scroll","background-type":"","background-media":"","overlay-type":"","overlay-color":"","overlay-opacity":"","overlay-gradient":""},"mobile":{"background-color":"var(--ast-global-color-5)","background-image":"","background-repeat":"repeat","background-position":"center center","background-size":"auto","background-attachment":"scroll","background-type":"","background-media":"","overlay-type":"","overlay-color":"","overlay-opacity":"","overlay-gradient":""}}},"product_brand":[],"product_cat":[1606],"product_tag":[],"class_list":{"0":"post-18938","1":"product","2":"type-product","3":"status-publish","4":"has-post-thumbnail","6":"product_cat-huerta-verduras-y-hortalizas-fr","7":"desktop-align-left","8":"tablet-align-left","9":"mobile-align-left","11":"first","12":"instock","13":"taxable","14":"shipping-taxable","15":"purchasable","16":"product-type-simple"},"_links":{"self":[{"href":"https:\/\/andalubox.com\/fr\/wp-json\/wp\/v2\/product\/18938","targetHints":{"allow":["GET"]}}],"collection":[{"href":"https:\/\/andalubox.com\/fr\/wp-json\/wp\/v2\/product"}],"about":[{"href":"https:\/\/andalubox.com\/fr\/wp-json\/wp\/v2\/types\/product"}],"replies":[{"embeddable":true,"href":"https:\/\/andalubox.com\/fr\/wp-json\/wp\/v2\/comments?post=18938"}],"wp:featuredmedia":[{"embeddable":true,"href":"https:\/\/andalubox.com\/fr\/wp-json\/wp\/v2\/media\/18931"}],"wp:attachment":[{"href":"https:\/\/andalubox.com\/fr\/wp-json\/wp\/v2\/media?parent=18938"}],"wp:term":[{"taxonomy":"product_brand","embeddable":true,"href":"https:\/\/andalubox.com\/fr\/wp-json\/wp\/v2\/product_brand?post=18938"},{"taxonomy":"product_cat","embeddable":true,"href":"https:\/\/andalubox.com\/fr\/wp-json\/wp\/v2\/product_cat?post=18938"},{"taxonomy":"product_tag","embeddable":true,"href":"https:\/\/andalubox.com\/fr\/wp-json\/wp\/v2\/product_tag?post=18938"}],"curies":[{"name":"wp","href":"https:\/\/api.w.org\/{rel}","templated":true}]}}