{"id":18913,"date":"2025-03-13T11:47:56","date_gmt":"2025-03-13T10:47:56","guid":{"rendered":"https:\/\/andalubox.com\/producto-andaluz\/rhum-santa-cruz-selection-70-cl\/"},"modified":"2025-09-22T19:26:27","modified_gmt":"2025-09-22T17:26:27","slug":"rhum-santa-cruz-selection-70-cl","status":"publish","type":"product","link":"https:\/\/andalubox.com\/fr\/producto-andaluz\/rhum-santa-cruz-selection-70-cl\/","title":{"rendered":"Rhum Santa Cruz Selection 70cl"},"content":{"rendered":"<p>Rhum Santa Cruz Selection 70cl<\/p>\n<p>Rhum aromatique avec des notes de bois et de vanille, caract\u00e9ris\u00e9 par une couleur ambr\u00e9e intense et une perception \u00e9quilibr\u00e9e de l&#8217;alcool en bouche, avec une finale douce et forte.<\/p>\n<p>Cet \u00e9quilibre d&#8217;ar\u00f4mes classiques et inhabituels permet de combiner ce pr\u00e9cieux rhum avec tout.<br>\u00c9labor\u00e9 \u00e0 partir de mati\u00e8res premi\u00e8res 100 % naturelles et de premi\u00e8re qualit\u00e9, Ron Santa Cruz Selecci\u00f3n est le rhum vedette de la Destiler\u00eda Santa Cruz.<\/p>\n<p><b>Ron Santa Cruz Selecci\u00f3n 70cl<\/b> est un rhum des \u00eeles Canaries, plus pr\u00e9cis\u00e9ment de l&#8217;\u00eele de T\u00e9n\u00e9riffe. Il est produit dans la distillerie qui lui a donn\u00e9 son nom et qui perp\u00e9tue depuis des d\u00e9cennies la tradition de la production de rhum dans les \u00eeles. <\/p>\n<p>Ce rhum se caract\u00e9rise par un m\u00e9lange de rhums jeunes et de rhums vieux, ce qui lui conf\u00e8re un profil \u00e9quilibr\u00e9 et complexe. La s\u00e9lection de ces rhums vise \u00e0 combiner la fra\u00eecheur et le caract\u00e8re de l&#8217;eau-de-vie de canne avec la douceur et les notes bois\u00e9es du vieillissement. <\/p>\n<h3>Caract\u00e9ristiques du rhum Santa Cruz Selection<\/h3>\n<ul>\n\t<li>\n<p><b>Origine :<\/b> produit sur l&#8217;\u00eele de Tenerife, dans les \u00eeles Canaries, en Espagne.<\/p>\n<\/li>\n\t<li>\n<p><b>Proc\u00e9d\u00e9 de fabrication :<\/b> obtenu \u00e0 partir de la distillation de la m\u00e9lasse de canne \u00e0 sucre. Le terme &#8220;Selecci\u00f3n&#8221; d\u00e9signe le m\u00e9lange de diff\u00e9rents rhums vieillis pour obtenir une saveur homog\u00e8ne. <\/p>\n<\/li>\n\t<li>\n<p><b>Notes de d\u00e9gustation :<\/b><\/p>\n<ul>\n\t<li>\n<p><b>Couleur :<\/b> ambre clair.<\/p>\n<\/li>\n\t<li>\n<p><b>Ar\u00f4me :<\/b> Notes douces de m\u00e9lasse et de vanille, avec des notes de ch\u00eane et d&#8217;\u00e9pices.<\/p>\n<\/li>\n\t<li>\n<p><b>Go\u00fbt :<\/b> Doux et \u00e9quilibr\u00e9 en bouche. On per\u00e7oit des saveurs de caramel, de fruits secs et des notes d&#8217;\u00e9pices, avec une finale de longueur moyenne. <\/p>\n<\/li>\n<\/ul>\n<\/li>\n\t<li>\n<p><b>Titre alcoom\u00e9trique :<\/b> g\u00e9n\u00e9ralement entre 37,5 % et 40 % vol.<\/p>\n<\/li>\n\t<li>\n<p><b>Format :<\/b> Bouteille de 70cl.<\/p>\n<\/li>\n<\/ul>\n<h3>Appairage et service<\/h3>\n<p>Gr\u00e2ce \u00e0 son profil aromatique \u00e9quilibr\u00e9, c&#8217;est un rhum polyvalent. Il peut \u00eatre d\u00e9gust\u00e9 de diff\u00e9rentes mani\u00e8res : <\/p>\n<ul>\n\t<li>\n<p><b>Seul ou sur glace :<\/b> pour appr\u00e9cier ses nuances les plus subtiles.<\/p>\n<\/li>\n\t<li>\n<p><b>Combinaison :<\/b> C&#8217;est une excellente base pour les cocktails classiques tels que le Mojito, le Cuba Libre ou le Daiquiri, car sa saveur ne domine pas les autres ingr\u00e9dients.<\/p>\n<\/li>\n<\/ul>","protected":false},"excerpt":{"rendered":"<p>Ron Santa Cruz Selecci\u00f3n 70cl maintenant disponible dans toute l&#8217;Europe !<\/p>\n","protected":false},"featured_media":18910,"comment_status":"open","ping_status":"closed","template":"","meta":{"site-sidebar-layout":"default","site-content-layout":"","ast-site-content-layout":"default","site-content-style":"default","site-sidebar-style":"default","ast-global-header-display":"","ast-banner-title-visibility":"","ast-main-header-display":"","ast-hfb-above-header-display":"","ast-hfb-below-header-display":"","ast-hfb-mobile-header-display":"","site-post-title":"","ast-breadcrumbs-content":"","ast-featured-img":"","footer-sml-layout":"","ast-disable-related-posts":"","theme-transparent-header-meta":"default","adv-header-id-meta":"","stick-header-meta":"","header-above-stick-meta":"","header-main-stick-meta":"","header-below-stick-meta":"","astra-migrate-meta-layouts":"default","ast-page-background-enabled":"default","ast-page-background-meta":{"desktop":{"background-color":"var(--ast-global-color-4)","background-image":"","background-repeat":"repeat","background-position":"center center","background-size":"auto","background-attachment":"scroll","background-type":"","background-media":"","overlay-type":"","overlay-color":"","overlay-opacity":"","overlay-gradient":""},"tablet":{"background-color":"","background-image":"","background-repeat":"repeat","background-position":"center center","background-size":"auto","background-attachment":"scroll","background-type":"","background-media":"","overlay-type":"","overlay-color":"","overlay-opacity":"","overlay-gradient":""},"mobile":{"background-color":"","background-image":"","background-repeat":"repeat","background-position":"center center","background-size":"auto","background-attachment":"scroll","background-type":"","background-media":"","overlay-type":"","overlay-color":"","overlay-opacity":"","overlay-gradient":""}},"ast-content-background-meta":{"desktop":{"background-color":"var(--ast-global-color-5)","background-image":"","background-repeat":"repeat","background-position":"center center","background-size":"auto","background-attachment":"scroll","background-type":"","background-media":"","overlay-type":"","overlay-color":"","overlay-opacity":"","overlay-gradient":""},"tablet":{"background-color":"var(--ast-global-color-5)","background-image":"","background-repeat":"repeat","background-position":"center center","background-size":"auto","background-attachment":"scroll","background-type":"","background-media":"","overlay-type":"","overlay-color":"","overlay-opacity":"","overlay-gradient":""},"mobile":{"background-color":"var(--ast-global-color-5)","background-image":"","background-repeat":"repeat","background-position":"center center","background-size":"auto","background-attachment":"scroll","background-type":"","background-media":"","overlay-type":"","overlay-color":"","overlay-opacity":"","overlay-gradient":""}}},"product_brand":[],"product_cat":[1671],"product_tag":[],"class_list":{"0":"post-18913","1":"product","2":"type-product","3":"status-publish","4":"has-post-thumbnail","6":"product_cat-brandy-fr","7":"desktop-align-left","8":"tablet-align-left","9":"mobile-align-left","11":"first","12":"instock","13":"taxable","14":"shipping-taxable","15":"purchasable","16":"product-type-simple"},"_links":{"self":[{"href":"https:\/\/andalubox.com\/fr\/wp-json\/wp\/v2\/product\/18913","targetHints":{"allow":["GET"]}}],"collection":[{"href":"https:\/\/andalubox.com\/fr\/wp-json\/wp\/v2\/product"}],"about":[{"href":"https:\/\/andalubox.com\/fr\/wp-json\/wp\/v2\/types\/product"}],"replies":[{"embeddable":true,"href":"https:\/\/andalubox.com\/fr\/wp-json\/wp\/v2\/comments?post=18913"}],"wp:featuredmedia":[{"embeddable":true,"href":"https:\/\/andalubox.com\/fr\/wp-json\/wp\/v2\/media\/18910"}],"wp:attachment":[{"href":"https:\/\/andalubox.com\/fr\/wp-json\/wp\/v2\/media?parent=18913"}],"wp:term":[{"taxonomy":"product_brand","embeddable":true,"href":"https:\/\/andalubox.com\/fr\/wp-json\/wp\/v2\/product_brand?post=18913"},{"taxonomy":"product_cat","embeddable":true,"href":"https:\/\/andalubox.com\/fr\/wp-json\/wp\/v2\/product_cat?post=18913"},{"taxonomy":"product_tag","embeddable":true,"href":"https:\/\/andalubox.com\/fr\/wp-json\/wp\/v2\/product_tag?post=18913"}],"curies":[{"name":"wp","href":"https:\/\/api.w.org\/{rel}","templated":true}]}}