{"id":18590,"date":"2025-02-24T17:42:05","date_gmt":"2025-02-24T16:42:05","guid":{"rendered":"https:\/\/andalubox.com\/producto-andaluz\/barbazul-100-tintilla-de-rota-75-cl\/"},"modified":"2025-09-23T09:39:41","modified_gmt":"2025-09-23T07:39:41","slug":"barbazul-100-tintilla-de-rota-75-cl","status":"publish","type":"product","link":"https:\/\/andalubox.com\/fr\/producto-andaluz\/barbazul-100-tintilla-de-rota-75-cl\/","title":{"rendered":"Barbazul 100% Tintilla Vin rouge de Rota, Cadix 75cl"},"content":{"rendered":"<p data-start=\"411\" data-end=\"816\"><strong data-start=\"411\" data-end=\"440\">Barbazul 100% Tintilla Vin rouge de Rota, Cadix 75cl<\/strong><\/p>\n<p data-start=\"411\" data-end=\"816\">Le <strong data-start=\"411\" data-end=\"440\">Barbazul Tintilla de Rota<\/strong> est un vin rouge \u00e9labor\u00e9 exclusivement avec le c\u00e9page <strong data-start=\"499\" data-end=\"519\">Tintilla de Rota<\/strong>, un raisin originaire d&#8217;Andalousie dot\u00e9 d&#8217;une grande personnalit\u00e9. \u00c9lev\u00e9 en f\u00fbts de ch\u00eane fran\u00e7ais, ce vin se distingue par sa <strong data-start=\"637\" data-end=\"668\">couleur rouge pourpre intense<\/strong> et son nez expressif, o\u00f9 se m\u00ealent <strong data-start=\"709\" data-end=\"815\">fruits noirs m\u00fbrs (m\u00fbres et myrtilles), \u00e9pices douces, touches balsamiques et l\u00e9g\u00e8res notes grill\u00e9es<\/strong>. <\/p>\n<p data-start=\"818\" data-end=\"1158\">En bouche, il est <strong data-start=\"829\" data-end=\"873\">frais, \u00e9quilibr\u00e9, avec des tanins soyeux<\/strong> et une acidit\u00e9 vibrante qui lui conf\u00e8re une grande persistance. Son caract\u00e8re fruit\u00e9 et \u00e9pic\u00e9 le rend id\u00e9al pour accompagner les viandes rouges, le gibier, les charcuteries ib\u00e9riques et les fromages affin\u00e9s. Un vin \u00e0 l&#8217;\u00e2me andalouse qui rend hommage \u00e0 un c\u00e9page historique avec un profil moderne et s\u00e9duisant.  <\/p>","protected":false},"excerpt":{"rendered":"<p>Le Barbazul 100% Tintilla de Rota est un vin rouge expressif et \u00e9l\u00e9gant qui capture l&#8217;essence de ce c\u00e9page autochtone andalou. Avec des notes intenses de fruits noirs, d&#8217;\u00e9pices et de balsamique, il offre fra\u00eecheur, structure et une finale soyeuse. Id\u00e9al pour accompagner les viandes grill\u00e9es et les fromages affin\u00e9s. <\/p>\n","protected":false},"featured_media":18587,"comment_status":"open","ping_status":"closed","template":"","meta":{"site-sidebar-layout":"default","site-content-layout":"","ast-site-content-layout":"default","site-content-style":"default","site-sidebar-style":"default","ast-global-header-display":"","ast-banner-title-visibility":"","ast-main-header-display":"","ast-hfb-above-header-display":"","ast-hfb-below-header-display":"","ast-hfb-mobile-header-display":"","site-post-title":"","ast-breadcrumbs-content":"","ast-featured-img":"","footer-sml-layout":"","ast-disable-related-posts":"","theme-transparent-header-meta":"default","adv-header-id-meta":"","stick-header-meta":"","header-above-stick-meta":"","header-main-stick-meta":"","header-below-stick-meta":"","astra-migrate-meta-layouts":"default","ast-page-background-enabled":"default","ast-page-background-meta":{"desktop":{"background-color":"var(--ast-global-color-4)","background-image":"","background-repeat":"repeat","background-position":"center center","background-size":"auto","background-attachment":"scroll","background-type":"","background-media":"","overlay-type":"","overlay-color":"","overlay-opacity":"","overlay-gradient":""},"tablet":{"background-color":"","background-image":"","background-repeat":"repeat","background-position":"center center","background-size":"auto","background-attachment":"scroll","background-type":"","background-media":"","overlay-type":"","overlay-color":"","overlay-opacity":"","overlay-gradient":""},"mobile":{"background-color":"","background-image":"","background-repeat":"repeat","background-position":"center center","background-size":"auto","background-attachment":"scroll","background-type":"","background-media":"","overlay-type":"","overlay-color":"","overlay-opacity":"","overlay-gradient":""}},"ast-content-background-meta":{"desktop":{"background-color":"var(--ast-global-color-5)","background-image":"","background-repeat":"repeat","background-position":"center center","background-size":"auto","background-attachment":"scroll","background-type":"","background-media":"","overlay-type":"","overlay-color":"","overlay-opacity":"","overlay-gradient":""},"tablet":{"background-color":"var(--ast-global-color-5)","background-image":"","background-repeat":"repeat","background-position":"center center","background-size":"auto","background-attachment":"scroll","background-type":"","background-media":"","overlay-type":"","overlay-color":"","overlay-opacity":"","overlay-gradient":""},"mobile":{"background-color":"var(--ast-global-color-5)","background-image":"","background-repeat":"repeat","background-position":"center center","background-size":"auto","background-attachment":"scroll","background-type":"","background-media":"","overlay-type":"","overlay-color":"","overlay-opacity":"","overlay-gradient":""}}},"product_brand":[1359],"product_cat":[294],"product_tag":[],"class_list":{"0":"post-18590","1":"product","2":"type-product","3":"status-publish","4":"has-post-thumbnail","6":"product_brand-huerta-de-albala","7":"product_cat-vin-rouge","8":"desktop-align-left","9":"tablet-align-left","10":"mobile-align-left","12":"first","13":"instock","14":"taxable","15":"shipping-taxable","16":"purchasable","17":"product-type-simple"},"_links":{"self":[{"href":"https:\/\/andalubox.com\/fr\/wp-json\/wp\/v2\/product\/18590","targetHints":{"allow":["GET"]}}],"collection":[{"href":"https:\/\/andalubox.com\/fr\/wp-json\/wp\/v2\/product"}],"about":[{"href":"https:\/\/andalubox.com\/fr\/wp-json\/wp\/v2\/types\/product"}],"replies":[{"embeddable":true,"href":"https:\/\/andalubox.com\/fr\/wp-json\/wp\/v2\/comments?post=18590"}],"wp:featuredmedia":[{"embeddable":true,"href":"https:\/\/andalubox.com\/fr\/wp-json\/wp\/v2\/media\/18587"}],"wp:attachment":[{"href":"https:\/\/andalubox.com\/fr\/wp-json\/wp\/v2\/media?parent=18590"}],"wp:term":[{"taxonomy":"product_brand","embeddable":true,"href":"https:\/\/andalubox.com\/fr\/wp-json\/wp\/v2\/product_brand?post=18590"},{"taxonomy":"product_cat","embeddable":true,"href":"https:\/\/andalubox.com\/fr\/wp-json\/wp\/v2\/product_cat?post=18590"},{"taxonomy":"product_tag","embeddable":true,"href":"https:\/\/andalubox.com\/fr\/wp-json\/wp\/v2\/product_tag?post=18590"}],"curies":[{"name":"wp","href":"https:\/\/api.w.org\/{rel}","templated":true}]}}