{"id":18567,"date":"2025-02-24T17:12:08","date_gmt":"2025-02-24T16:12:08","guid":{"rendered":"https:\/\/andalubox.com\/producto-andaluz\/gran-duque-de-alba-brandy-d-o-jerez-75-cl\/"},"modified":"2025-09-23T09:43:50","modified_gmt":"2025-09-23T07:43:50","slug":"gran-duque-de-alba-brandy-d-o-jerez-75-cl","status":"publish","type":"product","link":"https:\/\/andalubox.com\/fr\/producto-andaluz\/gran-duque-de-alba-brandy-d-o-jerez-75-cl\/","title":{"rendered":"Gran Duque De Alba Brandy D.O. Jerez 75cl"},"content":{"rendered":"<p>Gran Duque De Alba Brandy D.O. Jerez 75cl<\/p>\n<p>Gran Duque de Alba Solera Gran Reserva est une eau-de-vie exceptionnelle qui se distingue par son caract\u00e8re unique et aromatique. Son vieillissement en f\u00fbts de ch\u00eane envelopp\u00e9s de W&amp;H Oloroso Sherry lui conf\u00e8re une profondeur unique, soulignant une couleur acajou intense et une texture douce et velout\u00e9e. Au nez et en bouche, il offre une combinaison complexe d&#8217;ar\u00f4mes fum\u00e9s, de notes de fruits secs, d&#8217;\u00e9pices, de truffe et de chocolat noir. La bouche est \u00e9quilibr\u00e9e et enveloppante, avec une finale longue et \u00e9l\u00e9gante. Id\u00e9ale pour \u00eatre d\u00e9gust\u00e9e seule ou avec des desserts et des chocolats, cette eau-de-vie repr\u00e9sente l&#8217;expression ultime de la tradition de Jerez.    <\/p>","protected":false},"excerpt":{"rendered":"<p>Gran Duque de Alba Solera Gran Reserva est une eau-de-vie de Jerez vieillie longuement en f\u00fbts Oloroso, une exclusivit\u00e9 de W&amp;H. Sa couleur acajou, sa texture velout\u00e9e et ses notes de fruits secs, de truffe et de chocolat noir en font un joyau aromatique \u00e0 la finale longue et \u00e9l\u00e9gante. <\/p>\n","protected":false},"featured_media":18561,"comment_status":"open","ping_status":"closed","template":"","meta":{"site-sidebar-layout":"default","site-content-layout":"","ast-site-content-layout":"default","site-content-style":"default","site-sidebar-style":"default","ast-global-header-display":"","ast-banner-title-visibility":"","ast-main-header-display":"","ast-hfb-above-header-display":"","ast-hfb-below-header-display":"","ast-hfb-mobile-header-display":"","site-post-title":"","ast-breadcrumbs-content":"","ast-featured-img":"","footer-sml-layout":"","ast-disable-related-posts":"","theme-transparent-header-meta":"default","adv-header-id-meta":"","stick-header-meta":"","header-above-stick-meta":"","header-main-stick-meta":"","header-below-stick-meta":"","astra-migrate-meta-layouts":"default","ast-page-background-enabled":"default","ast-page-background-meta":{"desktop":{"background-color":"var(--ast-global-color-4)","background-image":"","background-repeat":"repeat","background-position":"center center","background-size":"auto","background-attachment":"scroll","background-type":"","background-media":"","overlay-type":"","overlay-color":"","overlay-opacity":"","overlay-gradient":""},"tablet":{"background-color":"","background-image":"","background-repeat":"repeat","background-position":"center center","background-size":"auto","background-attachment":"scroll","background-type":"","background-media":"","overlay-type":"","overlay-color":"","overlay-opacity":"","overlay-gradient":""},"mobile":{"background-color":"","background-image":"","background-repeat":"repeat","background-position":"center center","background-size":"auto","background-attachment":"scroll","background-type":"","background-media":"","overlay-type":"","overlay-color":"","overlay-opacity":"","overlay-gradient":""}},"ast-content-background-meta":{"desktop":{"background-color":"var(--ast-global-color-5)","background-image":"","background-repeat":"repeat","background-position":"center center","background-size":"auto","background-attachment":"scroll","background-type":"","background-media":"","overlay-type":"","overlay-color":"","overlay-opacity":"","overlay-gradient":""},"tablet":{"background-color":"var(--ast-global-color-5)","background-image":"","background-repeat":"repeat","background-position":"center center","background-size":"auto","background-attachment":"scroll","background-type":"","background-media":"","overlay-type":"","overlay-color":"","overlay-opacity":"","overlay-gradient":""},"mobile":{"background-color":"var(--ast-global-color-5)","background-image":"","background-repeat":"repeat","background-position":"center center","background-size":"auto","background-attachment":"scroll","background-type":"","background-media":"","overlay-type":"","overlay-color":"","overlay-opacity":"","overlay-gradient":""}}},"product_brand":[1357],"product_cat":[1671],"product_tag":[],"class_list":{"0":"post-18567","1":"product","2":"type-product","3":"status-publish","4":"has-post-thumbnail","6":"product_brand-williams-humbert","7":"product_cat-brandy-fr","8":"desktop-align-left","9":"tablet-align-left","10":"mobile-align-left","12":"first","13":"instock","14":"taxable","15":"shipping-taxable","16":"purchasable","17":"product-type-simple"},"_links":{"self":[{"href":"https:\/\/andalubox.com\/fr\/wp-json\/wp\/v2\/product\/18567","targetHints":{"allow":["GET"]}}],"collection":[{"href":"https:\/\/andalubox.com\/fr\/wp-json\/wp\/v2\/product"}],"about":[{"href":"https:\/\/andalubox.com\/fr\/wp-json\/wp\/v2\/types\/product"}],"replies":[{"embeddable":true,"href":"https:\/\/andalubox.com\/fr\/wp-json\/wp\/v2\/comments?post=18567"}],"wp:featuredmedia":[{"embeddable":true,"href":"https:\/\/andalubox.com\/fr\/wp-json\/wp\/v2\/media\/18561"}],"wp:attachment":[{"href":"https:\/\/andalubox.com\/fr\/wp-json\/wp\/v2\/media?parent=18567"}],"wp:term":[{"taxonomy":"product_brand","embeddable":true,"href":"https:\/\/andalubox.com\/fr\/wp-json\/wp\/v2\/product_brand?post=18567"},{"taxonomy":"product_cat","embeddable":true,"href":"https:\/\/andalubox.com\/fr\/wp-json\/wp\/v2\/product_cat?post=18567"},{"taxonomy":"product_tag","embeddable":true,"href":"https:\/\/andalubox.com\/fr\/wp-json\/wp\/v2\/product_tag?post=18567"}],"curies":[{"name":"wp","href":"https:\/\/api.w.org\/{rel}","templated":true}]}}