{"id":18430,"date":"2025-02-20T16:28:39","date_gmt":"2025-02-20T15:28:39","guid":{"rendered":"https:\/\/andalubox.com\/producto-andaluz\/lustau-almacenista-oloroso-del-puerto-gonzalez-obregon-50-cl\/"},"modified":"2025-09-23T15:37:12","modified_gmt":"2025-09-23T13:37:12","slug":"lustau-almacenista-oloroso-del-puerto-gonzalez-obregon-50-cl","status":"publish","type":"product","link":"https:\/\/andalubox.com\/fr\/producto-andaluz\/lustau-almacenista-oloroso-del-puerto-gonzalez-obregon-50-cl\/","title":{"rendered":"Lustau Almacenista Oloroso del Puerto Gonz\u00e1lez Obreg\u00f3n, 50cl"},"content":{"rendered":"<p data-start=\"538\" data-end=\"950\">Lustau Almacenista Oloroso del Puerto Gonz\u00e1lez Obreg\u00f3n, 50cl<\/p>\n<p data-start=\"538\" data-end=\"950\">L&#8217;Oloroso del Puerto de la gamme Almacenista de Lustau est un vin de Jerez exceptionnel, fruit du travail m\u00e9ticuleux des almacenistas, artisans ind\u00e9pendants qui font vieillir de petites productions de sherrys dans des soleras traditionnelles. Dans ce cas, Lustau a s\u00e9lectionn\u00e9 les f\u00fbts de Jos\u00e9 Luis Gonz\u00e1lez Obreg\u00f3n, situ\u00e9s \u00e0 El Puerto de Santa Mar\u00eda, pour mettre en bouteille ce vin avec toute son authenticit\u00e9 et son caract\u00e8re. <\/p>\n<p data-start=\"952\" data-end=\"1245\">Son profil aromatique est intense et enveloppant, avec des notes fum\u00e9es, de vieux bois, de truffe et d&#8217;\u00e9pices. En bouche, il est structur\u00e9, avec des notes de noix grill\u00e9es et un fond de chocolat noir. La bouche est ronde et la finale est longue et nette, laissant une sensation de chaleur et de persistance.  <\/p>\n<p data-start=\"1247\" data-end=\"1519\" data-is-last-node=\"\" data-is-only-node=\"\">Avec une teneur en alcool de 20 %, cet Oloroso est id\u00e9al pour accompagner les plats de gibier, les viandes r\u00f4ties, les rago\u00fbts copieux et les fromages affin\u00e9s. Joyau de l&#8217;\u0153nologie de Jerez, il incarne l&#8217;essence des vins de vieillissement oxydatif et la ma\u00eetrise des almacenistas. <\/p>\n<p>Ce vin appartient \u00e0 la prestigieuse collection &#8220;Almacenista&#8221; des Bodegas Lustau, une s\u00e9rie de vins de Jerez qui rendent hommage aux petits producteurs et vignerons qui, de mani\u00e8re artisanale et priv\u00e9e, \u00e9laborent leurs propres vins. Dans ce cas, le protagoniste est <b>Jos\u00e9 Luis Gonz\u00e1lez Obreg\u00f3n<\/b>, un &#8220;almacenista&#8221; de El Puerto de Santa Mar\u00eda. <\/p>\n<h4>Caract\u00e9ristiques principales<\/h4>\n<ul>\n\t<li>\n<p><b>Type de vin :<\/b> Oloroso (vin sec fortifi\u00e9).<\/p>\n<\/li>\n\t<li>\n<p><b>Appellation d&#8217;origine :<\/b> D.O. Jerez-X\u00e9r\u00e8s-Sherry.<\/p>\n<\/li>\n\t<li>\n<p><b>Raisin :<\/b> 100% Palomino Fino.<\/p>\n<\/li>\n\t<li>\n<p><b>Vieillissement :<\/b> Cet Oloroso est le r\u00e9sultat d&#8217;un vieillissement <b>oxydatif<\/b>, contrairement au Fino ou au Manzanilla qui sont vieillis biologiquement. Cela signifie que le vin est en contact avec l&#8217;air tout au long de son vieillissement, sans le voile de la fleur. Cela lui conf\u00e8re une couleur plus fonc\u00e9e et un profil aromatique et gustatif beaucoup plus concentr\u00e9. Le vin de Jos\u00e9 Luis Gonz\u00e1lez Obreg\u00f3n provient d&#8217;une solera de 110 f\u00fbts \u00e0 El Puerto de Santa Mar\u00eda, dont l&#8217;\u00e2ge moyen est sup\u00e9rieur \u00e0 12 ans.   <\/p>\n<\/li>\n\t<li>\n<p><b>Couleur :<\/b> Acajou fonc\u00e9 avec des reflets verd\u00e2tres, r\u00e9sultat d&#8217;un long vieillissement oxydatif.<\/p>\n<\/li>\n<\/ul>\n<h4>Notes de d\u00e9gustation<\/h4>\n<ul>\n\t<li>\n<p><b>Nez (Aroma) :<\/b> Tr\u00e8s intense et complexe. Notes de vieux bois, ar\u00f4mes fum\u00e9s, noix grill\u00e9es (noix, noisettes), truffe, \u00e9pices douces et une touche de chocolat noir. <\/p>\n<\/li>\n\t<li>\n<p><b>Bouche (Go\u00fbt) :<\/b> Puissant et structur\u00e9, mais en m\u00eame temps rond et \u00e9l\u00e9gant. La bouche est s\u00e8che, avec une acidit\u00e9 \u00e9quilibr\u00e9e. On retrouve les m\u00eames nuances qu&#8217;au nez, avec des ar\u00f4mes de fruits secs, de chocolat et d&#8217;\u00e9pices. La finale est longue, chaude et persistante.   <\/p>\n<\/li>\n<\/ul>\n<h4>Couplage<\/h4>\n<p>En raison de son corps et de sa complexit\u00e9, l&#8217;Oloroso est un vin id\u00e9al pour accompagner les plats forts et intens\u00e9ment aromatis\u00e9s :<\/p>\n<ul>\n\t<li>\n<p><b>Viandes rouges :<\/b> parfaites pour les grillades, les r\u00f4tis et les rago\u00fbts de gibier.<\/p>\n<\/li>\n\t<li>\n<p><b>Rago\u00fbts :<\/b> Splendide avec les rago\u00fbts de viande, les tripes ou la queue de b\u0153uf.<\/p>\n<\/li>\n\t<li>\n<p><b>Fromages :<\/b> Il se marie tr\u00e8s bien avec les fromages affin\u00e9s et les fromages bleus.<\/p>\n<\/li>\n\t<li>\n<p><b>Desserts :<\/b> Un excellent choix pour les desserts \u00e0 base de noix, de chocolat noir ou de caf\u00e9.<\/p>\n<\/li>\n<\/ul>\n<h4>Temp\u00e9rature de service<\/h4>\n<p>Il est recommand\u00e9 de le servir \u00e0 une temp\u00e9rature comprise entre <b>13\u00b0C et 14\u00b0C<\/b>. Il ne doit pas \u00eatre servi trop froid, car cela pourrait att\u00e9nuer la complexit\u00e9 de ses ar\u00f4mes et de ses saveurs. <\/p>","protected":false},"excerpt":{"rendered":"<p>Cet Oloroso de Lustau provient de la s\u00e9lection de soleras de l&#8217;almacenista Jos\u00e9 Luis Gonz\u00e1lez Obreg\u00f3n \u00e0 El Puerto de Santa Mar\u00eda. Ar\u00f4mes fum\u00e9s et notes complexes de truffe, de chocolat noir et d&#8217;\u00e9pices. <\/p>\n","protected":false},"featured_media":18423,"comment_status":"open","ping_status":"closed","template":"","meta":{"site-sidebar-layout":"default","site-content-layout":"","ast-site-content-layout":"default","site-content-style":"default","site-sidebar-style":"default","ast-global-header-display":"","ast-banner-title-visibility":"","ast-main-header-display":"","ast-hfb-above-header-display":"","ast-hfb-below-header-display":"","ast-hfb-mobile-header-display":"","site-post-title":"","ast-breadcrumbs-content":"","ast-featured-img":"","footer-sml-layout":"","ast-disable-related-posts":"","theme-transparent-header-meta":"default","adv-header-id-meta":"","stick-header-meta":"","header-above-stick-meta":"","header-main-stick-meta":"","header-below-stick-meta":"","astra-migrate-meta-layouts":"default","ast-page-background-enabled":"default","ast-page-background-meta":{"desktop":{"background-color":"var(--ast-global-color-4)","background-image":"","background-repeat":"repeat","background-position":"center center","background-size":"auto","background-attachment":"scroll","background-type":"","background-media":"","overlay-type":"","overlay-color":"","overlay-opacity":"","overlay-gradient":""},"tablet":{"background-color":"","background-image":"","background-repeat":"repeat","background-position":"center center","background-size":"auto","background-attachment":"scroll","background-type":"","background-media":"","overlay-type":"","overlay-color":"","overlay-opacity":"","overlay-gradient":""},"mobile":{"background-color":"","background-image":"","background-repeat":"repeat","background-position":"center center","background-size":"auto","background-attachment":"scroll","background-type":"","background-media":"","overlay-type":"","overlay-color":"","overlay-opacity":"","overlay-gradient":""}},"ast-content-background-meta":{"desktop":{"background-color":"var(--ast-global-color-5)","background-image":"","background-repeat":"repeat","background-position":"center center","background-size":"auto","background-attachment":"scroll","background-type":"","background-media":"","overlay-type":"","overlay-color":"","overlay-opacity":"","overlay-gradient":""},"tablet":{"background-color":"var(--ast-global-color-5)","background-image":"","background-repeat":"repeat","background-position":"center center","background-size":"auto","background-attachment":"scroll","background-type":"","background-media":"","overlay-type":"","overlay-color":"","overlay-opacity":"","overlay-gradient":""},"mobile":{"background-color":"var(--ast-global-color-5)","background-image":"","background-repeat":"repeat","background-position":"center center","background-size":"auto","background-attachment":"scroll","background-type":"","background-media":"","overlay-type":"","overlay-color":"","overlay-opacity":"","overlay-gradient":""}}},"product_brand":[1179],"product_cat":[15],"product_tag":[],"class_list":{"0":"post-18430","1":"product","2":"type-product","3":"status-publish","4":"has-post-thumbnail","6":"product_brand-lustau","7":"product_cat-sin-categorizar","8":"desktop-align-left","9":"tablet-align-left","10":"mobile-align-left","12":"first","13":"instock","14":"taxable","15":"shipping-taxable","16":"purchasable","17":"product-type-simple"},"_links":{"self":[{"href":"https:\/\/andalubox.com\/fr\/wp-json\/wp\/v2\/product\/18430","targetHints":{"allow":["GET"]}}],"collection":[{"href":"https:\/\/andalubox.com\/fr\/wp-json\/wp\/v2\/product"}],"about":[{"href":"https:\/\/andalubox.com\/fr\/wp-json\/wp\/v2\/types\/product"}],"replies":[{"embeddable":true,"href":"https:\/\/andalubox.com\/fr\/wp-json\/wp\/v2\/comments?post=18430"}],"wp:featuredmedia":[{"embeddable":true,"href":"https:\/\/andalubox.com\/fr\/wp-json\/wp\/v2\/media\/18423"}],"wp:attachment":[{"href":"https:\/\/andalubox.com\/fr\/wp-json\/wp\/v2\/media?parent=18430"}],"wp:term":[{"taxonomy":"product_brand","embeddable":true,"href":"https:\/\/andalubox.com\/fr\/wp-json\/wp\/v2\/product_brand?post=18430"},{"taxonomy":"product_cat","embeddable":true,"href":"https:\/\/andalubox.com\/fr\/wp-json\/wp\/v2\/product_cat?post=18430"},{"taxonomy":"product_tag","embeddable":true,"href":"https:\/\/andalubox.com\/fr\/wp-json\/wp\/v2\/product_tag?post=18430"}],"curies":[{"name":"wp","href":"https:\/\/api.w.org\/{rel}","templated":true}]}}