{"id":18417,"date":"2025-02-20T15:50:16","date_gmt":"2025-02-20T14:50:16","guid":{"rendered":"https:\/\/andalubox.com\/producto-andaluz\/lustau-almacenista-amontillado-del-puerto-gonzalez-obregon-50-cl\/"},"modified":"2025-09-23T09:58:03","modified_gmt":"2025-09-23T07:58:03","slug":"lustau-almacenista-amontillado-del-puerto-gonzalez-obregon-50-cl","status":"publish","type":"product","link":"https:\/\/andalubox.com\/fr\/producto-andaluz\/lustau-almacenista-amontillado-del-puerto-gonzalez-obregon-50-cl\/","title":{"rendered":"Lustau Almacenista Amontillado del Puerto Gonz\u00e1lez Obreg\u00f3n 50cl"},"content":{"rendered":"<p data-start=\"720\" data-end=\"1023\"><strong data-start=\"720\" data-end=\"765\">Lustau Almacenista Amontillado del Puerto Gonz\u00e1lez Obreg\u00f3n 50cl<\/strong><\/p>\n<p data-start=\"720\" data-end=\"1023\"><strong data-start=\"720\" data-end=\"765\">Le Lustau Almacenista Amontillado del Puerto<\/strong> est un joyau \u0153nologique de la cave <strong data-start=\"815\" data-end=\"845\">Jos\u00e9 Luis Gonz\u00e1lez Obreg\u00f3n<\/strong> \u00e0 El Puerto de Santa Mar\u00eda. \u00c9lev\u00e9 sous un voile de fleur et soumis \u00e0 un vieillissement oxydatif ult\u00e9rieur en f\u00fbts centenaires, il d\u00e9veloppe une grande profondeur et une grande complexit\u00e9 aromatique. <\/p>\n<p data-start=\"1025\" data-end=\"1210\">Le nez pr\u00e9sente des ar\u00f4mes intenses de noisettes, d&#8217;\u00e9pices et de notes fum\u00e9es. La bouche est s\u00e8che, avec un \u00e9quilibre parfait entre l&#8217;acidit\u00e9 et la structure, laissant une finale longue et persistante. <\/p>\n<h3><span style=\"font-size: 12pt;\">Lustau Almacenista Amontillado del Puerto Gonz\u00e1lez Obreg\u00f3n, 50cl<\/span><\/h3>\n<p>Cet amontillado fait partie de la collection &#8220;Almacenista&#8221; de Bodegas Lustau, qui met en valeur le travail de petits vignerons ind\u00e9pendants qui font vieillir leurs vins de Jerez. Dans le cas pr\u00e9sent, il s&#8217;agit d&#8217;un joyau de la cave <b>Jos\u00e9 Luis Gonz\u00e1lez Obreg\u00f3n<\/b>, situ\u00e9e \u00e0 El Puerto de Santa Mar\u00eda. Il s&#8217;agit d&#8217;un vin exclusif dont la production est limit\u00e9e, puisque sa solera n&#8217;est compos\u00e9e que de 10 f\u00fbts.  <\/p>\n<h4>Caract\u00e9ristiques principales<\/h4>\n<ul>\n\t<li>\n<p><b>Type de vin :<\/b> Amontillado (g\u00e9n\u00e9reusement sec).<\/p>\n<\/li>\n\t<li>\n<p><b>Appellation d&#8217;origine :<\/b> D.O. Jerez-X\u00e9r\u00e8s-Sherry.<\/p>\n<\/li>\n\t<li>\n<p><b>Raisin :<\/b> 100% Palomino Fino.<\/p>\n<\/li>\n\t<li>\n<p><b>Vieillissement :<\/b> il est le r\u00e9sultat d&#8217;un processus de vieillissement complexe et double. Tout d&#8217;abord, il subit un <b>vieillissement biologique<\/b> sous un voile de fleur (comme un fino), qui lui donne ses notes piquantes. Ensuite, le voile de fleur dispara\u00eet et le vin subit un <b>vieillissement oxydatif<\/b> (comme un oloroso), au contact de l&#8217;air, qui lui donne sa couleur et sa complexit\u00e9. Son \u00e2ge moyen est d&#8217;environ 12 ans.   <\/p>\n<\/li>\n\t<li>\n<p><b>Couleur :<\/b> Dor\u00e9 fonc\u00e9, avec des reflets ambr\u00e9s.<\/p>\n<\/li>\n<\/ul>\n<h4>Notes de d\u00e9gustation<\/h4>\n<ul>\n\t<li>\n<p><b>Nez (Aroma) :<\/b> Un vin tr\u00e8s aromatique, complexe et \u00e9l\u00e9gant. Il associe des notes de fruits secs (noisettes et noix) issues de l&#8217;\u00e9levage oxydatif aux touches vives du voile de fleur. On y trouve \u00e9galement des ar\u00f4mes d&#8217;\u00e9pices douces et un fond de coing et de bois fin.  <\/p>\n<\/li>\n\t<li>\n<p><b>Bouche (Go\u00fbt) :<\/b> sec et cors\u00e9. Rond et persistant en bouche, avec une acidit\u00e9 bien int\u00e9gr\u00e9e. Il pr\u00e9sente des notes d&#8217;amandes et une finale longue, s\u00e8che et \u00e9l\u00e9gante.  <\/p>\n<\/li>\n<\/ul>\n<h4>Couplage<\/h4>\n<p>L&#8217;Amontillado est l&#8217;un des vins de X\u00e9r\u00e8s les plus polyvalents, id\u00e9al en tant que star de l&#8217;ap\u00e9ritif ou pour accompagner un repas complet :<\/p>\n<ul>\n\t<li>\n<p><b>Entr\u00e9es :<\/b> Consomm\u00e9s, viandes fum\u00e9es et saucisses.<\/p>\n<\/li>\n\t<li>\n<p><b>Plats principaux :<\/b> Foie gras, charcuterie, champignons et poissons plus go\u00fbteux comme le thon ou le cabillaud.<\/p>\n<\/li>\n\t<li>\n<p><b>Fromages :<\/b> Tableaux de fromages affin\u00e9s.<\/p>\n<\/li>\n\t<li>\n<p><b>Cuisine orientale :<\/b> se marie bien avec les plats \u00e9pic\u00e9s et les saveurs asiatiques.<\/p>\n<\/li>\n<\/ul>\n<h4>Temp\u00e9rature de service<\/h4>\n<p>Il est recommand\u00e9 de le servir \u00e0 une temp\u00e9rature comprise entre <b>13\u00b0C et 14\u00b0C<\/b>. S&#8217;il est servi plus froid, il risque de perdre une partie de sa complexit\u00e9 aromatique. <\/p>","protected":false},"excerpt":{"rendered":"<p>Le Lustau Almacenista Amontillado del Puerto est un vin de x\u00e9r\u00e8s produit par l&#8217;almacenista Jos\u00e9 Luis Gonz\u00e1lez Obreg\u00f3n. Vieilli dans une solera de f\u00fbts centenaires. <\/p>\n","protected":false},"featured_media":18410,"comment_status":"open","ping_status":"closed","template":"","meta":{"site-sidebar-layout":"default","site-content-layout":"","ast-site-content-layout":"default","site-content-style":"default","site-sidebar-style":"default","ast-global-header-display":"","ast-banner-title-visibility":"","ast-main-header-display":"","ast-hfb-above-header-display":"","ast-hfb-below-header-display":"","ast-hfb-mobile-header-display":"","site-post-title":"","ast-breadcrumbs-content":"","ast-featured-img":"","footer-sml-layout":"","ast-disable-related-posts":"","theme-transparent-header-meta":"default","adv-header-id-meta":"","stick-header-meta":"","header-above-stick-meta":"","header-main-stick-meta":"","header-below-stick-meta":"","astra-migrate-meta-layouts":"default","ast-page-background-enabled":"default","ast-page-background-meta":{"desktop":{"background-color":"var(--ast-global-color-4)","background-image":"","background-repeat":"repeat","background-position":"center center","background-size":"auto","background-attachment":"scroll","background-type":"","background-media":"","overlay-type":"","overlay-color":"","overlay-opacity":"","overlay-gradient":""},"tablet":{"background-color":"","background-image":"","background-repeat":"repeat","background-position":"center center","background-size":"auto","background-attachment":"scroll","background-type":"","background-media":"","overlay-type":"","overlay-color":"","overlay-opacity":"","overlay-gradient":""},"mobile":{"background-color":"","background-image":"","background-repeat":"repeat","background-position":"center center","background-size":"auto","background-attachment":"scroll","background-type":"","background-media":"","overlay-type":"","overlay-color":"","overlay-opacity":"","overlay-gradient":""}},"ast-content-background-meta":{"desktop":{"background-color":"var(--ast-global-color-5)","background-image":"","background-repeat":"repeat","background-position":"center center","background-size":"auto","background-attachment":"scroll","background-type":"","background-media":"","overlay-type":"","overlay-color":"","overlay-opacity":"","overlay-gradient":""},"tablet":{"background-color":"var(--ast-global-color-5)","background-image":"","background-repeat":"repeat","background-position":"center center","background-size":"auto","background-attachment":"scroll","background-type":"","background-media":"","overlay-type":"","overlay-color":"","overlay-opacity":"","overlay-gradient":""},"mobile":{"background-color":"var(--ast-global-color-5)","background-image":"","background-repeat":"repeat","background-position":"center center","background-size":"auto","background-attachment":"scroll","background-type":"","background-media":"","overlay-type":"","overlay-color":"","overlay-opacity":"","overlay-gradient":""}}},"product_brand":[1179],"product_cat":[15],"product_tag":[],"class_list":{"0":"post-18417","1":"product","2":"type-product","3":"status-publish","4":"has-post-thumbnail","6":"product_brand-lustau","7":"product_cat-sin-categorizar","8":"desktop-align-left","9":"tablet-align-left","10":"mobile-align-left","12":"first","13":"instock","14":"taxable","15":"shipping-taxable","16":"purchasable","17":"product-type-simple"},"_links":{"self":[{"href":"https:\/\/andalubox.com\/fr\/wp-json\/wp\/v2\/product\/18417","targetHints":{"allow":["GET"]}}],"collection":[{"href":"https:\/\/andalubox.com\/fr\/wp-json\/wp\/v2\/product"}],"about":[{"href":"https:\/\/andalubox.com\/fr\/wp-json\/wp\/v2\/types\/product"}],"replies":[{"embeddable":true,"href":"https:\/\/andalubox.com\/fr\/wp-json\/wp\/v2\/comments?post=18417"}],"wp:featuredmedia":[{"embeddable":true,"href":"https:\/\/andalubox.com\/fr\/wp-json\/wp\/v2\/media\/18410"}],"wp:attachment":[{"href":"https:\/\/andalubox.com\/fr\/wp-json\/wp\/v2\/media?parent=18417"}],"wp:term":[{"taxonomy":"product_brand","embeddable":true,"href":"https:\/\/andalubox.com\/fr\/wp-json\/wp\/v2\/product_brand?post=18417"},{"taxonomy":"product_cat","embeddable":true,"href":"https:\/\/andalubox.com\/fr\/wp-json\/wp\/v2\/product_cat?post=18417"},{"taxonomy":"product_tag","embeddable":true,"href":"https:\/\/andalubox.com\/fr\/wp-json\/wp\/v2\/product_tag?post=18417"}],"curies":[{"name":"wp","href":"https:\/\/api.w.org\/{rel}","templated":true}]}}