{"id":18330,"date":"2025-02-19T17:21:08","date_gmt":"2025-02-19T16:21:08","guid":{"rendered":"https:\/\/andalubox.com\/producto-andaluz\/lustau-puerto-fino-do-jerez-sherry-75-cl\/"},"modified":"2025-09-23T10:02:44","modified_gmt":"2025-09-23T08:02:44","slug":"lustau-puerto-fino-do-jerez-sherry-75-cl","status":"publish","type":"product","link":"https:\/\/andalubox.com\/fr\/producto-andaluz\/lustau-puerto-fino-do-jerez-sherry-75-cl\/","title":{"rendered":"Lustau Puerto Fino DO Jerez\/Sherry 75cl"},"content":{"rendered":"<p>Lustau Puerto Fino DO Jerez\/Sherry 75cl<\/p>\n<p>Le Lustau Fino del Puerto est un fino de l&#8217;appellation d&#8217;origine <strong data-start=\"182\" data-end=\"204\">Jerez-X\u00e9r\u00e8s-Sherry<\/strong>, vieilli \u00e0 <strong data-start=\"216\" data-end=\"244\">El Puerto de Santa Mar\u00eda<\/strong>, une enclave c\u00f4ti\u00e8re du sud de l&#8217;Espagne \u00e0 l&#8217;influence atlantique marqu\u00e9e. Son vieillissement sous un voile de fleur dans ce microclimat lui conf\u00e8re un caract\u00e8re unique, avec un nez qui \u00e9voque des notes de levure et d&#8217;amande, accompagn\u00e9es d&#8217;une subtile touche saline. La bouche est <strong data-start=\"508\" data-end=\"535\">s\u00e8che, fra\u00eeche et vibrante<\/strong>, avec une acidit\u00e9 \u00e9quilibr\u00e9e et une persistance incomparable. Sa couleur <strong data-start=\"607\" data-end=\"624\">paille p\u00e2le<\/strong> refl\u00e8te sa puret\u00e9 et sa d\u00e9licatesse. Servi frais, il accompagne id\u00e9alement les <strong data-start=\"722\" data-end=\"761\">fruits de mer, les poissons et les tapas<\/strong>, ainsi que les sushis et les sashimis, ce qui souligne sa polyvalence gastronomique.    <\/p>\n<p>Le Lustau Puerto Fino est un vin de la prestigieuse cave <b>Bodegas Lustau<\/b>, situ\u00e9e dans la r\u00e9gion de Jerez. Ce Fino se distingue par son origine \u00e0 El Puerto de Santa Mar\u00eda, l&#8217;une des trois villes qui forment le &#8220;Triangle de Jerez&#8221; avec Jerez de la Frontera et Sanl\u00facar de Barrameda. Le microclimat particulier de cette zone, \u00e0 proximit\u00e9 de l&#8217;oc\u00e9an Atlantique, lui conf\u00e8re un caract\u00e8re unique et diff\u00e9rent des finos de Jerez.  <\/p>\n<h4>Caract\u00e9ristiques principales<\/h4>\n<ul>\n\t<li>\n<p><b>Type de vin :<\/b> Fino (g\u00e9n\u00e9reusement sec).<\/p>\n<\/li>\n\t<li>\n<p><b>Appellation d&#8217;origine :<\/b> D.O. Jerez-X\u00e9r\u00e8s-Sherry.<\/p>\n<\/li>\n\t<li>\n<p><b>Raisin :<\/b> 100% Palomino Fino.<\/p>\n<\/li>\n\t<li>\n<p><b>Vieillissement :<\/b> ce vin est \u00e9lev\u00e9 biologiquement sous le voile de <b>fleur<\/b>, une couche de levures qui prot\u00e8ge le vin du contact avec l&#8217;air et lui conf\u00e8re ses ar\u00f4mes et saveurs distinctifs. Contrairement \u00e0 d&#8217;autres finos, il est \u00e9lev\u00e9 dans les caves du Puerto de Santa Mar\u00eda, o\u00f9 l&#8217;humidit\u00e9 et la brise marine influencent le voile de fleur, qui se d\u00e9veloppe de mani\u00e8re plus \u00e9paisse et plus active. <\/p>\n<\/li>\n\t<li>\n<p><b>Couleur :<\/b> jaune paille p\u00e2le, brillant et cristallin.<\/p>\n<\/li>\n<\/ul>\n<h4>Notes de d\u00e9gustation<\/h4>\n<ul>\n\t<li>\n<p><b>Nez (Aroma) :<\/b> Fin, vif et avec un caract\u00e8re salin marqu\u00e9. Notes d&#8217;amandes crues, de boulangerie, de levure et une touche de salinit\u00e9 et d&#8217;iode rappelant la brise marine. <\/p>\n<\/li>\n\t<li>\n<p><b>Bouche (go\u00fbt) :<\/b> sec, frais et tr\u00e8s salin. Il est l\u00e9ger en bouche, avec une acidit\u00e9 bien int\u00e9gr\u00e9e et une finale longue et persistante, laissant un arri\u00e8re-go\u00fbt propre et rafra\u00eechissant. <\/p>\n<\/li>\n<\/ul>\n<h4>Couplage<\/h4>\n<p>Le Lustau Puerto Fino est un ap\u00e9ritif id\u00e9al et un compagnon parfait pour la cuisine de fruits de mer. Son caract\u00e8re salin et rafra\u00eechissant le rend id\u00e9al pour : <\/p>\n<ul>\n\t<li>\n<p><b>Fruits de mer et poissons :<\/b> crevettes, hu\u00eetres, crevettes royales, balanes, poissons frits et sushis.<\/p>\n<\/li>\n\t<li>\n<p><b>Jambon ib\u00e9rique et charcuterie :<\/b> Le contraste entre la salinit\u00e9 du jambon et le vin est exceptionnel.<\/p>\n<\/li>\n\t<li>\n<p><b>Tapas :<\/b> Olives, amandes sal\u00e9es, fromage Manchego et cornichons.<\/p>\n<\/li>\n<\/ul>\n<h4>Temp\u00e9rature de service<\/h4>\n<p>Pour appr\u00e9cier sa fra\u00eecheur et sa complexit\u00e9, il est recommand\u00e9 de le servir tr\u00e8s froid, entre <b>6\u00b0C et 8\u00b0C<\/b>. Une fois ouvert, il est conseill\u00e9 de le consommer dans les jours qui suivent pour ne pas perdre ses propri\u00e9t\u00e9s, car le voile de flor a disparu et le vin s&#8217;oxyde au contact de l&#8217;air. <\/p>","protected":false},"excerpt":{"rendered":"<p>Un fino \u00e9l\u00e9gant de <strong data-start=\"882\" data-end=\"910\">El Puerto de Santa Mar\u00eda<\/strong>, avec des notes de <strong data-start=\"925\" data-end=\"971\">levure, d&#8217;amandes et une subtile touche saline<\/strong>. Sec et frais en bouche, parfait pour les fruits de mer, le poisson et les tapas. <\/p>\n","protected":false},"featured_media":18265,"template":"","meta":{"site-sidebar-layout":"default","site-content-layout":"","ast-site-content-layout":"default","site-content-style":"default","site-sidebar-style":"default","ast-global-header-display":"","ast-banner-title-visibility":"","ast-main-header-display":"","ast-hfb-above-header-display":"","ast-hfb-below-header-display":"","ast-hfb-mobile-header-display":"","site-post-title":"","ast-breadcrumbs-content":"","ast-featured-img":"","footer-sml-layout":"","ast-disable-related-posts":"","theme-transparent-header-meta":"default","adv-header-id-meta":"","stick-header-meta":"","header-above-stick-meta":"","header-main-stick-meta":"","header-below-stick-meta":"","astra-migrate-meta-layouts":"default","ast-page-background-enabled":"default","ast-page-background-meta":{"desktop":{"background-color":"var(--ast-global-color-4)","background-image":"","background-repeat":"repeat","background-position":"center center","background-size":"auto","background-attachment":"scroll","background-type":"","background-media":"","overlay-type":"","overlay-color":"","overlay-opacity":"","overlay-gradient":""},"tablet":{"background-color":"","background-image":"","background-repeat":"repeat","background-position":"center center","background-size":"auto","background-attachment":"scroll","background-type":"","background-media":"","overlay-type":"","overlay-color":"","overlay-opacity":"","overlay-gradient":""},"mobile":{"background-color":"","background-image":"","background-repeat":"repeat","background-position":"center center","background-size":"auto","background-attachment":"scroll","background-type":"","background-media":"","overlay-type":"","overlay-color":"","overlay-opacity":"","overlay-gradient":""}},"ast-content-background-meta":{"desktop":{"background-color":"var(--ast-global-color-5)","background-image":"","background-repeat":"repeat","background-position":"center center","background-size":"auto","background-attachment":"scroll","background-type":"","background-media":"","overlay-type":"","overlay-color":"","overlay-opacity":"","overlay-gradient":""},"tablet":{"background-color":"var(--ast-global-color-5)","background-image":"","background-repeat":"repeat","background-position":"center center","background-size":"auto","background-attachment":"scroll","background-type":"","background-media":"","overlay-type":"","overlay-color":"","overlay-opacity":"","overlay-gradient":""},"mobile":{"background-color":"var(--ast-global-color-5)","background-image":"","background-repeat":"repeat","background-position":"center center","background-size":"auto","background-attachment":"scroll","background-type":"","background-media":"","overlay-type":"","overlay-color":"","overlay-opacity":"","overlay-gradient":""}}},"product_brand":[1179],"product_cat":[15],"product_tag":[],"class_list":{"0":"post-18330","1":"product","2":"type-product","3":"status-publish","4":"has-post-thumbnail","6":"product_brand-lustau","7":"product_cat-sin-categorizar","8":"desktop-align-left","9":"tablet-align-left","10":"mobile-align-left","12":"first","13":"instock","14":"taxable","15":"shipping-taxable","16":"purchasable","17":"product-type-simple"},"_links":{"self":[{"href":"https:\/\/andalubox.com\/fr\/wp-json\/wp\/v2\/product\/18330","targetHints":{"allow":["GET"]}}],"collection":[{"href":"https:\/\/andalubox.com\/fr\/wp-json\/wp\/v2\/product"}],"about":[{"href":"https:\/\/andalubox.com\/fr\/wp-json\/wp\/v2\/types\/product"}],"wp:featuredmedia":[{"embeddable":true,"href":"https:\/\/andalubox.com\/fr\/wp-json\/wp\/v2\/media\/18265"}],"wp:attachment":[{"href":"https:\/\/andalubox.com\/fr\/wp-json\/wp\/v2\/media?parent=18330"}],"wp:term":[{"taxonomy":"product_brand","embeddable":true,"href":"https:\/\/andalubox.com\/fr\/wp-json\/wp\/v2\/product_brand?post=18330"},{"taxonomy":"product_cat","embeddable":true,"href":"https:\/\/andalubox.com\/fr\/wp-json\/wp\/v2\/product_cat?post=18330"},{"taxonomy":"product_tag","embeddable":true,"href":"https:\/\/andalubox.com\/fr\/wp-json\/wp\/v2\/product_tag?post=18330"}],"curies":[{"name":"wp","href":"https:\/\/api.w.org\/{rel}","templated":true}]}}