{"id":18327,"date":"2025-02-19T17:12:28","date_gmt":"2025-02-19T16:12:28","guid":{"rendered":"https:\/\/andalubox.com\/producto-andaluz\/lustau-palo-cortado-peninsule-dop-sherry-sherry-75-cl\/"},"modified":"2025-07-30T23:29:32","modified_gmt":"2025-07-30T21:29:32","slug":"lustau-palo-cortado-peninsule-dop-sherry-sherry-75-cl","status":"publish","type":"product","link":"https:\/\/andalubox.com\/fr\/producto-andaluz\/lustau-palo-cortado-peninsule-dop-sherry-sherry-75-cl\/","title":{"rendered":"Lustau Pen\u00ednsula Palo Cortado Sherry 75 cl"},"content":{"rendered":"<p data-start=\"29\" data-end=\"393\">Lustau Pen\u00ednsula Palo Cortado Sherry 75 cl<\/p>\n<p data-start=\"29\" data-end=\"393\">Le Palo Cortado est un type de vin qui combine les caract\u00e9ristiques de l&#8217;Amontillado et de l&#8217;Oloroso. Bien qu&#8217;il commence par une phase de vieillissement biologique, sa p\u00e9riode de vieillissement oxydatif est nettement plus longue, ce qui lui conf\u00e8re son caract\u00e8re distinctif. <\/p>\n<p data-start=\"29\" data-end=\"393\"><strong data-start=\"32\" data-end=\"65\">Le Lustau Palo Cortado Pen\u00ednsula<\/strong> est un vin exceptionnel de la <strong data-start=\"95\" data-end=\"140\">d\u00e9nomination d&#8217;origine Jerez-X\u00e9r\u00e8s-Sherry<\/strong>, qui r\u00e9unit le meilleur de deux mondes : la <strong data-start=\"179\" data-end=\"220\">finesse et la d\u00e9licatesse d&#8217;un Amontillado<\/strong>, ainsi que le <strong data-start=\"235\" data-end=\"269\">corps et la richesse d&#8217;un Oloroso<\/strong>. Cette combinaison unique en fait l&#8217;un des vins les plus \u00e9nigmatiques et les plus appr\u00e9ci\u00e9s du monde des sherrys. <\/p>\n<p data-start=\"395\" data-end=\"746\">Sa <strong data-start=\"407\" data-end=\"442\">couleur ambr\u00e9e intense et brillante<\/strong> laisse pr\u00e9sager de sa complexit\u00e9 aromatique. Au nez, il pr\u00e9sente un \u00e9ventail de <strong data-start=\"517\" data-end=\"632\">notes de fruits secs, de noisettes grill\u00e9es, de vanille, d&#8217;\u00e9pices douces et de subtiles nuances de chocolat noir et de caf\u00e9<\/strong>, qui \u00e9voquent son long vieillissement en f\u00fbts de ch\u00eane am\u00e9ricain selon le syst\u00e8me traditionnel de solera et de criaderas. <\/p>","protected":false},"excerpt":{"rendered":"<p>Lustau Pen\u00ednsula Palo Cortado Sherry 75 cl pour l&#8217;exportation dans toute l&#8217;Europe.<\/p>\n","protected":false},"featured_media":18255,"comment_status":"open","ping_status":"closed","template":"","meta":{"site-sidebar-layout":"default","site-content-layout":"","ast-site-content-layout":"default","site-content-style":"default","site-sidebar-style":"default","ast-global-header-display":"","ast-banner-title-visibility":"","ast-main-header-display":"","ast-hfb-above-header-display":"","ast-hfb-below-header-display":"","ast-hfb-mobile-header-display":"","site-post-title":"","ast-breadcrumbs-content":"","ast-featured-img":"","footer-sml-layout":"","ast-disable-related-posts":"","theme-transparent-header-meta":"default","adv-header-id-meta":"","stick-header-meta":"","header-above-stick-meta":"","header-main-stick-meta":"","header-below-stick-meta":"","astra-migrate-meta-layouts":"default","ast-page-background-enabled":"default","ast-page-background-meta":{"desktop":{"background-color":"var(--ast-global-color-4)","background-image":"","background-repeat":"repeat","background-position":"center center","background-size":"auto","background-attachment":"scroll","background-type":"","background-media":"","overlay-type":"","overlay-color":"","overlay-opacity":"","overlay-gradient":""},"tablet":{"background-color":"","background-image":"","background-repeat":"repeat","background-position":"center center","background-size":"auto","background-attachment":"scroll","background-type":"","background-media":"","overlay-type":"","overlay-color":"","overlay-opacity":"","overlay-gradient":""},"mobile":{"background-color":"","background-image":"","background-repeat":"repeat","background-position":"center center","background-size":"auto","background-attachment":"scroll","background-type":"","background-media":"","overlay-type":"","overlay-color":"","overlay-opacity":"","overlay-gradient":""}},"ast-content-background-meta":{"desktop":{"background-color":"var(--ast-global-color-5)","background-image":"","background-repeat":"repeat","background-position":"center center","background-size":"auto","background-attachment":"scroll","background-type":"","background-media":"","overlay-type":"","overlay-color":"","overlay-opacity":"","overlay-gradient":""},"tablet":{"background-color":"var(--ast-global-color-5)","background-image":"","background-repeat":"repeat","background-position":"center center","background-size":"auto","background-attachment":"scroll","background-type":"","background-media":"","overlay-type":"","overlay-color":"","overlay-opacity":"","overlay-gradient":""},"mobile":{"background-color":"var(--ast-global-color-5)","background-image":"","background-repeat":"repeat","background-position":"center center","background-size":"auto","background-attachment":"scroll","background-type":"","background-media":"","overlay-type":"","overlay-color":"","overlay-opacity":"","overlay-gradient":""}}},"product_brand":[1179],"product_cat":[15],"product_tag":[],"class_list":{"0":"post-18327","1":"product","2":"type-product","3":"status-publish","4":"has-post-thumbnail","6":"product_brand-lustau","7":"product_cat-sin-categorizar","8":"desktop-align-left","9":"tablet-align-left","10":"mobile-align-left","12":"first","13":"instock","14":"taxable","15":"shipping-taxable","16":"purchasable","17":"product-type-simple"},"_links":{"self":[{"href":"https:\/\/andalubox.com\/fr\/wp-json\/wp\/v2\/product\/18327","targetHints":{"allow":["GET"]}}],"collection":[{"href":"https:\/\/andalubox.com\/fr\/wp-json\/wp\/v2\/product"}],"about":[{"href":"https:\/\/andalubox.com\/fr\/wp-json\/wp\/v2\/types\/product"}],"replies":[{"embeddable":true,"href":"https:\/\/andalubox.com\/fr\/wp-json\/wp\/v2\/comments?post=18327"}],"wp:featuredmedia":[{"embeddable":true,"href":"https:\/\/andalubox.com\/fr\/wp-json\/wp\/v2\/media\/18255"}],"wp:attachment":[{"href":"https:\/\/andalubox.com\/fr\/wp-json\/wp\/v2\/media?parent=18327"}],"wp:term":[{"taxonomy":"product_brand","embeddable":true,"href":"https:\/\/andalubox.com\/fr\/wp-json\/wp\/v2\/product_brand?post=18327"},{"taxonomy":"product_cat","embeddable":true,"href":"https:\/\/andalubox.com\/fr\/wp-json\/wp\/v2\/product_cat?post=18327"},{"taxonomy":"product_tag","embeddable":true,"href":"https:\/\/andalubox.com\/fr\/wp-json\/wp\/v2\/product_tag?post=18327"}],"curies":[{"name":"wp","href":"https:\/\/api.w.org\/{rel}","templated":true}]}}