{"id":18313,"date":"2025-02-19T12:55:23","date_gmt":"2025-02-19T11:55:23","guid":{"rendered":"https:\/\/andalubox.com\/producto-andaluz\/novilunio-ribeiro-75-cl\/"},"modified":"2025-09-23T10:07:50","modified_gmt":"2025-09-23T08:07:50","slug":"novilunio-ribeiro-75-cl","status":"publish","type":"product","link":"https:\/\/andalubox.com\/fr\/producto-andaluz\/novilunio-ribeiro-75-cl\/","title":{"rendered":"Novilunio Vin Blanc 90% Treixadura D.O.P. Ribeiro 75cl"},"content":{"rendered":"<p data-start=\"29\" data-end=\"360\"><strong data-start=\"29\" data-end=\"61\">Novilunio Vin Blanc 90% Treixadura D.O.P. Ribeiro 75cl<\/strong><\/p>\n<p data-start=\"29\" data-end=\"360\"><strong data-start=\"29\" data-end=\"61\">Novilunio Treixadura Ribeiro<\/strong> est un vin blanc de l&#8217;<strong data-start=\"86\" data-end=\"120\">appellation d&#8217;origine Ribeiro<\/strong>, \u00e9labor\u00e9 \u00e0 partir de <strong data-start=\"136\" data-end=\"155\">100 % de Treixadura<\/strong>, l&#8217;une des vari\u00e9t\u00e9s les plus embl\u00e9matiques de Galice. Son nom, qui fait r\u00e9f\u00e9rence \u00e0 la &#8220;nouvelle lune&#8221;, \u00e9voque la fra\u00eecheur, le myst\u00e8re et l&#8217;\u00e9l\u00e9gance de ce vin, qui repr\u00e9sente l&#8217;essence du terroir galicien. <\/p>\n<p data-start=\"362\" data-end=\"756\"><strong data-start=\"369\" data-end=\"415\">De couleur jaune paille avec des reflets dor\u00e9s<\/strong>, ce Ribeiro se distingue par son <strong data-start=\"445\" data-end=\"469\">intensit\u00e9 aromatique<\/strong>, o\u00f9 pr\u00e9dominent des <strong data-start=\"492\" data-end=\"530\">notes de fruits blancs et d&#8217;agrumes<\/strong>, accompagn\u00e9es d&#8217;une subtile touche florale et de nuances min\u00e9rales. En bouche, il est <strong data-start=\"602\" data-end=\"635\">frais, \u00e9quilibr\u00e9 et onctueux<\/strong>, avec une acidit\u00e9 vibrante qui souligne son caract\u00e8re atlantique et une finale persistante avec des notes d&#8217;herbes aromatiques. <\/p>\n<p>Le Novilunio est un vin blanc qui exprime l&#8217;essence de l&#8217;<b>appellation d&#8217;origine Ribeiro<\/b>, l&#8217;une des plus anciennes r\u00e9gions viticoles de Galice. Ce vin, produit par <b>Vi\u00f1a de Neira<\/b>, se distingue par sa fra\u00eecheur, son caract\u00e8re vari\u00e9tal et la singularit\u00e9 du raisin Treixadura, le plus repr\u00e9sentatif de la r\u00e9gion. <\/p>\n<h4>Caract\u00e9ristiques principales<\/h4>\n<ul>\n\t<li>\n<p><b>Type de vin :<\/b> vin blanc.<\/p>\n<\/li>\n\t<li>\n<p><b>Appellation d&#8217;origine :<\/b> D.O.P. Ribeiro.<\/p>\n<\/li>\n\t<li>\n<p><b>Raisin :<\/b> 90% <b>Treixadura<\/b>. Le reste du coupage peut varier, mais comprend g\u00e9n\u00e9ralement des raisins compl\u00e9mentaires comme le Godello, le Loureira ou l&#8217;Albari\u00f1o, qui ajoutent de la complexit\u00e9 et de la structure. <\/p>\n<\/li>\n\t<li>\n<p><b>Vinification :<\/b> Les raisins sont r\u00e9colt\u00e9s \u00e0 la main. Le vin est ferment\u00e9 \u00e0 temp\u00e9rature contr\u00f4l\u00e9e dans des cuves en acier inoxydable afin de pr\u00e9server les ar\u00f4mes primaires du raisin. Il n&#8217;est pas \u00e9lev\u00e9 dans le bois, ce qui permet \u00e0 l&#8217;expression du fruit d&#8217;\u00eatre le protagoniste.  <\/p>\n<\/li>\n\t<li>\n<p><b>Taux d&#8217;alcool :<\/b> 12-13% Vol.<\/p>\n<\/li>\n\t<li>\n<p><b>Couleur :<\/b> jaune paille p\u00e2le, brillant avec des reflets verd\u00e2tres.<\/p>\n<\/li>\n<\/ul>\n<h4>Notes de d\u00e9gustation<\/h4>\n<ul>\n\t<li>\n<p><b>Nez (Aroma) :<\/b> Un vin tr\u00e8s aromatique et \u00e9l\u00e9gant. Les notes de fruits \u00e0 noyaux (abricot, p\u00eache) et de fruits blancs (pomme, poire) pr\u00e9dominent. On note \u00e9galement de subtiles notes d&#8217;agrumes, des touches florales et un fond min\u00e9ral.  <\/p>\n<\/li>\n\t<li>\n<p><b>Bouche (Go\u00fbt) :<\/b> Frais, \u00e9quilibr\u00e9 et avec une acidit\u00e9 tr\u00e8s bien int\u00e9gr\u00e9e. La bouche est soyeuse et onctueuse. La bouche reproduit les sensations du nez, avec une finale persistante et fruit\u00e9e et une touche saline qui invite \u00e0 poursuivre la d\u00e9gustation.  <\/p>\n<\/li>\n<\/ul>\n<h4>Couplage<\/h4>\n<p>Sa fra\u00eecheur et son acidit\u00e9 \u00e9quilibr\u00e9e font du Novilunio un vin tr\u00e8s polyvalent \u00e0 associer \u00e0 la cuisine galicienne et aux plats l\u00e9gers en g\u00e9n\u00e9ral :<\/p>\n<ul>\n\t<li>\n<p><b>Fruits de mer et poissons :<\/b> Id\u00e9al avec les crustac\u00e9s, les mollusques, le poisson blanc grill\u00e9 et le poulpe a feira.<\/p>\n<\/li>\n\t<li>\n<p><b>L\u00e9gumes :<\/b> L\u00e9gumes grill\u00e9s, salades et plats de riz.<\/p>\n<\/li>\n\t<li>\n<p><b>Cuisine asiatique :<\/b> Sushi, sashimi et autres plats japonais.<\/p>\n<\/li>\n\t<li>\n<p><b>Amuse-gueule :<\/b> Il s&#8217;agit d&#8217;un amuse-gueule parfait en soi.<\/p>\n<\/li>\n<\/ul>\n<h4>Temp\u00e9rature de service<\/h4>\n<p>Il est recommand\u00e9 de le servir frais, entre <b>8\u00b0C et 10\u00b0C<\/b>, pour renforcer sa fra\u00eecheur et sa complexit\u00e9 aromatique.<\/p>","protected":false},"excerpt":{"rendered":"<p><strong data-start=\"1264\" data-end=\"1296\">Novilunio Treixadura Ribeiro<\/strong> est un vin blanc 100% Treixadura de l&#8217;<strong data-start=\"1332\" data-end=\"1348\">AOC Ribeiro<\/strong>, avec des <strong data-start=\"1354\" data-end=\"1409\">notes de fruits blancs, d&#8217;agrumes et une touche florale<\/strong>.<\/p>\n","protected":false},"featured_media":18229,"template":"","meta":{"site-sidebar-layout":"default","site-content-layout":"","ast-site-content-layout":"default","site-content-style":"default","site-sidebar-style":"default","ast-global-header-display":"","ast-banner-title-visibility":"","ast-main-header-display":"","ast-hfb-above-header-display":"","ast-hfb-below-header-display":"","ast-hfb-mobile-header-display":"","site-post-title":"","ast-breadcrumbs-content":"","ast-featured-img":"","footer-sml-layout":"","ast-disable-related-posts":"","theme-transparent-header-meta":"default","adv-header-id-meta":"","stick-header-meta":"","header-above-stick-meta":"","header-main-stick-meta":"","header-below-stick-meta":"","astra-migrate-meta-layouts":"default","ast-page-background-enabled":"default","ast-page-background-meta":{"desktop":{"background-color":"var(--ast-global-color-4)","background-image":"","background-repeat":"repeat","background-position":"center center","background-size":"auto","background-attachment":"scroll","background-type":"","background-media":"","overlay-type":"","overlay-color":"","overlay-opacity":"","overlay-gradient":""},"tablet":{"background-color":"","background-image":"","background-repeat":"repeat","background-position":"center center","background-size":"auto","background-attachment":"scroll","background-type":"","background-media":"","overlay-type":"","overlay-color":"","overlay-opacity":"","overlay-gradient":""},"mobile":{"background-color":"","background-image":"","background-repeat":"repeat","background-position":"center center","background-size":"auto","background-attachment":"scroll","background-type":"","background-media":"","overlay-type":"","overlay-color":"","overlay-opacity":"","overlay-gradient":""}},"ast-content-background-meta":{"desktop":{"background-color":"var(--ast-global-color-5)","background-image":"","background-repeat":"repeat","background-position":"center center","background-size":"auto","background-attachment":"scroll","background-type":"","background-media":"","overlay-type":"","overlay-color":"","overlay-opacity":"","overlay-gradient":""},"tablet":{"background-color":"var(--ast-global-color-5)","background-image":"","background-repeat":"repeat","background-position":"center center","background-size":"auto","background-attachment":"scroll","background-type":"","background-media":"","overlay-type":"","overlay-color":"","overlay-opacity":"","overlay-gradient":""},"mobile":{"background-color":"var(--ast-global-color-5)","background-image":"","background-repeat":"repeat","background-position":"center center","background-size":"auto","background-attachment":"scroll","background-type":"","background-media":"","overlay-type":"","overlay-color":"","overlay-opacity":"","overlay-gradient":""}}},"product_brand":[1355],"product_cat":[292],"product_tag":[],"class_list":{"0":"post-18313","1":"product","2":"type-product","3":"status-publish","4":"has-post-thumbnail","6":"product_brand-bodegas-roandi","7":"product_cat-vin-blanc","8":"desktop-align-left","9":"tablet-align-left","10":"mobile-align-left","12":"first","13":"instock","14":"taxable","15":"shipping-taxable","16":"purchasable","17":"product-type-simple"},"_links":{"self":[{"href":"https:\/\/andalubox.com\/fr\/wp-json\/wp\/v2\/product\/18313","targetHints":{"allow":["GET"]}}],"collection":[{"href":"https:\/\/andalubox.com\/fr\/wp-json\/wp\/v2\/product"}],"about":[{"href":"https:\/\/andalubox.com\/fr\/wp-json\/wp\/v2\/types\/product"}],"wp:featuredmedia":[{"embeddable":true,"href":"https:\/\/andalubox.com\/fr\/wp-json\/wp\/v2\/media\/18229"}],"wp:attachment":[{"href":"https:\/\/andalubox.com\/fr\/wp-json\/wp\/v2\/media?parent=18313"}],"wp:term":[{"taxonomy":"product_brand","embeddable":true,"href":"https:\/\/andalubox.com\/fr\/wp-json\/wp\/v2\/product_brand?post=18313"},{"taxonomy":"product_cat","embeddable":true,"href":"https:\/\/andalubox.com\/fr\/wp-json\/wp\/v2\/product_cat?post=18313"},{"taxonomy":"product_tag","embeddable":true,"href":"https:\/\/andalubox.com\/fr\/wp-json\/wp\/v2\/product_tag?post=18313"}],"curies":[{"name":"wp","href":"https:\/\/api.w.org\/{rel}","templated":true}]}}