{"id":18308,"date":"2025-02-19T12:52:32","date_gmt":"2025-02-19T11:52:32","guid":{"rendered":"https:\/\/andalubox.com\/producto-andaluz\/lesplanade-olive-farcie-a-lorange-lt-150-g\/"},"modified":"2025-08-02T20:13:59","modified_gmt":"2025-08-02T18:13:59","slug":"lesplanade-olive-farcie-a-lorange-lt-150-g","status":"publish","type":"product","link":"https:\/\/andalubox.com\/fr\/producto-andaluz\/lesplanade-olive-farcie-a-lorange-lt-150-g\/","title":{"rendered":"La Explanada Olives espagnoles farcies \u00e0 l&#8217;orange, 150 g"},"content":{"rendered":"<p data-start=\"29\" data-end=\"377\">La Explanada Olives espagnoles farcies \u00e0 l&#8217;orange, 150 g<br>Les olives espagnoles <strong data-start=\"33\" data-end=\"66\">farcies \u00e0 l&#8217;orange<\/strong> <strong data-start=\"70\" data-end=\"94\">La Explanada Gourmet<\/strong> sont une fusion innovante de saveurs qui associe l&#8217;intensit\u00e9 saline de l&#8217;olive verte \u00e0 la fra\u00eecheur des agrumes de l&#8217;orange. Une combinaison surprenante qui offre un <strong data-start=\"268\" data-end=\"330\">\u00e9quilibre parfait entre la douceur, l&#8217;acidit\u00e9 et une touche saline<\/strong>, cr\u00e9ant ainsi une exp\u00e9rience gastronomique unique. <\/p>\n<p data-start=\"379\" data-end=\"695\">Chaque olive a \u00e9t\u00e9 soigneusement s\u00e9lectionn\u00e9e pour garantir une texture ferme et charnue, tandis que la garniture \u00e0 l&#8217;orange apporte une touche de fra\u00eecheur et un ar\u00f4me incomparable. Leur profil de saveurs en fait un hors-d&#8217;\u0153uvre sophistiqu\u00e9 et diff\u00e9rent, id\u00e9al pour ceux qui recherchent quelque chose de sp\u00e9cial \u00e0 table. <\/p>","protected":false},"excerpt":{"rendered":"<p>La Explanada Olives espagnoles farcies \u00e0 l&#8217;orange, 150 g livr\u00e9es dans toute l&#8217;Europe.<\/p>\n","protected":false},"featured_media":18215,"comment_status":"open","ping_status":"closed","template":"","meta":{"site-sidebar-layout":"default","site-content-layout":"","ast-site-content-layout":"default","site-content-style":"default","site-sidebar-style":"default","ast-global-header-display":"","ast-banner-title-visibility":"","ast-main-header-display":"","ast-hfb-above-header-display":"","ast-hfb-below-header-display":"","ast-hfb-mobile-header-display":"","site-post-title":"","ast-breadcrumbs-content":"","ast-featured-img":"","footer-sml-layout":"","ast-disable-related-posts":"","theme-transparent-header-meta":"default","adv-header-id-meta":"","stick-header-meta":"","header-above-stick-meta":"","header-main-stick-meta":"","header-below-stick-meta":"","astra-migrate-meta-layouts":"default","ast-page-background-enabled":"default","ast-page-background-meta":{"desktop":{"background-color":"var(--ast-global-color-4)","background-image":"","background-repeat":"repeat","background-position":"center center","background-size":"auto","background-attachment":"scroll","background-type":"","background-media":"","overlay-type":"","overlay-color":"","overlay-opacity":"","overlay-gradient":""},"tablet":{"background-color":"","background-image":"","background-repeat":"repeat","background-position":"center center","background-size":"auto","background-attachment":"scroll","background-type":"","background-media":"","overlay-type":"","overlay-color":"","overlay-opacity":"","overlay-gradient":""},"mobile":{"background-color":"","background-image":"","background-repeat":"repeat","background-position":"center center","background-size":"auto","background-attachment":"scroll","background-type":"","background-media":"","overlay-type":"","overlay-color":"","overlay-opacity":"","overlay-gradient":""}},"ast-content-background-meta":{"desktop":{"background-color":"var(--ast-global-color-5)","background-image":"","background-repeat":"repeat","background-position":"center center","background-size":"auto","background-attachment":"scroll","background-type":"","background-media":"","overlay-type":"","overlay-color":"","overlay-opacity":"","overlay-gradient":""},"tablet":{"background-color":"var(--ast-global-color-5)","background-image":"","background-repeat":"repeat","background-position":"center center","background-size":"auto","background-attachment":"scroll","background-type":"","background-media":"","overlay-type":"","overlay-color":"","overlay-opacity":"","overlay-gradient":""},"mobile":{"background-color":"var(--ast-global-color-5)","background-image":"","background-repeat":"repeat","background-position":"center center","background-size":"auto","background-attachment":"scroll","background-type":"","background-media":"","overlay-type":"","overlay-color":"","overlay-opacity":"","overlay-gradient":""}}},"product_brand":[1348],"product_cat":[1528,15],"product_tag":[],"class_list":{"0":"post-18308","1":"product","2":"type-product","3":"status-publish","4":"has-post-thumbnail","6":"product_brand-la-explanada","7":"product_cat-aceitunas-y-aperitivos-vegetales","8":"product_cat-sin-categorizar","9":"desktop-align-left","10":"tablet-align-left","11":"mobile-align-left","13":"first","14":"instock","15":"taxable","16":"shipping-taxable","17":"purchasable","18":"product-type-simple"},"_links":{"self":[{"href":"https:\/\/andalubox.com\/fr\/wp-json\/wp\/v2\/product\/18308","targetHints":{"allow":["GET"]}}],"collection":[{"href":"https:\/\/andalubox.com\/fr\/wp-json\/wp\/v2\/product"}],"about":[{"href":"https:\/\/andalubox.com\/fr\/wp-json\/wp\/v2\/types\/product"}],"replies":[{"embeddable":true,"href":"https:\/\/andalubox.com\/fr\/wp-json\/wp\/v2\/comments?post=18308"}],"wp:featuredmedia":[{"embeddable":true,"href":"https:\/\/andalubox.com\/fr\/wp-json\/wp\/v2\/media\/18215"}],"wp:attachment":[{"href":"https:\/\/andalubox.com\/fr\/wp-json\/wp\/v2\/media?parent=18308"}],"wp:term":[{"taxonomy":"product_brand","embeddable":true,"href":"https:\/\/andalubox.com\/fr\/wp-json\/wp\/v2\/product_brand?post=18308"},{"taxonomy":"product_cat","embeddable":true,"href":"https:\/\/andalubox.com\/fr\/wp-json\/wp\/v2\/product_cat?post=18308"},{"taxonomy":"product_tag","embeddable":true,"href":"https:\/\/andalubox.com\/fr\/wp-json\/wp\/v2\/product_tag?post=18308"}],"curies":[{"name":"wp","href":"https:\/\/api.w.org\/{rel}","templated":true}]}}