{"id":18301,"date":"2025-02-19T12:49:11","date_gmt":"2025-02-19T11:49:11","guid":{"rendered":"https:\/\/andalubox.com\/producto-andaluz\/la-explanada-olives-farcies-au-fromage-bleu-lt-150-gr\/"},"modified":"2025-08-02T20:14:41","modified_gmt":"2025-08-02T18:14:41","slug":"la-explanada-olives-farcies-au-fromage-bleu-lt-150-gr","status":"publish","type":"product","link":"https:\/\/andalubox.com\/fr\/producto-andaluz\/la-explanada-olives-farcies-au-fromage-bleu-lt-150-gr\/","title":{"rendered":"La Explanada Olives espagnoles farcies au fromage bleu, 150g"},"content":{"rendered":"<p data-start=\"29\" data-end=\"254\">La Explanada Olives espagnoles farcies au fromage bleu, 150g.<\/p>\n<p data-start=\"29\" data-end=\"254\">Les <strong data-start=\"33\" data-end=\"69\">olives farcies au fromage bleu de<\/strong> <strong data-start=\"73\" data-end=\"97\">La Explanada Gourmet<\/strong> associent la douceur et la chair des olives vertes \u00e0 l&#8217;intensit\u00e9 et au caract\u00e8re du fromage bleu, cr\u00e9ant ainsi un en-cas sophistiqu\u00e9 et savoureux.<\/p>\n<p data-start=\"256\" data-end=\"581\">S\u00e9lectionn\u00e9es avec soin, ces olives ont une <strong data-start=\"316\" data-end=\"354\">texture ferme et une garniture cr\u00e9meuse<\/strong>, le fromage bleu apportant sa touche sal\u00e9e et umami incomparable. L&#8217;\u00e9quilibre entre <strong data-start=\"442\" data-end=\"501\">la l\u00e9g\u00e8re acidit\u00e9 des olives et la puissance du fromage<\/strong> en fait une entr\u00e9e id\u00e9ale pour les amateurs de saveurs intenses. <\/p>","protected":false},"excerpt":{"rendered":"<p>La Explanada Olives espagnoles farcies au fromage bleu, 150g pour l&#8217;exportation vers l&#8217;Europe.<\/p>\n","protected":false},"featured_media":18201,"comment_status":"open","ping_status":"closed","template":"","meta":{"site-sidebar-layout":"default","site-content-layout":"","ast-site-content-layout":"default","site-content-style":"default","site-sidebar-style":"default","ast-global-header-display":"","ast-banner-title-visibility":"","ast-main-header-display":"","ast-hfb-above-header-display":"","ast-hfb-below-header-display":"","ast-hfb-mobile-header-display":"","site-post-title":"","ast-breadcrumbs-content":"","ast-featured-img":"","footer-sml-layout":"","ast-disable-related-posts":"","theme-transparent-header-meta":"default","adv-header-id-meta":"","stick-header-meta":"","header-above-stick-meta":"","header-main-stick-meta":"","header-below-stick-meta":"","astra-migrate-meta-layouts":"default","ast-page-background-enabled":"default","ast-page-background-meta":{"desktop":{"background-color":"var(--ast-global-color-4)","background-image":"","background-repeat":"repeat","background-position":"center center","background-size":"auto","background-attachment":"scroll","background-type":"","background-media":"","overlay-type":"","overlay-color":"","overlay-opacity":"","overlay-gradient":""},"tablet":{"background-color":"","background-image":"","background-repeat":"repeat","background-position":"center center","background-size":"auto","background-attachment":"scroll","background-type":"","background-media":"","overlay-type":"","overlay-color":"","overlay-opacity":"","overlay-gradient":""},"mobile":{"background-color":"","background-image":"","background-repeat":"repeat","background-position":"center center","background-size":"auto","background-attachment":"scroll","background-type":"","background-media":"","overlay-type":"","overlay-color":"","overlay-opacity":"","overlay-gradient":""}},"ast-content-background-meta":{"desktop":{"background-color":"var(--ast-global-color-5)","background-image":"","background-repeat":"repeat","background-position":"center center","background-size":"auto","background-attachment":"scroll","background-type":"","background-media":"","overlay-type":"","overlay-color":"","overlay-opacity":"","overlay-gradient":""},"tablet":{"background-color":"var(--ast-global-color-5)","background-image":"","background-repeat":"repeat","background-position":"center center","background-size":"auto","background-attachment":"scroll","background-type":"","background-media":"","overlay-type":"","overlay-color":"","overlay-opacity":"","overlay-gradient":""},"mobile":{"background-color":"var(--ast-global-color-5)","background-image":"","background-repeat":"repeat","background-position":"center center","background-size":"auto","background-attachment":"scroll","background-type":"","background-media":"","overlay-type":"","overlay-color":"","overlay-opacity":"","overlay-gradient":""}}},"product_brand":[],"product_cat":[1597],"product_tag":[],"class_list":{"0":"post-18301","1":"product","2":"type-product","3":"status-publish","4":"has-post-thumbnail","6":"product_cat-aceitunas-y-aperitivos-vegetales-fr","7":"desktop-align-left","8":"tablet-align-left","9":"mobile-align-left","11":"first","12":"outofstock","13":"taxable","14":"shipping-taxable","15":"purchasable","16":"product-type-simple"},"_links":{"self":[{"href":"https:\/\/andalubox.com\/fr\/wp-json\/wp\/v2\/product\/18301","targetHints":{"allow":["GET"]}}],"collection":[{"href":"https:\/\/andalubox.com\/fr\/wp-json\/wp\/v2\/product"}],"about":[{"href":"https:\/\/andalubox.com\/fr\/wp-json\/wp\/v2\/types\/product"}],"replies":[{"embeddable":true,"href":"https:\/\/andalubox.com\/fr\/wp-json\/wp\/v2\/comments?post=18301"}],"wp:featuredmedia":[{"embeddable":true,"href":"https:\/\/andalubox.com\/fr\/wp-json\/wp\/v2\/media\/18201"}],"wp:attachment":[{"href":"https:\/\/andalubox.com\/fr\/wp-json\/wp\/v2\/media?parent=18301"}],"wp:term":[{"taxonomy":"product_brand","embeddable":true,"href":"https:\/\/andalubox.com\/fr\/wp-json\/wp\/v2\/product_brand?post=18301"},{"taxonomy":"product_cat","embeddable":true,"href":"https:\/\/andalubox.com\/fr\/wp-json\/wp\/v2\/product_cat?post=18301"},{"taxonomy":"product_tag","embeddable":true,"href":"https:\/\/andalubox.com\/fr\/wp-json\/wp\/v2\/product_tag?post=18301"}],"curies":[{"name":"wp","href":"https:\/\/api.w.org\/{rel}","templated":true}]}}