{"id":18299,"date":"2025-02-19T12:42:12","date_gmt":"2025-02-19T11:42:12","guid":{"rendered":"https:\/\/andalubox.com\/producto-andaluz\/la-explanada-olives-farcies-a-la-truffe-lt-150-g\/"},"modified":"2025-08-02T20:16:53","modified_gmt":"2025-08-02T18:16:53","slug":"la-explanada-olives-farcies-a-la-truffe-lt-150-g","status":"publish","type":"product","link":"https:\/\/andalubox.com\/fr\/producto-andaluz\/la-explanada-olives-farcies-a-la-truffe-lt-150-g\/","title":{"rendered":"La Explanada Olives espagnoles farcies \u00e0 la truffe, 150g"},"content":{"rendered":"<p data-start=\"29\" data-end=\"437\">La Explanada Olives espagnoles farcies \u00e0 la truffe, 150g.<\/p>\n<p data-start=\"29\" data-end=\"437\">Les <strong data-start=\"33\" data-end=\"64\">olives farcies \u00e0 la truffe<\/strong> <strong data-start=\"68\" data-end=\"92\">de La Explanada Gourmet<\/strong> sont un produit exclusif qui allie la tradition de l&#8217;olive au raffinement de la truffe, cr\u00e9ant ainsi un en-cas sophistiqu\u00e9 et plein de saveur. Ces olives vertes de grande qualit\u00e9 ont \u00e9t\u00e9 soigneusement s\u00e9lectionn\u00e9es et farcies d&#8217;une p\u00e2te de truffe onctueuse et d\u00e9licieuse, qui leur conf\u00e8re un <strong data-start=\"389\" data-end=\"434\">ar\u00f4me intense et une saveur unique et \u00e9l\u00e9gante<\/strong>. <\/p>\n<p data-start=\"439\" data-end=\"761\">De texture ferme et charnue, ces olives se distinguent par leur parfait \u00e9quilibre entre la <strong data-start=\"528\" data-end=\"567\">douceur et la salinit\u00e9 de l&#8217;olive<\/strong> et l&#8217;intensit\u00e9 aromatique de la <strong data-start=\"600\" data-end=\"615\">truffe noire<\/strong>, ingr\u00e9dient tr\u00e8s appr\u00e9ci\u00e9 de la haute cuisine. Leur touche d&#8217;umami en fait un choix id\u00e9al pour les amateurs de saveurs gourmandes. <\/p>","protected":false},"excerpt":{"rendered":"<p>La Explanada Olives espagnoles farcies \u00e0 la truffe, 150g pour l&#8217;exportation vers l&#8217;Europe.<\/p>\n","protected":false},"featured_media":18189,"comment_status":"open","ping_status":"closed","template":"","meta":{"site-sidebar-layout":"default","site-content-layout":"","ast-site-content-layout":"default","site-content-style":"default","site-sidebar-style":"default","ast-global-header-display":"","ast-banner-title-visibility":"","ast-main-header-display":"","ast-hfb-above-header-display":"","ast-hfb-below-header-display":"","ast-hfb-mobile-header-display":"","site-post-title":"","ast-breadcrumbs-content":"","ast-featured-img":"","footer-sml-layout":"","ast-disable-related-posts":"","theme-transparent-header-meta":"default","adv-header-id-meta":"","stick-header-meta":"","header-above-stick-meta":"","header-main-stick-meta":"","header-below-stick-meta":"","astra-migrate-meta-layouts":"default","ast-page-background-enabled":"default","ast-page-background-meta":{"desktop":{"background-color":"var(--ast-global-color-4)","background-image":"","background-repeat":"repeat","background-position":"center center","background-size":"auto","background-attachment":"scroll","background-type":"","background-media":"","overlay-type":"","overlay-color":"","overlay-opacity":"","overlay-gradient":""},"tablet":{"background-color":"","background-image":"","background-repeat":"repeat","background-position":"center center","background-size":"auto","background-attachment":"scroll","background-type":"","background-media":"","overlay-type":"","overlay-color":"","overlay-opacity":"","overlay-gradient":""},"mobile":{"background-color":"","background-image":"","background-repeat":"repeat","background-position":"center center","background-size":"auto","background-attachment":"scroll","background-type":"","background-media":"","overlay-type":"","overlay-color":"","overlay-opacity":"","overlay-gradient":""}},"ast-content-background-meta":{"desktop":{"background-color":"var(--ast-global-color-5)","background-image":"","background-repeat":"repeat","background-position":"center center","background-size":"auto","background-attachment":"scroll","background-type":"","background-media":"","overlay-type":"","overlay-color":"","overlay-opacity":"","overlay-gradient":""},"tablet":{"background-color":"var(--ast-global-color-5)","background-image":"","background-repeat":"repeat","background-position":"center center","background-size":"auto","background-attachment":"scroll","background-type":"","background-media":"","overlay-type":"","overlay-color":"","overlay-opacity":"","overlay-gradient":""},"mobile":{"background-color":"var(--ast-global-color-5)","background-image":"","background-repeat":"repeat","background-position":"center center","background-size":"auto","background-attachment":"scroll","background-type":"","background-media":"","overlay-type":"","overlay-color":"","overlay-opacity":"","overlay-gradient":""}}},"product_brand":[1348],"product_cat":[15],"product_tag":[],"class_list":{"0":"post-18299","1":"product","2":"type-product","3":"status-publish","4":"has-post-thumbnail","6":"product_brand-la-explanada","7":"product_cat-sin-categorizar","8":"desktop-align-left","9":"tablet-align-left","10":"mobile-align-left","12":"first","13":"outofstock","14":"taxable","15":"shipping-taxable","16":"purchasable","17":"product-type-simple"},"_links":{"self":[{"href":"https:\/\/andalubox.com\/fr\/wp-json\/wp\/v2\/product\/18299","targetHints":{"allow":["GET"]}}],"collection":[{"href":"https:\/\/andalubox.com\/fr\/wp-json\/wp\/v2\/product"}],"about":[{"href":"https:\/\/andalubox.com\/fr\/wp-json\/wp\/v2\/types\/product"}],"replies":[{"embeddable":true,"href":"https:\/\/andalubox.com\/fr\/wp-json\/wp\/v2\/comments?post=18299"}],"wp:featuredmedia":[{"embeddable":true,"href":"https:\/\/andalubox.com\/fr\/wp-json\/wp\/v2\/media\/18189"}],"wp:attachment":[{"href":"https:\/\/andalubox.com\/fr\/wp-json\/wp\/v2\/media?parent=18299"}],"wp:term":[{"taxonomy":"product_brand","embeddable":true,"href":"https:\/\/andalubox.com\/fr\/wp-json\/wp\/v2\/product_brand?post=18299"},{"taxonomy":"product_cat","embeddable":true,"href":"https:\/\/andalubox.com\/fr\/wp-json\/wp\/v2\/product_cat?post=18299"},{"taxonomy":"product_tag","embeddable":true,"href":"https:\/\/andalubox.com\/fr\/wp-json\/wp\/v2\/product_tag?post=18299"}],"curies":[{"name":"wp","href":"https:\/\/api.w.org\/{rel}","templated":true}]}}