{"id":18298,"date":"2025-02-19T12:31:29","date_gmt":"2025-02-19T11:31:29","guid":{"rendered":"https:\/\/andalubox.com\/producto-andaluz\/atlantida-100-tintilla-de-rota-vin-rouge-de-cadix-75-cl\/"},"modified":"2025-09-23T10:08:43","modified_gmt":"2025-09-23T08:08:43","slug":"atlantida-100-tintilla-de-rota-vin-rouge-de-cadix-75-cl","status":"publish","type":"product","link":"https:\/\/andalubox.com\/fr\/producto-andaluz\/atlantida-100-tintilla-de-rota-vin-rouge-de-cadix-75-cl\/","title":{"rendered":"Atl\u00e1ntida 100% Tintilla Vin rouge de Rota, Cadix 75cl"},"content":{"rendered":"<p data-start=\"29\" data-end=\"439\"><strong data-start=\"29\" data-end=\"47\">Atl\u00e1ntida 100% Tintilla Vin rouge de Rota, Cadix 75cl<\/strong><\/p>\n<p data-start=\"29\" data-end=\"439\"><strong data-start=\"29\" data-end=\"47\">Atl\u00e1ntida 2020<\/strong> est un vin rouge de <strong data-start=\"68\" data-end=\"98\">Vino de la Tierra de C\u00e1diz<\/strong>, \u00e9labor\u00e9 \u00e0 partir de <strong data-start=\"114\" data-end=\"139\">100 % de Tintilla de Rota<\/strong>, un raisin andalou indig\u00e8ne qui a \u00e9t\u00e9 sauv\u00e9 et r\u00e9interpr\u00e9t\u00e9 pour montrer tout son potentiel. \u00c9labor\u00e9 par la <strong data-start=\"253\" data-end=\"288\">Compa\u00f1\u00eda de Vinos del Atl\u00e1ntico<\/strong>, ce vin refl\u00e8te l&#8217;identit\u00e9 du terroir de Cadix, influenc\u00e9 par la brise atlantique et les sols calcaires qui lui conf\u00e8rent fra\u00eecheur et min\u00e9ralit\u00e9. <\/p>\n<p data-start=\"441\" data-end=\"817\">\u00c9lev\u00e9 avec une vinification m\u00e9ticuleuse et une fermentation naturelle, l&#8217;<strong data-start=\"504\" data-end=\"522\">Atl\u00e1ntida 2020<\/strong> a une <strong data-start=\"535\" data-end=\"563\">couleur rouge rubis profonde<\/strong>. Au nez, il pr\u00e9sente des notes <strong data-start=\"585\" data-end=\"663\">de fruits rouges m\u00fbrs, d&#8217;\u00e9pices douces, de r\u00e9glisse et de min\u00e9raux<\/strong>, ainsi que des nuances balsamiques qui \u00e9voquent son vieillissement. En bouche, il est <strong data-start=\"729\" data-end=\"814\">\u00e9quilibr\u00e9, avec une acidit\u00e9 vibrante, des tanins polis et une finale longue et \u00e9l\u00e9gante<\/strong>.  <\/p>\n<div id=\"chat-history\" class=\"chat-history-scroll-container\">\n<div id=\"9b3fb5b9e20274ba\" class=\"conversation-container message-actions-hover-boundary ng-star-inserted\">\n<div class=\"response-container ng-tns-c2903524867-79 response-container-with-gpi ng-star-inserted response-container-has-multiple-responses\">\n<div class=\"presented-response-container ng-tns-c2903524867-79\">\n<div class=\"response-container-content ng-tns-c2903524867-79\">\n<div class=\"response-content ng-tns-c2903524867-79\">\n<div id=\"model-response-message-contentr_9b3fb5b9e20274ba\" class=\"markdown markdown-main-panel enable-updated-hr-color\" dir=\"ltr\">\n<p>Le vin rouge Atl\u00e1ntida est une expression unique de la viticulture de Cadix, \u00e9labor\u00e9e par la <b>Compa\u00f1\u00eda de Vinos del Atl\u00e1ntico<\/b> avec le c\u00e9page autochtone et presque disparu <b>Tintilla de Rota<\/b>. Ce vin se distingue par sa singularit\u00e9 et son caract\u00e8re atlantique, qui provient de vignobles plant\u00e9s sur des sols d&#8217;albariza, tr\u00e8s proches de la mer, dans le Pago de Balba\u00edna. <\/p>\n<h4>Caract\u00e9ristiques principales<\/h4>\n<ul>\n\t<li>\n<p><b>Type de vin :<\/b> vin rouge Crianza.<\/p>\n<\/li>\n\t<li>\n<p><b>Appellation d&#8217;origine :<\/b> V.T. (Vino de la Tierra) de C\u00e1diz.<\/p>\n<\/li>\n\t<li>\n<p><b>Raisin :<\/b> 100% Tintilla de Rota.<\/p>\n<\/li>\n\t<li>\n<p><b>Vinification :<\/b> Les vendanges sont effectu\u00e9es \u00e0 la main et de nuit pour pr\u00e9server la fra\u00eecheur des raisins. La fermentation est effectu\u00e9e dans des cuves en ch\u00eane, avec un pourcentage de raisins \u00e9grapp\u00e9s, ce qui lui conf\u00e8re un caract\u00e8re particulier. <\/p>\n<\/li>\n\t<li>\n<p><b>\u00c9levage :<\/b> le vin est \u00e9lev\u00e9 en f\u00fbts de ch\u00eane fran\u00e7ais (souvent de diff\u00e9rentes capacit\u00e9s) pendant une longue p\u00e9riode, qui peut aller de 16 \u00e0 28 mois selon le mill\u00e9sime. Cet \u00e9levage lui conf\u00e8re complexit\u00e9, structure et une bonne int\u00e9gration du bois. <\/p>\n<\/li>\n\t<li>\n<p><b>Couleur :<\/b> rouge rubis intense ou cerise fonc\u00e9e, avec des reflets violac\u00e9s.<\/p>\n<\/li>\n<\/ul>\n<h4>Notes de d\u00e9gustation<\/h4>\n<ul>\n\t<li>\n<p><b>Nez (Aroma) :<\/b> Un vin tr\u00e8s aromatique et complexe. Les notes de fruits rouges et noirs m\u00fbrs pr\u00e9dominent (m\u00fbre, fraise, myrtille), avec des nuances \u00e9pic\u00e9es et florales (violette) et un fond min\u00e9ral et salin tr\u00e8s caract\u00e9ristique du terroir. <\/p>\n<\/li>\n\t<li>\n<p><b>Bouche (go\u00fbt) :<\/b> El\u00e9gant et structur\u00e9. Malgr\u00e9 sa corpulence, il est frais et vibrant. Les tanins sont soyeux et bien polis. En bouche, les ar\u00f4mes de fruits m\u00fbrs se m\u00ealent \u00e0 des notes de r\u00e9glisse, d&#8217;\u00e9pices douces et \u00e0 une finale longue et persistante avec un arri\u00e8re-go\u00fbt salin.   <\/p>\n<\/li>\n<\/ul>\n<h4>Couplage<\/h4>\n<p>Atl\u00e1ntida Tintilla de Rota est un vin polyvalent qui accompagne de nombreux plats, en particulier ceux aux saveurs intenses. Il est id\u00e9al pour : <\/p>\n<ul>\n\t<li>\n<p><b>Viandes :<\/b> Viandes rouges grill\u00e9es, agneau, cochon de lait et rago\u00fbts de gibier.<\/p>\n<\/li>\n\t<li>\n<p><b>Rago\u00fbts :<\/b> Des plats mijot\u00e9s copieux.<\/p>\n<\/li>\n\t<li>\n<p>Fromages <b>:<\/b> fromages affin\u00e9s et semi-affin\u00e9s.<\/p>\n<\/li>\n<\/ul>\n<h4>Temp\u00e9rature de service<\/h4>\n<p>Pour profiter pleinement de sa complexit\u00e9 et de son \u00e9l\u00e9gance, nous vous conseillons de le servir entre <b>16\u00b0C et 18\u00b0C<\/b>. Le vin peut \u00eatre caraf\u00e9 environ 30 minutes avant d&#8217;\u00eatre servi pour lui permettre de s&#8217;a\u00e9rer et de mieux exprimer ses ar\u00f4mes. <\/p>\n<\/div>\n<\/div>\n<\/div>\n<\/div>\n<\/div>\n<\/div>\n<\/div>","protected":false},"excerpt":{"rendered":"<p>L<strong data-start=\"1354\" data-end=\"1372\">&#8216;Atl\u00e1ntida 2020<\/strong> est un <strong data-start=\"1379\" data-end=\"1397\">vin rouge de Cadix<\/strong> \u00e9labor\u00e9 \u00e0 partir de <strong data-start=\"1412\" data-end=\"1437\">100% de Tintilla de Rota<\/strong>, avec <strong data-start=\"1443\" data-end=\"1461\">15% d&#8217;alcool<\/strong>. Il se distingue par ses <strong data-start=\"1479\" data-end=\"1533\">notes de fruits rouges, d&#8217;\u00e9pices et de touches min\u00e9rales<\/strong>, avec un palais \u00e9quilibr\u00e9 et des tanins soyeux. <\/p>\n","protected":false},"featured_media":18169,"comment_status":"open","ping_status":"closed","template":"","meta":{"site-sidebar-layout":"default","site-content-layout":"","ast-site-content-layout":"default","site-content-style":"default","site-sidebar-style":"default","ast-global-header-display":"","ast-banner-title-visibility":"","ast-main-header-display":"","ast-hfb-above-header-display":"","ast-hfb-below-header-display":"","ast-hfb-mobile-header-display":"","site-post-title":"","ast-breadcrumbs-content":"","ast-featured-img":"","footer-sml-layout":"","ast-disable-related-posts":"","theme-transparent-header-meta":"default","adv-header-id-meta":"","stick-header-meta":"","header-above-stick-meta":"","header-main-stick-meta":"","header-below-stick-meta":"","astra-migrate-meta-layouts":"default","ast-page-background-enabled":"default","ast-page-background-meta":{"desktop":{"background-color":"var(--ast-global-color-4)","background-image":"","background-repeat":"repeat","background-position":"center center","background-size":"auto","background-attachment":"scroll","background-type":"","background-media":"","overlay-type":"","overlay-color":"","overlay-opacity":"","overlay-gradient":""},"tablet":{"background-color":"","background-image":"","background-repeat":"repeat","background-position":"center center","background-size":"auto","background-attachment":"scroll","background-type":"","background-media":"","overlay-type":"","overlay-color":"","overlay-opacity":"","overlay-gradient":""},"mobile":{"background-color":"","background-image":"","background-repeat":"repeat","background-position":"center center","background-size":"auto","background-attachment":"scroll","background-type":"","background-media":"","overlay-type":"","overlay-color":"","overlay-opacity":"","overlay-gradient":""}},"ast-content-background-meta":{"desktop":{"background-color":"var(--ast-global-color-5)","background-image":"","background-repeat":"repeat","background-position":"center center","background-size":"auto","background-attachment":"scroll","background-type":"","background-media":"","overlay-type":"","overlay-color":"","overlay-opacity":"","overlay-gradient":""},"tablet":{"background-color":"var(--ast-global-color-5)","background-image":"","background-repeat":"repeat","background-position":"center center","background-size":"auto","background-attachment":"scroll","background-type":"","background-media":"","overlay-type":"","overlay-color":"","overlay-opacity":"","overlay-gradient":""},"mobile":{"background-color":"var(--ast-global-color-5)","background-image":"","background-repeat":"repeat","background-position":"center center","background-size":"auto","background-attachment":"scroll","background-type":"","background-media":"","overlay-type":"","overlay-color":"","overlay-opacity":"","overlay-gradient":""}}},"product_brand":[1291],"product_cat":[294],"product_tag":[],"class_list":{"0":"post-18298","1":"product","2":"type-product","3":"status-publish","4":"has-post-thumbnail","6":"product_brand-compania-de-vinos-del-atlantico","7":"product_cat-vin-rouge","8":"desktop-align-left","9":"tablet-align-left","10":"mobile-align-left","12":"first","13":"instock","14":"taxable","15":"shipping-taxable","16":"purchasable","17":"product-type-simple"},"_links":{"self":[{"href":"https:\/\/andalubox.com\/fr\/wp-json\/wp\/v2\/product\/18298","targetHints":{"allow":["GET"]}}],"collection":[{"href":"https:\/\/andalubox.com\/fr\/wp-json\/wp\/v2\/product"}],"about":[{"href":"https:\/\/andalubox.com\/fr\/wp-json\/wp\/v2\/types\/product"}],"replies":[{"embeddable":true,"href":"https:\/\/andalubox.com\/fr\/wp-json\/wp\/v2\/comments?post=18298"}],"wp:featuredmedia":[{"embeddable":true,"href":"https:\/\/andalubox.com\/fr\/wp-json\/wp\/v2\/media\/18169"}],"wp:attachment":[{"href":"https:\/\/andalubox.com\/fr\/wp-json\/wp\/v2\/media?parent=18298"}],"wp:term":[{"taxonomy":"product_brand","embeddable":true,"href":"https:\/\/andalubox.com\/fr\/wp-json\/wp\/v2\/product_brand?post=18298"},{"taxonomy":"product_cat","embeddable":true,"href":"https:\/\/andalubox.com\/fr\/wp-json\/wp\/v2\/product_cat?post=18298"},{"taxonomy":"product_tag","embeddable":true,"href":"https:\/\/andalubox.com\/fr\/wp-json\/wp\/v2\/product_tag?post=18298"}],"curies":[{"name":"wp","href":"https:\/\/api.w.org\/{rel}","templated":true}]}}