{"id":18290,"date":"2025-02-19T12:20:27","date_gmt":"2025-02-19T11:20:27","guid":{"rendered":"https:\/\/andalubox.com\/producto-andaluz\/botani-malaga-vin-rouge-75-cl\/"},"modified":"2025-09-05T23:01:14","modified_gmt":"2025-09-05T21:01:14","slug":"botani-malaga-vin-rouge-75-cl","status":"publish","type":"product","link":"https:\/\/andalubox.com\/fr\/producto-andaluz\/botani-malaga-vin-rouge-75-cl\/","title":{"rendered":"Botani Malaga vin rouge 75cl"},"content":{"rendered":"<p data-start=\"29\" data-end=\"421\">Vin rouge Botani de M\u00e1laga 75cl.<\/p>\n<p data-start=\"29\" data-end=\"421\">Le <strong data-start=\"29\" data-end=\"53\">Botani Garnacha 2022<\/strong> est un vin rouge de grand caract\u00e8re et de grande personnalit\u00e9, produit dans les <strong data-start=\"121\" data-end=\"142\">Sierras de M\u00e1laga<\/strong> par <strong data-start=\"147\" data-end=\"176\">Jorge Ord\u00f3\u00f1ez M\u00e1laga S.L.<\/strong>, sous la <strong data-start=\"186\" data-end=\"230\">d\u00e9nomination d&#8217;origine Sierras de M\u00e1laga<\/strong>. Ce vin est n\u00e9 dans des vignobles de montagne surplombant la M\u00e9diterran\u00e9e, o\u00f9 le climat sec et les sols pauvres conf\u00e8rent aux raisins une concentration exceptionnelle et un caract\u00e8re min\u00e9ral marqu\u00e9. <\/p>\n<p data-start=\"423\" data-end=\"937\">Compos\u00e9 \u00e0 <strong data-start=\"437\" data-end=\"454\">100% de Garnacha<\/strong>, le Botani Garnacha 2022 se distingue par son intensit\u00e9 aromatique et son \u00e9quilibre en bouche. Sa <strong data-start=\"550\" data-end=\"580\">robe<\/strong> est d&#8217;un <strong data-start=\"550\" data-end=\"580\">rouge cerise profond<\/strong>, avec des reflets violets qui t\u00e9moignent de sa jeunesse. Au nez, il pr\u00e9sente des <strong data-start=\"650\" data-end=\"710\">notes fum\u00e9es, \u00e9pic\u00e9es et de fruits rouges m\u00fbrs<\/strong>, avec de subtiles nuances de garrigue et un fond min\u00e9ral refl\u00e9tant le terroir. En bouche, il est <strong data-start=\"801\" data-end=\"849\">rond, frais, avec une acidit\u00e9 \u00e9quilibr\u00e9e<\/strong>, une structure \u00e9l\u00e9gante avec des tanins souples et une finale longue et persistante.   <\/p>","protected":false},"excerpt":{"rendered":"<p>Botani Red Wine from Malaga 75cl. Exp\u00e9dition vers TOUTE L&#8217;EUROPE. <\/p>\n","protected":false},"featured_media":31127,"template":"","meta":{"site-sidebar-layout":"default","site-content-layout":"","ast-site-content-layout":"default","site-content-style":"default","site-sidebar-style":"default","ast-global-header-display":"","ast-banner-title-visibility":"","ast-main-header-display":"","ast-hfb-above-header-display":"","ast-hfb-below-header-display":"","ast-hfb-mobile-header-display":"","site-post-title":"","ast-breadcrumbs-content":"","ast-featured-img":"","footer-sml-layout":"","ast-disable-related-posts":"","theme-transparent-header-meta":"default","adv-header-id-meta":"","stick-header-meta":"","header-above-stick-meta":"","header-main-stick-meta":"","header-below-stick-meta":"","astra-migrate-meta-layouts":"default","ast-page-background-enabled":"default","ast-page-background-meta":{"desktop":{"background-color":"var(--ast-global-color-4)","background-image":"","background-repeat":"repeat","background-position":"center center","background-size":"auto","background-attachment":"scroll","background-type":"","background-media":"","overlay-type":"","overlay-color":"","overlay-opacity":"","overlay-gradient":""},"tablet":{"background-color":"","background-image":"","background-repeat":"repeat","background-position":"center center","background-size":"auto","background-attachment":"scroll","background-type":"","background-media":"","overlay-type":"","overlay-color":"","overlay-opacity":"","overlay-gradient":""},"mobile":{"background-color":"","background-image":"","background-repeat":"repeat","background-position":"center center","background-size":"auto","background-attachment":"scroll","background-type":"","background-media":"","overlay-type":"","overlay-color":"","overlay-opacity":"","overlay-gradient":""}},"ast-content-background-meta":{"desktop":{"background-color":"var(--ast-global-color-5)","background-image":"","background-repeat":"repeat","background-position":"center center","background-size":"auto","background-attachment":"scroll","background-type":"","background-media":"","overlay-type":"","overlay-color":"","overlay-opacity":"","overlay-gradient":""},"tablet":{"background-color":"var(--ast-global-color-5)","background-image":"","background-repeat":"repeat","background-position":"center center","background-size":"auto","background-attachment":"scroll","background-type":"","background-media":"","overlay-type":"","overlay-color":"","overlay-opacity":"","overlay-gradient":""},"mobile":{"background-color":"var(--ast-global-color-5)","background-image":"","background-repeat":"repeat","background-position":"center center","background-size":"auto","background-attachment":"scroll","background-type":"","background-media":"","overlay-type":"","overlay-color":"","overlay-opacity":"","overlay-gradient":""}}},"product_brand":[1354],"product_cat":[294],"product_tag":[],"class_list":{"0":"post-18290","1":"product","2":"type-product","3":"status-publish","4":"has-post-thumbnail","6":"product_brand-jorge-ordonez","7":"product_cat-vin-rouge","8":"desktop-align-left","9":"tablet-align-left","10":"mobile-align-left","12":"first","13":"instock","14":"taxable","15":"shipping-taxable","16":"purchasable","17":"product-type-simple"},"_links":{"self":[{"href":"https:\/\/andalubox.com\/fr\/wp-json\/wp\/v2\/product\/18290","targetHints":{"allow":["GET"]}}],"collection":[{"href":"https:\/\/andalubox.com\/fr\/wp-json\/wp\/v2\/product"}],"about":[{"href":"https:\/\/andalubox.com\/fr\/wp-json\/wp\/v2\/types\/product"}],"wp:featuredmedia":[{"embeddable":true,"href":"https:\/\/andalubox.com\/fr\/wp-json\/wp\/v2\/media\/31127"}],"wp:attachment":[{"href":"https:\/\/andalubox.com\/fr\/wp-json\/wp\/v2\/media?parent=18290"}],"wp:term":[{"taxonomy":"product_brand","embeddable":true,"href":"https:\/\/andalubox.com\/fr\/wp-json\/wp\/v2\/product_brand?post=18290"},{"taxonomy":"product_cat","embeddable":true,"href":"https:\/\/andalubox.com\/fr\/wp-json\/wp\/v2\/product_cat?post=18290"},{"taxonomy":"product_tag","embeddable":true,"href":"https:\/\/andalubox.com\/fr\/wp-json\/wp\/v2\/product_tag?post=18290"}],"curies":[{"name":"wp","href":"https:\/\/api.w.org\/{rel}","templated":true}]}}