{"id":18097,"date":"2025-02-18T17:09:19","date_gmt":"2025-02-18T16:09:19","guid":{"rendered":"https:\/\/andalubox.com\/producto-andaluz\/lustau-amontillado-los-arcos-do-jerez-sherry-75-cl\/"},"modified":"2025-08-02T20:18:23","modified_gmt":"2025-08-02T18:18:23","slug":"lustau-amontillado-los-arcos-do-jerez-sherry-75-cl","status":"publish","type":"product","link":"https:\/\/andalubox.com\/fr\/producto-andaluz\/lustau-amontillado-los-arcos-do-jerez-sherry-75-cl\/","title":{"rendered":"Lustau Amontillado Los Arcos DO Jerez\/Sherry, 75 cl"},"content":{"rendered":"<p data-start=\"40\" data-end=\"475\">Lustau Amontillado Los Arcos DO Jerez\/Sherry, 75 cl<\/p>\n<p data-start=\"40\" data-end=\"475\">L&#8217;<strong data-start=\"43\" data-end=\"68\">Amontillado Los Arcos<\/strong> de <strong data-start=\"72\" data-end=\"90\">Bodegas Lustau<\/strong> est un vin fortifi\u00e9 sec \u00e9labor\u00e9 \u00e0 partir de raisins <strong data-start=\"136\" data-end=\"148\">Palomino<\/strong> et prot\u00e9g\u00e9 par l&#8217;<strong data-start=\"167\" data-end=\"212\">appellation d&#8217;origine Jerez-X\u00e9r\u00e8s-Sherry<\/strong>. Cet amontillado est vieilli dans la <strong data-start=\"246\" data-end=\"275\">Bodega Emperatriz Eugenia<\/strong> \u00e0 <strong data-start=\"279\" data-end=\"303\">Jerez de la Frontera<\/strong>, selon un processus de vieillissement qui combine des p\u00e9riodes sous la &#8220;flor&#8221; et l&#8217;exposition \u00e0 l&#8217;oxyg\u00e8ne, ce qui lui conf\u00e8re son caract\u00e8re distinctif. <\/p>\n<p data-start=\"477\" data-end=\"495\"><strong data-start=\"477\" data-end=\"495\">Notes de d\u00e9gustation :<\/strong><\/p>\n<ul data-start=\"496\" data-end=\"700\">\n\t<li data-start=\"496\" data-end=\"525\"><strong data-start=\"498\" data-end=\"508\">Couleur :<\/strong> ambre brillant.<\/li>\n\t<li data-start=\"526\" data-end=\"576\"><strong data-start=\"528\" data-end=\"538\">Ar\u00f4me :<\/strong> Ar\u00f4mes intenses de noisettes grill\u00e9es.<\/li>\n\t<li data-start=\"577\" data-end=\"700\"><strong data-start=\"579\" data-end=\"589\">Go\u00fbt :<\/strong> L\u00e9ger, doux et rond en bouche, avec une finale longue et persistante.<\/li>\n<\/ul>\n<p data-start=\"702\" data-end=\"999\"><strong data-start=\"702\" data-end=\"715\">Accords mets\/vins :<\/strong> Cet amontillado est polyvalent et se marie parfaitement avec les tapas, les fromages affin\u00e9s, les noix, les olives, les bouillons, les risottos aux champignons et les plats \u00e9pic\u00e9s de la cuisine indienne. Il est recommand\u00e9 de le servir entre 13 et 14\u00b0C pour appr\u00e9cier pleinement ses qualit\u00e9s. <\/p>","protected":false},"excerpt":{"rendered":"<p>Lustau Amontillado Los Arcos DO Jerez\/Sherry, 75 cl pour l&#8217;exportation vers l&#8217;Europe.<\/p>\n","protected":false},"featured_media":18090,"comment_status":"open","ping_status":"closed","template":"","meta":{"site-sidebar-layout":"default","site-content-layout":"","ast-site-content-layout":"default","site-content-style":"default","site-sidebar-style":"default","ast-global-header-display":"","ast-banner-title-visibility":"","ast-main-header-display":"","ast-hfb-above-header-display":"","ast-hfb-below-header-display":"","ast-hfb-mobile-header-display":"","site-post-title":"","ast-breadcrumbs-content":"","ast-featured-img":"","footer-sml-layout":"","ast-disable-related-posts":"","theme-transparent-header-meta":"default","adv-header-id-meta":"","stick-header-meta":"","header-above-stick-meta":"","header-main-stick-meta":"","header-below-stick-meta":"","astra-migrate-meta-layouts":"default","ast-page-background-enabled":"default","ast-page-background-meta":{"desktop":{"background-color":"var(--ast-global-color-4)","background-image":"","background-repeat":"repeat","background-position":"center center","background-size":"auto","background-attachment":"scroll","background-type":"","background-media":"","overlay-type":"","overlay-color":"","overlay-opacity":"","overlay-gradient":""},"tablet":{"background-color":"","background-image":"","background-repeat":"repeat","background-position":"center center","background-size":"auto","background-attachment":"scroll","background-type":"","background-media":"","overlay-type":"","overlay-color":"","overlay-opacity":"","overlay-gradient":""},"mobile":{"background-color":"","background-image":"","background-repeat":"repeat","background-position":"center center","background-size":"auto","background-attachment":"scroll","background-type":"","background-media":"","overlay-type":"","overlay-color":"","overlay-opacity":"","overlay-gradient":""}},"ast-content-background-meta":{"desktop":{"background-color":"var(--ast-global-color-5)","background-image":"","background-repeat":"repeat","background-position":"center center","background-size":"auto","background-attachment":"scroll","background-type":"","background-media":"","overlay-type":"","overlay-color":"","overlay-opacity":"","overlay-gradient":""},"tablet":{"background-color":"var(--ast-global-color-5)","background-image":"","background-repeat":"repeat","background-position":"center center","background-size":"auto","background-attachment":"scroll","background-type":"","background-media":"","overlay-type":"","overlay-color":"","overlay-opacity":"","overlay-gradient":""},"mobile":{"background-color":"var(--ast-global-color-5)","background-image":"","background-repeat":"repeat","background-position":"center center","background-size":"auto","background-attachment":"scroll","background-type":"","background-media":"","overlay-type":"","overlay-color":"","overlay-opacity":"","overlay-gradient":""}}},"product_brand":[],"product_cat":[1748],"product_tag":[],"class_list":{"0":"post-18097","1":"product","2":"type-product","3":"status-publish","4":"has-post-thumbnail","6":"product_cat-generosos-fr","7":"desktop-align-left","8":"tablet-align-left","9":"mobile-align-left","11":"first","12":"outofstock","13":"taxable","14":"shipping-taxable","15":"purchasable","16":"product-type-simple"},"_links":{"self":[{"href":"https:\/\/andalubox.com\/fr\/wp-json\/wp\/v2\/product\/18097","targetHints":{"allow":["GET"]}}],"collection":[{"href":"https:\/\/andalubox.com\/fr\/wp-json\/wp\/v2\/product"}],"about":[{"href":"https:\/\/andalubox.com\/fr\/wp-json\/wp\/v2\/types\/product"}],"replies":[{"embeddable":true,"href":"https:\/\/andalubox.com\/fr\/wp-json\/wp\/v2\/comments?post=18097"}],"wp:featuredmedia":[{"embeddable":true,"href":"https:\/\/andalubox.com\/fr\/wp-json\/wp\/v2\/media\/18090"}],"wp:attachment":[{"href":"https:\/\/andalubox.com\/fr\/wp-json\/wp\/v2\/media?parent=18097"}],"wp:term":[{"taxonomy":"product_brand","embeddable":true,"href":"https:\/\/andalubox.com\/fr\/wp-json\/wp\/v2\/product_brand?post=18097"},{"taxonomy":"product_cat","embeddable":true,"href":"https:\/\/andalubox.com\/fr\/wp-json\/wp\/v2\/product_cat?post=18097"},{"taxonomy":"product_tag","embeddable":true,"href":"https:\/\/andalubox.com\/fr\/wp-json\/wp\/v2\/product_tag?post=18097"}],"curies":[{"name":"wp","href":"https:\/\/api.w.org\/{rel}","templated":true}]}}