{"id":18058,"date":"2025-02-18T16:02:07","date_gmt":"2025-02-18T15:02:07","guid":{"rendered":"https:\/\/andalubox.com\/producto-andaluz\/papirusa-manzanilla-de-lustau-dop-sanlucar-de-barrameda-75-cl\/"},"modified":"2025-09-23T10:23:49","modified_gmt":"2025-09-23T08:23:49","slug":"papirusa-manzanilla-de-lustau-dop-sanlucar-de-barrameda-75-cl","status":"publish","type":"product","link":"https:\/\/andalubox.com\/fr\/producto-andaluz\/papirusa-manzanilla-de-lustau-dop-sanlucar-de-barrameda-75-cl\/","title":{"rendered":"Papirusa Manzanilla de Lustau D.O.P. Sanl\u00facar de Barrameda, 75 cl."},"content":{"rendered":"<p>Papirusa Manzanilla de Lustau D.O.P. Sanl\u00facar de Barrameda, 75 cl.<\/p>\n<p>Le Manzanilla Papirusa de Bodegas Lustau est un vin fortifi\u00e9 sec, \u00e9labor\u00e9 \u00e0 partir de 100 % de raisins Palomino Fino et prot\u00e9g\u00e9 par l&#8217;appellation d&#8217;origine Manzanilla-Sanl\u00facar de Barrameda. Ce vin vieillit sous un voile de fleur \u00e0 Sanl\u00facar de Barrameda, selon le syst\u00e8me traditionnel de solera et de criaderas, dans un microclimat influenc\u00e9 par la brise marine \u00e0 l&#8217;embouchure du Guadalquivir. <\/p>\n<div id=\"chat-history\" class=\"chat-history-scroll-container\">\n<div id=\"d81930957e51795c\" class=\"conversation-container message-actions-hover-boundary ng-star-inserted\">\n<div class=\"response-container ng-tns-c2903524867-110 response-container-with-gpi ng-star-inserted response-container-has-multiple-responses\">\n<div class=\"presented-response-container ng-tns-c2903524867-110\">\n<div class=\"response-container-content ng-tns-c2903524867-110\">\n<div class=\"response-content ng-tns-c2903524867-110\">\n<div id=\"model-response-message-contentr_d81930957e51795c\" class=\"markdown markdown-main-panel enable-updated-hr-color\" dir=\"ltr\">\n<p>Papirusa est une manzanilla classique et tr\u00e8s appr\u00e9ci\u00e9e, produite par <b>les Bodegas Lustau<\/b>, l&#8217;une des caves les plus prestigieuses de la r\u00e9gion de Jerez. Ce vin refl\u00e8te fid\u00e8lement l&#8217;essence de Sanl\u00facar de Barrameda, un endroit o\u00f9 le microclimat particulier, influenc\u00e9 par la brise de l&#8217;oc\u00e9an Atlantique, cr\u00e9e les conditions parfaites pour vieillir sous un voile de fleurs. <\/p>\n<h4>Caract\u00e9ristiques principales<\/h4>\n<ul>\n\t<li>\n<p><b>Type de vin :<\/b> Manzanilla (g\u00e9n\u00e9reusement sec).<\/p>\n<\/li>\n\t<li>\n<p><b>Appellation d&#8217;origine :<\/b> AOP Manzanilla-Sanl\u00facar de Barrameda.<\/p>\n<\/li>\n\t<li>\n<p><b>Raisin :<\/b> 100% Palomino Fino.<\/p>\n<\/li>\n\t<li>\n<p><b>Vieillissement :<\/b> Le Papirusa est \u00e9lev\u00e9 de <b>mani\u00e8re biologique<\/b>, c&#8217;est-\u00e0-dire qu&#8217;il vieillit sous une couche de levure appel\u00e9e &#8220;velo <b>de flor&#8221;<\/b>. Ce voile le prot\u00e8ge du contact avec l&#8217;air et lui conf\u00e8re son go\u00fbt salin et piquant caract\u00e9ristique et ses ar\u00f4mes uniques. <\/p>\n<\/li>\n\t<li>\n<p><b>Couleur :<\/b> jaune paille p\u00e2le, presque transparent, avec des reflets verd\u00e2tres.<\/p>\n<\/li>\n<\/ul>\n<h4>Notes de d\u00e9gustation<\/h4>\n<ul>\n\t<li>\n<p><b>Nez (Aroma) :<\/b> Fin, vif et avec un caract\u00e8re salin marqu\u00e9. Notes d&#8217;amandes, de boulangerie, de levure et surtout une touche d&#8217;iode qui \u00e9voque la brise marine. <\/p>\n<\/li>\n\t<li>\n<p><b>Bouche (go\u00fbt) :<\/b> sec, frais et l\u00e9ger. En bouche, il est tr\u00e8s salin et vif, avec une acidit\u00e9 vibrante et une finale longue et persistante, laissant une sensation nette et tr\u00e8s rafra\u00eechissante. <\/p>\n<\/li>\n<\/ul>\n<h4>Couplage<\/h4>\n<p>Son profil salin et sec en fait un ap\u00e9ritif id\u00e9al et le compagnon parfait de la cuisine andalouse et des fruits de mer. Il se marie tr\u00e8s bien avec : <\/p>\n<ul>\n\t<li>\n<p><b>Fruits de mer :<\/b> hu\u00eetres, crevettes blanches, crevettes royales et tous les types de fruits de mer cuits.<\/p>\n<\/li>\n\t<li>\n<p><b>Pescado frito :<\/b> le classique &#8220;pesca\u00edto frito&#8221; andalou.<\/p>\n<\/li>\n\t<li>\n<p><b>Jambon et charcuterie :<\/b> Il se marie \u00e0 merveille avec le jambon ib\u00e9rique et d&#8217;autres charcuteries.<\/p>\n<\/li>\n\t<li>\n<p><b>Tapas :<\/b> Olives, amandes sal\u00e9es et cornichons.<\/p>\n<\/li>\n<\/ul>\n<h4>Temp\u00e9rature de service<\/h4>\n<p>Pour profiter pleinement de sa fra\u00eecheur et de sa complexit\u00e9, il est recommand\u00e9 de le servir tr\u00e8s frais, entre <b>6\u00b0C et 8\u00b0C<\/b>. C&#8217;est un vin qui doit \u00eatre consomm\u00e9 peu de temps apr\u00e8s son ouverture afin de pr\u00e9server ses qualit\u00e9s. <\/p>\n<\/div>\n<\/div>\n<\/div>\n<\/div>\n<\/div>\n<\/div>\n<\/div>","protected":false},"excerpt":{"rendered":"<p>Le <strong data-start=\"1293\" data-end=\"1316\">Manzanilla Papirusa<\/strong> de <strong data-start=\"1320\" data-end=\"1330\">Lustau<\/strong> est un vin sec et frais, aux ar\u00f4mes salins et aux notes de fruits secs, id\u00e9al en ap\u00e9ritif ou pour accompagner les fruits de mer et les poissons. Servir entre 7 et 9\u00b0C. <\/p>\n","protected":false},"featured_media":18051,"comment_status":"open","ping_status":"closed","template":"","meta":{"site-sidebar-layout":"default","site-content-layout":"","ast-site-content-layout":"default","site-content-style":"default","site-sidebar-style":"default","ast-global-header-display":"","ast-banner-title-visibility":"","ast-main-header-display":"","ast-hfb-above-header-display":"","ast-hfb-below-header-display":"","ast-hfb-mobile-header-display":"","site-post-title":"","ast-breadcrumbs-content":"","ast-featured-img":"","footer-sml-layout":"","ast-disable-related-posts":"","theme-transparent-header-meta":"default","adv-header-id-meta":"","stick-header-meta":"","header-above-stick-meta":"","header-main-stick-meta":"","header-below-stick-meta":"","astra-migrate-meta-layouts":"default","ast-page-background-enabled":"default","ast-page-background-meta":{"desktop":{"background-color":"var(--ast-global-color-4)","background-image":"","background-repeat":"repeat","background-position":"center center","background-size":"auto","background-attachment":"scroll","background-type":"","background-media":"","overlay-type":"","overlay-color":"","overlay-opacity":"","overlay-gradient":""},"tablet":{"background-color":"","background-image":"","background-repeat":"repeat","background-position":"center center","background-size":"auto","background-attachment":"scroll","background-type":"","background-media":"","overlay-type":"","overlay-color":"","overlay-opacity":"","overlay-gradient":""},"mobile":{"background-color":"","background-image":"","background-repeat":"repeat","background-position":"center center","background-size":"auto","background-attachment":"scroll","background-type":"","background-media":"","overlay-type":"","overlay-color":"","overlay-opacity":"","overlay-gradient":""}},"ast-content-background-meta":{"desktop":{"background-color":"var(--ast-global-color-5)","background-image":"","background-repeat":"repeat","background-position":"center center","background-size":"auto","background-attachment":"scroll","background-type":"","background-media":"","overlay-type":"","overlay-color":"","overlay-opacity":"","overlay-gradient":""},"tablet":{"background-color":"var(--ast-global-color-5)","background-image":"","background-repeat":"repeat","background-position":"center center","background-size":"auto","background-attachment":"scroll","background-type":"","background-media":"","overlay-type":"","overlay-color":"","overlay-opacity":"","overlay-gradient":""},"mobile":{"background-color":"var(--ast-global-color-5)","background-image":"","background-repeat":"repeat","background-position":"center center","background-size":"auto","background-attachment":"scroll","background-type":"","background-media":"","overlay-type":"","overlay-color":"","overlay-opacity":"","overlay-gradient":""}}},"product_brand":[1179],"product_cat":[15],"product_tag":[],"class_list":{"0":"post-18058","1":"product","2":"type-product","3":"status-publish","4":"has-post-thumbnail","6":"product_brand-lustau","7":"product_cat-sin-categorizar","8":"desktop-align-left","9":"tablet-align-left","10":"mobile-align-left","12":"first","13":"instock","14":"taxable","15":"shipping-taxable","16":"purchasable","17":"product-type-simple"},"_links":{"self":[{"href":"https:\/\/andalubox.com\/fr\/wp-json\/wp\/v2\/product\/18058","targetHints":{"allow":["GET"]}}],"collection":[{"href":"https:\/\/andalubox.com\/fr\/wp-json\/wp\/v2\/product"}],"about":[{"href":"https:\/\/andalubox.com\/fr\/wp-json\/wp\/v2\/types\/product"}],"replies":[{"embeddable":true,"href":"https:\/\/andalubox.com\/fr\/wp-json\/wp\/v2\/comments?post=18058"}],"wp:featuredmedia":[{"embeddable":true,"href":"https:\/\/andalubox.com\/fr\/wp-json\/wp\/v2\/media\/18051"}],"wp:attachment":[{"href":"https:\/\/andalubox.com\/fr\/wp-json\/wp\/v2\/media?parent=18058"}],"wp:term":[{"taxonomy":"product_brand","embeddable":true,"href":"https:\/\/andalubox.com\/fr\/wp-json\/wp\/v2\/product_brand?post=18058"},{"taxonomy":"product_cat","embeddable":true,"href":"https:\/\/andalubox.com\/fr\/wp-json\/wp\/v2\/product_cat?post=18058"},{"taxonomy":"product_tag","embeddable":true,"href":"https:\/\/andalubox.com\/fr\/wp-json\/wp\/v2\/product_tag?post=18058"}],"curies":[{"name":"wp","href":"https:\/\/api.w.org\/{rel}","templated":true}]}}