{"id":18036,"date":"2025-02-18T15:46:03","date_gmt":"2025-02-18T14:46:03","guid":{"rendered":"https:\/\/andalubox.com\/producto-andaluz\/finca-moncloa-tintilla-de-rota-limited-edition-75-cl\/"},"modified":"2026-01-27T15:29:11","modified_gmt":"2026-01-27T14:29:11","slug":"finca-moncloa-tintilla-de-rota-limited-edition-75-cl","status":"publish","type":"product","link":"https:\/\/andalubox.com\/fr\/producto-andaluz\/finca-moncloa-tintilla-de-rota-limited-edition-75-cl\/","title":{"rendered":"Finca Moncloa Tintilla de Rota Red Wine Limited Edition Vintage 2018 75cl"},"content":{"rendered":"<p>Finca Moncloa Tintilla de Rota Red Wine Limited Edition Vintage 2018 75cl <\/p>\n<p>Finca Moncloa Tintilla de Rota Edici\u00f3n Limitada 2019 est un vin rouge haut de gamme \u00e9labor\u00e9 exclusivement \u00e0 partir du c\u00e9page indig\u00e8ne Tintilla de Rota, cultiv\u00e9 dans les vignobles de Finca Moncloa \u00e0 Arcos de la Frontera, \u00e0 Cadix. Ce vin refl\u00e8te l&#8217;engagement de la cave \u00e0 sauver et \u00e0 valoriser ce c\u00e9page historique de la r\u00e9gion. <\/p>\n<h2>\u00c9laboration :<\/h2>\n<p><br><br>V<strong>endanges :<\/strong> Les raisins ont \u00e9t\u00e9 vendang\u00e9s \u00e0 la main entre le 4 et le 19 septembre 2019, en s\u00e9lectionnant soigneusement les grappes dans le vignoble et sur la table de tri.<strong>Fermentation :<\/strong> Apr\u00e8s l&#8217;\u00e9grappage et un foulage doux, la fermentation a eu lieu dans des cuves en acier inoxydable \u00e0 des temp\u00e9ratures contr\u00f4l\u00e9es pour pr\u00e9server les ar\u00f4mes vari\u00e9taux.<strong>\u00c9levage :<\/strong> Le vin a \u00e9t\u00e9 \u00e9lev\u00e9 pendant 12 mois dans de nouveaux f\u00fbts de ch\u00eane am\u00e9ricain, ce qui a ajout\u00e9 de la complexit\u00e9 et de la structure au vin.<\/p>\n<h2>Note de d\u00e9gustation :<\/h2>\n<p><strong>Aspect :<\/strong> Couleur cerise rouge intense avec des larmes denses et persistantes.<br><strong>Nez :<\/strong> Ar\u00f4mes profonds de fruits rouges et noirs m\u00fbrs, accompagn\u00e9s de notes min\u00e9rales et \u00e9pic\u00e9es, de cacao, de bois grill\u00e9 et de subtiles nuances balsamiques qui s&#8217;intensifient \u00e0 l&#8217;a\u00e9ration.<br><strong>Bouche :<\/strong> Entr\u00e9e en mati\u00e8re douce avec une acidit\u00e9 \u00e9quilibr\u00e9e. Cors\u00e9, charnu, avec des tannins ronds et une finale longue et persistante. Des notes fruit\u00e9es, \u00e9pic\u00e9es, de cacao et de caf\u00e9 torr\u00e9fi\u00e9 sont per\u00e7ues en r\u00e9tro-nasal.  <br><strong>Accompagnement :<\/strong> Id\u00e9al avec les viandes rouges, le gibier, l&#8217;agneau et les grillades. A servir entre 15\u00b0C et 18\u00b0C pour appr\u00e9cier pleinement ses qualit\u00e9s. <\/p>","protected":false},"excerpt":{"rendered":"<p><strong data-start=\"1963\" data-end=\"2019\">Finca Moncloa Tintilla de Rota Edici\u00f3n Limitada 2019<\/strong> est un vin rouge exclusif de Cadix, \u00e9labor\u00e9 \u00e0 partir de raisins 100% indig\u00e8nes Tintilla de Rota. Vieilli pendant 12 mois dans de nouveaux f\u00fbts de ch\u00eane am\u00e9ricain, il pr\u00e9sente des ar\u00f4mes intenses de fruits m\u00fbrs, des notes \u00e9pic\u00e9es et des soup\u00e7ons de cacao. En bouche, il est \u00e9quilibr\u00e9, charnu et persistant.  <\/p>\n","protected":false},"featured_media":18029,"comment_status":"open","ping_status":"closed","template":"","meta":{"site-sidebar-layout":"default","site-content-layout":"","ast-site-content-layout":"default","site-content-style":"default","site-sidebar-style":"default","ast-global-header-display":"","ast-banner-title-visibility":"","ast-main-header-display":"","ast-hfb-above-header-display":"","ast-hfb-below-header-display":"","ast-hfb-mobile-header-display":"","site-post-title":"","ast-breadcrumbs-content":"","ast-featured-img":"","footer-sml-layout":"","ast-disable-related-posts":"","theme-transparent-header-meta":"default","adv-header-id-meta":"","stick-header-meta":"","header-above-stick-meta":"","header-main-stick-meta":"","header-below-stick-meta":"","astra-migrate-meta-layouts":"default","ast-page-background-enabled":"default","ast-page-background-meta":{"desktop":{"background-color":"var(--ast-global-color-4)","background-image":"","background-repeat":"repeat","background-position":"center center","background-size":"auto","background-attachment":"scroll","background-type":"","background-media":"","overlay-type":"","overlay-color":"","overlay-opacity":"","overlay-gradient":""},"tablet":{"background-color":"","background-image":"","background-repeat":"repeat","background-position":"center center","background-size":"auto","background-attachment":"scroll","background-type":"","background-media":"","overlay-type":"","overlay-color":"","overlay-opacity":"","overlay-gradient":""},"mobile":{"background-color":"","background-image":"","background-repeat":"repeat","background-position":"center center","background-size":"auto","background-attachment":"scroll","background-type":"","background-media":"","overlay-type":"","overlay-color":"","overlay-opacity":"","overlay-gradient":""}},"ast-content-background-meta":{"desktop":{"background-color":"var(--ast-global-color-5)","background-image":"","background-repeat":"repeat","background-position":"center center","background-size":"auto","background-attachment":"scroll","background-type":"","background-media":"","overlay-type":"","overlay-color":"","overlay-opacity":"","overlay-gradient":""},"tablet":{"background-color":"var(--ast-global-color-5)","background-image":"","background-repeat":"repeat","background-position":"center center","background-size":"auto","background-attachment":"scroll","background-type":"","background-media":"","overlay-type":"","overlay-color":"","overlay-opacity":"","overlay-gradient":""},"mobile":{"background-color":"var(--ast-global-color-5)","background-image":"","background-repeat":"repeat","background-position":"center center","background-size":"auto","background-attachment":"scroll","background-type":"","background-media":"","overlay-type":"","overlay-color":"","overlay-opacity":"","overlay-gradient":""}}},"product_brand":[1352],"product_cat":[294],"product_tag":[],"class_list":{"0":"post-18036","1":"product","2":"type-product","3":"status-publish","4":"has-post-thumbnail","6":"product_brand-finca-moncloa","7":"product_cat-vin-rouge","8":"desktop-align-left","9":"tablet-align-left","10":"mobile-align-left","12":"first","13":"instock","14":"taxable","15":"shipping-taxable","16":"purchasable","17":"product-type-simple"},"_links":{"self":[{"href":"https:\/\/andalubox.com\/fr\/wp-json\/wp\/v2\/product\/18036","targetHints":{"allow":["GET"]}}],"collection":[{"href":"https:\/\/andalubox.com\/fr\/wp-json\/wp\/v2\/product"}],"about":[{"href":"https:\/\/andalubox.com\/fr\/wp-json\/wp\/v2\/types\/product"}],"replies":[{"embeddable":true,"href":"https:\/\/andalubox.com\/fr\/wp-json\/wp\/v2\/comments?post=18036"}],"wp:featuredmedia":[{"embeddable":true,"href":"https:\/\/andalubox.com\/fr\/wp-json\/wp\/v2\/media\/18029"}],"wp:attachment":[{"href":"https:\/\/andalubox.com\/fr\/wp-json\/wp\/v2\/media?parent=18036"}],"wp:term":[{"taxonomy":"product_brand","embeddable":true,"href":"https:\/\/andalubox.com\/fr\/wp-json\/wp\/v2\/product_brand?post=18036"},{"taxonomy":"product_cat","embeddable":true,"href":"https:\/\/andalubox.com\/fr\/wp-json\/wp\/v2\/product_cat?post=18036"},{"taxonomy":"product_tag","embeddable":true,"href":"https:\/\/andalubox.com\/fr\/wp-json\/wp\/v2\/product_tag?post=18036"}],"curies":[{"name":"wp","href":"https:\/\/api.w.org\/{rel}","templated":true}]}}