{"id":18024,"date":"2025-02-18T15:33:50","date_gmt":"2025-02-18T14:33:50","guid":{"rendered":"https:\/\/andalubox.com\/producto-andaluz\/tio-pepe-fino-una-palma-d-o-p-jerez-50-cl\/"},"modified":"2025-08-02T20:21:37","modified_gmt":"2025-08-02T18:21:37","slug":"tio-pepe-fino-una-palma-d-o-p-jerez-50-cl","status":"publish","type":"product","link":"https:\/\/andalubox.com\/fr\/producto-andaluz\/tio-pepe-fino-una-palma-d-o-p-jerez-50-cl\/","title":{"rendered":"T\u00edo Pepe Fino en Rama D.O.P. Jerez, 50cl"},"content":{"rendered":"<p data-start=\"64\" data-end=\"487\">T\u00edo Pepe Fino en Rama D.O.P. Jerez, 50cl<\/p>\n<p data-start=\"64\" data-end=\"487\">Chez <strong data-start=\"67\" data-end=\"79\">Andalubox<\/strong>, nous sommes fiers de vous pr\u00e9senter <strong data-start=\"107\" data-end=\"120\">Una Palma<\/strong>, un T\u00edo Pepe fino exceptionnel qui refl\u00e8te l&#8217;essence la plus pure de nos vignobles des domaines <strong data-start=\"210\" data-end=\"224\">Macharnudo<\/strong> et <strong data-start=\"227\" data-end=\"240\">Carrascal<\/strong>. Ce vin a \u00e9t\u00e9 soigneusement \u00e9lev\u00e9 pendant <strong data-start=\"294\" data-end=\"304\">6 ans<\/strong> en vieillissement biologique, selon le syst\u00e8me traditionnel des criaderas et des soleras. Sur un total de 139 cosses, nous en avons m\u00e9ticuleusement s\u00e9lectionn\u00e9 trois pour vous offrir ce joyau \u0153nologique.  <\/p>\n<p data-start=\"489\" data-end=\"505\"><strong data-start=\"489\" data-end=\"505\">\u00c9laboration :<\/strong><\/p>\n<ul data-start=\"506\" data-end=\"579\">\n\t<li data-start=\"506\" data-end=\"540\"><strong data-start=\"508\" data-end=\"521\">Vari\u00e9t\u00e9 :<\/strong> 100% Palomino Fino<\/li>\n\t<li data-start=\"541\" data-end=\"579\"><strong data-start=\"543\" data-end=\"568\">Taux d&#8217;alcool :<\/strong> 15,5 % vol.<\/li>\n<\/ul>\n<p data-start=\"581\" data-end=\"598\"><strong data-start=\"581\" data-end=\"598\">Note de d\u00e9gustation :<\/strong><\/p>\n<ul data-start=\"599\" data-end=\"1056\">\n\t<li data-start=\"599\" data-end=\"711\"><strong data-start=\"601\" data-end=\"611\">Aspect :<\/strong> Couleur jaune paille aux reflets dor\u00e9s, nette et brillante, avec une l\u00e9g\u00e8re larme.<\/li>\n\t<li data-start=\"712\" data-end=\"838\"><strong data-start=\"714\" data-end=\"724\">Ar\u00f4me :<\/strong> Nez intense et pointu, avec des notes de voile de fleurs, de craie, de fruits secs et d&#8217;agrumes, des nuances salines et min\u00e9rales.<\/li>\n\t<li data-start=\"839\" data-end=\"1056\"><strong data-start=\"841\" data-end=\"853\">Palais :<\/strong> En bouche, il est frais, salin et savoureux. Sa finale est persistante et \u00e9quilibr\u00e9e, laissant des notes de sel, de noisettes, de levure, d&#8217;olives vertes et de citron, culminant en un arri\u00e8re-go\u00fbt sec et l\u00e9g\u00e8rement amer. <\/li>\n<\/ul>\n<p data-start=\"1058\" data-end=\"1363\"><strong data-start=\"1058\" data-end=\"1071\">Accords avec les mets :<\/strong> <strong data-start=\"1072\" data-end=\"1085\">Una Palma<\/strong> est un ap\u00e9ritif exceptionnel qui se marie parfaitement avec les rago\u00fbts de fruits de mer, les plats de riz et les p\u00e2tes. Il rehausse \u00e9galement les saveurs de la cuisine asiatique, aujourd&#8217;hui appr\u00e9ci\u00e9e dans le monde entier. Il est recommand\u00e9 de le servir frais dans un verre en cristal pour en appr\u00e9cier toutes les qualit\u00e9s.  <\/p>","protected":false},"excerpt":{"rendered":"<p>T\u00edo Pepe Fino en Rama D.O.P. Jerez, 50cl pour l&#8217;exportation vers l&#8217;Europe.<\/p>\n","protected":false},"featured_media":18016,"comment_status":"open","ping_status":"closed","template":"","meta":{"site-sidebar-layout":"default","site-content-layout":"","ast-site-content-layout":"default","site-content-style":"default","site-sidebar-style":"default","ast-global-header-display":"","ast-banner-title-visibility":"","ast-main-header-display":"","ast-hfb-above-header-display":"","ast-hfb-below-header-display":"","ast-hfb-mobile-header-display":"","site-post-title":"","ast-breadcrumbs-content":"","ast-featured-img":"","footer-sml-layout":"","ast-disable-related-posts":"","theme-transparent-header-meta":"default","adv-header-id-meta":"","stick-header-meta":"","header-above-stick-meta":"","header-main-stick-meta":"","header-below-stick-meta":"","astra-migrate-meta-layouts":"default","ast-page-background-enabled":"default","ast-page-background-meta":{"desktop":{"background-color":"var(--ast-global-color-4)","background-image":"","background-repeat":"repeat","background-position":"center center","background-size":"auto","background-attachment":"scroll","background-type":"","background-media":"","overlay-type":"","overlay-color":"","overlay-opacity":"","overlay-gradient":""},"tablet":{"background-color":"","background-image":"","background-repeat":"repeat","background-position":"center center","background-size":"auto","background-attachment":"scroll","background-type":"","background-media":"","overlay-type":"","overlay-color":"","overlay-opacity":"","overlay-gradient":""},"mobile":{"background-color":"","background-image":"","background-repeat":"repeat","background-position":"center center","background-size":"auto","background-attachment":"scroll","background-type":"","background-media":"","overlay-type":"","overlay-color":"","overlay-opacity":"","overlay-gradient":""}},"ast-content-background-meta":{"desktop":{"background-color":"var(--ast-global-color-5)","background-image":"","background-repeat":"repeat","background-position":"center center","background-size":"auto","background-attachment":"scroll","background-type":"","background-media":"","overlay-type":"","overlay-color":"","overlay-opacity":"","overlay-gradient":""},"tablet":{"background-color":"var(--ast-global-color-5)","background-image":"","background-repeat":"repeat","background-position":"center center","background-size":"auto","background-attachment":"scroll","background-type":"","background-media":"","overlay-type":"","overlay-color":"","overlay-opacity":"","overlay-gradient":""},"mobile":{"background-color":"var(--ast-global-color-5)","background-image":"","background-repeat":"repeat","background-position":"center center","background-size":"auto","background-attachment":"scroll","background-type":"","background-media":"","overlay-type":"","overlay-color":"","overlay-opacity":"","overlay-gradient":""}}},"product_brand":[1351],"product_cat":[15],"product_tag":[],"class_list":{"0":"post-18024","1":"product","2":"type-product","3":"status-publish","4":"has-post-thumbnail","6":"product_brand-gonzalez-byass","7":"product_cat-sin-categorizar","8":"desktop-align-left","9":"tablet-align-left","10":"mobile-align-left","12":"first","13":"instock","14":"taxable","15":"shipping-taxable","16":"purchasable","17":"product-type-simple"},"_links":{"self":[{"href":"https:\/\/andalubox.com\/fr\/wp-json\/wp\/v2\/product\/18024","targetHints":{"allow":["GET"]}}],"collection":[{"href":"https:\/\/andalubox.com\/fr\/wp-json\/wp\/v2\/product"}],"about":[{"href":"https:\/\/andalubox.com\/fr\/wp-json\/wp\/v2\/types\/product"}],"replies":[{"embeddable":true,"href":"https:\/\/andalubox.com\/fr\/wp-json\/wp\/v2\/comments?post=18024"}],"wp:featuredmedia":[{"embeddable":true,"href":"https:\/\/andalubox.com\/fr\/wp-json\/wp\/v2\/media\/18016"}],"wp:attachment":[{"href":"https:\/\/andalubox.com\/fr\/wp-json\/wp\/v2\/media?parent=18024"}],"wp:term":[{"taxonomy":"product_brand","embeddable":true,"href":"https:\/\/andalubox.com\/fr\/wp-json\/wp\/v2\/product_brand?post=18024"},{"taxonomy":"product_cat","embeddable":true,"href":"https:\/\/andalubox.com\/fr\/wp-json\/wp\/v2\/product_cat?post=18024"},{"taxonomy":"product_tag","embeddable":true,"href":"https:\/\/andalubox.com\/fr\/wp-json\/wp\/v2\/product_tag?post=18024"}],"curies":[{"name":"wp","href":"https:\/\/api.w.org\/{rel}","templated":true}]}}