{"id":17981,"date":"2025-02-18T15:06:48","date_gmt":"2025-02-18T14:06:48","guid":{"rendered":"https:\/\/andalubox.com\/producto-andaluz\/confiture-de-mures-benamiel-sierra-de-grazalema-cadiz-t-280-g\/"},"modified":"2025-09-23T10:32:05","modified_gmt":"2025-09-23T08:32:05","slug":"confiture-de-mures-benamiel-sierra-de-grazalema-cadiz-t-280-g","status":"publish","type":"product","link":"https:\/\/andalubox.com\/fr\/producto-andaluz\/confiture-de-mures-benamiel-sierra-de-grazalema-cadiz-t-280-g\/","title":{"rendered":"Confiture de m\u00fbres Benamiel de la Sierra de Grazalema Cadix, 280g"},"content":{"rendered":"<h3><span style=\"font-size: 12pt;\">Confiture de m\u00fbres Benamiel de la Sierra de Grazalema, 280g<\/span><\/h3>\n<p data-start=\"25\" data-end=\"431\">Chez <strong data-start=\"28\" data-end=\"40\">Benamiel<\/strong>, nous sommes passionn\u00e9s par la transformation des meilleurs ingr\u00e9dients naturels en produits de qualit\u00e9. Notre <strong data-start=\"135\" data-end=\"156\">confiture de m\u00fbres<\/strong> est un authentique d\u00e9lice artisanal \u00e9labor\u00e9 \u00e0 partir de m\u00fbres cueillies \u00e0 la main \u00e0 leur maturit\u00e9 optimale. D&#8217;une saveur intense et \u00e9quilibr\u00e9e, cette confiture capture l&#8217;essence sauvage de la <strong data-start=\"353\" data-end=\"376\">Sierra de Grazalema<\/strong>, offrant une exp\u00e9rience unique \u00e0 chaque cuiller\u00e9e.  <\/p>\n<p data-start=\"433\" data-end=\"790\">Nous fabriquons notre confiture selon des m\u00e9thodes traditionnelles, sans conservateurs ni additifs artificiels, afin de pr\u00e9server la puret\u00e9 et la fra\u00eecheur des m\u00fbres. Sa texture douce et l\u00e9g\u00e8rement fibreuse pr\u00e9serve les petits morceaux de fruits, procurant une sensation naturelle et une douceur subtilement \u00e9quilibr\u00e9e par une l\u00e9g\u00e8re touche d&#8217;acidit\u00e9 caract\u00e9ristique des m\u00fbres. <\/p>\n<p>La confiture de m\u00fbres de <b>Benamiel<\/b> est un produit artisanal qui capture l&#8217;essence sauvage de la <b>Sierra de Grazalema<\/b>, une enclave naturelle de la province de Cadix. \u00c9labor\u00e9e \u00e0 partir de m\u00fbres cueillies dans cette r\u00e9gion, elle se distingue par son go\u00fbt intense, sa touche acidul\u00e9e et son authenticit\u00e9, sans conservateurs ni additifs artificiels. <\/p>\n<h4>Caract\u00e9ristiques principales<\/h4>\n<ul>\n\t<li>\n<p><b>Ingr\u00e9dients :<\/b> M\u00fbres de la Sierra de Grazalema et sucre. Sa saveur pure et naturelle est due \u00e0 la forte concentration de fruits, qui permet \u00e0 la saveur des m\u00fbres d&#8217;occuper le devant de la sc\u00e8ne. <\/p>\n<\/li>\n\t<li>\n<p><b>Texture :<\/b> Sa texture est lisse, onctueuse et pr\u00e9sente les p\u00e9pins caract\u00e9ristiques du fruit, ce qui lui conf\u00e8re une touche rustique et une exp\u00e9rience sensorielle tr\u00e8s agr\u00e9able.<\/p>\n<\/li>\n\t<li>\n<p><b>Go\u00fbt :<\/b> Elle pr\u00e9sente un \u00e9quilibre parfait entre douceur et acidit\u00e9. La saveur intense des m\u00fbres sauvages est compl\u00e9t\u00e9e par une touche d&#8217;acidit\u00e9 qui la rend plus complexe et moins \u00e9touffante que d&#8217;autres confitures. <\/p>\n<\/li>\n<\/ul>\n<h4>Accords avec les aliments et utilisations culinaires<\/h4>\n<p>La confiture de m\u00fbres Benamiel est tr\u00e8s polyvalente et peut \u00eatre utilis\u00e9e dans des recettes sucr\u00e9es ou sal\u00e9es.<\/p>\n<ul>\n\t<li>\n<p><b>Avec les fromages :<\/b> C&#8217;est un accord exceptionnel avec les <b>fromages frais<\/b>, le fromage blanc, le fromage de ch\u00e8vre ou les fromages moyennement affin\u00e9s. L&#8217;acidit\u00e9 de la confiture contraste et rehausse la saveur des produits laitiers. <\/p>\n<\/li>\n\t<li>\n<p><b>Pour le petit-d\u00e9jeuner et les desserts :<\/b> Id\u00e9al pour tartiner les toasts, les pains rustiques, les cr\u00eapes, les pancakes, ou pour accompagner les yaourts naturels.<\/p>\n<\/li>\n\t<li>\n<p><b>En cuisine sal\u00e9e :<\/b> il peut \u00eatre utilis\u00e9 pour donner une touche aigre-douce aux sauces pour le gibier, le canard ou le porc.<\/p>\n<\/li>\n\t<li>\n<p><b>En confiserie :<\/b> il sert de fourrage ou de garniture pour les cheesecakes, les g\u00e9noises et les muffins.<\/p>\n<\/li>\n<\/ul>\n<h4>Origine<\/h4>\n<p>Les fruits utilis\u00e9s pour cette confiture proviennent de la Sierra de Grazalema, un parc naturel dot\u00e9 d&#8217;un microclimat unique qui favorise la croissance de fruits de grande qualit\u00e9. La production artisanale de Benamiel cherche \u00e0 pr\u00e9server cette qualit\u00e9, faisant de chaque pot un petit morceau du paysage de Cadix. <\/p>","protected":false},"excerpt":{"rendered":"<p>Chez <strong data-start=\"1203\" data-end=\"1215\">Benamiel<\/strong>, nous apportons la saveur authentique des m\u00fbres \u00e0 votre table avec notre <strong data-start=\"1278\" data-end=\"1299\">confiture de m\u00fbres<\/strong>, \u00e9labor\u00e9e \u00e0 la main avec des fruits s\u00e9lectionn\u00e9s de la <strong data-start=\"1355\" data-end=\"1378\">Sierra de Grazalema<\/strong>. Sans conservateurs ni additifs, elle est parfaite pour les toasts, les desserts et les recettes gastronomiques. <\/p>\n","protected":false},"featured_media":17969,"comment_status":"open","ping_status":"closed","template":"","meta":{"site-sidebar-layout":"default","site-content-layout":"","ast-site-content-layout":"default","site-content-style":"default","site-sidebar-style":"default","ast-global-header-display":"","ast-banner-title-visibility":"","ast-main-header-display":"","ast-hfb-above-header-display":"","ast-hfb-below-header-display":"","ast-hfb-mobile-header-display":"","site-post-title":"","ast-breadcrumbs-content":"","ast-featured-img":"","footer-sml-layout":"","ast-disable-related-posts":"","theme-transparent-header-meta":"default","adv-header-id-meta":"","stick-header-meta":"","header-above-stick-meta":"","header-main-stick-meta":"","header-below-stick-meta":"","astra-migrate-meta-layouts":"default","ast-page-background-enabled":"default","ast-page-background-meta":{"desktop":{"background-color":"var(--ast-global-color-4)","background-image":"","background-repeat":"repeat","background-position":"center center","background-size":"auto","background-attachment":"scroll","background-type":"","background-media":"","overlay-type":"","overlay-color":"","overlay-opacity":"","overlay-gradient":""},"tablet":{"background-color":"","background-image":"","background-repeat":"repeat","background-position":"center center","background-size":"auto","background-attachment":"scroll","background-type":"","background-media":"","overlay-type":"","overlay-color":"","overlay-opacity":"","overlay-gradient":""},"mobile":{"background-color":"","background-image":"","background-repeat":"repeat","background-position":"center center","background-size":"auto","background-attachment":"scroll","background-type":"","background-media":"","overlay-type":"","overlay-color":"","overlay-opacity":"","overlay-gradient":""}},"ast-content-background-meta":{"desktop":{"background-color":"var(--ast-global-color-5)","background-image":"","background-repeat":"repeat","background-position":"center center","background-size":"auto","background-attachment":"scroll","background-type":"","background-media":"","overlay-type":"","overlay-color":"","overlay-opacity":"","overlay-gradient":""},"tablet":{"background-color":"var(--ast-global-color-5)","background-image":"","background-repeat":"repeat","background-position":"center center","background-size":"auto","background-attachment":"scroll","background-type":"","background-media":"","overlay-type":"","overlay-color":"","overlay-opacity":"","overlay-gradient":""},"mobile":{"background-color":"var(--ast-global-color-5)","background-image":"","background-repeat":"repeat","background-position":"center center","background-size":"auto","background-attachment":"scroll","background-type":"","background-media":"","overlay-type":"","overlay-color":"","overlay-opacity":"","overlay-gradient":""}}},"product_brand":[1372],"product_cat":[15],"product_tag":[],"class_list":{"0":"post-17981","1":"product","2":"type-product","3":"status-publish","4":"has-post-thumbnail","6":"product_brand-benamiel","7":"product_cat-sin-categorizar","8":"desktop-align-left","9":"tablet-align-left","10":"mobile-align-left","12":"first","13":"instock","14":"taxable","15":"shipping-taxable","16":"purchasable","17":"product-type-simple"},"_links":{"self":[{"href":"https:\/\/andalubox.com\/fr\/wp-json\/wp\/v2\/product\/17981","targetHints":{"allow":["GET"]}}],"collection":[{"href":"https:\/\/andalubox.com\/fr\/wp-json\/wp\/v2\/product"}],"about":[{"href":"https:\/\/andalubox.com\/fr\/wp-json\/wp\/v2\/types\/product"}],"replies":[{"embeddable":true,"href":"https:\/\/andalubox.com\/fr\/wp-json\/wp\/v2\/comments?post=17981"}],"wp:featuredmedia":[{"embeddable":true,"href":"https:\/\/andalubox.com\/fr\/wp-json\/wp\/v2\/media\/17969"}],"wp:attachment":[{"href":"https:\/\/andalubox.com\/fr\/wp-json\/wp\/v2\/media?parent=17981"}],"wp:term":[{"taxonomy":"product_brand","embeddable":true,"href":"https:\/\/andalubox.com\/fr\/wp-json\/wp\/v2\/product_brand?post=17981"},{"taxonomy":"product_cat","embeddable":true,"href":"https:\/\/andalubox.com\/fr\/wp-json\/wp\/v2\/product_cat?post=17981"},{"taxonomy":"product_tag","embeddable":true,"href":"https:\/\/andalubox.com\/fr\/wp-json\/wp\/v2\/product_tag?post=17981"}],"curies":[{"name":"wp","href":"https:\/\/api.w.org\/{rel}","templated":true}]}}