{"id":17963,"date":"2025-02-18T12:56:43","date_gmt":"2025-02-18T11:56:43","guid":{"rendered":"https:\/\/andalubox.com\/producto-andaluz\/benamiel-confiture-de-breva-sierra-de-grazalema-cadiz-t-280-g\/"},"modified":"2025-09-23T10:34:43","modified_gmt":"2025-09-23T08:34:43","slug":"benamiel-confiture-de-breva-sierra-de-grazalema-cadiz-t-280-g","status":"publish","type":"product","link":"https:\/\/andalubox.com\/fr\/producto-andaluz\/benamiel-confiture-de-breva-sierra-de-grazalema-cadiz-t-280-g\/","title":{"rendered":"Benamiel Mermelada de Breva de la Sierra de Grazalema C\u00e1diz 280g"},"content":{"rendered":"<h3><span style=\"font-size: 12pt;\">Confiture Benamiel Breva de la Sierra de Grazalema, 280g<\/span><\/h3>\n<p data-start=\"25\" data-end=\"285\">Chez <strong data-start=\"28\" data-end=\"40\">Benamiel<\/strong>, nous croyons \u00e0 l&#8217;authenticit\u00e9 et \u00e0 la qualit\u00e9 des saveurs naturelles. C&#8217;est pourquoi nous avons cr\u00e9\u00e9 notre d\u00e9licieuse <strong data-start=\"148\" data-end=\"170\">confiture de br\u00e8ves<\/strong>, un produit artisanal exquis qui capture l&#8217;essence des meilleures br\u00e8ves de la <strong data-start=\"259\" data-end=\"282\">Sierra de Grazalema<\/strong>. <\/p>\n<p data-start=\"287\" data-end=\"623\">\u00c9labor\u00e9e \u00e0 partir de fruits s\u00e9lectionn\u00e9s \u00e0 maturit\u00e9 optimale, cette confiture garde intacte la saveur douce et intense de la bruy\u00e8re, avec une texture douce et onctueuse qui la rend irr\u00e9sistible. Sans conservateur ni additif artificiel, notre recette pr\u00e9serve tout le naturel et le caract\u00e8re authentique de ce fruit si pris\u00e9. <\/p>\n<p>La confiture de figues de la marque <b>Benamiel<\/b> est un produit artisanal qui capture l&#8217;essence de la <b>Sierra de Grazalema<\/b>, une r\u00e9gion de la province de Cadix connue pour son microclimat et la qualit\u00e9 de ses fruits. Les br\u00e8des, premi\u00e8re r\u00e9colte annuelle du figuier, sont r\u00e9put\u00e9es pour leur saveur douce et sucr\u00e9e, et cette confiture les utilise comme ingr\u00e9dient principal. <\/p>\n<h4>Caract\u00e9ristiques principales<\/h4>\n<ul>\n\t<li>\n<p><b>Ingr\u00e9dients :<\/b> Brevas de la Sierra de Grazalema et sucre. Il est \u00e9labor\u00e9 sans conservateurs ni colorants ajout\u00e9s, ce qui permet \u00e0 la saveur pure du fruit d&#8217;occuper le devant de la sc\u00e8ne. <\/p>\n<\/li>\n\t<li>\n<p><b>Texture :<\/b> Elle est g\u00e9n\u00e9ralement dense et onctueuse, avec des morceaux de chair de bruy\u00e8re qui lui conf\u00e8rent une texture rustique et une touche artisanale.<\/p>\n<\/li>\n\t<li>\n<p><b>Go\u00fbt :<\/b> Saveur tr\u00e8s douce et d\u00e9licate, avec des notes de miel et une touche terreuse, caract\u00e9ristique des figues m\u00fbres. Sa douceur est naturelle et moins intense que celle de la figue, ce qui la rend tr\u00e8s agr\u00e9able en bouche. <\/p>\n<\/li>\n<\/ul>\n<h4>Accords avec les aliments et utilisations culinaires<\/h4>\n<p>La confiture de bruy\u00e8re est un produit polyvalent qui peut \u00eatre utilis\u00e9 dans des recettes sucr\u00e9es ou sal\u00e9es.<\/p>\n<ul>\n\t<li>\n<p><b>Avec les fromages :<\/b> Il s&#8217;agit d&#8217;un accord exceptionnel. Il se marie particuli\u00e8rement bien avec les fromages de <b>ch\u00e8vre<\/b>, les fromages frais, les fromages blancs et les fromages \u00e0 p\u00e2te molle, comme le Grazalema. <\/p>\n<\/li>\n\t<li>\n<p><b>Pour le petit-d\u00e9jeuner et les desserts :<\/b> Id\u00e9al pour tartiner les toasts, les cr\u00eapes, ou pour accompagner les yaourts et les cr\u00eapes. Sa saveur d\u00e9licate est parfaite pour les desserts avec une touche de miel ou de vanille. <\/p>\n<\/li>\n\t<li>\n<p><b>Dans la cuisine sal\u00e9e :<\/b> il peut \u00eatre utilis\u00e9 comme ingr\u00e9dient dans les sauces pour glacer le porc ou le canard, en apportant une touche aigre-douce.<\/p>\n<\/li>\n<\/ul>\n<h4>Origine<\/h4>\n<p>Les fruits de cette confiture proviennent de la Sierra de Grazalema, une r\u00e9gion qui, malgr\u00e9 ses pr\u00e9cipitations, offre un microclimat id\u00e9al pour la culture des figues et des baies de figues. La production artisanale de Benamiel cherche \u00e0 pr\u00e9server cette qualit\u00e9, faisant de chaque pot un petit morceau du paysage de Cadix. <\/p>","protected":false},"excerpt":{"rendered":"<p>\u00c0 <strong data-start=\"1152\" data-end=\"1164\">Benamiel<\/strong>, nous transformons les meilleures figues de la <strong data-start=\"1205\" data-end=\"1228\">Sierra de Grazalema<\/strong> en une confiture artisanale au go\u00fbt intense et naturel. Sans conservateurs ni additifs, notre <strong data-start=\"1322\" data-end=\"1344\">confiture Breva<\/strong> est parfaite pour \u00eatre d\u00e9gust\u00e9e sur des toasts, des desserts ou comme accompagnement gourmand, un vrai plaisir \u00e0 chaque cuiller\u00e9e ! <\/p>\n","protected":false},"featured_media":17952,"comment_status":"open","ping_status":"closed","template":"","meta":{"site-sidebar-layout":"default","site-content-layout":"","ast-site-content-layout":"default","site-content-style":"default","site-sidebar-style":"default","ast-global-header-display":"","ast-banner-title-visibility":"","ast-main-header-display":"","ast-hfb-above-header-display":"","ast-hfb-below-header-display":"","ast-hfb-mobile-header-display":"","site-post-title":"","ast-breadcrumbs-content":"","ast-featured-img":"","footer-sml-layout":"","ast-disable-related-posts":"","theme-transparent-header-meta":"default","adv-header-id-meta":"","stick-header-meta":"","header-above-stick-meta":"","header-main-stick-meta":"","header-below-stick-meta":"","astra-migrate-meta-layouts":"default","ast-page-background-enabled":"default","ast-page-background-meta":{"desktop":{"background-color":"var(--ast-global-color-4)","background-image":"","background-repeat":"repeat","background-position":"center center","background-size":"auto","background-attachment":"scroll","background-type":"","background-media":"","overlay-type":"","overlay-color":"","overlay-opacity":"","overlay-gradient":""},"tablet":{"background-color":"","background-image":"","background-repeat":"repeat","background-position":"center center","background-size":"auto","background-attachment":"scroll","background-type":"","background-media":"","overlay-type":"","overlay-color":"","overlay-opacity":"","overlay-gradient":""},"mobile":{"background-color":"","background-image":"","background-repeat":"repeat","background-position":"center center","background-size":"auto","background-attachment":"scroll","background-type":"","background-media":"","overlay-type":"","overlay-color":"","overlay-opacity":"","overlay-gradient":""}},"ast-content-background-meta":{"desktop":{"background-color":"var(--ast-global-color-5)","background-image":"","background-repeat":"repeat","background-position":"center center","background-size":"auto","background-attachment":"scroll","background-type":"","background-media":"","overlay-type":"","overlay-color":"","overlay-opacity":"","overlay-gradient":""},"tablet":{"background-color":"var(--ast-global-color-5)","background-image":"","background-repeat":"repeat","background-position":"center center","background-size":"auto","background-attachment":"scroll","background-type":"","background-media":"","overlay-type":"","overlay-color":"","overlay-opacity":"","overlay-gradient":""},"mobile":{"background-color":"var(--ast-global-color-5)","background-image":"","background-repeat":"repeat","background-position":"center center","background-size":"auto","background-attachment":"scroll","background-type":"","background-media":"","overlay-type":"","overlay-color":"","overlay-opacity":"","overlay-gradient":""}}},"product_brand":[1372],"product_cat":[15],"product_tag":[],"class_list":{"0":"post-17963","1":"product","2":"type-product","3":"status-publish","4":"has-post-thumbnail","6":"product_brand-benamiel","7":"product_cat-sin-categorizar","8":"desktop-align-left","9":"tablet-align-left","10":"mobile-align-left","12":"first","13":"instock","14":"taxable","15":"shipping-taxable","16":"purchasable","17":"product-type-simple"},"_links":{"self":[{"href":"https:\/\/andalubox.com\/fr\/wp-json\/wp\/v2\/product\/17963","targetHints":{"allow":["GET"]}}],"collection":[{"href":"https:\/\/andalubox.com\/fr\/wp-json\/wp\/v2\/product"}],"about":[{"href":"https:\/\/andalubox.com\/fr\/wp-json\/wp\/v2\/types\/product"}],"replies":[{"embeddable":true,"href":"https:\/\/andalubox.com\/fr\/wp-json\/wp\/v2\/comments?post=17963"}],"wp:featuredmedia":[{"embeddable":true,"href":"https:\/\/andalubox.com\/fr\/wp-json\/wp\/v2\/media\/17952"}],"wp:attachment":[{"href":"https:\/\/andalubox.com\/fr\/wp-json\/wp\/v2\/media?parent=17963"}],"wp:term":[{"taxonomy":"product_brand","embeddable":true,"href":"https:\/\/andalubox.com\/fr\/wp-json\/wp\/v2\/product_brand?post=17963"},{"taxonomy":"product_cat","embeddable":true,"href":"https:\/\/andalubox.com\/fr\/wp-json\/wp\/v2\/product_cat?post=17963"},{"taxonomy":"product_tag","embeddable":true,"href":"https:\/\/andalubox.com\/fr\/wp-json\/wp\/v2\/product_tag?post=17963"}],"curies":[{"name":"wp","href":"https:\/\/api.w.org\/{rel}","templated":true}]}}