{"id":17939,"date":"2025-02-18T12:43:00","date_gmt":"2025-02-18T11:43:00","guid":{"rendered":"https:\/\/andalubox.com\/producto-andaluz\/miel-de-benamiel-aux-noix-de-la-sierra-de-grazalema-cadix-t-280-g\/"},"modified":"2026-01-27T16:42:49","modified_gmt":"2026-01-27T15:42:49","slug":"miel-de-benamiel-aux-noix-de-la-sierra-de-grazalema-cadix-t-280-g","status":"publish","type":"product","link":"https:\/\/andalubox.com\/fr\/producto-andaluz\/miel-de-benamiel-aux-noix-de-la-sierra-de-grazalema-cadix-t-280-g\/","title":{"rendered":"Miel de Benamiel aux noix de la Sierra de Grazalema Cadix, 280g"},"content":{"rendered":"<p>Miel de Benamiel aux noix de la Sierra de Grazalema Cadix, 280g<\/p>\n<p>La marque <strong data-start=\"85\" data-end=\"97\">Benamiel<\/strong>, originaire de la <strong data-start=\"116\" data-end=\"139\">Sierra de Grazalema<\/strong>, une r\u00e9gion r\u00e9put\u00e9e pour sa biodiversit\u00e9 et la qualit\u00e9 de ses produits naturels. Il s&#8217;agit d&#8217;une combinaison exquise et <strong data-start=\"263\" data-end=\"279\">100 % naturelle<\/strong>, dans laquelle le miel d&#8217;abeille pur agit comme un conservateur naturel pour les noix, leur permettant de conserver leur fra\u00eecheur et leur saveur tout en \u00e9tant impr\u00e9gn\u00e9es de la douceur du miel. <br><br>Le <strong data-start=\"1101\" data-end=\"1129\">miel de Benamiel aux noix<\/strong> est un produit gastronomique de haute qualit\u00e9, fait \u00e0 la main et sans additifs, parfait pour les amateurs de saveurs authentiques et saines.<\/p>\n<p>Le miel aux noix de la marque <b>Benamiel<\/b> est un produit artisanal qui associe la douceur naturelle du miel de la <b>Sierra de Grazalema<\/b> \u00e0 la texture et \u00e0 la saveur incomparables des noix. Ce produit n&#8217;est pas seulement un d\u00e9lice, mais aussi une source d&#8217;\u00e9nergie et de nutriments. <\/p>\n<h4>Caract\u00e9ristiques principales<\/h4>\n<ul>\n\t<li>\n<p><b>Ingr\u00e9dients :<\/b> Miel pur de la Sierra de Grazalema (g\u00e9n\u00e9ralement de mille fleurs) et noix enti\u00e8res ou hach\u00e9es.<\/p>\n<\/li>\n\t<li>\n<p><b>Origine :<\/b> Le miel provient de ruches situ\u00e9es dans la Sierra de Grazalema, un environnement naturel o\u00f9 la flore sauvage est tr\u00e8s vari\u00e9e. Les noix, quant \u00e0 elles, sont soigneusement s\u00e9lectionn\u00e9es afin de garantir leur qualit\u00e9 optimale, ce qui leur conf\u00e8re leur saveur et leur croquant. <\/p>\n<\/li>\n\t<li>\n<p><b>Go\u00fbt :<\/b> Le miel a un go\u00fbt floral et sucr\u00e9, avec des nuances qui varient selon la saison. Les noix, avec leur saveur terreuse et leur l\u00e9g\u00e8re amertume, \u00e9quilibrent parfaitement la douceur du miel, cr\u00e9ant ainsi une combinaison harmonieuse et d\u00e9licieuse. <\/p>\n<\/li>\n\t<li>\n<p><b>Texture :<\/b> Il s&#8217;agit d&#8217;un m\u00e9lange dense et onctueux, les noix \u00e9tant immerg\u00e9es dans le miel, ce qui lui conf\u00e8re une texture croquante qui contraste avec l&#8217;onctuosit\u00e9 du liquide dor\u00e9.<\/p>\n<\/li>\n<\/ul>\n<h4>Accords avec les aliments et utilisations culinaires<\/h4>\n<p>Le miel de noix est un produit polyvalent qui peut \u00eatre appr\u00e9ci\u00e9 de multiples fa\u00e7ons.<\/p>\n<ul>\n\t<li>\n<p><b>Avec les fromages :<\/b> Il s&#8217;agit d&#8217;un accord classique et d\u00e9licieux. Il se marie particuli\u00e8rement bien avec les fromages <b>affin\u00e9s<\/b>, les fromages bleus et les fromages de ch\u00e8vre, car la douceur du miel et la saveur des noix rehaussent les ar\u00f4mes intenses du fromage. <\/p>\n<\/li>\n\t<li>\n<p><b>Pour le petit-d\u00e9jeuner et les desserts :<\/b> id\u00e9al pour tartiner les toasts, les cr\u00eapes, ou pour accompagner les yaourts naturels et les glaces \u00e0 la vanille, en apportant une touche de saveur et de texture.<\/p>\n<\/li>\n\t<li>\n<p><b>En cuisine sal\u00e9e :<\/b> il peut \u00eatre utilis\u00e9 pour glacer les viandes de porc ou de canard, ou pour ajouter une touche aigre-douce aux salades de fromage de ch\u00e8vre.<\/p>\n<\/li>\n<\/ul>","protected":false},"excerpt":{"rendered":"<p>Le <strong data-start=\"1311\" data-end=\"1339\">miel de Benamiel aux noix<\/strong> est une d\u00e9licieuse combinaison <strong data-start=\"1369\" data-end=\"1385\">100 % naturelle<\/strong> de miel pur et de noix enti\u00e8res de la <strong data-start=\"1422\" data-end=\"1445\">Sierra de Grazalema<\/strong>. Id\u00e9al seul ou en accompagnement de desserts et de plats gastronomiques, il se distingue par sa saveur authentique et sa grande valeur nutritionnelle. <\/p>\n","protected":false},"featured_media":17934,"comment_status":"open","ping_status":"closed","template":"","meta":{"site-sidebar-layout":"default","site-content-layout":"","ast-site-content-layout":"default","site-content-style":"default","site-sidebar-style":"default","ast-global-header-display":"","ast-banner-title-visibility":"","ast-main-header-display":"","ast-hfb-above-header-display":"","ast-hfb-below-header-display":"","ast-hfb-mobile-header-display":"","site-post-title":"","ast-breadcrumbs-content":"","ast-featured-img":"","footer-sml-layout":"","ast-disable-related-posts":"","theme-transparent-header-meta":"default","adv-header-id-meta":"","stick-header-meta":"","header-above-stick-meta":"","header-main-stick-meta":"","header-below-stick-meta":"","astra-migrate-meta-layouts":"default","ast-page-background-enabled":"default","ast-page-background-meta":{"desktop":{"background-color":"var(--ast-global-color-4)","background-image":"","background-repeat":"repeat","background-position":"center center","background-size":"auto","background-attachment":"scroll","background-type":"","background-media":"","overlay-type":"","overlay-color":"","overlay-opacity":"","overlay-gradient":""},"tablet":{"background-color":"","background-image":"","background-repeat":"repeat","background-position":"center center","background-size":"auto","background-attachment":"scroll","background-type":"","background-media":"","overlay-type":"","overlay-color":"","overlay-opacity":"","overlay-gradient":""},"mobile":{"background-color":"","background-image":"","background-repeat":"repeat","background-position":"center center","background-size":"auto","background-attachment":"scroll","background-type":"","background-media":"","overlay-type":"","overlay-color":"","overlay-opacity":"","overlay-gradient":""}},"ast-content-background-meta":{"desktop":{"background-color":"var(--ast-global-color-5)","background-image":"","background-repeat":"repeat","background-position":"center center","background-size":"auto","background-attachment":"scroll","background-type":"","background-media":"","overlay-type":"","overlay-color":"","overlay-opacity":"","overlay-gradient":""},"tablet":{"background-color":"var(--ast-global-color-5)","background-image":"","background-repeat":"repeat","background-position":"center center","background-size":"auto","background-attachment":"scroll","background-type":"","background-media":"","overlay-type":"","overlay-color":"","overlay-opacity":"","overlay-gradient":""},"mobile":{"background-color":"var(--ast-global-color-5)","background-image":"","background-repeat":"repeat","background-position":"center center","background-size":"auto","background-attachment":"scroll","background-type":"","background-media":"","overlay-type":"","overlay-color":"","overlay-opacity":"","overlay-gradient":""}}},"product_brand":[1372],"product_cat":[15],"product_tag":[],"class_list":{"0":"post-17939","1":"product","2":"type-product","3":"status-publish","4":"has-post-thumbnail","6":"product_brand-benamiel","7":"product_cat-sin-categorizar","8":"desktop-align-left","9":"tablet-align-left","10":"mobile-align-left","12":"first","13":"instock","14":"taxable","15":"shipping-taxable","16":"purchasable","17":"product-type-simple"},"_links":{"self":[{"href":"https:\/\/andalubox.com\/fr\/wp-json\/wp\/v2\/product\/17939","targetHints":{"allow":["GET"]}}],"collection":[{"href":"https:\/\/andalubox.com\/fr\/wp-json\/wp\/v2\/product"}],"about":[{"href":"https:\/\/andalubox.com\/fr\/wp-json\/wp\/v2\/types\/product"}],"replies":[{"embeddable":true,"href":"https:\/\/andalubox.com\/fr\/wp-json\/wp\/v2\/comments?post=17939"}],"wp:featuredmedia":[{"embeddable":true,"href":"https:\/\/andalubox.com\/fr\/wp-json\/wp\/v2\/media\/17934"}],"wp:attachment":[{"href":"https:\/\/andalubox.com\/fr\/wp-json\/wp\/v2\/media?parent=17939"}],"wp:term":[{"taxonomy":"product_brand","embeddable":true,"href":"https:\/\/andalubox.com\/fr\/wp-json\/wp\/v2\/product_brand?post=17939"},{"taxonomy":"product_cat","embeddable":true,"href":"https:\/\/andalubox.com\/fr\/wp-json\/wp\/v2\/product_cat?post=17939"},{"taxonomy":"product_tag","embeddable":true,"href":"https:\/\/andalubox.com\/fr\/wp-json\/wp\/v2\/product_tag?post=17939"}],"curies":[{"name":"wp","href":"https:\/\/api.w.org\/{rel}","templated":true}]}}