{"id":17285,"date":"2025-01-17T15:06:25","date_gmt":"2025-01-17T14:06:25","guid":{"rendered":"https:\/\/andalubox.com\/producto-andaluz\/flor-de-antequera-malaga-palmes-blanches-farcies-a-la-noisette-280-gr-etui\/"},"modified":"2025-06-13T20:37:36","modified_gmt":"2025-06-13T18:37:36","slug":"flor-de-antequera-malaga-palmes-blanches-farcies-a-la-noisette-280-gr-etui","status":"publish","type":"product","link":"https:\/\/andalubox.com\/fr\/producto-andaluz\/flor-de-antequera-malaga-palmes-blanches-farcies-a-la-noisette-280-gr-etui\/","title":{"rendered":"Flor de Antequera (Malaga) Palmeras blanches farcies aux noisettes, \u00e9tui 280g"},"content":{"rendered":"<p>La Palmera Blanca fourr\u00e9e aux noisettes d&#8217;Uni\u00f3nMels, pr\u00e9sent\u00e9e dans un blister pratique de 280 g, combine la p\u00e2te feuillet\u00e9e traditionnelle &#8211; l\u00e9g\u00e8re et croustillante &#8211; avec un doux gla\u00e7age blanc qui rehausse son aspect app\u00e9tissant. \u00c0 l&#8217;int\u00e9rieur, elle renferme une cr\u00e8me de noisettes cr\u00e9meuse et savoureuse, cr\u00e9ant un \u00e9quilibre unique entre la texture croustillante de la palme et l&#8217;onctuosit\u00e9 de la garniture. <\/p>\n<p>Cette friandise est id\u00e9ale pour le petit-d\u00e9jeuner, le go\u00fbter ou le dessert lors de r\u00e9unions et de c\u00e9l\u00e9brations. Son format blister facilite son stockage et son transport, tout en garantissant une fra\u00eecheur intacte. Avec la garantie de qualit\u00e9 Uni\u00f3nMels, chaque bouch\u00e9e de ce palmier devient un plaisir gourmand, con\u00e7u pour plaire aux amateurs de confiserie traditionnelle avec une touche irr\u00e9sistible de noisette.  <\/p>","protected":false},"excerpt":{"rendered":"<p>La Palmera Blanca d&#8217;Uni\u00f3nMels fourr\u00e9e aux noisettes (280 g, format blister) est une p\u00e2te feuillet\u00e9e croustillante recouverte d&#8217;un d\u00e9licat gla\u00e7age blanc et fourr\u00e9e d&#8217;une onctueuse cr\u00e8me de noisettes. Un en-cas sucr\u00e9 et tentant, parfait pour accompagner un caf\u00e9 ou pour \u00eatre d\u00e9gust\u00e9 en toute occasion. <\/p>\n","protected":false},"featured_media":30240,"comment_status":"open","ping_status":"closed","template":"","meta":{"site-sidebar-layout":"default","site-content-layout":"","ast-site-content-layout":"default","site-content-style":"default","site-sidebar-style":"default","ast-global-header-display":"","ast-banner-title-visibility":"","ast-main-header-display":"","ast-hfb-above-header-display":"","ast-hfb-below-header-display":"","ast-hfb-mobile-header-display":"","site-post-title":"","ast-breadcrumbs-content":"","ast-featured-img":"","footer-sml-layout":"","ast-disable-related-posts":"","theme-transparent-header-meta":"default","adv-header-id-meta":"","stick-header-meta":"","header-above-stick-meta":"","header-main-stick-meta":"","header-below-stick-meta":"","astra-migrate-meta-layouts":"default","ast-page-background-enabled":"default","ast-page-background-meta":{"desktop":{"background-color":"var(--ast-global-color-4)","background-image":"","background-repeat":"repeat","background-position":"center center","background-size":"auto","background-attachment":"scroll","background-type":"","background-media":"","overlay-type":"","overlay-color":"","overlay-opacity":"","overlay-gradient":""},"tablet":{"background-color":"","background-image":"","background-repeat":"repeat","background-position":"center center","background-size":"auto","background-attachment":"scroll","background-type":"","background-media":"","overlay-type":"","overlay-color":"","overlay-opacity":"","overlay-gradient":""},"mobile":{"background-color":"","background-image":"","background-repeat":"repeat","background-position":"center center","background-size":"auto","background-attachment":"scroll","background-type":"","background-media":"","overlay-type":"","overlay-color":"","overlay-opacity":"","overlay-gradient":""}},"ast-content-background-meta":{"desktop":{"background-color":"var(--ast-global-color-5)","background-image":"","background-repeat":"repeat","background-position":"center center","background-size":"auto","background-attachment":"scroll","background-type":"","background-media":"","overlay-type":"","overlay-color":"","overlay-opacity":"","overlay-gradient":""},"tablet":{"background-color":"var(--ast-global-color-5)","background-image":"","background-repeat":"repeat","background-position":"center center","background-size":"auto","background-attachment":"scroll","background-type":"","background-media":"","overlay-type":"","overlay-color":"","overlay-opacity":"","overlay-gradient":""},"mobile":{"background-color":"var(--ast-global-color-5)","background-image":"","background-repeat":"repeat","background-position":"center center","background-size":"auto","background-attachment":"scroll","background-type":"","background-media":"","overlay-type":"","overlay-color":"","overlay-opacity":"","overlay-gradient":""}}},"product_brand":[1143],"product_cat":[15],"product_tag":[],"class_list":{"0":"post-17285","1":"product","2":"type-product","3":"status-publish","4":"has-post-thumbnail","6":"product_brand-flor-de-antequera","7":"product_cat-sin-categorizar","8":"desktop-align-left","9":"tablet-align-left","10":"mobile-align-left","12":"first","13":"outofstock","14":"taxable","15":"shipping-taxable","16":"purchasable","17":"product-type-simple"},"_links":{"self":[{"href":"https:\/\/andalubox.com\/fr\/wp-json\/wp\/v2\/product\/17285","targetHints":{"allow":["GET"]}}],"collection":[{"href":"https:\/\/andalubox.com\/fr\/wp-json\/wp\/v2\/product"}],"about":[{"href":"https:\/\/andalubox.com\/fr\/wp-json\/wp\/v2\/types\/product"}],"replies":[{"embeddable":true,"href":"https:\/\/andalubox.com\/fr\/wp-json\/wp\/v2\/comments?post=17285"}],"wp:featuredmedia":[{"embeddable":true,"href":"https:\/\/andalubox.com\/fr\/wp-json\/wp\/v2\/media\/30240"}],"wp:attachment":[{"href":"https:\/\/andalubox.com\/fr\/wp-json\/wp\/v2\/media?parent=17285"}],"wp:term":[{"taxonomy":"product_brand","embeddable":true,"href":"https:\/\/andalubox.com\/fr\/wp-json\/wp\/v2\/product_brand?post=17285"},{"taxonomy":"product_cat","embeddable":true,"href":"https:\/\/andalubox.com\/fr\/wp-json\/wp\/v2\/product_cat?post=17285"},{"taxonomy":"product_tag","embeddable":true,"href":"https:\/\/andalubox.com\/fr\/wp-json\/wp\/v2\/product_tag?post=17285"}],"curies":[{"name":"wp","href":"https:\/\/api.w.org\/{rel}","templated":true}]}}