{"id":17267,"date":"2025-01-17T14:59:59","date_gmt":"2025-01-17T13:59:59","guid":{"rendered":"https:\/\/andalubox.com\/producto-andaluz\/fleur-dantequera-et-tuiles-de-malaga-dans-une-boite-de-225-gr\/"},"modified":"2025-09-23T22:05:59","modified_gmt":"2025-09-23T20:05:59","slug":"fleur-dantequera-et-tuiles-de-malaga-dans-une-boite-de-225-gr","status":"publish","type":"product","link":"https:\/\/andalubox.com\/fr\/producto-andaluz\/fleur-dantequera-et-tuiles-de-malaga-dans-une-boite-de-225-gr\/","title":{"rendered":"Flor de Antequera Tejas Malague\u00f1as Case 225g"},"content":{"rendered":"<p>Flor de Antequera Tejas Malague\u00f1as Case 225g<\/p>\n<p>Les Tejas, pr\u00e9sent\u00e9s dans un blister pratique de 225 grammes, sont le r\u00e9sultat d&#8217;un processus artisanal m\u00e9ticuleux au cours duquel la farine, le sucre et les amandes s\u00e9lectionn\u00e9es sont combin\u00e9s pour obtenir un en-cas croquant et d\u00e9licat. Ces feuilles dor\u00e9es, aux bords l\u00e9g\u00e8rement incurv\u00e9s, font partie de la tradition boulang\u00e8re espagnole, \u00e9voquant la chaleur des recettes maison et le soin apport\u00e9 aux petits d\u00e9tails. <\/p>\n<p>La saveur d&#8217;amande pr\u00e9dominante, rehauss\u00e9e par la douceur subtile du caramel, fond dans chaque bouch\u00e9e avec une texture l\u00e9g\u00e8re et friable qui invite \u00e0 la r\u00e9p\u00e9tition. Gr\u00e2ce \u00e0 leur format, ces Tejas restent frais et pr\u00eats \u00e0 \u00eatre d\u00e9gust\u00e9s \u00e0 tout moment, que ce soit pour accompagner une tasse de caf\u00e9 ou pour couronner un dessert plus \u00e9labor\u00e9. \u00c0 chaque bouch\u00e9e, vous pouvez appr\u00e9cier le d\u00e9vouement d&#8217;Uni\u00f3nMels \u00e0 offrir un produit de qualit\u00e9 qui r\u00e9cup\u00e8re l&#8217;essence de la confiserie traditionnelle.  <\/p>\n<p>&nbsp;<\/p>\n<p>&nbsp;<\/p>","protected":false},"excerpt":{"rendered":"<p>Les UnionMels Tejas sont des bonbons croquants fabriqu\u00e9s de mani\u00e8re traditionnelle, avec un m\u00e9lange \u00e9quilibr\u00e9 d&#8217;ingr\u00e9dients de haute qualit\u00e9. Leur texture fine et leur agr\u00e9able go\u00fbt d&#8217;amande en font un accompagnement parfait pour le caf\u00e9 ou le th\u00e9, ainsi qu&#8217;une d\u00e9licieuse friandise \u00e0 tout moment de la journ\u00e9e. <\/p>\n","protected":false},"featured_media":30252,"template":"","meta":{"site-sidebar-layout":"default","site-content-layout":"","ast-site-content-layout":"default","site-content-style":"default","site-sidebar-style":"default","ast-global-header-display":"","ast-banner-title-visibility":"","ast-main-header-display":"","ast-hfb-above-header-display":"","ast-hfb-below-header-display":"","ast-hfb-mobile-header-display":"","site-post-title":"","ast-breadcrumbs-content":"","ast-featured-img":"","footer-sml-layout":"","ast-disable-related-posts":"","theme-transparent-header-meta":"default","adv-header-id-meta":"","stick-header-meta":"","header-above-stick-meta":"","header-main-stick-meta":"","header-below-stick-meta":"","astra-migrate-meta-layouts":"default","ast-page-background-enabled":"default","ast-page-background-meta":{"desktop":{"background-color":"var(--ast-global-color-4)","background-image":"","background-repeat":"repeat","background-position":"center center","background-size":"auto","background-attachment":"scroll","background-type":"","background-media":"","overlay-type":"","overlay-color":"","overlay-opacity":"","overlay-gradient":""},"tablet":{"background-color":"","background-image":"","background-repeat":"repeat","background-position":"center center","background-size":"auto","background-attachment":"scroll","background-type":"","background-media":"","overlay-type":"","overlay-color":"","overlay-opacity":"","overlay-gradient":""},"mobile":{"background-color":"","background-image":"","background-repeat":"repeat","background-position":"center center","background-size":"auto","background-attachment":"scroll","background-type":"","background-media":"","overlay-type":"","overlay-color":"","overlay-opacity":"","overlay-gradient":""}},"ast-content-background-meta":{"desktop":{"background-color":"var(--ast-global-color-5)","background-image":"","background-repeat":"repeat","background-position":"center center","background-size":"auto","background-attachment":"scroll","background-type":"","background-media":"","overlay-type":"","overlay-color":"","overlay-opacity":"","overlay-gradient":""},"tablet":{"background-color":"var(--ast-global-color-5)","background-image":"","background-repeat":"repeat","background-position":"center center","background-size":"auto","background-attachment":"scroll","background-type":"","background-media":"","overlay-type":"","overlay-color":"","overlay-opacity":"","overlay-gradient":""},"mobile":{"background-color":"var(--ast-global-color-5)","background-image":"","background-repeat":"repeat","background-position":"center center","background-size":"auto","background-attachment":"scroll","background-type":"","background-media":"","overlay-type":"","overlay-color":"","overlay-opacity":"","overlay-gradient":""}}},"product_brand":[1143],"product_cat":[],"product_tag":[],"class_list":{"0":"post-17267","1":"product","2":"type-product","3":"status-publish","4":"has-post-thumbnail","6":"product_brand-flor-de-antequera","7":"desktop-align-left","8":"tablet-align-left","9":"mobile-align-left","11":"first","12":"outofstock","13":"taxable","14":"shipping-taxable","15":"purchasable","16":"product-type-simple"},"_links":{"self":[{"href":"https:\/\/andalubox.com\/fr\/wp-json\/wp\/v2\/product\/17267","targetHints":{"allow":["GET"]}}],"collection":[{"href":"https:\/\/andalubox.com\/fr\/wp-json\/wp\/v2\/product"}],"about":[{"href":"https:\/\/andalubox.com\/fr\/wp-json\/wp\/v2\/types\/product"}],"wp:featuredmedia":[{"embeddable":true,"href":"https:\/\/andalubox.com\/fr\/wp-json\/wp\/v2\/media\/30252"}],"wp:attachment":[{"href":"https:\/\/andalubox.com\/fr\/wp-json\/wp\/v2\/media?parent=17267"}],"wp:term":[{"taxonomy":"product_brand","embeddable":true,"href":"https:\/\/andalubox.com\/fr\/wp-json\/wp\/v2\/product_brand?post=17267"},{"taxonomy":"product_cat","embeddable":true,"href":"https:\/\/andalubox.com\/fr\/wp-json\/wp\/v2\/product_cat?post=17267"},{"taxonomy":"product_tag","embeddable":true,"href":"https:\/\/andalubox.com\/fr\/wp-json\/wp\/v2\/product_tag?post=17267"}],"curies":[{"name":"wp","href":"https:\/\/api.w.org\/{rel}","templated":true}]}}