{"id":17247,"date":"2025-01-17T13:00:07","date_gmt":"2025-01-17T12:00:07","guid":{"rendered":"https:\/\/andalubox.com\/producto-andaluz\/rey-de-oros-barbate-maquereau-rogue-rr-125\/"},"modified":"2026-01-27T16:42:55","modified_gmt":"2026-01-27T15:42:55","slug":"rey-de-oros-barbate-maquereau-rogue-rr-125","status":"publish","type":"product","link":"https:\/\/andalubox.com\/fr\/producto-andaluz\/rey-de-oros-barbate-maquereau-rogue-rr-125\/","title":{"rendered":"El Rey de Oros Barbate \u0152ufs de maquereau 125g"},"content":{"rendered":"<p>Les \u0153ufs de maquereau Rey de Oros Barbate 125 g sont \u00e9labor\u00e9s \u00e0 partir de maquereaux soigneusement s\u00e9lectionn\u00e9s sur la c\u00f4te du sud de l&#8217;Espagne. Apr\u00e8s un nettoyage et un processus d&#8217;extraction m\u00e9ticuleux, les \u0153ufs subissent un traitement artisanal qui pr\u00e9serve leur texture ferme et renforce leur go\u00fbt authentique de la mer. Le r\u00e9sultat est un produit gourmet, aux nuances salines subtiles et \u00e0 l&#8217;ar\u00f4me incomparable.  <\/p>\n<p>Outre son go\u00fbt exquis, ces \u0153ufs sont une source naturelle de prot\u00e9ines de haute qualit\u00e9 et d&#8217;acides gras om\u00e9ga-3, essentiels \u00e0 une alimentation \u00e9quilibr\u00e9e. Sa polyvalence culinaire permet de le d\u00e9guster en tranches avec un peu d&#8217;huile d&#8217;olive et de citron, de l&#8217;incorporer \u00e0 des salades fra\u00eeches ou de l&#8217;utiliser comme ingr\u00e9dient principal dans des plats traditionnels andalous. Avec la garantie d&#8217;El Rey de Oros, chaque bouch\u00e9e refl\u00e8te le soin et le d\u00e9vouement d&#8217;une entreprise engag\u00e9e dans l&#8217;excellence du secteur des conserves de fruits de mer.  <\/p>","protected":false},"excerpt":{"rendered":"<p>Le maquereau El Rey de Oros est un d\u00e9licat morceau de mer qui se distingue par sa texture ferme et sa saveur intense. Il est parfait pour \u00eatre d\u00e9gust\u00e9 en hors-d&#8217;\u0153uvre, en salade ou comme protagoniste de recettes traditionnelles, offrant un apport nutritionnel notable en prot\u00e9ines et en acides gras sains.<\/p>\n","protected":false},"featured_media":31434,"comment_status":"open","ping_status":"closed","template":"","meta":{"site-sidebar-layout":"default","site-content-layout":"","ast-site-content-layout":"default","site-content-style":"default","site-sidebar-style":"default","ast-global-header-display":"","ast-banner-title-visibility":"","ast-main-header-display":"","ast-hfb-above-header-display":"","ast-hfb-below-header-display":"","ast-hfb-mobile-header-display":"","site-post-title":"","ast-breadcrumbs-content":"","ast-featured-img":"","footer-sml-layout":"","ast-disable-related-posts":"","theme-transparent-header-meta":"default","adv-header-id-meta":"","stick-header-meta":"","header-above-stick-meta":"","header-main-stick-meta":"","header-below-stick-meta":"","astra-migrate-meta-layouts":"default","ast-page-background-enabled":"default","ast-page-background-meta":{"desktop":{"background-color":"var(--ast-global-color-4)","background-image":"","background-repeat":"repeat","background-position":"center center","background-size":"auto","background-attachment":"scroll","background-type":"","background-media":"","overlay-type":"","overlay-color":"","overlay-opacity":"","overlay-gradient":""},"tablet":{"background-color":"","background-image":"","background-repeat":"repeat","background-position":"center center","background-size":"auto","background-attachment":"scroll","background-type":"","background-media":"","overlay-type":"","overlay-color":"","overlay-opacity":"","overlay-gradient":""},"mobile":{"background-color":"","background-image":"","background-repeat":"repeat","background-position":"center center","background-size":"auto","background-attachment":"scroll","background-type":"","background-media":"","overlay-type":"","overlay-color":"","overlay-opacity":"","overlay-gradient":""}},"ast-content-background-meta":{"desktop":{"background-color":"var(--ast-global-color-5)","background-image":"","background-repeat":"repeat","background-position":"center center","background-size":"auto","background-attachment":"scroll","background-type":"","background-media":"","overlay-type":"","overlay-color":"","overlay-opacity":"","overlay-gradient":""},"tablet":{"background-color":"var(--ast-global-color-5)","background-image":"","background-repeat":"repeat","background-position":"center center","background-size":"auto","background-attachment":"scroll","background-type":"","background-media":"","overlay-type":"","overlay-color":"","overlay-opacity":"","overlay-gradient":""},"mobile":{"background-color":"var(--ast-global-color-5)","background-image":"","background-repeat":"repeat","background-position":"center center","background-size":"auto","background-attachment":"scroll","background-type":"","background-media":"","overlay-type":"","overlay-color":"","overlay-opacity":"","overlay-gradient":""}}},"product_brand":[],"product_cat":[276],"product_tag":[],"class_list":{"0":"post-17247","1":"product","2":"type-product","3":"status-publish","4":"has-post-thumbnail","6":"product_cat-chevreuil","7":"desktop-align-left","8":"tablet-align-left","9":"mobile-align-left","11":"first","12":"instock","13":"taxable","14":"shipping-taxable","15":"purchasable","16":"product-type-simple"},"_links":{"self":[{"href":"https:\/\/andalubox.com\/fr\/wp-json\/wp\/v2\/product\/17247","targetHints":{"allow":["GET"]}}],"collection":[{"href":"https:\/\/andalubox.com\/fr\/wp-json\/wp\/v2\/product"}],"about":[{"href":"https:\/\/andalubox.com\/fr\/wp-json\/wp\/v2\/types\/product"}],"replies":[{"embeddable":true,"href":"https:\/\/andalubox.com\/fr\/wp-json\/wp\/v2\/comments?post=17247"}],"wp:featuredmedia":[{"embeddable":true,"href":"https:\/\/andalubox.com\/fr\/wp-json\/wp\/v2\/media\/31434"}],"wp:attachment":[{"href":"https:\/\/andalubox.com\/fr\/wp-json\/wp\/v2\/media?parent=17247"}],"wp:term":[{"taxonomy":"product_brand","embeddable":true,"href":"https:\/\/andalubox.com\/fr\/wp-json\/wp\/v2\/product_brand?post=17247"},{"taxonomy":"product_cat","embeddable":true,"href":"https:\/\/andalubox.com\/fr\/wp-json\/wp\/v2\/product_cat?post=17247"},{"taxonomy":"product_tag","embeddable":true,"href":"https:\/\/andalubox.com\/fr\/wp-json\/wp\/v2\/product_tag?post=17247"}],"curies":[{"name":"wp","href":"https:\/\/api.w.org\/{rel}","templated":true}]}}