{"id":17222,"date":"2025-01-17T12:41:12","date_gmt":"2025-01-17T11:41:12","guid":{"rendered":"https:\/\/andalubox.com\/producto-andaluz\/salade-dalgues-porto-muinos-a-lhuile-dolive-biologique-boite-120g\/"},"modified":"2026-01-27T16:42:55","modified_gmt":"2026-01-27T15:42:55","slug":"salade-dalgues-porto-muinos-a-lhuile-dolive-biologique-boite-120g","status":"publish","type":"product","link":"https:\/\/andalubox.com\/fr\/producto-andaluz\/salade-dalgues-porto-muinos-a-lhuile-dolive-biologique-boite-120g\/","title":{"rendered":"Salade d&#8217;algues Porto Mui\u00f1os \u00e0 l&#8217;huile d&#8217;olive biologique 120g"},"content":{"rendered":"<p>La salade d&#8217;algues Porto Mui\u00f1os \u00e0 l&#8217;huile d&#8217;olive biologique 120 g allie la richesse des tr\u00e9sors marins de la c\u00f4te galicienne \u00e0 l&#8217;onctuosit\u00e9 de l&#8217;huile d&#8217;olive extra vierge biologique. Chaque algue &#8211; s\u00e9lectionn\u00e9e pour sa saveur et sa texture &#8211; est soigneusement nettoy\u00e9e et pr\u00e9par\u00e9e pour pr\u00e9server ses propri\u00e9t\u00e9s nutritionnelles et sa touche marine caract\u00e9ristique. L&#8217;association avec l&#8217;huile d&#8217;olive biologique permet d&#8217;obtenir une salade aux nuances \u00e9quilibr\u00e9es, o\u00f9 les notes salines des algues s&#8217;harmonisent avec la saveur fruit\u00e9e et d\u00e9licate de l&#8217;huile.  <\/p>\n<p>La salade d&#8217;algues Porto Mui\u00f1os \u00e0 l&#8217;huile d&#8217;olive biologique 120g est une combinaison de trois algues diff\u00e9rentes, ce qui lui conf\u00e8re une vari\u00e9t\u00e9 de textures et de saveurs :<\/p>\n<ul>\n\t<li>\n<p><b>Algues utilis\u00e9es :<\/b><\/p>\n<ol start=\"1\">\n\t<li>\n<p><b>Wakame<\/b><i>(Undaria pinnatifida<\/i>) : apporte de la douceur.<\/p>\n<\/li>\n\t<li>\n<p><b>Kombu<\/b><i>(Laminaria spp.<\/i> ou <i>ochroleuca<\/i>) : procure une saveur intense et une texture plus charnue.<\/p>\n<\/li>\n\t<li>\n<p><b>Spaghetti de mer<\/b><i>(Himanthalia elongata<\/i>) : donne une texture croquante et allong\u00e9e.<\/p>\n<\/li>\n<\/ol>\n<\/li>\n\t<li>\n<p><b>Assaisonnement :<\/b> L&#8217;assaisonnement est simple et utilise principalement de <b>l&#8217;huile d&#8217;olive extra vierge<\/b> (ainsi que de l&#8217;huile de tournesol et du sel marin dans le liquide de couverture) afin d&#8217;adoucir la saveur des fruits de mer et de faciliter leur consommation directe.<\/p>\n<\/li>\n\t<li>\n<p><b>Certification :<\/b> Le produit est certifi\u00e9 <b>BIO\/Organic (<\/b><b>ES-ECO-022-GA<\/b>), ce qui garantit que les algues et l&#8217;huile d&#8217;olive sont issues de l&#8217;agriculture\/production biologique.<\/p>\n<\/li>\n\t<li>\n<p><b>Format :<\/b> Emball\u00e9 dans une <b>bo\u00eete de<\/b> <b>120 g de<\/b> poids net (poids \u00e9goutt\u00e9 d&#8217;environ 90 g).<\/p>\n<\/li>\n<\/ul>","protected":false},"excerpt":{"rendered":"<p>La salade d&#8217;algues Porto Mui\u00f1os \u00e0 l&#8217;huile d&#8217;olive biologique 120 g associe diff\u00e9rentes algues cultiv\u00e9es de mani\u00e8re biologique \u00e0 de l&#8217;huile d&#8217;olive extra vierge biologique. Le r\u00e9sultat est un en-cas \u00e9quilibr\u00e9, frais et riche en nutriments, id\u00e9al pour servir d&#8217;entr\u00e9e ou pour donner une touche originale \u00e0 diff\u00e9rents plats. <\/p>\n","protected":false},"featured_media":31525,"comment_status":"open","ping_status":"closed","template":"","meta":{"site-sidebar-layout":"default","site-content-layout":"","ast-site-content-layout":"default","site-content-style":"default","site-sidebar-style":"default","ast-global-header-display":"","ast-banner-title-visibility":"","ast-main-header-display":"","ast-hfb-above-header-display":"","ast-hfb-below-header-display":"","ast-hfb-mobile-header-display":"","site-post-title":"","ast-breadcrumbs-content":"","ast-featured-img":"","footer-sml-layout":"","ast-disable-related-posts":"","theme-transparent-header-meta":"default","adv-header-id-meta":"","stick-header-meta":"","header-above-stick-meta":"","header-main-stick-meta":"","header-below-stick-meta":"","astra-migrate-meta-layouts":"default","ast-page-background-enabled":"default","ast-page-background-meta":{"desktop":{"background-color":"var(--ast-global-color-4)","background-image":"","background-repeat":"repeat","background-position":"center center","background-size":"auto","background-attachment":"scroll","background-type":"","background-media":"","overlay-type":"","overlay-color":"","overlay-opacity":"","overlay-gradient":""},"tablet":{"background-color":"","background-image":"","background-repeat":"repeat","background-position":"center center","background-size":"auto","background-attachment":"scroll","background-type":"","background-media":"","overlay-type":"","overlay-color":"","overlay-opacity":"","overlay-gradient":""},"mobile":{"background-color":"","background-image":"","background-repeat":"repeat","background-position":"center center","background-size":"auto","background-attachment":"scroll","background-type":"","background-media":"","overlay-type":"","overlay-color":"","overlay-opacity":"","overlay-gradient":""}},"ast-content-background-meta":{"desktop":{"background-color":"var(--ast-global-color-5)","background-image":"","background-repeat":"repeat","background-position":"center center","background-size":"auto","background-attachment":"scroll","background-type":"","background-media":"","overlay-type":"","overlay-color":"","overlay-opacity":"","overlay-gradient":""},"tablet":{"background-color":"var(--ast-global-color-5)","background-image":"","background-repeat":"repeat","background-position":"center center","background-size":"auto","background-attachment":"scroll","background-type":"","background-media":"","overlay-type":"","overlay-color":"","overlay-opacity":"","overlay-gradient":""},"mobile":{"background-color":"var(--ast-global-color-5)","background-image":"","background-repeat":"repeat","background-position":"center center","background-size":"auto","background-attachment":"scroll","background-type":"","background-media":"","overlay-type":"","overlay-color":"","overlay-opacity":"","overlay-gradient":""}}},"product_brand":[1367],"product_cat":[],"product_tag":[],"class_list":{"0":"post-17222","1":"product","2":"type-product","3":"status-publish","4":"has-post-thumbnail","6":"product_brand-porto-muinos","7":"desktop-align-left","8":"tablet-align-left","9":"mobile-align-left","11":"first","12":"instock","13":"taxable","14":"shipping-taxable","15":"purchasable","16":"product-type-simple"},"_links":{"self":[{"href":"https:\/\/andalubox.com\/fr\/wp-json\/wp\/v2\/product\/17222","targetHints":{"allow":["GET"]}}],"collection":[{"href":"https:\/\/andalubox.com\/fr\/wp-json\/wp\/v2\/product"}],"about":[{"href":"https:\/\/andalubox.com\/fr\/wp-json\/wp\/v2\/types\/product"}],"replies":[{"embeddable":true,"href":"https:\/\/andalubox.com\/fr\/wp-json\/wp\/v2\/comments?post=17222"}],"wp:featuredmedia":[{"embeddable":true,"href":"https:\/\/andalubox.com\/fr\/wp-json\/wp\/v2\/media\/31525"}],"wp:attachment":[{"href":"https:\/\/andalubox.com\/fr\/wp-json\/wp\/v2\/media?parent=17222"}],"wp:term":[{"taxonomy":"product_brand","embeddable":true,"href":"https:\/\/andalubox.com\/fr\/wp-json\/wp\/v2\/product_brand?post=17222"},{"taxonomy":"product_cat","embeddable":true,"href":"https:\/\/andalubox.com\/fr\/wp-json\/wp\/v2\/product_cat?post=17222"},{"taxonomy":"product_tag","embeddable":true,"href":"https:\/\/andalubox.com\/fr\/wp-json\/wp\/v2\/product_tag?post=17222"}],"curies":[{"name":"wp","href":"https:\/\/api.w.org\/{rel}","templated":true}]}}