{"id":17211,"date":"2025-01-17T12:35:18","date_gmt":"2025-01-17T11:35:18","guid":{"rendered":"https:\/\/andalubox.com\/producto-andaluz\/porto-muinos-salade-dalgues-japonaises-bio-120g-boite\/"},"modified":"2026-01-27T16:43:00","modified_gmt":"2026-01-27T15:43:00","slug":"porto-muinos-salade-dalgues-japonaises-bio-120g-boite","status":"publish","type":"product","link":"https:\/\/andalubox.com\/fr\/producto-andaluz\/porto-muinos-salade-dalgues-japonaises-bio-120g-boite\/","title":{"rendered":"Salade d&#8217;algues japonaises Porto Mui\u00f1os Bio 120g"},"content":{"rendered":"<p>La salade d&#8217;algues Porto Mui\u00f1os Japanese Style Bio 120g offre une fusion de saveurs et de textures n\u00e9e de la rencontre entre la tradition galicienne et les nuances de la cuisine japonaise. Les algues &#8211; soigneusement s\u00e9lectionn\u00e9es pour leur qualit\u00e9 et leur origine biologique &#8211; sont pr\u00e9par\u00e9es avec une vinaigrette douce \u00e0 base d&#8217;ingr\u00e9dients tels que le vinaigre de riz, la sauce soja et les \u00e9pices orientales, ce qui renforce la fra\u00eecheur et l'&#8221;umami&#8221; caract\u00e9ristique des l\u00e9gumes de mer. <\/p>\n<p>Cette salade d&#8217;algues combine un m\u00e9lange de trois \u00e9pices principales avec une vinaigrette qui lui donne une touche &#8220;japonaise&#8221; distinctive :<\/p>\n<ul>\n\t<li>\n<p><b>Algues utilis\u00e9es (en proportions variables) :<\/b><\/p>\n<ul>\n\t<li>\n<p><b>Wakame<\/b><i>(Undaria pinnatifida<\/i>)<\/p>\n<\/li>\n\t<li>\n<p><b>Kombu<\/b><i>(Laminaria spp.)<\/i><\/p>\n<\/li>\n\t<li>\n<p><b>Spaghetti de mer<\/b><i>(Himanthalia elongata<\/i>)<\/p>\n<\/li>\n<\/ul>\n<\/li>\n\t<li>\n<p><b>Assaisonnement japonais :<\/b> le m\u00e9lange d&#8217;algues est assaisonn\u00e9 de <b>sauce soja<\/b> et souvent d&#8217;une pointe de <b>s\u00e9same<\/b>, en plus des huiles (olive et tournesol) et du sel. Cet assaisonnement lui conf\u00e8re une saveur <b>umami<\/b> douce mais complexe, qui contraste avec la fra\u00eecheur de la mer. <\/p>\n<\/li>\n\t<li>\n<p><b>Format :<\/b> Emball\u00e9 dans une <b>bo\u00eete de<\/b> <b>120 g de<\/b> poids net (poids \u00e9goutt\u00e9 d&#8217;environ 90 g).<\/p>\n<\/li>\n\t<li>\n<p><b>Certification :<\/b> Elle poss\u00e8de le label de <b>production biologique<\/b> (BIO \/ ES-ECO-022-GA).<\/p>\n<\/li>\n<\/ul>","protected":false},"excerpt":{"rendered":"<p>La salade d&#8217;algues japonaises bio de Porto-Mui\u00f1os (bo\u00eete de 125 g) associe une s\u00e9lection d&#8217;algues cultiv\u00e9es de mani\u00e8re biologique \u00e0 une vinaigrette fra\u00eeche et aromatique d&#8217;inspiration japonaise. Elle est parfaite pour ceux qui veulent un plat l\u00e9ger, nutritif et plein de nuances d&#8217;umami. <\/p>\n<p>&nbsp;<\/p>\n","protected":false},"featured_media":31521,"comment_status":"open","ping_status":"closed","template":"","meta":{"site-sidebar-layout":"default","site-content-layout":"","ast-site-content-layout":"default","site-content-style":"default","site-sidebar-style":"default","ast-global-header-display":"","ast-banner-title-visibility":"","ast-main-header-display":"","ast-hfb-above-header-display":"","ast-hfb-below-header-display":"","ast-hfb-mobile-header-display":"","site-post-title":"","ast-breadcrumbs-content":"","ast-featured-img":"","footer-sml-layout":"","ast-disable-related-posts":"","theme-transparent-header-meta":"default","adv-header-id-meta":"","stick-header-meta":"","header-above-stick-meta":"","header-main-stick-meta":"","header-below-stick-meta":"","astra-migrate-meta-layouts":"default","ast-page-background-enabled":"default","ast-page-background-meta":{"desktop":{"background-color":"var(--ast-global-color-4)","background-image":"","background-repeat":"repeat","background-position":"center center","background-size":"auto","background-attachment":"scroll","background-type":"","background-media":"","overlay-type":"","overlay-color":"","overlay-opacity":"","overlay-gradient":""},"tablet":{"background-color":"","background-image":"","background-repeat":"repeat","background-position":"center center","background-size":"auto","background-attachment":"scroll","background-type":"","background-media":"","overlay-type":"","overlay-color":"","overlay-opacity":"","overlay-gradient":""},"mobile":{"background-color":"","background-image":"","background-repeat":"repeat","background-position":"center center","background-size":"auto","background-attachment":"scroll","background-type":"","background-media":"","overlay-type":"","overlay-color":"","overlay-opacity":"","overlay-gradient":""}},"ast-content-background-meta":{"desktop":{"background-color":"var(--ast-global-color-5)","background-image":"","background-repeat":"repeat","background-position":"center center","background-size":"auto","background-attachment":"scroll","background-type":"","background-media":"","overlay-type":"","overlay-color":"","overlay-opacity":"","overlay-gradient":""},"tablet":{"background-color":"var(--ast-global-color-5)","background-image":"","background-repeat":"repeat","background-position":"center center","background-size":"auto","background-attachment":"scroll","background-type":"","background-media":"","overlay-type":"","overlay-color":"","overlay-opacity":"","overlay-gradient":""},"mobile":{"background-color":"var(--ast-global-color-5)","background-image":"","background-repeat":"repeat","background-position":"center center","background-size":"auto","background-attachment":"scroll","background-type":"","background-media":"","overlay-type":"","overlay-color":"","overlay-opacity":"","overlay-gradient":""}}},"product_brand":[1367],"product_cat":[],"product_tag":[],"class_list":{"0":"post-17211","1":"product","2":"type-product","3":"status-publish","4":"has-post-thumbnail","6":"product_brand-porto-muinos","7":"desktop-align-left","8":"tablet-align-left","9":"mobile-align-left","11":"first","12":"instock","13":"taxable","14":"shipping-taxable","15":"purchasable","16":"product-type-simple"},"_links":{"self":[{"href":"https:\/\/andalubox.com\/fr\/wp-json\/wp\/v2\/product\/17211","targetHints":{"allow":["GET"]}}],"collection":[{"href":"https:\/\/andalubox.com\/fr\/wp-json\/wp\/v2\/product"}],"about":[{"href":"https:\/\/andalubox.com\/fr\/wp-json\/wp\/v2\/types\/product"}],"replies":[{"embeddable":true,"href":"https:\/\/andalubox.com\/fr\/wp-json\/wp\/v2\/comments?post=17211"}],"wp:featuredmedia":[{"embeddable":true,"href":"https:\/\/andalubox.com\/fr\/wp-json\/wp\/v2\/media\/31521"}],"wp:attachment":[{"href":"https:\/\/andalubox.com\/fr\/wp-json\/wp\/v2\/media?parent=17211"}],"wp:term":[{"taxonomy":"product_brand","embeddable":true,"href":"https:\/\/andalubox.com\/fr\/wp-json\/wp\/v2\/product_brand?post=17211"},{"taxonomy":"product_cat","embeddable":true,"href":"https:\/\/andalubox.com\/fr\/wp-json\/wp\/v2\/product_cat?post=17211"},{"taxonomy":"product_tag","embeddable":true,"href":"https:\/\/andalubox.com\/fr\/wp-json\/wp\/v2\/product_tag?post=17211"}],"curies":[{"name":"wp","href":"https:\/\/api.w.org\/{rel}","templated":true}]}}