{"id":17168,"date":"2025-01-17T12:13:02","date_gmt":"2025-01-17T11:13:02","guid":{"rendered":"https:\/\/andalubox.com\/producto-andaluz\/ubago-malaga-oeufs-de-morue-et-foie-de-morue-source-domega-3-rr-125\/"},"modified":"2026-01-27T17:04:52","modified_gmt":"2026-01-27T16:04:52","slug":"ubago-malaga-oeufs-de-morue-et-foie-de-morue-source-domega-3-rr-125","status":"publish","type":"product","link":"https:\/\/andalubox.com\/fr\/producto-andaluz\/ubago-malaga-oeufs-de-morue-et-foie-de-morue-source-domega-3-rr-125\/","title":{"rendered":"Ubago Foie de morue et rogue Source d&#8217;Om\u00e9ga 3 de Malaga 125g"},"content":{"rendered":"<p>Ubago H\u00edgado y Huevas de Bacalao Fuente de Omega 3 de M\u00e1laga 125g associe la qualit\u00e9 de la meilleure mati\u00e8re premi\u00e8re \u00e0 une \u00e9laboration soign\u00e9e et artisanale. La morue utilis\u00e9e est soigneusement s\u00e9lectionn\u00e9e et trait\u00e9e selon des contr\u00f4les de qualit\u00e9 stricts, afin de pr\u00e9server toutes ses propri\u00e9t\u00e9s nutritionnelles et sa saveur caract\u00e9ristique. <\/p>\n<p>Les \u0153ufs de poisson se distinguent par une texture ferme et une nuance l\u00e9g\u00e8rement sal\u00e9e qui \u00e9voque l&#8217;essence de la mer, tandis que le foie de morue apporte une onctuosit\u00e9 unique et une saveur fum\u00e9e plus intense. Les deux produits sont tr\u00e8s riches en acides gras om\u00e9ga-3 et en vitamines A et D, des nutriments essentiels pour une alimentation saine. <\/p>\n<ul>\n\t<li>\n<p><b>Principaux ingr\u00e9dients :<\/b> <b>foie de morue fum\u00e9<\/b> et <b>\u0153ufs de morue<\/b>. Le foie de morue est r\u00e9put\u00e9 pour sa richesse en huile naturelle, qui lui conf\u00e8re sa texture et nombre de ses propri\u00e9t\u00e9s. <\/p>\n<\/li>\n\t<li>\n<p><b>Go\u00fbt :<\/b> Go\u00fbt intense de mer, avec la touche caract\u00e9ristique de foie fum\u00e9, cr\u00e9ant un profil de go\u00fbt unique.<\/p>\n<\/li>\n\t<li>\n<p><b>Source nutritionnelle :<\/b> Le foie est consid\u00e9r\u00e9 comme une excellente <b>source d&#8217;om\u00e9ga-3<\/b>. Il est \u00e9galement riche en <b>prot\u00e9ines<\/b> et en <b>vitamines A et D<\/b> (nutriments concentr\u00e9s dans le foie).<\/p>\n<\/li>\n\t<li>\n<p><b>Format :<\/b> bo\u00eete de <b>125 g de<\/b> poids net (bien que d&#8217;autres pr\u00e9sentations de la marque puissent \u00eatre de 115 g).<\/p>\n<\/li>\n<\/ul>\n<p>&nbsp;<\/p>","protected":false},"excerpt":{"rendered":"<p>Ubago Foie de morue et chevreuil Source d&#8217;Om\u00e9ga 3 de Malaga 125g maintenant disponible dans toute l&#8217;Europe !<\/p>\n","protected":false},"featured_media":31450,"comment_status":"open","ping_status":"closed","template":"","meta":{"site-sidebar-layout":"default","site-content-layout":"","ast-site-content-layout":"default","site-content-style":"default","site-sidebar-style":"default","ast-global-header-display":"","ast-banner-title-visibility":"","ast-main-header-display":"","ast-hfb-above-header-display":"","ast-hfb-below-header-display":"","ast-hfb-mobile-header-display":"","site-post-title":"","ast-breadcrumbs-content":"","ast-featured-img":"","footer-sml-layout":"","ast-disable-related-posts":"","theme-transparent-header-meta":"default","adv-header-id-meta":"","stick-header-meta":"","header-above-stick-meta":"","header-main-stick-meta":"","header-below-stick-meta":"","astra-migrate-meta-layouts":"default","ast-page-background-enabled":"default","ast-page-background-meta":{"desktop":{"background-color":"var(--ast-global-color-4)","background-image":"","background-repeat":"repeat","background-position":"center center","background-size":"auto","background-attachment":"scroll","background-type":"","background-media":"","overlay-type":"","overlay-color":"","overlay-opacity":"","overlay-gradient":""},"tablet":{"background-color":"","background-image":"","background-repeat":"repeat","background-position":"center center","background-size":"auto","background-attachment":"scroll","background-type":"","background-media":"","overlay-type":"","overlay-color":"","overlay-opacity":"","overlay-gradient":""},"mobile":{"background-color":"","background-image":"","background-repeat":"repeat","background-position":"center center","background-size":"auto","background-attachment":"scroll","background-type":"","background-media":"","overlay-type":"","overlay-color":"","overlay-opacity":"","overlay-gradient":""}},"ast-content-background-meta":{"desktop":{"background-color":"var(--ast-global-color-5)","background-image":"","background-repeat":"repeat","background-position":"center center","background-size":"auto","background-attachment":"scroll","background-type":"","background-media":"","overlay-type":"","overlay-color":"","overlay-opacity":"","overlay-gradient":""},"tablet":{"background-color":"var(--ast-global-color-5)","background-image":"","background-repeat":"repeat","background-position":"center center","background-size":"auto","background-attachment":"scroll","background-type":"","background-media":"","overlay-type":"","overlay-color":"","overlay-opacity":"","overlay-gradient":""},"mobile":{"background-color":"var(--ast-global-color-5)","background-image":"","background-repeat":"repeat","background-position":"center center","background-size":"auto","background-attachment":"scroll","background-type":"","background-media":"","overlay-type":"","overlay-color":"","overlay-opacity":"","overlay-gradient":""}}},"product_brand":[1097],"product_cat":[276,278,1538],"product_tag":[],"class_list":{"0":"post-17168","1":"product","2":"type-product","3":"status-publish","4":"has-post-thumbnail","6":"product_brand-ubago","7":"product_cat-chevreuil","8":"product_cat-autre-chose","9":"product_cat-pates-y-cremas-para-untar","10":"desktop-align-left","11":"tablet-align-left","12":"mobile-align-left","14":"first","15":"instock","16":"taxable","17":"shipping-taxable","18":"purchasable","19":"product-type-simple"},"_links":{"self":[{"href":"https:\/\/andalubox.com\/fr\/wp-json\/wp\/v2\/product\/17168","targetHints":{"allow":["GET"]}}],"collection":[{"href":"https:\/\/andalubox.com\/fr\/wp-json\/wp\/v2\/product"}],"about":[{"href":"https:\/\/andalubox.com\/fr\/wp-json\/wp\/v2\/types\/product"}],"replies":[{"embeddable":true,"href":"https:\/\/andalubox.com\/fr\/wp-json\/wp\/v2\/comments?post=17168"}],"wp:featuredmedia":[{"embeddable":true,"href":"https:\/\/andalubox.com\/fr\/wp-json\/wp\/v2\/media\/31450"}],"wp:attachment":[{"href":"https:\/\/andalubox.com\/fr\/wp-json\/wp\/v2\/media?parent=17168"}],"wp:term":[{"taxonomy":"product_brand","embeddable":true,"href":"https:\/\/andalubox.com\/fr\/wp-json\/wp\/v2\/product_brand?post=17168"},{"taxonomy":"product_cat","embeddable":true,"href":"https:\/\/andalubox.com\/fr\/wp-json\/wp\/v2\/product_cat?post=17168"},{"taxonomy":"product_tag","embeddable":true,"href":"https:\/\/andalubox.com\/fr\/wp-json\/wp\/v2\/product_tag?post=17168"}],"curies":[{"name":"wp","href":"https:\/\/api.w.org\/{rel}","templated":true}]}}