{"id":17095,"date":"2025-01-17T11:33:06","date_gmt":"2025-01-17T10:33:06","guid":{"rendered":"https:\/\/andalubox.com\/producto-andaluz\/oeufs-de-maquereau-andalou-usisa-a-lhuile-dolive-rr-125\/"},"modified":"2025-06-12T16:48:42","modified_gmt":"2025-06-12T14:48:42","slug":"oeufs-de-maquereau-andalou-usisa-a-lhuile-dolive-rr-125","status":"publish","type":"product","link":"https:\/\/andalubox.com\/fr\/producto-andaluz\/oeufs-de-maquereau-andalou-usisa-a-lhuile-dolive-rr-125\/","title":{"rendered":"Coquille de maquereau d&#8217;Usisa \u00e0 l&#8217;huile d&#8217;olive de Isla Cristina, RR125g"},"content":{"rendered":"<p>La rogue de maquereau USISA est le r\u00e9sultat d&#8217;une s\u00e9lection minutieuse de maquereaux de la c\u00f4te andalouse, r\u00e9put\u00e9s pour leur fra\u00eecheur et leur excellente qualit\u00e9. Apr\u00e8s un processus de production artisanal et un contr\u00f4le strict de la qualit\u00e9, ces \u0153ufs sont obtenus avec une texture ferme, une saveur intense et subtilement sal\u00e9e, typique des meilleurs maquereaux. <\/p>\n<p>Ce produit, tr\u00e8s appr\u00e9ci\u00e9 dans la gastronomie andalouse, se distingue par sa haute teneur en prot\u00e9ines et sa richesse en acides gras sains, ce qui en fait un aliment nutritif et \u00e9quilibr\u00e9. Comme elles sont propres et pr\u00eates \u00e0 \u00eatre consomm\u00e9es, elles offrent une grande polyvalence dans la cuisine : elles peuvent \u00eatre servies en tranches avec de l&#8217;huile d&#8217;olive et un peu de citron, accompagner des salades et des garnitures ou devenir la vedette d&#8217;un en-cas gastronomique. <\/p>","protected":false},"excerpt":{"rendered":"<p>Les \u0153ufs de maquereau USISA sont un d\u00e9lice marin de haute qualit\u00e9, \u00e9labor\u00e9 \u00e0 partir des meilleurs maquereaux d&#8217;Andalousie. Leur saveur d\u00e9licate et leur texture ferme en font un produit id\u00e9al pour les tapas, les salades ou les plats gastronomiques. <\/p>\n","protected":false},"featured_media":31446,"comment_status":"open","ping_status":"closed","template":"","meta":{"site-sidebar-layout":"default","site-content-layout":"","ast-site-content-layout":"default","site-content-style":"default","site-sidebar-style":"default","ast-global-header-display":"","ast-banner-title-visibility":"","ast-main-header-display":"","ast-hfb-above-header-display":"","ast-hfb-below-header-display":"","ast-hfb-mobile-header-display":"","site-post-title":"","ast-breadcrumbs-content":"","ast-featured-img":"","footer-sml-layout":"","ast-disable-related-posts":"","theme-transparent-header-meta":"default","adv-header-id-meta":"","stick-header-meta":"","header-above-stick-meta":"","header-main-stick-meta":"","header-below-stick-meta":"","astra-migrate-meta-layouts":"default","ast-page-background-enabled":"default","ast-page-background-meta":{"desktop":{"background-color":"var(--ast-global-color-4)","background-image":"","background-repeat":"repeat","background-position":"center center","background-size":"auto","background-attachment":"scroll","background-type":"","background-media":"","overlay-type":"","overlay-color":"","overlay-opacity":"","overlay-gradient":""},"tablet":{"background-color":"","background-image":"","background-repeat":"repeat","background-position":"center center","background-size":"auto","background-attachment":"scroll","background-type":"","background-media":"","overlay-type":"","overlay-color":"","overlay-opacity":"","overlay-gradient":""},"mobile":{"background-color":"","background-image":"","background-repeat":"repeat","background-position":"center center","background-size":"auto","background-attachment":"scroll","background-type":"","background-media":"","overlay-type":"","overlay-color":"","overlay-opacity":"","overlay-gradient":""}},"ast-content-background-meta":{"desktop":{"background-color":"var(--ast-global-color-5)","background-image":"","background-repeat":"repeat","background-position":"center center","background-size":"auto","background-attachment":"scroll","background-type":"","background-media":"","overlay-type":"","overlay-color":"","overlay-opacity":"","overlay-gradient":""},"tablet":{"background-color":"var(--ast-global-color-5)","background-image":"","background-repeat":"repeat","background-position":"center center","background-size":"auto","background-attachment":"scroll","background-type":"","background-media":"","overlay-type":"","overlay-color":"","overlay-opacity":"","overlay-gradient":""},"mobile":{"background-color":"var(--ast-global-color-5)","background-image":"","background-repeat":"repeat","background-position":"center center","background-size":"auto","background-attachment":"scroll","background-type":"","background-media":"","overlay-type":"","overlay-color":"","overlay-opacity":"","overlay-gradient":""}}},"product_brand":[1147],"product_cat":[276],"product_tag":[],"class_list":{"0":"post-17095","1":"product","2":"type-product","3":"status-publish","4":"has-post-thumbnail","6":"product_brand-usisa","7":"product_cat-chevreuil","8":"desktop-align-left","9":"tablet-align-left","10":"mobile-align-left","12":"first","13":"outofstock","14":"taxable","15":"shipping-taxable","16":"purchasable","17":"product-type-simple"},"_links":{"self":[{"href":"https:\/\/andalubox.com\/fr\/wp-json\/wp\/v2\/product\/17095","targetHints":{"allow":["GET"]}}],"collection":[{"href":"https:\/\/andalubox.com\/fr\/wp-json\/wp\/v2\/product"}],"about":[{"href":"https:\/\/andalubox.com\/fr\/wp-json\/wp\/v2\/types\/product"}],"replies":[{"embeddable":true,"href":"https:\/\/andalubox.com\/fr\/wp-json\/wp\/v2\/comments?post=17095"}],"wp:featuredmedia":[{"embeddable":true,"href":"https:\/\/andalubox.com\/fr\/wp-json\/wp\/v2\/media\/31446"}],"wp:attachment":[{"href":"https:\/\/andalubox.com\/fr\/wp-json\/wp\/v2\/media?parent=17095"}],"wp:term":[{"taxonomy":"product_brand","embeddable":true,"href":"https:\/\/andalubox.com\/fr\/wp-json\/wp\/v2\/product_brand?post=17095"},{"taxonomy":"product_cat","embeddable":true,"href":"https:\/\/andalubox.com\/fr\/wp-json\/wp\/v2\/product_cat?post=17095"},{"taxonomy":"product_tag","embeddable":true,"href":"https:\/\/andalubox.com\/fr\/wp-json\/wp\/v2\/product_tag?post=17095"}],"curies":[{"name":"wp","href":"https:\/\/api.w.org\/{rel}","templated":true}]}}