{"id":17085,"date":"2025-01-17T11:28:08","date_gmt":"2025-01-17T10:28:08","guid":{"rendered":"https:\/\/andalubox.com\/producto-andaluz\/maquereau-andalou-usisa-a-lhuile-dolive-rr-125\/"},"modified":"2026-01-27T17:05:03","modified_gmt":"2026-01-27T16:05:03","slug":"maquereau-andalou-usisa-a-lhuile-dolive-rr-125","status":"publish","type":"product","link":"https:\/\/andalubox.com\/fr\/producto-andaluz\/maquereau-andalou-usisa-a-lhuile-dolive-rr-125\/","title":{"rendered":"Maquereau andalou \u00e0 l&#8217;huile d&#8217;olive Usisa, RR125g"},"content":{"rendered":"<p>Maquereau andalou \u00e0 l&#8217;huile d&#8217;olive Usisa, RR125g<\/p>\n<p>Les filets de maquereau andalou \u00e0 l&#8217;huile d&#8217;olive de l&#8217;USISA repr\u00e9sentent la tradition et le savoir-faire de l&#8217;industrie de la p\u00eache andalouse. Le maquereau est soigneusement s\u00e9lectionn\u00e9 sur les c\u00f4tes du sud de l&#8217;Espagne, o\u00f9 les eaux propres et riches en nutriments favorisent sa saveur et sa qualit\u00e9. Apr\u00e8s avoir \u00e9t\u00e9 nettoy\u00e9s et emball\u00e9s \u00e0 la main, les filets sont immerg\u00e9s dans une huile d&#8217;olive douce qui rehausse leur saveur naturelle sans la masquer, tout en conservant leur texture tendre et juteuse.  <\/p>\n<p>Ce processus de production associe des m\u00e9thodes artisanales \u00e0 des contr\u00f4les de qualit\u00e9 stricts, garantissant ainsi un produit savoureux et nutritif. Gr\u00e2ce \u00e0 leur teneur \u00e9lev\u00e9e en prot\u00e9ines et en acides gras sains, ces filets sont id\u00e9aux pour ceux qui recherchent un r\u00e9gime m\u00e9diterran\u00e9en \u00e9quilibr\u00e9. De plus, leur polyvalence en cuisine permet de les d\u00e9guster aussi bien dans de simples amuse-gueules avec du pain ou des snacks croquants que dans des pr\u00e9parations plus sophistiqu\u00e9es, par exemple dans des salades chaudes, des p\u00e2tes ou des plats \u00e0 base de riz.  <\/p>\n<p>Isla Cristina, situ\u00e9e \u00e0 Huelva, en Espagne, sur la Costa de la Luz, est r\u00e9put\u00e9e pour sa tradition s\u00e9culaire de mise en conserve et de salaison de poissons de grande qualit\u00e9, en particulier le thon, le maquereau et la fr\u00e9gate. Cette ville c\u00f4ti\u00e8re poss\u00e8de un riche patrimoine maritime, les industries de la p\u00eache et de la conserve remontant au XVIIIe si\u00e8cle, sous l&#8217;influence des colons catalans et levantins qui exploitaient la p\u00eache abondante \u00e0 la sardine et au thon. L&#8217;industrie a connu une croissance significative au XIXe si\u00e8cle, lorsque Ayamonte et Isla Cristina sont devenues des centres cl\u00e9s pour la transformation du poisson, tirant parti de techniques traditionnelles telles que la salaison et la mise en conserve, qui remontent \u00e0 l&#8217;\u00e9poque ph\u00e9nicienne et romaine.  <\/p>\n<p>Principaux producteurs et produits<br>Uni\u00f3n Salazonera Isle\u00f1a (USISA) : Entreprise andalouse de premier plan fond\u00e9e en 1973, USISA transforme plus de 12 000 tonnes de poisson par an dans son usine d&#8217;Isla Cristina, en se concentrant sur les produits artisanaux en conserve et sal\u00e9s sous des marques telles que Tejero, USISA et El Decano. Ses produits, tels que le maquereau, la fr\u00e9gate et la mojama (thon s\u00e9ch\u00e9 \u00e0 l&#8217;air), sont prot\u00e9g\u00e9s par des indications g\u00e9ographiques prot\u00e9g\u00e9es (IGP) pour leur qualit\u00e9, en privil\u00e9giant le traitement manuel, les ingr\u00e9dients naturels tels que le sel de mer et l&#8217;huile d&#8217;olive, et les pratiques durables. <\/p>\n<p>Andalubox s&#8217;engage pour les conserves d&#8217;Isla Cristina.<\/p>","protected":false},"excerpt":{"rendered":"<p>Maquereau andalou Usisa \u00e0 l&#8217;huile d&#8217;olive, RR125g pour l&#8217;exportation dans toute l&#8217;EUROPE.<\/p>\n","protected":false},"featured_media":17081,"comment_status":"open","ping_status":"closed","template":"","meta":{"site-sidebar-layout":"default","site-content-layout":"","ast-site-content-layout":"default","site-content-style":"default","site-sidebar-style":"default","ast-global-header-display":"","ast-banner-title-visibility":"","ast-main-header-display":"","ast-hfb-above-header-display":"","ast-hfb-below-header-display":"","ast-hfb-mobile-header-display":"","site-post-title":"","ast-breadcrumbs-content":"","ast-featured-img":"","footer-sml-layout":"","ast-disable-related-posts":"","theme-transparent-header-meta":"default","adv-header-id-meta":"","stick-header-meta":"","header-above-stick-meta":"","header-main-stick-meta":"","header-below-stick-meta":"","astra-migrate-meta-layouts":"default","ast-page-background-enabled":"default","ast-page-background-meta":{"desktop":{"background-color":"var(--ast-global-color-4)","background-image":"","background-repeat":"repeat","background-position":"center center","background-size":"auto","background-attachment":"scroll","background-type":"","background-media":"","overlay-type":"","overlay-color":"","overlay-opacity":"","overlay-gradient":""},"tablet":{"background-color":"","background-image":"","background-repeat":"repeat","background-position":"center center","background-size":"auto","background-attachment":"scroll","background-type":"","background-media":"","overlay-type":"","overlay-color":"","overlay-opacity":"","overlay-gradient":""},"mobile":{"background-color":"","background-image":"","background-repeat":"repeat","background-position":"center center","background-size":"auto","background-attachment":"scroll","background-type":"","background-media":"","overlay-type":"","overlay-color":"","overlay-opacity":"","overlay-gradient":""}},"ast-content-background-meta":{"desktop":{"background-color":"var(--ast-global-color-5)","background-image":"","background-repeat":"repeat","background-position":"center center","background-size":"auto","background-attachment":"scroll","background-type":"","background-media":"","overlay-type":"","overlay-color":"","overlay-opacity":"","overlay-gradient":""},"tablet":{"background-color":"var(--ast-global-color-5)","background-image":"","background-repeat":"repeat","background-position":"center center","background-size":"auto","background-attachment":"scroll","background-type":"","background-media":"","overlay-type":"","overlay-color":"","overlay-opacity":"","overlay-gradient":""},"mobile":{"background-color":"var(--ast-global-color-5)","background-image":"","background-repeat":"repeat","background-position":"center center","background-size":"auto","background-attachment":"scroll","background-type":"","background-media":"","overlay-type":"","overlay-color":"","overlay-opacity":"","overlay-gradient":""}}},"product_brand":[],"product_cat":[269],"product_tag":[],"class_list":{"0":"post-17085","1":"product","2":"type-product","3":"status-publish","4":"has-post-thumbnail","6":"product_cat-maquereau","7":"desktop-align-left","8":"tablet-align-left","9":"mobile-align-left","11":"first","12":"instock","13":"taxable","14":"shipping-taxable","15":"purchasable","16":"product-type-simple"},"_links":{"self":[{"href":"https:\/\/andalubox.com\/fr\/wp-json\/wp\/v2\/product\/17085","targetHints":{"allow":["GET"]}}],"collection":[{"href":"https:\/\/andalubox.com\/fr\/wp-json\/wp\/v2\/product"}],"about":[{"href":"https:\/\/andalubox.com\/fr\/wp-json\/wp\/v2\/types\/product"}],"replies":[{"embeddable":true,"href":"https:\/\/andalubox.com\/fr\/wp-json\/wp\/v2\/comments?post=17085"}],"wp:featuredmedia":[{"embeddable":true,"href":"https:\/\/andalubox.com\/fr\/wp-json\/wp\/v2\/media\/17081"}],"wp:attachment":[{"href":"https:\/\/andalubox.com\/fr\/wp-json\/wp\/v2\/media?parent=17085"}],"wp:term":[{"taxonomy":"product_brand","embeddable":true,"href":"https:\/\/andalubox.com\/fr\/wp-json\/wp\/v2\/product_brand?post=17085"},{"taxonomy":"product_cat","embeddable":true,"href":"https:\/\/andalubox.com\/fr\/wp-json\/wp\/v2\/product_cat?post=17085"},{"taxonomy":"product_tag","embeddable":true,"href":"https:\/\/andalubox.com\/fr\/wp-json\/wp\/v2\/product_tag?post=17085"}],"curies":[{"name":"wp","href":"https:\/\/api.w.org\/{rel}","templated":true}]}}