{"id":17076,"date":"2025-01-17T11:21:57","date_gmt":"2025-01-17T10:21:57","guid":{"rendered":"https:\/\/andalubox.com\/producto-andaluz\/ventreche-de-thon-de-lile-de-la-cristina-a-lhuile-dolive-rr-125\/"},"modified":"2026-01-27T17:05:02","modified_gmt":"2026-01-27T16:05:02","slug":"ventreche-de-thon-de-lile-de-la-cristina-a-lhuile-dolive-rr-125","status":"publish","type":"product","link":"https:\/\/andalubox.com\/fr\/producto-andaluz\/ventreche-de-thon-de-lile-de-la-cristina-a-lhuile-dolive-rr-125\/","title":{"rendered":"Ventr\u00eache de thon Usisa de Isla Cristina \u00e0 l&#8217;huile d&#8217;olive 125g"},"content":{"rendered":"<p>La ventr\u00eache de thon d&#8217;Usisa est un produit haut de gamme qui se distingue par la qualit\u00e9 de la mati\u00e8re premi\u00e8re et un processus de production minutieux. Situ\u00e9e \u00e0 Isla Cristina, Huelva, Usisa est connue pour sa tradition dans la production de poisson en conserve et sal\u00e9. <\/p>\n<h3>Une Haute Cour<\/h3>\n<p>La <b>ventr\u00e8che<\/b> est la partie la plus appr\u00e9ci\u00e9e du thon. Elle est extraite de la zone abdominale et se caract\u00e9rise par sa texture d\u00e9licate et sa forte teneur en graisse infiltr\u00e9e, ce qui lui conf\u00e8re une saveur plus douce et plus juteuse que le reste du poisson. C&#8217;est un v\u00e9ritable d\u00e9lice pour les amateurs de thon.  <\/p>\n<h3>Avantages de l&#8217;huile d&#8217;olive<\/h3>\n<p>Lorsqu&#8217;elle est conditionn\u00e9e dans de l <b>&#8216;huile d&#8217;olive<\/b>, la ventr\u00e8che est non seulement conserv\u00e9e de mani\u00e8re naturelle, mais sa saveur et ses propri\u00e9t\u00e9s sont \u00e9galement renforc\u00e9es. L&#8217;huile impr\u00e8gne la viande, ce qui la rend encore plus tendre et savoureuse. <\/p>\n<h3>Avantages pour la sant\u00e9<\/h3>\n<p>Bien qu&#8217;il s&#8217;agisse de la partie la plus grasse du thon, le ventre est tr\u00e8s sain :<\/p>\n<ul>\n\t<li>\n<p><b>Om\u00e9ga-3<\/b>: C&#8217;est une source exceptionnelle d&#8217;acides gras <b>om\u00e9ga-3<\/b> (EPA et DHA), b\u00e9n\u00e9fiques pour la sant\u00e9 cardiovasculaire, la sant\u00e9 c\u00e9r\u00e9brale et la r\u00e9duction de l&#8217;inflammation.<\/p>\n<\/li>\n\t<li>\n<p><b>Des prot\u00e9ines de qualit\u00e9<\/b>: comme le reste du thon, la ventr\u00e8che est une excellente source de prot\u00e9ines \u00e0 haute valeur biologique.<\/p>\n<\/li>\n\t<li>\n<p><b>Vitamines et min\u00e9raux<\/b>: Fournit des vitamines B, en particulier la B12, ainsi que de la vitamine D et des min\u00e9raux essentiels tels que le s\u00e9l\u00e9nium et le phosphore.<\/p>\n<\/li>\n<\/ul>\n<p>En r\u00e9sum\u00e9, la ventr\u00e8che de thon \u00e0 l&#8217;huile d&#8217;olive d&#8217;Usisa est un produit gastronomique qui allie un go\u00fbt exquis, une texture incomparable et de nombreux avantages nutritionnels. Elle est id\u00e9ale pour \u00eatre d\u00e9gust\u00e9e seule, en salade ou dans le cadre d&#8217;un ap\u00e9ritif sp\u00e9cial. <\/p>\n<p class=\"Standard\">L&#8217;excellence et la qualit\u00e9 de nos conserves de thon sont dues au fait qu&#8217;une fois que le thon frais est r\u00e9colt\u00e9 dans nos installations, une partie de celui-ci entre imm\u00e9diatement dans ces conserves. Sa saveur est renforc\u00e9e par le liquide de garniture qui, outre l&#8217;huile d&#8217;olive, comprend de l&#8217;huile de tournesol, de la sauce tomate, du thon naturel ou \u00e0 faible teneur en sel.<\/p>\n<p>La transformation artisanale du thon en conserve dans une usine qui prend en charge l&#8217;ensemble du processus de production implique une approche minutieuse et traditionnelle pour garantir la qualit\u00e9 et le go\u00fbt du produit final. Ce processus, les composants impliqu\u00e9s et les avantages du thon en conserve sont d\u00e9crits ci-dessous. <\/p>","protected":false},"excerpt":{"rendered":"<p>Notre thon en conserve, dans ses diff\u00e9rents formats et vari\u00e9t\u00e9s, est un produit de saison qui constitue une source de prot\u00e9ines, de min\u00e9raux et de vitamines, dont le seul conservateur est le sel et l&#8217;huile. Soulignez l\u2019apport d\u2019om\u00e9ga-3 de cette conserve.<\/p>\n","protected":false},"featured_media":17072,"comment_status":"open","ping_status":"closed","template":"","meta":{"site-sidebar-layout":"default","site-content-layout":"","ast-site-content-layout":"default","site-content-style":"default","site-sidebar-style":"default","ast-global-header-display":"","ast-banner-title-visibility":"","ast-main-header-display":"","ast-hfb-above-header-display":"","ast-hfb-below-header-display":"","ast-hfb-mobile-header-display":"","site-post-title":"","ast-breadcrumbs-content":"","ast-featured-img":"","footer-sml-layout":"","ast-disable-related-posts":"","theme-transparent-header-meta":"default","adv-header-id-meta":"","stick-header-meta":"","header-above-stick-meta":"","header-main-stick-meta":"","header-below-stick-meta":"","astra-migrate-meta-layouts":"default","ast-page-background-enabled":"default","ast-page-background-meta":{"desktop":{"background-color":"var(--ast-global-color-4)","background-image":"","background-repeat":"repeat","background-position":"center center","background-size":"auto","background-attachment":"scroll","background-type":"","background-media":"","overlay-type":"","overlay-color":"","overlay-opacity":"","overlay-gradient":""},"tablet":{"background-color":"","background-image":"","background-repeat":"repeat","background-position":"center center","background-size":"auto","background-attachment":"scroll","background-type":"","background-media":"","overlay-type":"","overlay-color":"","overlay-opacity":"","overlay-gradient":""},"mobile":{"background-color":"","background-image":"","background-repeat":"repeat","background-position":"center center","background-size":"auto","background-attachment":"scroll","background-type":"","background-media":"","overlay-type":"","overlay-color":"","overlay-opacity":"","overlay-gradient":""}},"ast-content-background-meta":{"desktop":{"background-color":"var(--ast-global-color-5)","background-image":"","background-repeat":"repeat","background-position":"center center","background-size":"auto","background-attachment":"scroll","background-type":"","background-media":"","overlay-type":"","overlay-color":"","overlay-opacity":"","overlay-gradient":""},"tablet":{"background-color":"var(--ast-global-color-5)","background-image":"","background-repeat":"repeat","background-position":"center center","background-size":"auto","background-attachment":"scroll","background-type":"","background-media":"","overlay-type":"","overlay-color":"","overlay-opacity":"","overlay-gradient":""},"mobile":{"background-color":"var(--ast-global-color-5)","background-image":"","background-repeat":"repeat","background-position":"center center","background-size":"auto","background-attachment":"scroll","background-type":"","background-media":"","overlay-type":"","overlay-color":"","overlay-opacity":"","overlay-gradient":""}}},"product_brand":[1147],"product_cat":[267],"product_tag":[],"class_list":{"0":"post-17076","1":"product","2":"type-product","3":"status-publish","4":"has-post-thumbnail","6":"product_brand-usisa","7":"product_cat-thon","8":"desktop-align-left","9":"tablet-align-left","10":"mobile-align-left","12":"first","13":"instock","14":"taxable","15":"shipping-taxable","16":"purchasable","17":"product-type-simple"},"_links":{"self":[{"href":"https:\/\/andalubox.com\/fr\/wp-json\/wp\/v2\/product\/17076","targetHints":{"allow":["GET"]}}],"collection":[{"href":"https:\/\/andalubox.com\/fr\/wp-json\/wp\/v2\/product"}],"about":[{"href":"https:\/\/andalubox.com\/fr\/wp-json\/wp\/v2\/types\/product"}],"replies":[{"embeddable":true,"href":"https:\/\/andalubox.com\/fr\/wp-json\/wp\/v2\/comments?post=17076"}],"wp:featuredmedia":[{"embeddable":true,"href":"https:\/\/andalubox.com\/fr\/wp-json\/wp\/v2\/media\/17072"}],"wp:attachment":[{"href":"https:\/\/andalubox.com\/fr\/wp-json\/wp\/v2\/media?parent=17076"}],"wp:term":[{"taxonomy":"product_brand","embeddable":true,"href":"https:\/\/andalubox.com\/fr\/wp-json\/wp\/v2\/product_brand?post=17076"},{"taxonomy":"product_cat","embeddable":true,"href":"https:\/\/andalubox.com\/fr\/wp-json\/wp\/v2\/product_cat?post=17076"},{"taxonomy":"product_tag","embeddable":true,"href":"https:\/\/andalubox.com\/fr\/wp-json\/wp\/v2\/product_tag?post=17076"}],"curies":[{"name":"wp","href":"https:\/\/api.w.org\/{rel}","templated":true}]}}