{"id":15786,"date":"2024-12-13T10:44:19","date_gmt":"2024-12-13T09:44:19","guid":{"rendered":"https:\/\/andalubox.com\/producto-andaluz\/aromes-de-medina-mangee-et-dandalou-de-cuisine-1-2-kg\/"},"modified":"2025-06-13T20:19:31","modified_gmt":"2025-06-13T18:19:31","slug":"aromes-de-medina-mangee-et-dandalou-de-cuisine-1-2-kg","status":"publish","type":"product","link":"https:\/\/andalubox.com\/fr\/producto-andaluz\/aromes-de-medina-mangee-et-dandalou-de-cuisine-1-2-kg\/","title":{"rendered":"Aromas de Medina Mantecado Andaluz de Kinder, 500g"},"content":{"rendered":"<p>Les mantecados Kinder de la boulangerie-p\u00e2tisserie Pepe el Soldao allient la tradition la plus authentique \u00e0 une touche de modernit\u00e9. Sur la base de la recette artisanale des mantecados andalous, nous \u00e9laborons une p\u00e2te douce et d\u00e9licate, enrichie de la texture velout\u00e9e du beurre fin et d&#8217;une farine d&#8217;excellente qualit\u00e9. Le v\u00e9ritable protagoniste est le chocolat Kinder, avec son go\u00fbt caract\u00e9ristique de lait et sa douceur \u00e9quilibr\u00e9e, qui s&#8217;int\u00e8gre \u00e0 chaque bouch\u00e9e pour offrir une exp\u00e9rience gustative aussi douce que r\u00e9confortante. Id\u00e9aux pour ajouter une touche unique \u00e0 vos tables de No\u00ebl, pour partager avec la famille et les amis ou simplement pour vous faire plaisir \u00e0 tout moment, ces mantecados vous invitent \u00e0 savourer No\u00ebl d&#8217;un point de vue moderne sans perdre l&#8217;essence de la tradition.   <\/p>","protected":false},"excerpt":{"rendered":"<p>Savourez la version la plus innovante d&#8217;un classique de No\u00ebl avec nos sabl\u00e9s Kinder : doux, cr\u00e9meux et au go\u00fbt incomparable de chocolat au lait Kinder, id\u00e9al pour adoucir vos moments les plus sp\u00e9ciaux.<\/p>\n","protected":false},"featured_media":15782,"comment_status":"open","ping_status":"closed","template":"","meta":{"site-sidebar-layout":"default","site-content-layout":"","ast-site-content-layout":"default","site-content-style":"default","site-sidebar-style":"default","ast-global-header-display":"","ast-banner-title-visibility":"","ast-main-header-display":"","ast-hfb-above-header-display":"","ast-hfb-below-header-display":"","ast-hfb-mobile-header-display":"","site-post-title":"","ast-breadcrumbs-content":"","ast-featured-img":"","footer-sml-layout":"","ast-disable-related-posts":"","theme-transparent-header-meta":"default","adv-header-id-meta":"","stick-header-meta":"","header-above-stick-meta":"","header-main-stick-meta":"","header-below-stick-meta":"","astra-migrate-meta-layouts":"default","ast-page-background-enabled":"default","ast-page-background-meta":{"desktop":{"background-color":"var(--ast-global-color-4)","background-image":"","background-repeat":"repeat","background-position":"center center","background-size":"auto","background-attachment":"scroll","background-type":"","background-media":"","overlay-type":"","overlay-color":"","overlay-opacity":"","overlay-gradient":""},"tablet":{"background-color":"","background-image":"","background-repeat":"repeat","background-position":"center center","background-size":"auto","background-attachment":"scroll","background-type":"","background-media":"","overlay-type":"","overlay-color":"","overlay-opacity":"","overlay-gradient":""},"mobile":{"background-color":"","background-image":"","background-repeat":"repeat","background-position":"center center","background-size":"auto","background-attachment":"scroll","background-type":"","background-media":"","overlay-type":"","overlay-color":"","overlay-opacity":"","overlay-gradient":""}},"ast-content-background-meta":{"desktop":{"background-color":"var(--ast-global-color-5)","background-image":"","background-repeat":"repeat","background-position":"center center","background-size":"auto","background-attachment":"scroll","background-type":"","background-media":"","overlay-type":"","overlay-color":"","overlay-opacity":"","overlay-gradient":""},"tablet":{"background-color":"var(--ast-global-color-5)","background-image":"","background-repeat":"repeat","background-position":"center center","background-size":"auto","background-attachment":"scroll","background-type":"","background-media":"","overlay-type":"","overlay-color":"","overlay-opacity":"","overlay-gradient":""},"mobile":{"background-color":"var(--ast-global-color-5)","background-image":"","background-repeat":"repeat","background-position":"center center","background-size":"auto","background-attachment":"scroll","background-type":"","background-media":"","overlay-type":"","overlay-color":"","overlay-opacity":"","overlay-gradient":""}}},"product_brand":[1384],"product_cat":[15],"product_tag":[],"class_list":{"0":"post-15786","1":"product","2":"type-product","3":"status-publish","4":"has-post-thumbnail","6":"product_brand-aromas-de-medina","7":"product_cat-sin-categorizar","8":"desktop-align-left","9":"tablet-align-left","10":"mobile-align-left","12":"first","13":"outofstock","14":"taxable","15":"shipping-taxable","16":"purchasable","17":"product-type-simple"},"_links":{"self":[{"href":"https:\/\/andalubox.com\/fr\/wp-json\/wp\/v2\/product\/15786","targetHints":{"allow":["GET"]}}],"collection":[{"href":"https:\/\/andalubox.com\/fr\/wp-json\/wp\/v2\/product"}],"about":[{"href":"https:\/\/andalubox.com\/fr\/wp-json\/wp\/v2\/types\/product"}],"replies":[{"embeddable":true,"href":"https:\/\/andalubox.com\/fr\/wp-json\/wp\/v2\/comments?post=15786"}],"wp:featuredmedia":[{"embeddable":true,"href":"https:\/\/andalubox.com\/fr\/wp-json\/wp\/v2\/media\/15782"}],"wp:attachment":[{"href":"https:\/\/andalubox.com\/fr\/wp-json\/wp\/v2\/media?parent=15786"}],"wp:term":[{"taxonomy":"product_brand","embeddable":true,"href":"https:\/\/andalubox.com\/fr\/wp-json\/wp\/v2\/product_brand?post=15786"},{"taxonomy":"product_cat","embeddable":true,"href":"https:\/\/andalubox.com\/fr\/wp-json\/wp\/v2\/product_cat?post=15786"},{"taxonomy":"product_tag","embeddable":true,"href":"https:\/\/andalubox.com\/fr\/wp-json\/wp\/v2\/product_tag?post=15786"}],"curies":[{"name":"wp","href":"https:\/\/api.w.org\/{rel}","templated":true}]}}