{"id":15777,"date":"2024-12-13T10:36:09","date_gmt":"2024-12-13T09:36:09","guid":{"rendered":"https:\/\/andalubox.com\/producto-andaluz\/sables-au-nutella-andalou-aromas-de-medina-1-2-kg\/"},"modified":"2025-06-13T20:19:28","modified_gmt":"2025-06-13T18:19:28","slug":"sables-au-nutella-andalou-aromas-de-medina-1-2-kg","status":"publish","type":"product","link":"https:\/\/andalubox.com\/fr\/producto-andaluz\/sables-au-nutella-andalou-aromas-de-medina-1-2-kg\/","title":{"rendered":"Aromas de Medina Mantecado Andaluz de Nutella, 500g"},"content":{"rendered":"<p>Nos mantecados au Nutella sont une interpr\u00e9tation exquise d&#8217;une sucrerie andalouse traditionnelle, fabriqu\u00e9e avec le soin et le d\u00e9vouement qui caract\u00e9risent la boulangerie Pepe el Soldao. Sur la base d&#8217;une recette transmise de g\u00e9n\u00e9ration en g\u00e9n\u00e9ration, nous combinons des ingr\u00e9dients de la plus haute qualit\u00e9 pour obtenir une texture douce, croquante sous la dent et cr\u00e9meuse \u00e0 l&#8217;int\u00e9rieur. La farine s\u00e9lectionn\u00e9e, le beurre fin et la g\u00e9n\u00e9reuse garniture de cacao v\u00e9ritable et de cr\u00e8me de noisettes (Nutella) se m\u00e9langent harmonieusement pour donner une saveur profonde et \u00e9quilibr\u00e9e capable d&#8217;\u00e9veiller tous les sens. Parfaits \u00e0 partager lors des f\u00eates de No\u00ebl, \u00e0 d\u00e9guster avec un caf\u00e9 chaud ou \u00e0 offrir \u00e0 ceux que vous appr\u00e9ciez, ces mantecados renouvellent la tradition sans perdre l&#8217;essence qui les rend inoubliables.   <\/p>","protected":false},"excerpt":{"rendered":"<p>Savourez nos mantecados au Nutella, une d\u00e9licieuse version artisanale de la friandise classique de No\u00ebl, avec une texture onctueuse et une irr\u00e9sistible touche de cr\u00e8me de cacao et de noisettes qui conquiert le palais.<\/p>\n","protected":false},"featured_media":15773,"comment_status":"open","ping_status":"closed","template":"","meta":{"site-sidebar-layout":"default","site-content-layout":"","ast-site-content-layout":"default","site-content-style":"default","site-sidebar-style":"default","ast-global-header-display":"","ast-banner-title-visibility":"","ast-main-header-display":"","ast-hfb-above-header-display":"","ast-hfb-below-header-display":"","ast-hfb-mobile-header-display":"","site-post-title":"","ast-breadcrumbs-content":"","ast-featured-img":"","footer-sml-layout":"","ast-disable-related-posts":"","theme-transparent-header-meta":"default","adv-header-id-meta":"","stick-header-meta":"","header-above-stick-meta":"","header-main-stick-meta":"","header-below-stick-meta":"","astra-migrate-meta-layouts":"default","ast-page-background-enabled":"default","ast-page-background-meta":{"desktop":{"background-color":"var(--ast-global-color-4)","background-image":"","background-repeat":"repeat","background-position":"center center","background-size":"auto","background-attachment":"scroll","background-type":"","background-media":"","overlay-type":"","overlay-color":"","overlay-opacity":"","overlay-gradient":""},"tablet":{"background-color":"","background-image":"","background-repeat":"repeat","background-position":"center center","background-size":"auto","background-attachment":"scroll","background-type":"","background-media":"","overlay-type":"","overlay-color":"","overlay-opacity":"","overlay-gradient":""},"mobile":{"background-color":"","background-image":"","background-repeat":"repeat","background-position":"center center","background-size":"auto","background-attachment":"scroll","background-type":"","background-media":"","overlay-type":"","overlay-color":"","overlay-opacity":"","overlay-gradient":""}},"ast-content-background-meta":{"desktop":{"background-color":"var(--ast-global-color-5)","background-image":"","background-repeat":"repeat","background-position":"center center","background-size":"auto","background-attachment":"scroll","background-type":"","background-media":"","overlay-type":"","overlay-color":"","overlay-opacity":"","overlay-gradient":""},"tablet":{"background-color":"var(--ast-global-color-5)","background-image":"","background-repeat":"repeat","background-position":"center center","background-size":"auto","background-attachment":"scroll","background-type":"","background-media":"","overlay-type":"","overlay-color":"","overlay-opacity":"","overlay-gradient":""},"mobile":{"background-color":"var(--ast-global-color-5)","background-image":"","background-repeat":"repeat","background-position":"center center","background-size":"auto","background-attachment":"scroll","background-type":"","background-media":"","overlay-type":"","overlay-color":"","overlay-opacity":"","overlay-gradient":""}}},"product_brand":[1384],"product_cat":[15],"product_tag":[],"class_list":{"0":"post-15777","1":"product","2":"type-product","3":"status-publish","4":"has-post-thumbnail","6":"product_brand-aromas-de-medina","7":"product_cat-sin-categorizar","8":"desktop-align-left","9":"tablet-align-left","10":"mobile-align-left","12":"first","13":"outofstock","14":"taxable","15":"shipping-taxable","16":"purchasable","17":"product-type-simple"},"_links":{"self":[{"href":"https:\/\/andalubox.com\/fr\/wp-json\/wp\/v2\/product\/15777","targetHints":{"allow":["GET"]}}],"collection":[{"href":"https:\/\/andalubox.com\/fr\/wp-json\/wp\/v2\/product"}],"about":[{"href":"https:\/\/andalubox.com\/fr\/wp-json\/wp\/v2\/types\/product"}],"replies":[{"embeddable":true,"href":"https:\/\/andalubox.com\/fr\/wp-json\/wp\/v2\/comments?post=15777"}],"wp:featuredmedia":[{"embeddable":true,"href":"https:\/\/andalubox.com\/fr\/wp-json\/wp\/v2\/media\/15773"}],"wp:attachment":[{"href":"https:\/\/andalubox.com\/fr\/wp-json\/wp\/v2\/media?parent=15777"}],"wp:term":[{"taxonomy":"product_brand","embeddable":true,"href":"https:\/\/andalubox.com\/fr\/wp-json\/wp\/v2\/product_brand?post=15777"},{"taxonomy":"product_cat","embeddable":true,"href":"https:\/\/andalubox.com\/fr\/wp-json\/wp\/v2\/product_cat?post=15777"},{"taxonomy":"product_tag","embeddable":true,"href":"https:\/\/andalubox.com\/fr\/wp-json\/wp\/v2\/product_tag?post=15777"}],"curies":[{"name":"wp","href":"https:\/\/api.w.org\/{rel}","templated":true}]}}