{"id":15646,"date":"2024-12-02T18:11:10","date_gmt":"2024-12-02T17:11:10","guid":{"rendered":"https:\/\/andalubox.com\/producto-andaluz\/vin-dapostat-peninsula-despagne-75-cl\/"},"modified":"2025-09-02T21:20:46","modified_gmt":"2025-09-02T19:20:46","slug":"vin-dapostat-peninsula-despagne-75-cl","status":"publish","type":"product","link":"https:\/\/andalubox.com\/fr\/producto-andaluz\/vin-dapostat-peninsula-despagne-75-cl\/","title":{"rendered":"Pen\u00ednsula Ap\u00f3stata Vin rouge d&#8217;Espagne 75cl"},"content":{"rendered":"<p>Pen\u00ednsula Ap\u00f3stata Vin rouge d&#8217;Espagne 75cl<\/p>\n<p>Pen\u00ednsula Ap\u00f3stata Vino Tinto de Espa\u00f1a 75 cl est un vin rouge produit par Pen\u00ednsula Vinicultores en Espagne, compos\u00e9 \u00e0 100 % de raisins Tempranillo provenant de vieilles vignes de diff\u00e9rentes r\u00e9gions de Castille et L\u00e9on, telles que Morales de Toro (Zamora), Cigales (Valladolid) et Valtiendas (S\u00e9govie).<\/p>\n<p>Ce vin n&#8217;appartient \u00e0 aucune appellation d&#8217;origine sp\u00e9cifique, ce qui permet une expression unique du Tempranillo dans diff\u00e9rents terroirs. Son vieillissement en f\u00fbts de ch\u00eane fran\u00e7ais et am\u00e9ricain pendant 12 mois donne un vin cors\u00e9, intense et parfum\u00e9. <\/p>\n<p>Notes de d\u00e9gustation :<\/p>\n<ul>\n\t<li>Aspect : Rouge cerise intense avec des reflets grenat et des larmes visqueuses.<\/li>\n\t<li>Nez : Intense et net, avec des ar\u00f4mes de fruits noirs et bleus, d&#8217;\u00e9pices et de douces notes grill\u00e9es dues \u00e0 l&#8217;\u00e9levage en barrique.<\/li>\n\t<li>Bouche : Juteuse, vibrante et bien structur\u00e9e, avec des tannins fins et muscl\u00e9s, une entr\u00e9e douce et des nuances fruit\u00e9es, avec une finale s\u00e8che et robuste.<\/li>\n\t<li>Titre alcoom\u00e9trique : 14,6 % vol.<\/li>\n\t<li>Temp\u00e9rature de service : recommand\u00e9e \u00e0 16 \u00b0C.<\/li>\n\t<li>Accompagnement : id\u00e9al avec les viandes grill\u00e9es (surtout l&#8217;agneau), les p\u00e2tes, les migas, les c\u00f4telettes d&#8217;agneau grill\u00e9es, le rago\u00fbt de lapin ou les fromages affin\u00e9s.<\/li>\n<\/ul>\n<p>D\u00e9tails de la vinification : C\u00e9page : 100% Tempranillo (\u00e9galement connu sous le nom de Tinta de Toro, Tinto Fino ou Cencibel).<br>R\u00e9colte : manuelle, \u00e0 partir de vieilles vignes en haute altitude avec des sols vari\u00e9s et un climat continental.<br>Potentiel de vieillissement : il peut vieillir pendant au moins cinq ans.<\/p>","protected":false},"excerpt":{"rendered":"<p>Pen\u00ednsula Ap\u00f3stata Red Wine from Spain 75cl, exp\u00e9ditions vers TOUTE L&#8217;EUROPE.<\/p>\n<p>&nbsp;<\/p>\n","protected":false},"featured_media":15641,"template":"","meta":{"site-sidebar-layout":"default","site-content-layout":"","ast-site-content-layout":"default","site-content-style":"default","site-sidebar-style":"default","ast-global-header-display":"","ast-banner-title-visibility":"","ast-main-header-display":"","ast-hfb-above-header-display":"","ast-hfb-below-header-display":"","ast-hfb-mobile-header-display":"","site-post-title":"","ast-breadcrumbs-content":"","ast-featured-img":"","footer-sml-layout":"","ast-disable-related-posts":"","theme-transparent-header-meta":"default","adv-header-id-meta":"","stick-header-meta":"","header-above-stick-meta":"","header-main-stick-meta":"","header-below-stick-meta":"","astra-migrate-meta-layouts":"default","ast-page-background-enabled":"default","ast-page-background-meta":{"desktop":{"background-color":"var(--ast-global-color-4)","background-image":"","background-repeat":"repeat","background-position":"center center","background-size":"auto","background-attachment":"scroll","background-type":"","background-media":"","overlay-type":"","overlay-color":"","overlay-opacity":"","overlay-gradient":""},"tablet":{"background-color":"","background-image":"","background-repeat":"repeat","background-position":"center center","background-size":"auto","background-attachment":"scroll","background-type":"","background-media":"","overlay-type":"","overlay-color":"","overlay-opacity":"","overlay-gradient":""},"mobile":{"background-color":"","background-image":"","background-repeat":"repeat","background-position":"center center","background-size":"auto","background-attachment":"scroll","background-type":"","background-media":"","overlay-type":"","overlay-color":"","overlay-opacity":"","overlay-gradient":""}},"ast-content-background-meta":{"desktop":{"background-color":"var(--ast-global-color-5)","background-image":"","background-repeat":"repeat","background-position":"center center","background-size":"auto","background-attachment":"scroll","background-type":"","background-media":"","overlay-type":"","overlay-color":"","overlay-opacity":"","overlay-gradient":""},"tablet":{"background-color":"var(--ast-global-color-5)","background-image":"","background-repeat":"repeat","background-position":"center center","background-size":"auto","background-attachment":"scroll","background-type":"","background-media":"","overlay-type":"","overlay-color":"","overlay-opacity":"","overlay-gradient":""},"mobile":{"background-color":"var(--ast-global-color-5)","background-image":"","background-repeat":"repeat","background-position":"center center","background-size":"auto","background-attachment":"scroll","background-type":"","background-media":"","overlay-type":"","overlay-color":"","overlay-opacity":"","overlay-gradient":""}}},"product_brand":[1349],"product_cat":[294],"product_tag":[],"class_list":{"0":"post-15646","1":"product","2":"type-product","3":"status-publish","4":"has-post-thumbnail","6":"product_brand-peninsula-vinicultores","7":"product_cat-vin-rouge","8":"desktop-align-left","9":"tablet-align-left","10":"mobile-align-left","12":"first","13":"instock","14":"taxable","15":"shipping-taxable","16":"purchasable","17":"product-type-simple"},"_links":{"self":[{"href":"https:\/\/andalubox.com\/fr\/wp-json\/wp\/v2\/product\/15646","targetHints":{"allow":["GET"]}}],"collection":[{"href":"https:\/\/andalubox.com\/fr\/wp-json\/wp\/v2\/product"}],"about":[{"href":"https:\/\/andalubox.com\/fr\/wp-json\/wp\/v2\/types\/product"}],"wp:featuredmedia":[{"embeddable":true,"href":"https:\/\/andalubox.com\/fr\/wp-json\/wp\/v2\/media\/15641"}],"wp:attachment":[{"href":"https:\/\/andalubox.com\/fr\/wp-json\/wp\/v2\/media?parent=15646"}],"wp:term":[{"taxonomy":"product_brand","embeddable":true,"href":"https:\/\/andalubox.com\/fr\/wp-json\/wp\/v2\/product_brand?post=15646"},{"taxonomy":"product_cat","embeddable":true,"href":"https:\/\/andalubox.com\/fr\/wp-json\/wp\/v2\/product_cat?post=15646"},{"taxonomy":"product_tag","embeddable":true,"href":"https:\/\/andalubox.com\/fr\/wp-json\/wp\/v2\/product_tag?post=15646"}],"curies":[{"name":"wp","href":"https:\/\/api.w.org\/{rel}","templated":true}]}}