{"id":15551,"date":"2024-11-22T09:30:23","date_gmt":"2024-11-22T08:30:23","guid":{"rendered":"https:\/\/andalubox.com\/producto-andaluz\/finca-la-barca-huile-dolive-extra-vierge-picual-500-ml\/"},"modified":"2025-08-02T20:24:33","modified_gmt":"2025-08-02T18:24:33","slug":"finca-la-barca-huile-dolive-extra-vierge-picual-500-ml","status":"publish","type":"product","link":"https:\/\/andalubox.com\/fr\/producto-andaluz\/finca-la-barca-huile-dolive-extra-vierge-picual-500-ml\/","title":{"rendered":"Hacienda El Palo Huile d&#8217;olive extra vierge Picual de Ja\u00e9n, 500 ml"},"content":{"rendered":"<p>Hacienda El Palo Huile d&#8217;olive extra vierge Picual de Ja\u00e9n, 500 ml.<\/p>\n<p>L&#8217;huile d&#8217;olive vierge extra Hacienda el Palo Premium Picual est l&#8217;essence m\u00eame de la qualit\u00e9 de Ja\u00e9n. \u00c9labor\u00e9e \u00e0 partir d&#8217;olives de la vari\u00e9t\u00e9 Picual r\u00e9colt\u00e9es en octobre, cette huile d&#8217;olive vierge extra pr\u00e9coce se distingue par sa couleur verte intense, sa personnalit\u00e9 marqu\u00e9e et sa remarquable intensit\u00e9 aromatique. <\/p>\n<p>D&#8217;un go\u00fbt doux et \u00e9quilibr\u00e9, elle est parfaite pour rehausser la saveur de vos plats, des salades aux toasts en passant par les sauces, les \u00e9mulsions ou encore les p\u00e2tisseries. Sa production soign\u00e9e dans des exploitations familiales garantit une huile unique, \u00e9labor\u00e9e avec passion et tradition. <\/p>\n<p>Jus d&#8217;olive.  <\/p>\n<p>Principales caract\u00e9ristiques : Vari\u00e9t\u00e9 Picual : Ar\u00f4me : fruit\u00e9 vert moyennement \u00e9lev\u00e9 avec des notes d&#8217;herbe fra\u00eeche, de pomme, d&#8217;amande, de feuille d&#8217;olivier, de tomate et d&#8217;artichaut.<br>Go\u00fbt : \u00e9quilibr\u00e9, avec une amertume moyenne et un piquant l\u00e9g\u00e8rement plus intense, id\u00e9al pour la consommation crue (salades, toasts, carpaccio, bruschetta) et la cuisine (fritures, marinades, trempettes).<br>Couleur : vert intense, refl\u00e9tant la pr\u00e9cocit\u00e9 de sa r\u00e9colte en octobre.<br>Propri\u00e9t\u00e9s : Riche en acide ol\u00e9ique et en antioxydants naturels (vitamine E, polyph\u00e9nols), b\u00e9n\u00e9fique pour la sant\u00e9 et d&#8217;une grande stabilit\u00e9 face \u00e0 l&#8217;oxydation, ce qui en fait un excellent conservateur naturel.<br><br><br><strong>Huile primeur de Ja\u00e9n, Huile familiale Picual, Non filtr\u00e9e<\/strong>.<\/p>","protected":false},"excerpt":{"rendered":"<p>Hacienda El Palo Extra Virgin Olive Oil Picual from Ja\u00e9n, 500 ml pour l&#8217;exportation vers l&#8217;Europe.<\/p>\n","protected":false},"featured_media":15548,"template":"","meta":{"site-sidebar-layout":"default","site-content-layout":"","ast-site-content-layout":"default","site-content-style":"default","site-sidebar-style":"default","ast-global-header-display":"","ast-banner-title-visibility":"","ast-main-header-display":"","ast-hfb-above-header-display":"","ast-hfb-below-header-display":"","ast-hfb-mobile-header-display":"","site-post-title":"","ast-breadcrumbs-content":"","ast-featured-img":"","footer-sml-layout":"","ast-disable-related-posts":"","theme-transparent-header-meta":"default","adv-header-id-meta":"","stick-header-meta":"","header-above-stick-meta":"","header-main-stick-meta":"","header-below-stick-meta":"","astra-migrate-meta-layouts":"default","ast-page-background-enabled":"default","ast-page-background-meta":{"desktop":{"background-color":"var(--ast-global-color-4)","background-image":"","background-repeat":"repeat","background-position":"center center","background-size":"auto","background-attachment":"scroll","background-type":"","background-media":"","overlay-type":"","overlay-color":"","overlay-opacity":"","overlay-gradient":""},"tablet":{"background-color":"","background-image":"","background-repeat":"repeat","background-position":"center center","background-size":"auto","background-attachment":"scroll","background-type":"","background-media":"","overlay-type":"","overlay-color":"","overlay-opacity":"","overlay-gradient":""},"mobile":{"background-color":"","background-image":"","background-repeat":"repeat","background-position":"center center","background-size":"auto","background-attachment":"scroll","background-type":"","background-media":"","overlay-type":"","overlay-color":"","overlay-opacity":"","overlay-gradient":""}},"ast-content-background-meta":{"desktop":{"background-color":"var(--ast-global-color-5)","background-image":"","background-repeat":"repeat","background-position":"center center","background-size":"auto","background-attachment":"scroll","background-type":"","background-media":"","overlay-type":"","overlay-color":"","overlay-opacity":"","overlay-gradient":""},"tablet":{"background-color":"var(--ast-global-color-5)","background-image":"","background-repeat":"repeat","background-position":"center center","background-size":"auto","background-attachment":"scroll","background-type":"","background-media":"","overlay-type":"","overlay-color":"","overlay-opacity":"","overlay-gradient":""},"mobile":{"background-color":"var(--ast-global-color-5)","background-image":"","background-repeat":"repeat","background-position":"center center","background-size":"auto","background-attachment":"scroll","background-type":"","background-media":"","overlay-type":"","overlay-color":"","overlay-opacity":"","overlay-gradient":""}}},"product_brand":[],"product_cat":[313],"product_tag":[],"class_list":{"0":"post-15551","1":"product","2":"type-product","3":"status-publish","4":"has-post-thumbnail","6":"product_cat-huile-andalouse","7":"desktop-align-left","8":"tablet-align-left","9":"mobile-align-left","11":"first","12":"instock","13":"taxable","14":"shipping-taxable","15":"purchasable","16":"product-type-simple"},"_links":{"self":[{"href":"https:\/\/andalubox.com\/fr\/wp-json\/wp\/v2\/product\/15551","targetHints":{"allow":["GET"]}}],"collection":[{"href":"https:\/\/andalubox.com\/fr\/wp-json\/wp\/v2\/product"}],"about":[{"href":"https:\/\/andalubox.com\/fr\/wp-json\/wp\/v2\/types\/product"}],"wp:featuredmedia":[{"embeddable":true,"href":"https:\/\/andalubox.com\/fr\/wp-json\/wp\/v2\/media\/15548"}],"wp:attachment":[{"href":"https:\/\/andalubox.com\/fr\/wp-json\/wp\/v2\/media?parent=15551"}],"wp:term":[{"taxonomy":"product_brand","embeddable":true,"href":"https:\/\/andalubox.com\/fr\/wp-json\/wp\/v2\/product_brand?post=15551"},{"taxonomy":"product_cat","embeddable":true,"href":"https:\/\/andalubox.com\/fr\/wp-json\/wp\/v2\/product_cat?post=15551"},{"taxonomy":"product_tag","embeddable":true,"href":"https:\/\/andalubox.com\/fr\/wp-json\/wp\/v2\/product_tag?post=15551"}],"curies":[{"name":"wp","href":"https:\/\/api.w.org\/{rel}","templated":true}]}}