{"id":15544,"date":"2024-11-22T09:26:40","date_gmt":"2024-11-22T08:26:40","guid":{"rendered":"https:\/\/andalubox.com\/producto-andaluz\/biobetica-primer-creme-pistache-et-cacao-andalouse-200g\/"},"modified":"2026-01-27T17:37:00","modified_gmt":"2026-01-27T16:37:00","slug":"biobetica-primer-creme-pistache-et-cacao-andalouse-200g","status":"publish","type":"product","link":"https:\/\/andalubox.com\/fr\/producto-andaluz\/biobetica-primer-creme-pistache-et-cacao-andalouse-200g\/","title":{"rendered":"Biobetica Cr\u00e8me Andalouse Pistache &amp; Cacao 200g"},"content":{"rendered":"<p>La cr\u00e8me de pistache et de cacao de Biobetica est une alternative d\u00e9licieuse et saine aux p\u00e2tes \u00e0 tartiner conventionnelles. Il s&#8217;agit d&#8217;un produit andalou qui se distingue par la qualit\u00e9 de ses ingr\u00e9dients et son engagement dans la production biologique. <\/p>\n<h3>Caract\u00e9ristiques et production<\/h3>\n<ul>\n\t<li>\n<p><b>Ingr\u00e9dients de haute qualit\u00e9<\/b>: l&#8217;ingr\u00e9dient principal est la <b>pistache<\/b>, qui apporte un go\u00fbt unique et une texture cr\u00e9meuse. Elle est associ\u00e9e \u00e0 la poudre de <b>cacao<\/b> pour cr\u00e9er un profil aromatique riche et \u00e9quilibr\u00e9. <\/p>\n<\/li>\n\t<li>\n<p><b>Production biologique<\/b>: Biobetica utilise des ingr\u00e9dients issus de l&#8217;agriculture biologique, ce qui garantit qu&#8217;aucun pesticide ou engrais chimique n&#8217;a \u00e9t\u00e9 utilis\u00e9 dans leur culture.<\/p>\n<\/li>\n\t<li>\n<p><b>Sans sucres ajout\u00e9s<\/b>: Contrairement \u00e0 d&#8217;autres cr\u00e8mes, cette version ne contient pas de sucres raffin\u00e9s ajout\u00e9s. Sa douceur provient d&#8217;ingr\u00e9dients naturels tels que les dattes. <\/p>\n<\/li>\n\t<li>\n<p><b>Sans additifs<\/b>: il ne contient ni huile de palme ni conservateurs artificiels, ce qui en fait un choix plus sain et plus naturel.<\/p>\n<\/li>\n<\/ul>\n<h3>Avantages nutritionnels<\/h3>\n<ul>\n\t<li>\n<p><b>Des graisses saines<\/b>: les pistaches sont riches en graisses monoinsatur\u00e9es et polyinsatur\u00e9es, qui sont b\u00e9n\u00e9fiques pour la sant\u00e9 cardiovasculaire.<\/p>\n<\/li>\n\t<li>\n<p><b>Prot\u00e9ines et fibres<\/b>: Il apporte une bonne quantit\u00e9 de prot\u00e9ines et de fibres, ce qui contribue \u00e0 la sensation de sati\u00e9t\u00e9 et am\u00e9liore le transit intestinal.<\/p>\n<\/li>\n\t<li>\n<p><b>Antioxydants<\/b>: Le cacao est une source d&#8217;antioxydants naturels qui aident \u00e0 lutter contre les dommages caus\u00e9s par les radicaux libres.<\/p>\n<\/li>\n<\/ul>\n<h3>Utilisations et associations<\/h3>\n<p>Cette cr\u00e8me \u00e0 la pistache et au cacao est tr\u00e8s polyvalente. Vous pouvez l&#8217;utiliser pour : <\/p>\n<ul>\n\t<li>\n<p><b>Tartinez des toasts ou des cr\u00eapes<\/b>: un petit-d\u00e9jeuner ou un en-cas d\u00e9licieux et nutritif.<\/p>\n<\/li>\n\t<li>\n<p><b>En tant qu&#8217;ingr\u00e9dient de p\u00e2tisserie<\/b>: pour les garnitures, les nappages ou comme base pour les desserts.<\/p>\n<\/li>\n\t<li>\n<p><b>Servez avec des fruits<\/b>: Se combine tr\u00e8s bien avec des bananes, des fraises ou des pommes.<\/p>\n<\/li>\n<\/ul>\n<p>En r\u00e9sum\u00e9, la cr\u00e8me de pistache et de cacao de Biobetica est un excellent choix pour ceux qui recherchent un produit savoureux, biologique et sans additifs.<\/p>","protected":false},"excerpt":{"rendered":"<p>Savourez une cr\u00e8me biologique avec 23% de pistaches et de l&#8217;huile d&#8217;olive extra vierge. Sans gluten, v\u00e9g\u00e9talienne et parfaite pour votre sant\u00e9.<\/p>\n","protected":false},"featured_media":15539,"comment_status":"open","ping_status":"closed","template":"","meta":{"site-sidebar-layout":"default","site-content-layout":"","ast-site-content-layout":"default","site-content-style":"default","site-sidebar-style":"default","ast-global-header-display":"","ast-banner-title-visibility":"","ast-main-header-display":"","ast-hfb-above-header-display":"","ast-hfb-below-header-display":"","ast-hfb-mobile-header-display":"","site-post-title":"","ast-breadcrumbs-content":"","ast-featured-img":"","footer-sml-layout":"","ast-disable-related-posts":"","theme-transparent-header-meta":"default","adv-header-id-meta":"","stick-header-meta":"","header-above-stick-meta":"","header-main-stick-meta":"","header-below-stick-meta":"","astra-migrate-meta-layouts":"default","ast-page-background-enabled":"default","ast-page-background-meta":{"desktop":{"background-color":"var(--ast-global-color-4)","background-image":"","background-repeat":"repeat","background-position":"center center","background-size":"auto","background-attachment":"scroll","background-type":"","background-media":"","overlay-type":"","overlay-color":"","overlay-opacity":"","overlay-gradient":""},"tablet":{"background-color":"","background-image":"","background-repeat":"repeat","background-position":"center center","background-size":"auto","background-attachment":"scroll","background-type":"","background-media":"","overlay-type":"","overlay-color":"","overlay-opacity":"","overlay-gradient":""},"mobile":{"background-color":"","background-image":"","background-repeat":"repeat","background-position":"center center","background-size":"auto","background-attachment":"scroll","background-type":"","background-media":"","overlay-type":"","overlay-color":"","overlay-opacity":"","overlay-gradient":""}},"ast-content-background-meta":{"desktop":{"background-color":"var(--ast-global-color-5)","background-image":"","background-repeat":"repeat","background-position":"center center","background-size":"auto","background-attachment":"scroll","background-type":"","background-media":"","overlay-type":"","overlay-color":"","overlay-opacity":"","overlay-gradient":""},"tablet":{"background-color":"var(--ast-global-color-5)","background-image":"","background-repeat":"repeat","background-position":"center center","background-size":"auto","background-attachment":"scroll","background-type":"","background-media":"","overlay-type":"","overlay-color":"","overlay-opacity":"","overlay-gradient":""},"mobile":{"background-color":"var(--ast-global-color-5)","background-image":"","background-repeat":"repeat","background-position":"center center","background-size":"auto","background-attachment":"scroll","background-type":"","background-media":"","overlay-type":"","overlay-color":"","overlay-opacity":"","overlay-gradient":""}}},"product_brand":[1317],"product_cat":[15],"product_tag":[],"class_list":{"0":"post-15544","1":"product","2":"type-product","3":"status-publish","4":"has-post-thumbnail","6":"product_brand-biobetica","7":"product_cat-sin-categorizar","8":"desktop-align-left","9":"tablet-align-left","10":"mobile-align-left","12":"first","13":"instock","14":"taxable","15":"shipping-taxable","16":"purchasable","17":"product-type-simple"},"_links":{"self":[{"href":"https:\/\/andalubox.com\/fr\/wp-json\/wp\/v2\/product\/15544","targetHints":{"allow":["GET"]}}],"collection":[{"href":"https:\/\/andalubox.com\/fr\/wp-json\/wp\/v2\/product"}],"about":[{"href":"https:\/\/andalubox.com\/fr\/wp-json\/wp\/v2\/types\/product"}],"replies":[{"embeddable":true,"href":"https:\/\/andalubox.com\/fr\/wp-json\/wp\/v2\/comments?post=15544"}],"wp:featuredmedia":[{"embeddable":true,"href":"https:\/\/andalubox.com\/fr\/wp-json\/wp\/v2\/media\/15539"}],"wp:attachment":[{"href":"https:\/\/andalubox.com\/fr\/wp-json\/wp\/v2\/media?parent=15544"}],"wp:term":[{"taxonomy":"product_brand","embeddable":true,"href":"https:\/\/andalubox.com\/fr\/wp-json\/wp\/v2\/product_brand?post=15544"},{"taxonomy":"product_cat","embeddable":true,"href":"https:\/\/andalubox.com\/fr\/wp-json\/wp\/v2\/product_cat?post=15544"},{"taxonomy":"product_tag","embeddable":true,"href":"https:\/\/andalubox.com\/fr\/wp-json\/wp\/v2\/product_tag?post=15544"}],"curies":[{"name":"wp","href":"https:\/\/api.w.org\/{rel}","templated":true}]}}