{"id":15524,"date":"2024-11-21T16:25:33","date_gmt":"2024-11-21T15:25:33","guid":{"rendered":"https:\/\/andalubox.com\/producto-andaluz\/thon-fume-a-lhuile-el-rey-de-oros-170g\/"},"modified":"2026-01-27T17:36:49","modified_gmt":"2026-01-27T16:36:49","slug":"thon-fume-a-lhuile-el-rey-de-oros-170g","status":"publish","type":"product","link":"https:\/\/andalubox.com\/fr\/producto-andaluz\/thon-fume-a-lhuile-el-rey-de-oros-170g\/","title":{"rendered":"EL Rey de Oros Thon Almadraba fum\u00e9 \u00e0 l&#8217;huile de tournesol 170g"},"content":{"rendered":"<p><strong>Exp\u00e9dition exclusive vers l&#8217;Espagne continentale, les \u00eeles Bal\u00e9ares et la France.<\/strong><\/p>\n<p>Le <strong>thon fum\u00e9 \u00e0 l&#8217;huile King of Golds<\/strong> est un d\u00e9lice qui \u00e9l\u00e8ve l&#8217;exp\u00e9rience culinaire \u00e0 un autre niveau. Fabriqu\u00e9 \u00e0 partir de thon albacore soigneusement s\u00e9lectionn\u00e9, son processus de fumage artisanal avec des bois fins met en valeur sa saveur profonde et sa texture d\u00e9licatement ferme. Ce processus, associ\u00e9 \u00e0 l&#8217;onctuosit\u00e9 de l&#8217;huile de tournesol raffin\u00e9e, garantit un produit gastronomique qui se distingue par sa qualit\u00e9 et sa polyvalence.  <\/p>\n<p>Parfait pour \u00eatre d\u00e9gust\u00e9 en entr\u00e9e, dans des salades fra\u00eeches ou comme ingr\u00e9dient dans des recettes \u00e9labor\u00e9es, ce thon fum\u00e9 transforme n&#8217;importe quel plat en une cr\u00e9ation sophistiqu\u00e9e. Il est \u00e9galement une source naturelle de prot\u00e9ines de haute qualit\u00e9, d&#8217;acides gras om\u00e9ga-3, de s\u00e9l\u00e9nium et de vitamines B, offrant des avantages pour la sant\u00e9 cardiovasculaire, la sant\u00e9 c\u00e9r\u00e9brale et le bien-\u00eatre g\u00e9n\u00e9ral. <\/p>\n<p><strong>Rey de Oros<\/strong>, synonyme de tradition et d&#8217;excellence, garantit une exp\u00e9rience culinaire sup\u00e9rieure gr\u00e2ce \u00e0 son processus de production m\u00e9ticuleux et \u00e0 son engagement en mati\u00e8re de qualit\u00e9. D\u00e9couvrez ce produit et d&#8217;autres d\u00e9lices gastronomiques dans notre boutique en ligne et transformez votre cuisine avec des saveurs uniques. <br><br><strong>Doit \u00eatre conserv\u00e9 au froid<\/strong><\/p>","protected":false},"excerpt":{"rendered":"<p>Le thon fum\u00e9 \u00e0 l&#8217;huile King of Golds allie la saveur unique du fumage artisanal \u00e0 l&#8217;onctuosit\u00e9 de l&#8217;huile de tournesol raffin\u00e9e. Un produit gourmet polyvalent et sain, id\u00e9al pour rehausser vos plats. <\/p>\n","protected":false},"featured_media":29984,"comment_status":"open","ping_status":"closed","template":"","meta":{"site-sidebar-layout":"default","site-content-layout":"","ast-site-content-layout":"default","site-content-style":"default","site-sidebar-style":"default","ast-global-header-display":"","ast-banner-title-visibility":"","ast-main-header-display":"","ast-hfb-above-header-display":"","ast-hfb-below-header-display":"","ast-hfb-mobile-header-display":"","site-post-title":"","ast-breadcrumbs-content":"","ast-featured-img":"","footer-sml-layout":"","ast-disable-related-posts":"","theme-transparent-header-meta":"default","adv-header-id-meta":"","stick-header-meta":"","header-above-stick-meta":"","header-main-stick-meta":"","header-below-stick-meta":"","astra-migrate-meta-layouts":"default","ast-page-background-enabled":"default","ast-page-background-meta":{"desktop":{"background-color":"var(--ast-global-color-4)","background-image":"","background-repeat":"repeat","background-position":"center center","background-size":"auto","background-attachment":"scroll","background-type":"","background-media":"","overlay-type":"","overlay-color":"","overlay-opacity":"","overlay-gradient":""},"tablet":{"background-color":"","background-image":"","background-repeat":"repeat","background-position":"center center","background-size":"auto","background-attachment":"scroll","background-type":"","background-media":"","overlay-type":"","overlay-color":"","overlay-opacity":"","overlay-gradient":""},"mobile":{"background-color":"","background-image":"","background-repeat":"repeat","background-position":"center center","background-size":"auto","background-attachment":"scroll","background-type":"","background-media":"","overlay-type":"","overlay-color":"","overlay-opacity":"","overlay-gradient":""}},"ast-content-background-meta":{"desktop":{"background-color":"var(--ast-global-color-5)","background-image":"","background-repeat":"repeat","background-position":"center center","background-size":"auto","background-attachment":"scroll","background-type":"","background-media":"","overlay-type":"","overlay-color":"","overlay-opacity":"","overlay-gradient":""},"tablet":{"background-color":"var(--ast-global-color-5)","background-image":"","background-repeat":"repeat","background-position":"center center","background-size":"auto","background-attachment":"scroll","background-type":"","background-media":"","overlay-type":"","overlay-color":"","overlay-opacity":"","overlay-gradient":""},"mobile":{"background-color":"var(--ast-global-color-5)","background-image":"","background-repeat":"repeat","background-position":"center center","background-size":"auto","background-attachment":"scroll","background-type":"","background-media":"","overlay-type":"","overlay-color":"","overlay-opacity":"","overlay-gradient":""}}},"product_brand":[1153],"product_cat":[267],"product_tag":[721,719,720],"class_list":{"0":"post-15524","1":"product","2":"type-product","3":"status-publish","4":"has-post-thumbnail","6":"product_brand-el-rey-de-oros","7":"product_cat-thon","8":"product_tag-le-roi-de-lor","9":"product_tag-thon-almadraba","10":"product_tag-thon-de-barbate","11":"product_shipping_class-refrigere","12":"desktop-align-left","13":"tablet-align-left","14":"mobile-align-left","16":"first","17":"outofstock","18":"taxable","19":"shipping-taxable","20":"purchasable","21":"product-type-simple"},"_links":{"self":[{"href":"https:\/\/andalubox.com\/fr\/wp-json\/wp\/v2\/product\/15524","targetHints":{"allow":["GET"]}}],"collection":[{"href":"https:\/\/andalubox.com\/fr\/wp-json\/wp\/v2\/product"}],"about":[{"href":"https:\/\/andalubox.com\/fr\/wp-json\/wp\/v2\/types\/product"}],"replies":[{"embeddable":true,"href":"https:\/\/andalubox.com\/fr\/wp-json\/wp\/v2\/comments?post=15524"}],"wp:featuredmedia":[{"embeddable":true,"href":"https:\/\/andalubox.com\/fr\/wp-json\/wp\/v2\/media\/29984"}],"wp:attachment":[{"href":"https:\/\/andalubox.com\/fr\/wp-json\/wp\/v2\/media?parent=15524"}],"wp:term":[{"taxonomy":"product_brand","embeddable":true,"href":"https:\/\/andalubox.com\/fr\/wp-json\/wp\/v2\/product_brand?post=15524"},{"taxonomy":"product_cat","embeddable":true,"href":"https:\/\/andalubox.com\/fr\/wp-json\/wp\/v2\/product_cat?post=15524"},{"taxonomy":"product_tag","embeddable":true,"href":"https:\/\/andalubox.com\/fr\/wp-json\/wp\/v2\/product_tag?post=15524"}],"curies":[{"name":"wp","href":"https:\/\/api.w.org\/{rel}","templated":true}]}}