{"id":15462,"date":"2024-11-18T12:05:42","date_gmt":"2024-11-18T11:05:42","guid":{"rendered":"https:\/\/andalubox.com\/producto-andaluz\/vino-de-muerte-classic-75cl\/"},"modified":"2025-09-22T13:36:38","modified_gmt":"2025-09-22T11:36:38","slug":"vino-de-muerte-classic-75cl","status":"publish","type":"product","link":"https:\/\/andalubox.com\/fr\/producto-andaluz\/vino-de-muerte-classic-75cl\/","title":{"rendered":"De Muerte Vin rouge classique espagnol 75cl"},"content":{"rendered":"<div class=\"elementor-element elementor-element-887d777 animated-slow elementor-widget elementor-widget-text-editor animated fadeIn\" data-id=\"887d777\" data-element_type=\"widget\" data-settings=\"{\"_animation\":\"fadeIn\",\"_animation_delay\":190}\" data-widget_type=\"text-editor.default\">\n<div class=\"elementor-widget-container\">De Muerte Vin rouge classique espagnol 75cl<\/div>\n<div class=\"elementor-widget-container\">Rouge pourpre intense. Fruits noirs et rouges bien d\u00e9finis avec un arri\u00e8re-plan complexe de ch\u00eane, de p\u00e2tisseries, de balsamique, d&#8217;\u00e9pices et de vanille. La bouche est souple et onctueuse.  <\/div>\n<\/div>\n<div class=\"elementor-element elementor-element-cabdc2f animated-slow elementor-widget elementor-widget-text-editor animated fadeIn\" data-id=\"cabdc2f\" data-element_type=\"widget\" data-settings=\"{\"_animation\":\"fadeIn\",\"_animation_delay\":200}\" data-widget_type=\"text-editor.default\">\n<div class=\"elementor-widget-container\">Alcool. <span class=\"light-text\">14,5%<\/span><br>Temp\u00e9rature de service. <span class=\"light-text\">16-18 \u00baC<\/span><\/div>\n<div>Principalement du Monastrell (90 %) provenant de vignobles \u00e2g\u00e9s de plus de 15 ans, avec juste la bonne quantit\u00e9 de Cabernet Sauvignon (10 %) pour enrichir son spectre de saveurs. Style m\u00e9diterran\u00e9en. Sol calcaire. Vendang\u00e9 \u00e0 la main avec amour. Vieilli en f\u00fbts de ch\u00eane fran\u00e7ais pendant au moins 6 mois.    <\/div>\n<div>\n<div class=\"elementor-column elementor-col-33 elementor-top-column elementor-element elementor-element-9163c46\" data-id=\"9163c46\" data-element_type=\"column\">\n<div class=\"elementor-widget-wrap elementor-element-populated\">\n<div class=\"elementor-element elementor-element-51b064b elementor-widget__width-initial animated-slow elementor-widget elementor-widget-text-editor animated fadeIn\" data-id=\"51b064b\" data-element_type=\"widget\" data-settings=\"{\"_animation\":\"fadeIn\",\"_animation_delay\":100}\" data-widget_type=\"text-editor.default\">\n<div class=\"elementor-widget-container\">MOITI\u00c9 MONASTRELL, MOITI\u00c9 SYRAH, PLEINE COULEUR<\/div>\n<\/div>\n<div class=\"elementor-element elementor-element-3e9cc8a elementor-widget__width-initial animated-slow elementor-widget elementor-widget-text-editor animated fadeIn\" data-id=\"3e9cc8a\" data-element_type=\"widget\" data-settings=\"{\"_animation\":\"fadeIn\",\"_animation_delay\":100}\" data-widget_type=\"text-editor.default\">\n<div class=\"elementor-widget-container\">\n<p>Le premier de la collection. Un vin rouge classique, saisissant et tr\u00e8s original de l&#8217;AOC Yecla, Espagne. Color\u00e9 et riche \u00e0 l&#8217;int\u00e9rieur comme \u00e0 l&#8217;ext\u00e9rieur.  <\/p>\n<\/div>\n<\/div>\n<div class=\"elementor-element elementor-element-3ebe34a animated-slow elementor-widget elementor-widget-text-editor animated fadeIn\" data-id=\"3ebe34a\" data-element_type=\"widget\" data-settings=\"{\"_animation\":\"fadeIn\",\"_animation_delay\":150}\" data-widget_type=\"text-editor.default\">\n<div class=\"elementor-widget-container\"><strong>Un vin classique pour des temps non conventionnels<\/strong><\/div>\n<\/div>\n<\/div>\n<\/div>\n<\/div>\n<\/div>\n<p>Les raisins proviennent de vieilles vignes de plus de 15 ans \u00e0 faible rendement et irrigu\u00e9es, situ\u00e9es dans un climat extr\u00eame avec des hivers tr\u00e8s froids et des \u00e9t\u00e9s tr\u00e8s chauds.<\/p>\n<p>Les raisins sont r\u00e9colt\u00e9s \u00e0 la main, dans des caisses de 20 kilos, et vinifi\u00e9s dans des cuves en acier inoxydable \u00e0 une temp\u00e9rature de 24\u00baC, permettant une mac\u00e9ration de 21 jours.<\/p>\n<p>Apr\u00e8s la fermentation malolactique, le vin est \u00e9lev\u00e9 dans de nouveaux f\u00fbts de ch\u00eane fran\u00e7ais et am\u00e9ricain pendant au moins 10 mois.<\/p>","protected":false},"excerpt":{"rendered":"<p>De Muerte Classic Spanish Red Wine 75cl dans toute l&#8217;Europe.<\/p>\n<p>Il est situ\u00e9 dans les paysages de Yecla, un lieu embl\u00e9matique o\u00f9 l&#8217;on recherche l&#8217;essence de la M\u00e9diterran\u00e9e.  <\/p>\n","protected":false},"featured_media":15459,"comment_status":"open","ping_status":"closed","template":"","meta":{"site-sidebar-layout":"default","site-content-layout":"","ast-site-content-layout":"default","site-content-style":"default","site-sidebar-style":"default","ast-global-header-display":"","ast-banner-title-visibility":"","ast-main-header-display":"","ast-hfb-above-header-display":"","ast-hfb-below-header-display":"","ast-hfb-mobile-header-display":"","site-post-title":"","ast-breadcrumbs-content":"","ast-featured-img":"","footer-sml-layout":"","ast-disable-related-posts":"","theme-transparent-header-meta":"default","adv-header-id-meta":"","stick-header-meta":"","header-above-stick-meta":"","header-main-stick-meta":"","header-below-stick-meta":"","astra-migrate-meta-layouts":"default","ast-page-background-enabled":"default","ast-page-background-meta":{"desktop":{"background-color":"var(--ast-global-color-4)","background-image":"","background-repeat":"repeat","background-position":"center center","background-size":"auto","background-attachment":"scroll","background-type":"","background-media":"","overlay-type":"","overlay-color":"","overlay-opacity":"","overlay-gradient":""},"tablet":{"background-color":"","background-image":"","background-repeat":"repeat","background-position":"center center","background-size":"auto","background-attachment":"scroll","background-type":"","background-media":"","overlay-type":"","overlay-color":"","overlay-opacity":"","overlay-gradient":""},"mobile":{"background-color":"","background-image":"","background-repeat":"repeat","background-position":"center center","background-size":"auto","background-attachment":"scroll","background-type":"","background-media":"","overlay-type":"","overlay-color":"","overlay-opacity":"","overlay-gradient":""}},"ast-content-background-meta":{"desktop":{"background-color":"var(--ast-global-color-5)","background-image":"","background-repeat":"repeat","background-position":"center center","background-size":"auto","background-attachment":"scroll","background-type":"","background-media":"","overlay-type":"","overlay-color":"","overlay-opacity":"","overlay-gradient":""},"tablet":{"background-color":"var(--ast-global-color-5)","background-image":"","background-repeat":"repeat","background-position":"center center","background-size":"auto","background-attachment":"scroll","background-type":"","background-media":"","overlay-type":"","overlay-color":"","overlay-opacity":"","overlay-gradient":""},"mobile":{"background-color":"var(--ast-global-color-5)","background-image":"","background-repeat":"repeat","background-position":"center center","background-size":"auto","background-attachment":"scroll","background-type":"","background-media":"","overlay-type":"","overlay-color":"","overlay-opacity":"","overlay-gradient":""}}},"product_brand":[1392],"product_cat":[294,291],"product_tag":[],"class_list":{"0":"post-15462","1":"product","2":"type-product","3":"status-publish","4":"has-post-thumbnail","6":"product_brand-winery-on-create","7":"product_cat-vin-rouge","8":"product_cat-vinoteca-fr","9":"desktop-align-left","10":"tablet-align-left","11":"mobile-align-left","13":"first","14":"instock","15":"taxable","16":"shipping-taxable","17":"purchasable","18":"product-type-simple"},"_links":{"self":[{"href":"https:\/\/andalubox.com\/fr\/wp-json\/wp\/v2\/product\/15462","targetHints":{"allow":["GET"]}}],"collection":[{"href":"https:\/\/andalubox.com\/fr\/wp-json\/wp\/v2\/product"}],"about":[{"href":"https:\/\/andalubox.com\/fr\/wp-json\/wp\/v2\/types\/product"}],"replies":[{"embeddable":true,"href":"https:\/\/andalubox.com\/fr\/wp-json\/wp\/v2\/comments?post=15462"}],"wp:featuredmedia":[{"embeddable":true,"href":"https:\/\/andalubox.com\/fr\/wp-json\/wp\/v2\/media\/15459"}],"wp:attachment":[{"href":"https:\/\/andalubox.com\/fr\/wp-json\/wp\/v2\/media?parent=15462"}],"wp:term":[{"taxonomy":"product_brand","embeddable":true,"href":"https:\/\/andalubox.com\/fr\/wp-json\/wp\/v2\/product_brand?post=15462"},{"taxonomy":"product_cat","embeddable":true,"href":"https:\/\/andalubox.com\/fr\/wp-json\/wp\/v2\/product_cat?post=15462"},{"taxonomy":"product_tag","embeddable":true,"href":"https:\/\/andalubox.com\/fr\/wp-json\/wp\/v2\/product_tag?post=15462"}],"curies":[{"name":"wp","href":"https:\/\/api.w.org\/{rel}","templated":true}]}}