{"id":15443,"date":"2024-11-18T11:52:44","date_gmt":"2024-11-18T10:52:44","guid":{"rendered":"https:\/\/andalubox.com\/producto-andaluz\/vino-de-muerte-one-75cl\/"},"modified":"2025-09-24T10:42:35","modified_gmt":"2025-09-24T08:42:35","slug":"vino-de-muerte-one-75cl","status":"publish","type":"product","link":"https:\/\/andalubox.com\/fr\/producto-andaluz\/vino-de-muerte-one-75cl\/","title":{"rendered":"De Muerte One Vin rouge espagnol 75cl"},"content":{"rendered":"<div class=\"elementor-element elementor-element-55f56b1 animated-slow elementor-widget elementor-widget-text-editor animated fadeIn\" data-id=\"55f56b1\" data-element_type=\"widget\" data-settings=\"{\"_animation\":\"fadeIn\",\"_animation_delay\":160}\" data-widget_type=\"text-editor.default\">\n<div class=\"elementor-widget-container\">\n<p>De Muerte One Vin rouge espagnol 75cl<\/p>\n<p>Couleur rouge cerise intense. Ar\u00f4me intense et doux rappelant les fruits rouges m\u00fbrs, compl\u00e9t\u00e9 par des nuances \u00e9pic\u00e9es et subtilement grill\u00e9es. Moyennement cors\u00e9, tannins doux, un peu terreux, qui se comporte bien avec l&#8217;acidit\u00e9 et acquiert une certaine onctuosit\u00e9 en bouche.  <\/p>\n<\/div>\n<\/div>\n<div class=\"elementor-element elementor-element-ab08a9d animated-slow elementor-widget elementor-widget-text-editor animated fadeIn\" data-id=\"ab08a9d\" data-element_type=\"widget\" data-settings=\"{\"_animation\":\"fadeIn\",\"_animation_delay\":170}\" data-widget_type=\"text-editor.default\">\n<div class=\"elementor-widget-container\">Alcool. <span class=\"light-text\">14,5%<\/span><br>Temp\u00e9rature de service. <span class=\"light-text\">14-18 \u00baC<\/span><\/div>\n<div>\n<div class=\"elementor-element elementor-element-bf339f2 elementor-widget__width-initial animated-slow elementor-widget elementor-widget-text-editor animated fadeIn\" data-id=\"bf339f2\" data-element_type=\"widget\" data-settings=\"{\"_animation\":\"fadeIn\",\"_animation_delay\":100}\" data-widget_type=\"text-editor.default\">\n<div class=\"elementor-widget-container\">UN MONASTRELL LUMINESCENT AVEC UNE TOUCHE DE CABERNET SAUVIGNON<\/div>\n<\/div>\n<div class=\"elementor-element elementor-element-0a85d04 elementor-widget__width-initial animated-slow elementor-widget elementor-widget-text-editor animated fadeIn\" data-id=\"0a85d04\" data-element_type=\"widget\" data-settings=\"{\"_animation\":\"fadeIn\",\"_animation_delay\":110}\" data-widget_type=\"text-editor.default\">\n<div class=\"elementor-widget-container\">\n<p>Un vin rouge lumineux, brillant et \u00e9pic\u00e9 de<br>dans l&#8217;A.O. Yecla, Espagne. Esprit libre, rebelle, r\u00e9actualisant les codes des vins traditionnels : intense et fruit\u00e9. <\/p>\n<\/div>\n<\/div>\n<div class=\"elementor-element elementor-element-679ec3a animated-slow elementor-widget elementor-widget-text-editor animated fadeIn\" data-id=\"679ec3a\" data-element_type=\"widget\" data-settings=\"{\"_animation\":\"fadeIn\",\"_animation_delay\":120}\" data-widget_type=\"text-editor.default\">\n<div class=\"elementor-widget-container\"><strong>Nous vous recommandons de le boire dans l&#8217;obscurit\u00e9<\/strong><\/div>\n<\/div>\n<\/div>\n<\/div>\n<p>Produit par Wineryon, l&#8217;un des projets de vinification les plus modernes et les plus innovants du pays. DEMUERTE ONE se pr\u00e9sente comme un nouvel engagement dans l&#8217;actualisation des syst\u00e8mes traditionnels de vinification. Un travail qui mise sur la patience et la qualit\u00e9, sans renoncer au design et aux nouvelles saveurs.  <\/p>\n<p>Vignes \u00e2g\u00e9es de plus de 15 ans avec de faibles rendements sous irrigation. Climat extr\u00eame avec des hivers tr\u00e8s froids et des \u00e9t\u00e9s tr\u00e8s chauds. <\/p>\n<p>Vendang\u00e9 \u00e0 la main, dans des caisses de 20 kg. Vinifi\u00e9 dans des cuves en acier inoxydable \u00e0 une temp\u00e9rature de 24\u00baC. Longue mac\u00e9ration de 21 jours.  <\/p>\n<p>Fermentation malolactique et vieillissement en f\u00fbts de ch\u00eane fran\u00e7ais de l&#8217;Allier pendant au moins 6 mois.<\/p>\n<p>L&#8217;une des caract\u00e9ristiques de cette nouvelle pr\u00e9sentation est son \u00e9tiquette luminescente.<\/p>\n<p>D\u00e9gustation : Robe rouge cerise Bigarreau. Nez intense et gourmand, avec une abondance de fruits rouges m\u00fbrs, des nuances \u00e9pic\u00e9es et de douces notes grill\u00e9es. En bouche, il est moyennement cors\u00e9, avec des tanins doux, un peu terreux, une bonne acidit\u00e9 et de la douceur.  <\/p>","protected":false},"excerpt":{"rendered":"<p>Produit par Wineryon, l&#8217;un des projets de vinification les plus modernes et les plus innovants du pays. DEMUERTE ONE se pr\u00e9sente comme un nouvel engagement dans l&#8217;actualisation des syst\u00e8mes traditionnels de vinification. Un travail qui mise sur la patience et la qualit\u00e9, sans renoncer au design et aux nouvelles saveurs.  <\/p>\n","protected":false},"featured_media":15441,"comment_status":"open","ping_status":"closed","template":"","meta":{"site-sidebar-layout":"default","site-content-layout":"","ast-site-content-layout":"default","site-content-style":"default","site-sidebar-style":"default","ast-global-header-display":"","ast-banner-title-visibility":"","ast-main-header-display":"","ast-hfb-above-header-display":"","ast-hfb-below-header-display":"","ast-hfb-mobile-header-display":"","site-post-title":"","ast-breadcrumbs-content":"","ast-featured-img":"","footer-sml-layout":"","ast-disable-related-posts":"","theme-transparent-header-meta":"default","adv-header-id-meta":"","stick-header-meta":"","header-above-stick-meta":"","header-main-stick-meta":"","header-below-stick-meta":"","astra-migrate-meta-layouts":"default","ast-page-background-enabled":"default","ast-page-background-meta":{"desktop":{"background-color":"var(--ast-global-color-4)","background-image":"","background-repeat":"repeat","background-position":"center center","background-size":"auto","background-attachment":"scroll","background-type":"","background-media":"","overlay-type":"","overlay-color":"","overlay-opacity":"","overlay-gradient":""},"tablet":{"background-color":"","background-image":"","background-repeat":"repeat","background-position":"center center","background-size":"auto","background-attachment":"scroll","background-type":"","background-media":"","overlay-type":"","overlay-color":"","overlay-opacity":"","overlay-gradient":""},"mobile":{"background-color":"","background-image":"","background-repeat":"repeat","background-position":"center center","background-size":"auto","background-attachment":"scroll","background-type":"","background-media":"","overlay-type":"","overlay-color":"","overlay-opacity":"","overlay-gradient":""}},"ast-content-background-meta":{"desktop":{"background-color":"var(--ast-global-color-5)","background-image":"","background-repeat":"repeat","background-position":"center center","background-size":"auto","background-attachment":"scroll","background-type":"","background-media":"","overlay-type":"","overlay-color":"","overlay-opacity":"","overlay-gradient":""},"tablet":{"background-color":"var(--ast-global-color-5)","background-image":"","background-repeat":"repeat","background-position":"center center","background-size":"auto","background-attachment":"scroll","background-type":"","background-media":"","overlay-type":"","overlay-color":"","overlay-opacity":"","overlay-gradient":""},"mobile":{"background-color":"var(--ast-global-color-5)","background-image":"","background-repeat":"repeat","background-position":"center center","background-size":"auto","background-attachment":"scroll","background-type":"","background-media":"","overlay-type":"","overlay-color":"","overlay-opacity":"","overlay-gradient":""}}},"product_brand":[1392],"product_cat":[294,291],"product_tag":[],"class_list":{"0":"post-15443","1":"product","2":"type-product","3":"status-publish","4":"has-post-thumbnail","6":"product_brand-winery-on-create","7":"product_cat-vin-rouge","8":"product_cat-vinoteca-fr","9":"desktop-align-left","10":"tablet-align-left","11":"mobile-align-left","13":"first","14":"instock","15":"taxable","16":"shipping-taxable","17":"purchasable","18":"product-type-simple"},"_links":{"self":[{"href":"https:\/\/andalubox.com\/fr\/wp-json\/wp\/v2\/product\/15443","targetHints":{"allow":["GET"]}}],"collection":[{"href":"https:\/\/andalubox.com\/fr\/wp-json\/wp\/v2\/product"}],"about":[{"href":"https:\/\/andalubox.com\/fr\/wp-json\/wp\/v2\/types\/product"}],"replies":[{"embeddable":true,"href":"https:\/\/andalubox.com\/fr\/wp-json\/wp\/v2\/comments?post=15443"}],"wp:featuredmedia":[{"embeddable":true,"href":"https:\/\/andalubox.com\/fr\/wp-json\/wp\/v2\/media\/15441"}],"wp:attachment":[{"href":"https:\/\/andalubox.com\/fr\/wp-json\/wp\/v2\/media?parent=15443"}],"wp:term":[{"taxonomy":"product_brand","embeddable":true,"href":"https:\/\/andalubox.com\/fr\/wp-json\/wp\/v2\/product_brand?post=15443"},{"taxonomy":"product_cat","embeddable":true,"href":"https:\/\/andalubox.com\/fr\/wp-json\/wp\/v2\/product_cat?post=15443"},{"taxonomy":"product_tag","embeddable":true,"href":"https:\/\/andalubox.com\/fr\/wp-json\/wp\/v2\/product_tag?post=15443"}],"curies":[{"name":"wp","href":"https:\/\/api.w.org\/{rel}","templated":true}]}}