{"id":15402,"date":"2024-11-12T12:17:45","date_gmt":"2024-11-12T11:17:45","guid":{"rendered":"https:\/\/andalubox.com\/producto-andaluz\/huile-dolive-extra-vierge-el-novio-del-mollete-500-ml\/"},"modified":"2025-08-19T18:14:51","modified_gmt":"2025-08-19T16:14:51","slug":"huile-dolive-extra-vierge-el-novio-del-mollete-500-ml","status":"publish","type":"product","link":"https:\/\/andalubox.com\/fr\/producto-andaluz\/huile-dolive-extra-vierge-el-novio-del-mollete-500-ml\/","title":{"rendered":"El Novio del Mollete Huile d&#8217;olive extra vierge d&#8217;Andalousie, 500 ml"},"content":{"rendered":"<p>El Novio del Mollete Huile d&#8217;olive extra vierge d&#8217;Andalousie, 500 ml<\/p>\n<p>L&#8217;huile d&#8217;olive extra vierge El Novio del Mollete, joyau de la nature, est pr\u00e9sent\u00e9e dans cette bouteille de 500 ml comme un hommage \u00e0 l&#8217;harmonie. La combinaison des olives Arbequino et Manzanillo nous donne un nectar qui est le r\u00e9sultat de la passion de la terre andalouse. <\/p>\n<p><strong>Vari\u00e9t\u00e9 d&#8217;olives :<\/strong> Arbequino avec Manzanillo<\/p>\n<p>Almazara de Antequera, (M\u00e1laga)<\/p>\n<p><strong>Notes de d\u00e9gustation :<\/strong> herbe fra\u00eechement coup\u00e9e, feuille d&#8217;olivier, plant de tomate.<\/p>\n<p>Entr\u00e9e en bouche douce, soyeuse et d\u00e9licate au toucher. L&#8217;\u00e9quilibre entre l&#8217;amertume initiale et le piquant en fin de bouche est \u00e9lev\u00e9. Il rappelle les coquilles de noix en r\u00e9tronasal. \u00c9l\u00e9gante et velout\u00e9e. Expressif en bouche.    <\/p>\n<p>Une huile d&#8217;olive parfaite par son \u00e9quilibre pour assaisonner une salade de tomates d&#8217;automne avec des poissons sal\u00e9s : anchois, thon mojama et \u0153ufs de poisson.<\/p>","protected":false},"excerpt":{"rendered":"<div class=\"flex-shrink-0 flex flex-col relative items-end\">\n<div>\n<div class=\"pt-0\">\n<div class=\"gizmo-bot-avatar flex h-8 w-8 items-center justify-center overflow-hidden rounded-full\">El Novio del Mollete Huile d&#8217;olive vierge extra d&#8217;Andalousie, 500 ml pour l&#8217;exportation vers l&#8217;Europe.<\/div>\n<\/div>\n<\/div>\n<\/div>\n<div class=\"group\/conversation-turn relative flex w-full min-w-0 flex-col agent-turn\">\n<div class=\"flex-col gap-1 md:gap-3\">\n<div class=\"flex max-w-full flex-col flex-grow\">\n<div class=\"min-h-8 text-message flex w-full flex-col items-end gap-2 whitespace-normal break-words [.text-message+&amp;]:mt-5\" dir=\"auto\" data-message-author-role=\"assistant\" data-message-id=\"d249e487-5b33-4a9f-83e7-a7c7c211289c\" data-message-model-slug=\"gpt-4o\">\n<div class=\"flex w-full flex-col gap-1 empty:hidden first:pt-[3px]\">\n<div class=\"markdown prose w-full break-words dark:prose-invert light\">\n<p>&nbsp;<\/p>\n<\/div>\n<\/div>\n<\/div>\n<\/div>\n<\/div>\n<\/div>\n","protected":false},"featured_media":15400,"comment_status":"open","ping_status":"closed","template":"","meta":{"site-sidebar-layout":"default","site-content-layout":"","ast-site-content-layout":"default","site-content-style":"default","site-sidebar-style":"default","ast-global-header-display":"","ast-banner-title-visibility":"","ast-main-header-display":"","ast-hfb-above-header-display":"","ast-hfb-below-header-display":"","ast-hfb-mobile-header-display":"","site-post-title":"","ast-breadcrumbs-content":"","ast-featured-img":"","footer-sml-layout":"","ast-disable-related-posts":"","theme-transparent-header-meta":"default","adv-header-id-meta":"","stick-header-meta":"","header-above-stick-meta":"","header-main-stick-meta":"","header-below-stick-meta":"","astra-migrate-meta-layouts":"default","ast-page-background-enabled":"default","ast-page-background-meta":{"desktop":{"background-color":"var(--ast-global-color-4)","background-image":"","background-repeat":"repeat","background-position":"center center","background-size":"auto","background-attachment":"scroll","background-type":"","background-media":"","overlay-type":"","overlay-color":"","overlay-opacity":"","overlay-gradient":""},"tablet":{"background-color":"","background-image":"","background-repeat":"repeat","background-position":"center center","background-size":"auto","background-attachment":"scroll","background-type":"","background-media":"","overlay-type":"","overlay-color":"","overlay-opacity":"","overlay-gradient":""},"mobile":{"background-color":"","background-image":"","background-repeat":"repeat","background-position":"center center","background-size":"auto","background-attachment":"scroll","background-type":"","background-media":"","overlay-type":"","overlay-color":"","overlay-opacity":"","overlay-gradient":""}},"ast-content-background-meta":{"desktop":{"background-color":"var(--ast-global-color-5)","background-image":"","background-repeat":"repeat","background-position":"center center","background-size":"auto","background-attachment":"scroll","background-type":"","background-media":"","overlay-type":"","overlay-color":"","overlay-opacity":"","overlay-gradient":""},"tablet":{"background-color":"var(--ast-global-color-5)","background-image":"","background-repeat":"repeat","background-position":"center center","background-size":"auto","background-attachment":"scroll","background-type":"","background-media":"","overlay-type":"","overlay-color":"","overlay-opacity":"","overlay-gradient":""},"mobile":{"background-color":"var(--ast-global-color-5)","background-image":"","background-repeat":"repeat","background-position":"center center","background-size":"auto","background-attachment":"scroll","background-type":"","background-media":"","overlay-type":"","overlay-color":"","overlay-opacity":"","overlay-gradient":""}}},"product_brand":[1390],"product_cat":[313],"product_tag":[],"class_list":{"0":"post-15402","1":"product","2":"type-product","3":"status-publish","4":"has-post-thumbnail","6":"product_brand-mercaoleo","7":"product_cat-huile-andalouse","8":"desktop-align-left","9":"tablet-align-left","10":"mobile-align-left","12":"first","13":"instock","14":"taxable","15":"shipping-taxable","16":"purchasable","17":"product-type-simple"},"_links":{"self":[{"href":"https:\/\/andalubox.com\/fr\/wp-json\/wp\/v2\/product\/15402","targetHints":{"allow":["GET"]}}],"collection":[{"href":"https:\/\/andalubox.com\/fr\/wp-json\/wp\/v2\/product"}],"about":[{"href":"https:\/\/andalubox.com\/fr\/wp-json\/wp\/v2\/types\/product"}],"replies":[{"embeddable":true,"href":"https:\/\/andalubox.com\/fr\/wp-json\/wp\/v2\/comments?post=15402"}],"wp:featuredmedia":[{"embeddable":true,"href":"https:\/\/andalubox.com\/fr\/wp-json\/wp\/v2\/media\/15400"}],"wp:attachment":[{"href":"https:\/\/andalubox.com\/fr\/wp-json\/wp\/v2\/media?parent=15402"}],"wp:term":[{"taxonomy":"product_brand","embeddable":true,"href":"https:\/\/andalubox.com\/fr\/wp-json\/wp\/v2\/product_brand?post=15402"},{"taxonomy":"product_cat","embeddable":true,"href":"https:\/\/andalubox.com\/fr\/wp-json\/wp\/v2\/product_cat?post=15402"},{"taxonomy":"product_tag","embeddable":true,"href":"https:\/\/andalubox.com\/fr\/wp-json\/wp\/v2\/product_tag?post=15402"}],"curies":[{"name":"wp","href":"https:\/\/api.w.org\/{rel}","templated":true}]}}