{"id":15220,"date":"2024-11-04T12:09:10","date_gmt":"2024-11-04T11:09:10","guid":{"rendered":"https:\/\/andalubox.com\/producto-andaluz\/sauce-andalouse-coosur-sans-oeufs-sans-lactose-sans-gluten-450-ml\/"},"modified":"2025-09-24T10:57:16","modified_gmt":"2025-09-24T08:57:16","slug":"sauce-andalouse-coosur-sans-oeufs-sans-lactose-sans-gluten-450-ml","status":"publish","type":"product","link":"https:\/\/andalubox.com\/fr\/producto-andaluz\/sauce-andalouse-coosur-sans-oeufs-sans-lactose-sans-gluten-450-ml\/","title":{"rendered":"Coosur Sauce Andalouse Sans Oeuf\/Lactose\/Gluten 450ml"},"content":{"rendered":"<p>La <b>sauce andalouse de Coosur<\/b> est un produit tr\u00e8s int\u00e9ressant et polyvalent, id\u00e9al pour les personnes souffrant d&#8217;intol\u00e9rances alimentaires ou \u00e0 la recherche d&#8217;options plus saines. Elle est produite en Andalousie et se distingue par ses caract\u00e9ristiques uniques. <\/p>\n<h3>Caract\u00e9ristiques principales<\/h3>\n<ul>\n\t<li>\n<p><b>Sans \u0153<\/b>uf : Comme elle ne contient pas d&#8217;\u0153uf, elle convient parfaitement aux personnes allergiques aux \u0153ufs ou \u00e0 celles qui suivent un r\u00e9gime v\u00e9g\u00e9talien. Elle est \u00e9galement plus l\u00e9g\u00e8re que les sauces traditionnelles. <\/p>\n<\/li>\n\t<li>\n<p><b>Sans lactose<\/b>: convient aux personnes intol\u00e9rantes au lactose, un avantage pour ceux qui \u00e9vitent les produits laitiers.<\/p>\n<\/li>\n\t<li>\n<p><b>Sans gluten<\/b>: Comme il ne contient pas de gluten, il peut \u00eatre consomm\u00e9 par les personnes souffrant de la maladie c\u0153liaque ou d&#8217;une sensibilit\u00e9 au gluten.<\/p>\n<\/li>\n\t<li>\n<p><b>Saveur authentique<\/b>: malgr\u00e9 ses adaptations, elle conserve la saveur caract\u00e9ristique et traditionnelle de la sauce andalouse. Elle est souvent pr\u00e9par\u00e9e \u00e0 base d&#8217;huile, d&#8217;ail et d&#8217;\u00e9pices, ce qui lui conf\u00e8re son profil gustatif particulier. <\/p>\n<\/li>\n<\/ul>\n<h3>Utilisations en cuisine<\/h3>\n<p>La sauce andalouse de Coosur est tr\u00e8s polyvalente et peut \u00eatre utilis\u00e9e pour accompagner une grande vari\u00e9t\u00e9 de plats :<\/p>\n<ul>\n\t<li>\n<p><b>Poisson<\/b>: Un accompagnement id\u00e9al pour le poisson grill\u00e9, cuit \u00e0 la vapeur ou frit.<\/p>\n<\/li>\n\t<li>\n<p><b>Viande<\/b>: Il se marie tr\u00e8s bien avec les viandes grill\u00e9es, le poulet ou le porc.<\/p>\n<\/li>\n\t<li>\n<p><b>Pommes de terre<\/b>: C&#8217;est la sauce parfaite pour les patatas bravas, les frites ou les pommes de terre en robe des champs.<\/p>\n<\/li>\n\t<li>\n<p><b>L\u00e9gumes<\/b>: Peut \u00eatre utilis\u00e9 comme vinaigrette pour les l\u00e9gumes cuits ou grill\u00e9s.<\/p>\n<\/li>\n\t<li>\n<p><b>Amuse-gueule<\/b>: Il est parfait pour tremper le pain ou pour accompagner les tapas.<\/p>\n<\/li>\n<\/ul>\n<p>En r\u00e9sum\u00e9, cette sauce andalouse est un excellent choix si vous recherchez un produit savoureux avec un profil allerg\u00e8ne r\u00e9duit et une grande polyvalence dans la cuisine.<\/p>","protected":false},"excerpt":{"rendered":"<p>Sauce bien-\u00eatre Coosur : sans \u0153ufs, sans lactose et sans gluten. Id\u00e9ale pour profiter d&#8217;une saveur douce et polyvalente dans les salades et les plats, adapt\u00e9e aux r\u00e9gimes sp\u00e9ciaux. <\/p>\n","protected":false},"featured_media":16805,"comment_status":"open","ping_status":"closed","template":"","meta":{"site-sidebar-layout":"default","site-content-layout":"","ast-site-content-layout":"default","site-content-style":"default","site-sidebar-style":"default","ast-global-header-display":"","ast-banner-title-visibility":"","ast-main-header-display":"","ast-hfb-above-header-display":"","ast-hfb-below-header-display":"","ast-hfb-mobile-header-display":"","site-post-title":"","ast-breadcrumbs-content":"","ast-featured-img":"","footer-sml-layout":"","ast-disable-related-posts":"","theme-transparent-header-meta":"default","adv-header-id-meta":"","stick-header-meta":"","header-above-stick-meta":"","header-main-stick-meta":"","header-below-stick-meta":"","astra-migrate-meta-layouts":"default","ast-page-background-enabled":"default","ast-page-background-meta":{"desktop":{"background-color":"var(--ast-global-color-4)","background-image":"","background-repeat":"repeat","background-position":"center center","background-size":"auto","background-attachment":"scroll","background-type":"","background-media":"","overlay-type":"","overlay-color":"","overlay-opacity":"","overlay-gradient":""},"tablet":{"background-color":"","background-image":"","background-repeat":"repeat","background-position":"center center","background-size":"auto","background-attachment":"scroll","background-type":"","background-media":"","overlay-type":"","overlay-color":"","overlay-opacity":"","overlay-gradient":""},"mobile":{"background-color":"","background-image":"","background-repeat":"repeat","background-position":"center center","background-size":"auto","background-attachment":"scroll","background-type":"","background-media":"","overlay-type":"","overlay-color":"","overlay-opacity":"","overlay-gradient":""}},"ast-content-background-meta":{"desktop":{"background-color":"var(--ast-global-color-5)","background-image":"","background-repeat":"repeat","background-position":"center center","background-size":"auto","background-attachment":"scroll","background-type":"","background-media":"","overlay-type":"","overlay-color":"","overlay-opacity":"","overlay-gradient":""},"tablet":{"background-color":"var(--ast-global-color-5)","background-image":"","background-repeat":"repeat","background-position":"center center","background-size":"auto","background-attachment":"scroll","background-type":"","background-media":"","overlay-type":"","overlay-color":"","overlay-opacity":"","overlay-gradient":""},"mobile":{"background-color":"var(--ast-global-color-5)","background-image":"","background-repeat":"repeat","background-position":"center center","background-size":"auto","background-attachment":"scroll","background-type":"","background-media":"","overlay-type":"","overlay-color":"","overlay-opacity":"","overlay-gradient":""}}},"product_brand":[1287],"product_cat":[15],"product_tag":[],"class_list":{"0":"post-15220","1":"product","2":"type-product","3":"status-publish","4":"has-post-thumbnail","6":"product_brand-coosur","7":"product_cat-sin-categorizar","8":"desktop-align-left","9":"tablet-align-left","10":"mobile-align-left","12":"first","13":"instock","14":"taxable","15":"shipping-taxable","16":"purchasable","17":"product-type-simple"},"_links":{"self":[{"href":"https:\/\/andalubox.com\/fr\/wp-json\/wp\/v2\/product\/15220","targetHints":{"allow":["GET"]}}],"collection":[{"href":"https:\/\/andalubox.com\/fr\/wp-json\/wp\/v2\/product"}],"about":[{"href":"https:\/\/andalubox.com\/fr\/wp-json\/wp\/v2\/types\/product"}],"replies":[{"embeddable":true,"href":"https:\/\/andalubox.com\/fr\/wp-json\/wp\/v2\/comments?post=15220"}],"wp:featuredmedia":[{"embeddable":true,"href":"https:\/\/andalubox.com\/fr\/wp-json\/wp\/v2\/media\/16805"}],"wp:attachment":[{"href":"https:\/\/andalubox.com\/fr\/wp-json\/wp\/v2\/media?parent=15220"}],"wp:term":[{"taxonomy":"product_brand","embeddable":true,"href":"https:\/\/andalubox.com\/fr\/wp-json\/wp\/v2\/product_brand?post=15220"},{"taxonomy":"product_cat","embeddable":true,"href":"https:\/\/andalubox.com\/fr\/wp-json\/wp\/v2\/product_cat?post=15220"},{"taxonomy":"product_tag","embeddable":true,"href":"https:\/\/andalubox.com\/fr\/wp-json\/wp\/v2\/product_tag?post=15220"}],"curies":[{"name":"wp","href":"https:\/\/api.w.org\/{rel}","templated":true}]}}