{"id":15165,"date":"2024-11-04T11:43:12","date_gmt":"2024-11-04T10:43:12","guid":{"rendered":"https:\/\/andalubox.com\/producto-andaluz\/castillo-de-canena-reserva-de-familia-picual-500-ml\/"},"modified":"2025-08-02T20:26:55","modified_gmt":"2025-08-02T18:26:55","slug":"castillo-de-canena-reserva-de-familia-picual-500-ml","status":"publish","type":"product","link":"https:\/\/andalubox.com\/fr\/producto-andaluz\/castillo-de-canena-reserva-de-familia-picual-500-ml\/","title":{"rendered":"Castillo de Canena Huile d&#8217;olive vierge extra Picual Reserva Familiar de Ja\u00e9n, 500 ml"},"content":{"rendered":"<p>Huile d&#8217;olive extra vierge Castillo de Canena Reserva Familiar Picual de Ja\u00e9n, 500 ml :<\/p>\n<p>Castillo de Canena, bas\u00e9e \u00e0 Ja\u00e9n, en Andalousie, est une entreprise familiale qui produit de l&#8217;huile d&#8217;olive de premi\u00e8re qualit\u00e9 depuis 1780, r\u00e9put\u00e9e pour sa qualit\u00e9 et son innovation. Son huile d&#8217;olive Picual, \u00e9labor\u00e9e \u00e0 partir d&#8217;olives Picual cultiv\u00e9es dans la vall\u00e9e du Guadalquivir, est un produit phare. Voici une description d\u00e9taill\u00e9e : Vari\u00e9t\u00e9s et caract\u00e9ristiques : Reserva Familiar Picual : Il s&#8217;agit d&#8217;une huile d&#8217;olive monovari\u00e9tale de r\u00e9colte pr\u00e9coce, \u00e9labor\u00e9e \u00e0 partir d&#8217;olives Picual vertes, d&#8217;un vert profond et d&#8217;un fruit\u00e9 intense. Ar\u00f4me : fruit\u00e9 d&#8217;olive verte moyennement \u00e9lev\u00e9 avec des notes de fruits frais (pomme, banane verte), d&#8217;herbes aromatiques (thym, basilic), d&#8217;herbe fra\u00eechement coup\u00e9e et de tomate.<br>Go\u00fbt : \u00e9quilibr\u00e9, avec une entr\u00e9e en bouche douce, une amertume moyenne et un final agr\u00e9ablement \u00e9pic\u00e9. Son go\u00fbt robuste mais harmonieux lui conf\u00e8re une grande polyvalence. Utilisations : Id\u00e9ale pour les salades, le gaspacho, les soupes de tomates, les grillades, le jambon cru, les fromages, les p\u00e2tes, les marinades, les vinaigrettes ou en filet sur les toasts.     <\/p>\n<p>C&#8217;est un joyau de la haute cuisine qui se distingue par son go\u00fbt intense et fruit\u00e9, avec des notes vertes qui \u00e9voquent l&#8217;herbe fra\u00eechement coup\u00e9e, la tomate et l&#8217;amande. \u00c9labor\u00e9e avec soin \u00e0 partir d&#8217;olives Picual, cette huile est extraite \u00e0 maturit\u00e9 optimale pour offrir un profil organoleptique exceptionnel. La bouteille de 500 ml est id\u00e9ale pour ceux qui appr\u00e9cient la qualit\u00e9 et la tradition, perp\u00e9tuant ainsi l&#8217;h\u00e9ritage d&#8217;une famille d\u00e9di\u00e9e \u00e0 l&#8217;ol\u00e9iculture.  <\/p>","protected":false},"excerpt":{"rendered":"<p>Castillo de Canena Extra Virgin Olive Oil Reserva Familiar Picual de Ja\u00e9n, 500 ml pour l&#8217;exportation vers l&#8217;Europe.<\/p>\n","protected":false},"featured_media":15162,"comment_status":"open","ping_status":"closed","template":"","meta":{"site-sidebar-layout":"default","site-content-layout":"","ast-site-content-layout":"default","site-content-style":"default","site-sidebar-style":"default","ast-global-header-display":"","ast-banner-title-visibility":"","ast-main-header-display":"","ast-hfb-above-header-display":"","ast-hfb-below-header-display":"","ast-hfb-mobile-header-display":"","site-post-title":"","ast-breadcrumbs-content":"","ast-featured-img":"","footer-sml-layout":"","ast-disable-related-posts":"","theme-transparent-header-meta":"default","adv-header-id-meta":"","stick-header-meta":"","header-above-stick-meta":"","header-main-stick-meta":"","header-below-stick-meta":"","astra-migrate-meta-layouts":"default","ast-page-background-enabled":"default","ast-page-background-meta":{"desktop":{"background-color":"var(--ast-global-color-4)","background-image":"","background-repeat":"repeat","background-position":"center center","background-size":"auto","background-attachment":"scroll","background-type":"","background-media":"","overlay-type":"","overlay-color":"","overlay-opacity":"","overlay-gradient":""},"tablet":{"background-color":"","background-image":"","background-repeat":"repeat","background-position":"center center","background-size":"auto","background-attachment":"scroll","background-type":"","background-media":"","overlay-type":"","overlay-color":"","overlay-opacity":"","overlay-gradient":""},"mobile":{"background-color":"","background-image":"","background-repeat":"repeat","background-position":"center center","background-size":"auto","background-attachment":"scroll","background-type":"","background-media":"","overlay-type":"","overlay-color":"","overlay-opacity":"","overlay-gradient":""}},"ast-content-background-meta":{"desktop":{"background-color":"var(--ast-global-color-5)","background-image":"","background-repeat":"repeat","background-position":"center center","background-size":"auto","background-attachment":"scroll","background-type":"","background-media":"","overlay-type":"","overlay-color":"","overlay-opacity":"","overlay-gradient":""},"tablet":{"background-color":"var(--ast-global-color-5)","background-image":"","background-repeat":"repeat","background-position":"center center","background-size":"auto","background-attachment":"scroll","background-type":"","background-media":"","overlay-type":"","overlay-color":"","overlay-opacity":"","overlay-gradient":""},"mobile":{"background-color":"var(--ast-global-color-5)","background-image":"","background-repeat":"repeat","background-position":"center center","background-size":"auto","background-attachment":"scroll","background-type":"","background-media":"","overlay-type":"","overlay-color":"","overlay-opacity":"","overlay-gradient":""}}},"product_brand":[1266],"product_cat":[313],"product_tag":[],"class_list":{"0":"post-15165","1":"product","2":"type-product","3":"status-publish","4":"has-post-thumbnail","6":"product_brand-castillo-de-canena","7":"product_cat-huile-andalouse","8":"desktop-align-left","9":"tablet-align-left","10":"mobile-align-left","12":"first","13":"instock","14":"taxable","15":"shipping-taxable","16":"purchasable","17":"product-type-simple"},"_links":{"self":[{"href":"https:\/\/andalubox.com\/fr\/wp-json\/wp\/v2\/product\/15165","targetHints":{"allow":["GET"]}}],"collection":[{"href":"https:\/\/andalubox.com\/fr\/wp-json\/wp\/v2\/product"}],"about":[{"href":"https:\/\/andalubox.com\/fr\/wp-json\/wp\/v2\/types\/product"}],"replies":[{"embeddable":true,"href":"https:\/\/andalubox.com\/fr\/wp-json\/wp\/v2\/comments?post=15165"}],"wp:featuredmedia":[{"embeddable":true,"href":"https:\/\/andalubox.com\/fr\/wp-json\/wp\/v2\/media\/15162"}],"wp:attachment":[{"href":"https:\/\/andalubox.com\/fr\/wp-json\/wp\/v2\/media?parent=15165"}],"wp:term":[{"taxonomy":"product_brand","embeddable":true,"href":"https:\/\/andalubox.com\/fr\/wp-json\/wp\/v2\/product_brand?post=15165"},{"taxonomy":"product_cat","embeddable":true,"href":"https:\/\/andalubox.com\/fr\/wp-json\/wp\/v2\/product_cat?post=15165"},{"taxonomy":"product_tag","embeddable":true,"href":"https:\/\/andalubox.com\/fr\/wp-json\/wp\/v2\/product_tag?post=15165"}],"curies":[{"name":"wp","href":"https:\/\/api.w.org\/{rel}","templated":true}]}}