{"id":15156,"date":"2024-11-04T11:38:16","date_gmt":"2024-11-04T10:38:16","guid":{"rendered":"https:\/\/andalubox.com\/producto-andaluz\/ines-rosales-cortadillos-farcis-a-la-creme-144-g\/"},"modified":"2025-06-13T21:41:35","modified_gmt":"2025-06-13T19:41:35","slug":"ines-rosales-cortadillos-farcis-a-la-creme-144-g","status":"publish","type":"product","link":"https:\/\/andalubox.com\/fr\/producto-andaluz\/ines-rosales-cortadillos-farcis-a-la-creme-144-g\/","title":{"rendered":"Cortadillos d&#8217;In\u00e9s Rosales farcis \u00e0 la cr\u00e8me de S\u00e9ville, 144g"},"content":{"rendered":"<p>Les cortadillos \u00e0 la cr\u00e8me d&#8217;In\u00e9s Rosales sont un embl\u00e8me des p\u00e2tisseries andalouses traditionnelles, \u00e9labor\u00e9es avec des ingr\u00e9dients de grande qualit\u00e9 qui \u00e9voquent la saveur authentique des recettes maison. Chaque bouch\u00e9e associe une p\u00e2te spongieuse \u00e0 une cr\u00e8me moelleuse qui apporte une touche de douceur et de plaisir. Id\u00e9aux pour les en-cas, les petits-d\u00e9jeuners ou pour se faire plaisir pendant la journ\u00e9e, ces cortadillos sont parfaits pour \u00eatre partag\u00e9s ou offerts. In\u00e9s Rosales, gr\u00e2ce \u00e0 son exp\u00e9rience et \u00e0 son d\u00e9vouement, propose des produits qui perp\u00e9tuent l&#8217;essence et l&#8217;art de la p\u00e2tisserie artisanale.   <\/p>","protected":false},"excerpt":{"rendered":"<p>Cortadillos \u00e0 la cr\u00e8me d&#8217;In\u00e9s Rosales : sucreries andalouses traditionnelles avec une d\u00e9licieuse cr\u00e8me et une texture spongieuse. Parfaites pour accompagner les moments sp\u00e9ciaux. <\/p>\n","protected":false},"featured_media":15153,"comment_status":"open","ping_status":"closed","template":"","meta":{"site-sidebar-layout":"default","site-content-layout":"","ast-site-content-layout":"default","site-content-style":"default","site-sidebar-style":"default","ast-global-header-display":"","ast-banner-title-visibility":"","ast-main-header-display":"","ast-hfb-above-header-display":"","ast-hfb-below-header-display":"","ast-hfb-mobile-header-display":"","site-post-title":"","ast-breadcrumbs-content":"","ast-featured-img":"","footer-sml-layout":"","ast-disable-related-posts":"","theme-transparent-header-meta":"default","adv-header-id-meta":"","stick-header-meta":"","header-above-stick-meta":"","header-main-stick-meta":"","header-below-stick-meta":"","astra-migrate-meta-layouts":"default","ast-page-background-enabled":"default","ast-page-background-meta":{"desktop":{"background-color":"var(--ast-global-color-4)","background-image":"","background-repeat":"repeat","background-position":"center center","background-size":"auto","background-attachment":"scroll","background-type":"","background-media":"","overlay-type":"","overlay-color":"","overlay-opacity":"","overlay-gradient":""},"tablet":{"background-color":"","background-image":"","background-repeat":"repeat","background-position":"center center","background-size":"auto","background-attachment":"scroll","background-type":"","background-media":"","overlay-type":"","overlay-color":"","overlay-opacity":"","overlay-gradient":""},"mobile":{"background-color":"","background-image":"","background-repeat":"repeat","background-position":"center center","background-size":"auto","background-attachment":"scroll","background-type":"","background-media":"","overlay-type":"","overlay-color":"","overlay-opacity":"","overlay-gradient":""}},"ast-content-background-meta":{"desktop":{"background-color":"var(--ast-global-color-5)","background-image":"","background-repeat":"repeat","background-position":"center center","background-size":"auto","background-attachment":"scroll","background-type":"","background-media":"","overlay-type":"","overlay-color":"","overlay-opacity":"","overlay-gradient":""},"tablet":{"background-color":"var(--ast-global-color-5)","background-image":"","background-repeat":"repeat","background-position":"center center","background-size":"auto","background-attachment":"scroll","background-type":"","background-media":"","overlay-type":"","overlay-color":"","overlay-opacity":"","overlay-gradient":""},"mobile":{"background-color":"var(--ast-global-color-5)","background-image":"","background-repeat":"repeat","background-position":"center center","background-size":"auto","background-attachment":"scroll","background-type":"","background-media":"","overlay-type":"","overlay-color":"","overlay-opacity":"","overlay-gradient":""}}},"product_brand":[1218],"product_cat":[15],"product_tag":[],"class_list":{"0":"post-15156","1":"product","2":"type-product","3":"status-publish","4":"has-post-thumbnail","6":"product_brand-ines-rosales","7":"product_cat-sin-categorizar","8":"desktop-align-left","9":"tablet-align-left","10":"mobile-align-left","12":"first","13":"outofstock","14":"taxable","15":"shipping-taxable","16":"purchasable","17":"product-type-simple"},"_links":{"self":[{"href":"https:\/\/andalubox.com\/fr\/wp-json\/wp\/v2\/product\/15156","targetHints":{"allow":["GET"]}}],"collection":[{"href":"https:\/\/andalubox.com\/fr\/wp-json\/wp\/v2\/product"}],"about":[{"href":"https:\/\/andalubox.com\/fr\/wp-json\/wp\/v2\/types\/product"}],"replies":[{"embeddable":true,"href":"https:\/\/andalubox.com\/fr\/wp-json\/wp\/v2\/comments?post=15156"}],"wp:featuredmedia":[{"embeddable":true,"href":"https:\/\/andalubox.com\/fr\/wp-json\/wp\/v2\/media\/15153"}],"wp:attachment":[{"href":"https:\/\/andalubox.com\/fr\/wp-json\/wp\/v2\/media?parent=15156"}],"wp:term":[{"taxonomy":"product_brand","embeddable":true,"href":"https:\/\/andalubox.com\/fr\/wp-json\/wp\/v2\/product_brand?post=15156"},{"taxonomy":"product_cat","embeddable":true,"href":"https:\/\/andalubox.com\/fr\/wp-json\/wp\/v2\/product_cat?post=15156"},{"taxonomy":"product_tag","embeddable":true,"href":"https:\/\/andalubox.com\/fr\/wp-json\/wp\/v2\/product_tag?post=15156"}],"curies":[{"name":"wp","href":"https:\/\/api.w.org\/{rel}","templated":true}]}}