{"id":14924,"date":"2024-10-08T08:51:16","date_gmt":"2024-10-08T06:51:16","guid":{"rendered":"https:\/\/andalubox.com\/producto-andaluz\/chotaza-800gr\/"},"modified":"2026-01-27T17:13:37","modified_gmt":"2026-01-27T16:13:37","slug":"chotaza-800gr","status":"publish","type":"product","link":"https:\/\/andalubox.com\/fr\/producto-andaluz\/chotaza-800gr\/","title":{"rendered":"Chotaza Cacao Sans Gluten de El Viso del Alcor 800g"},"content":{"rendered":"<p>Le cacao sans gluten Chotaza de El Viso del Alcor (S\u00e9ville) en format de 800 g est une option id\u00e9ale pour les familles ou pour ceux qui consomment r\u00e9guli\u00e8rement du cacao. Ce produit se distingue par sa qualit\u00e9, sa saveur et son engagement en faveur de la sant\u00e9, car il convient aux personnes souffrant d&#8217;intol\u00e9rance au gluten. <\/p>\n<h3>Caract\u00e9ristiques principales<\/h3>\n<ul>\n\t<li>\n<p><b>Sans gluten<\/b>: Chotaza veille \u00e0 ce que cette poudre de cacao soit totalement exempte de gluten, ce qui en fait une option s\u00fbre pour les personnes souffrant de maladie c\u0153liaque ou de sensibilit\u00e9 au gluten.<\/p>\n<\/li>\n\t<li>\n<p><b>Origine andalouse<\/b>: il provient de El Viso del Alcor, une localit\u00e9 de la province de S\u00e9ville. Sa production locale garantit l&#8217;utilisation d&#8217;ingr\u00e9dients locaux et un contr\u00f4le de qualit\u00e9 plus rigoureux. <\/p>\n<\/li>\n\t<li>\n<p><b>Saveur et polyvalence<\/b>: il est parfait pour pr\u00e9parer une boisson chocolat\u00e9e chaude ou froide, avec du lait ou des boissons v\u00e9g\u00e9tales, et pour \u00eatre utilis\u00e9 en p\u00e2tisserie. Sa saveur pure et intense le rend id\u00e9al pour la pr\u00e9paration de g\u00e2teaux, de biscuits et d&#8217;autres desserts au chocolat, lui conf\u00e9rant un go\u00fbt profond et authentique. <\/p>\n<\/li>\n<\/ul>\n<p>En r\u00e9sum\u00e9, le cacao Chotaza est un excellent choix pour ceux qui recherchent un produit de haute qualit\u00e9 au go\u00fbt traditionnel et qui convient aux r\u00e9gimes sans gluten. Son format de 800 g vous permet de ne pas en manquer pendant longtemps. <\/p>","protected":false},"excerpt":{"rendered":"<p>Chocolat chaud Chotaza. Id\u00e9al pour pr\u00e9parer jusqu&#8217;\u00e0 4 litres de chocolat cr\u00e9meux et d\u00e9licieux.   <\/p>\n","protected":false},"featured_media":14922,"template":"","meta":{"site-sidebar-layout":"default","site-content-layout":"","ast-site-content-layout":"default","site-content-style":"default","site-sidebar-style":"default","ast-global-header-display":"","ast-banner-title-visibility":"","ast-main-header-display":"","ast-hfb-above-header-display":"","ast-hfb-below-header-display":"","ast-hfb-mobile-header-display":"","site-post-title":"","ast-breadcrumbs-content":"","ast-featured-img":"","footer-sml-layout":"","ast-disable-related-posts":"","theme-transparent-header-meta":"default","adv-header-id-meta":"","stick-header-meta":"","header-above-stick-meta":"","header-main-stick-meta":"","header-below-stick-meta":"","astra-migrate-meta-layouts":"default","ast-page-background-enabled":"default","ast-page-background-meta":{"desktop":{"background-color":"var(--ast-global-color-4)","background-image":"","background-repeat":"repeat","background-position":"center center","background-size":"auto","background-attachment":"scroll","background-type":"","background-media":"","overlay-type":"","overlay-color":"","overlay-opacity":"","overlay-gradient":""},"tablet":{"background-color":"","background-image":"","background-repeat":"repeat","background-position":"center center","background-size":"auto","background-attachment":"scroll","background-type":"","background-media":"","overlay-type":"","overlay-color":"","overlay-opacity":"","overlay-gradient":""},"mobile":{"background-color":"","background-image":"","background-repeat":"repeat","background-position":"center center","background-size":"auto","background-attachment":"scroll","background-type":"","background-media":"","overlay-type":"","overlay-color":"","overlay-opacity":"","overlay-gradient":""}},"ast-content-background-meta":{"desktop":{"background-color":"var(--ast-global-color-5)","background-image":"","background-repeat":"repeat","background-position":"center center","background-size":"auto","background-attachment":"scroll","background-type":"","background-media":"","overlay-type":"","overlay-color":"","overlay-opacity":"","overlay-gradient":""},"tablet":{"background-color":"var(--ast-global-color-5)","background-image":"","background-repeat":"repeat","background-position":"center center","background-size":"auto","background-attachment":"scroll","background-type":"","background-media":"","overlay-type":"","overlay-color":"","overlay-opacity":"","overlay-gradient":""},"mobile":{"background-color":"var(--ast-global-color-5)","background-image":"","background-repeat":"repeat","background-position":"center center","background-size":"auto","background-attachment":"scroll","background-type":"","background-media":"","overlay-type":"","overlay-color":"","overlay-opacity":"","overlay-gradient":""}}},"product_brand":[1386],"product_cat":[15],"product_tag":[],"class_list":{"0":"post-14924","1":"product","2":"type-product","3":"status-publish","4":"has-post-thumbnail","6":"product_brand-chotaza","7":"product_cat-sin-categorizar","8":"desktop-align-left","9":"tablet-align-left","10":"mobile-align-left","12":"first","13":"instock","14":"taxable","15":"shipping-taxable","16":"purchasable","17":"product-type-simple"},"_links":{"self":[{"href":"https:\/\/andalubox.com\/fr\/wp-json\/wp\/v2\/product\/14924","targetHints":{"allow":["GET"]}}],"collection":[{"href":"https:\/\/andalubox.com\/fr\/wp-json\/wp\/v2\/product"}],"about":[{"href":"https:\/\/andalubox.com\/fr\/wp-json\/wp\/v2\/types\/product"}],"wp:featuredmedia":[{"embeddable":true,"href":"https:\/\/andalubox.com\/fr\/wp-json\/wp\/v2\/media\/14922"}],"wp:attachment":[{"href":"https:\/\/andalubox.com\/fr\/wp-json\/wp\/v2\/media?parent=14924"}],"wp:term":[{"taxonomy":"product_brand","embeddable":true,"href":"https:\/\/andalubox.com\/fr\/wp-json\/wp\/v2\/product_brand?post=14924"},{"taxonomy":"product_cat","embeddable":true,"href":"https:\/\/andalubox.com\/fr\/wp-json\/wp\/v2\/product_cat?post=14924"},{"taxonomy":"product_tag","embeddable":true,"href":"https:\/\/andalubox.com\/fr\/wp-json\/wp\/v2\/product_tag?post=14924"}],"curies":[{"name":"wp","href":"https:\/\/api.w.org\/{rel}","templated":true}]}}