{"id":14895,"date":"2024-10-01T10:36:54","date_gmt":"2024-10-01T08:36:54","guid":{"rendered":"https:\/\/andalubox.com\/producto-andaluz\/fino-sherry-barbadillo-75cl\/"},"modified":"2025-08-02T20:29:56","modified_gmt":"2025-08-02T18:29:56","slug":"fino-sherry-barbadillo-75cl","status":"publish","type":"product","link":"https:\/\/andalubox.com\/fr\/producto-andaluz\/fino-sherry-barbadillo-75cl\/","title":{"rendered":"Barbadillo Fino Sherry 75cl"},"content":{"rendered":"<p>&nbsp;<\/p>\n<p>Le Fino Sherry de Barbadillo 75cl est un vin sec de type fino, \u00e9labor\u00e9 \u00e0 partir du c\u00e9page Palomino Fino, qui a \u00e9t\u00e9 \u00e9lev\u00e9 selon le syst\u00e8me des criaderas et des soleras dans la cave de Barbadillo, situ\u00e9e \u00e0 Sanl\u00facar de Barrameda, en Espagne. Ce processus de vieillissement sous une couche de levures appel\u00e9e flor donne \u00e0 ce vin sa couleur paille p\u00e2le caract\u00e9ristique et un caract\u00e8re frais et \u00e9l\u00e9gant. Au nez, les ar\u00f4mes d&#8217;amande et d&#8217;olive pr\u00e9dominent, tandis que la bouche est s\u00e8che, l\u00e9g\u00e8re et bien \u00e9quilibr\u00e9e, avec une touche saline rappelant la mer. Il est parfait pour accompagner les entr\u00e9es telles que le jambon cru, les fruits de mer, les fromages doux et les soupes. C&#8217;est un vin qui doit \u00eatre servi frais pour en r\u00e9v\u00e9ler toutes les nuances. Avec un taux d&#8217;alcool de 15 %, il se d\u00e9guste avec un verre de vin blanc.     <\/p>\n<p>\u00c9tiquetage en anglais, id\u00e9al pour les restaurants du monde entier.<\/p>","protected":false},"excerpt":{"rendered":"<p>Fino Sherry de Barbadillo 75cl pour l&#8217;exportation dans toute l&#8217;Europe.<\/p>\n","protected":false},"featured_media":14892,"comment_status":"open","ping_status":"closed","template":"","meta":{"site-sidebar-layout":"default","site-content-layout":"","ast-site-content-layout":"default","site-content-style":"default","site-sidebar-style":"default","ast-global-header-display":"","ast-banner-title-visibility":"","ast-main-header-display":"","ast-hfb-above-header-display":"","ast-hfb-below-header-display":"","ast-hfb-mobile-header-display":"","site-post-title":"","ast-breadcrumbs-content":"","ast-featured-img":"","footer-sml-layout":"","ast-disable-related-posts":"","theme-transparent-header-meta":"default","adv-header-id-meta":"","stick-header-meta":"","header-above-stick-meta":"","header-main-stick-meta":"","header-below-stick-meta":"","astra-migrate-meta-layouts":"default","ast-page-background-enabled":"default","ast-page-background-meta":{"desktop":{"background-color":"var(--ast-global-color-4)","background-image":"","background-repeat":"repeat","background-position":"center center","background-size":"auto","background-attachment":"scroll","background-type":"","background-media":"","overlay-type":"","overlay-color":"","overlay-opacity":"","overlay-gradient":""},"tablet":{"background-color":"","background-image":"","background-repeat":"repeat","background-position":"center center","background-size":"auto","background-attachment":"scroll","background-type":"","background-media":"","overlay-type":"","overlay-color":"","overlay-opacity":"","overlay-gradient":""},"mobile":{"background-color":"","background-image":"","background-repeat":"repeat","background-position":"center center","background-size":"auto","background-attachment":"scroll","background-type":"","background-media":"","overlay-type":"","overlay-color":"","overlay-opacity":"","overlay-gradient":""}},"ast-content-background-meta":{"desktop":{"background-color":"var(--ast-global-color-5)","background-image":"","background-repeat":"repeat","background-position":"center center","background-size":"auto","background-attachment":"scroll","background-type":"","background-media":"","overlay-type":"","overlay-color":"","overlay-opacity":"","overlay-gradient":""},"tablet":{"background-color":"var(--ast-global-color-5)","background-image":"","background-repeat":"repeat","background-position":"center center","background-size":"auto","background-attachment":"scroll","background-type":"","background-media":"","overlay-type":"","overlay-color":"","overlay-opacity":"","overlay-gradient":""},"mobile":{"background-color":"var(--ast-global-color-5)","background-image":"","background-repeat":"repeat","background-position":"center center","background-size":"auto","background-attachment":"scroll","background-type":"","background-media":"","overlay-type":"","overlay-color":"","overlay-opacity":"","overlay-gradient":""}}},"product_brand":[1314],"product_cat":[],"product_tag":[],"class_list":{"0":"post-14895","1":"product","2":"type-product","3":"status-publish","4":"has-post-thumbnail","6":"product_brand-bodegas-barbadillo","7":"desktop-align-left","8":"tablet-align-left","9":"mobile-align-left","11":"first","12":"instock","13":"taxable","14":"shipping-taxable","15":"purchasable","16":"product-type-simple"},"_links":{"self":[{"href":"https:\/\/andalubox.com\/fr\/wp-json\/wp\/v2\/product\/14895","targetHints":{"allow":["GET"]}}],"collection":[{"href":"https:\/\/andalubox.com\/fr\/wp-json\/wp\/v2\/product"}],"about":[{"href":"https:\/\/andalubox.com\/fr\/wp-json\/wp\/v2\/types\/product"}],"replies":[{"embeddable":true,"href":"https:\/\/andalubox.com\/fr\/wp-json\/wp\/v2\/comments?post=14895"}],"wp:featuredmedia":[{"embeddable":true,"href":"https:\/\/andalubox.com\/fr\/wp-json\/wp\/v2\/media\/14892"}],"wp:attachment":[{"href":"https:\/\/andalubox.com\/fr\/wp-json\/wp\/v2\/media?parent=14895"}],"wp:term":[{"taxonomy":"product_brand","embeddable":true,"href":"https:\/\/andalubox.com\/fr\/wp-json\/wp\/v2\/product_brand?post=14895"},{"taxonomy":"product_cat","embeddable":true,"href":"https:\/\/andalubox.com\/fr\/wp-json\/wp\/v2\/product_cat?post=14895"},{"taxonomy":"product_tag","embeddable":true,"href":"https:\/\/andalubox.com\/fr\/wp-json\/wp\/v2\/product_tag?post=14895"}],"curies":[{"name":"wp","href":"https:\/\/api.w.org\/{rel}","templated":true}]}}