{"id":14885,"date":"2024-10-01T10:30:54","date_gmt":"2024-10-01T08:30:54","guid":{"rendered":"https:\/\/andalubox.com\/producto-andaluz\/erytea-barbadillo-verdejo-de-cadiz-75cl\/"},"modified":"2026-01-27T17:37:41","modified_gmt":"2026-01-27T16:37:41","slug":"erytea-barbadillo-verdejo-de-cadiz-75cl","status":"publish","type":"product","link":"https:\/\/andalubox.com\/fr\/producto-andaluz\/erytea-barbadillo-verdejo-de-cadiz-75cl\/","title":{"rendered":"Vin blanc Erytea Verdejo de Cadix 75 cl"},"content":{"rendered":"<p>Vin blanc Erytea Verdejo de Cadix 75 cl<\/p>\n<p>Barbadillo Erytea Blanco Verdejo est un vin blanc de la prestigieuse cave Barbadillo, \u00e9labor\u00e9 \u00e0 partir de raisins Verdejo, l&#8217;un des c\u00e9pages les plus appr\u00e9ci\u00e9s en Espagne.<\/p>\n<p>Son go\u00fbt frais et fruit\u00e9, accompagn\u00e9 de notes d&#8217;herbes et d&#8217;agrumes, en fait un choix parfait pour les amateurs de vins l\u00e9gers et \u00e9quilibr\u00e9s. Avec un corps moyen et une acidit\u00e9 vibrante, il est id\u00e9al pour accompagner les fruits de mer, les poissons et les salades fra\u00eeches. <\/p>\n<p>Ce vin se distingue par son \u00e9l\u00e9gance \u00e0 chaque gorg\u00e9e, refl\u00e9tant le caract\u00e8re de la terre dont il est issu. Sa couleur jaune p\u00e2le aux reflets verd\u00e2tres vous invite \u00e0 le d\u00e9guster en toute occasion, qu&#8217;il s&#8217;agisse de d\u00eeners informels ou de c\u00e9l\u00e9brations sp\u00e9ciales. Barbadillo Erytea Blanco Verdejo est un excellent choix pour ceux qui recherchent un vin de grande qualit\u00e9 \u00e0 un prix abordable, refl\u00e9tant la tradition et le savoir-faire de la cave Barbadillo.  <\/p>\n<p>Barbadillo Erytea Blanco Verdejo est un vin blanc frais et fruit\u00e9, avec des notes d&#8217;agrumes et d&#8217;herbes.\nId\u00e9al pour accompagner les fruits de mer et le poisson, il se distingue par son \u00e9quilibre et son \u00e9l\u00e9gance. <\/p>","protected":false},"excerpt":{"rendered":"<p>Erytea Verdejo White Wine from C\u00e1diz 75 Cl pour l&#8217;exportation vers TOUTE L&#8217;EUROPE.<\/p>\n<p>&nbsp;<\/p>\n","protected":false},"featured_media":14883,"template":"","meta":{"site-sidebar-layout":"default","site-content-layout":"","ast-site-content-layout":"default","site-content-style":"default","site-sidebar-style":"default","ast-global-header-display":"","ast-banner-title-visibility":"","ast-main-header-display":"","ast-hfb-above-header-display":"","ast-hfb-below-header-display":"","ast-hfb-mobile-header-display":"","site-post-title":"","ast-breadcrumbs-content":"","ast-featured-img":"","footer-sml-layout":"","ast-disable-related-posts":"","theme-transparent-header-meta":"default","adv-header-id-meta":"","stick-header-meta":"","header-above-stick-meta":"","header-main-stick-meta":"","header-below-stick-meta":"","astra-migrate-meta-layouts":"default","ast-page-background-enabled":"default","ast-page-background-meta":{"desktop":{"background-color":"var(--ast-global-color-4)","background-image":"","background-repeat":"repeat","background-position":"center center","background-size":"auto","background-attachment":"scroll","background-type":"","background-media":"","overlay-type":"","overlay-color":"","overlay-opacity":"","overlay-gradient":""},"tablet":{"background-color":"","background-image":"","background-repeat":"repeat","background-position":"center center","background-size":"auto","background-attachment":"scroll","background-type":"","background-media":"","overlay-type":"","overlay-color":"","overlay-opacity":"","overlay-gradient":""},"mobile":{"background-color":"","background-image":"","background-repeat":"repeat","background-position":"center center","background-size":"auto","background-attachment":"scroll","background-type":"","background-media":"","overlay-type":"","overlay-color":"","overlay-opacity":"","overlay-gradient":""}},"ast-content-background-meta":{"desktop":{"background-color":"var(--ast-global-color-5)","background-image":"","background-repeat":"repeat","background-position":"center center","background-size":"auto","background-attachment":"scroll","background-type":"","background-media":"","overlay-type":"","overlay-color":"","overlay-opacity":"","overlay-gradient":""},"tablet":{"background-color":"var(--ast-global-color-5)","background-image":"","background-repeat":"repeat","background-position":"center center","background-size":"auto","background-attachment":"scroll","background-type":"","background-media":"","overlay-type":"","overlay-color":"","overlay-opacity":"","overlay-gradient":""},"mobile":{"background-color":"var(--ast-global-color-5)","background-image":"","background-repeat":"repeat","background-position":"center center","background-size":"auto","background-attachment":"scroll","background-type":"","background-media":"","overlay-type":"","overlay-color":"","overlay-opacity":"","overlay-gradient":""}}},"product_brand":[1300],"product_cat":[292],"product_tag":[],"class_list":{"0":"post-14885","1":"product","2":"type-product","3":"status-publish","4":"has-post-thumbnail","6":"product_brand-bodegas-forlong","7":"product_cat-vin-blanc","8":"desktop-align-left","9":"tablet-align-left","10":"mobile-align-left","12":"first","13":"instock","14":"taxable","15":"shipping-taxable","16":"purchasable","17":"product-type-simple"},"_links":{"self":[{"href":"https:\/\/andalubox.com\/fr\/wp-json\/wp\/v2\/product\/14885","targetHints":{"allow":["GET"]}}],"collection":[{"href":"https:\/\/andalubox.com\/fr\/wp-json\/wp\/v2\/product"}],"about":[{"href":"https:\/\/andalubox.com\/fr\/wp-json\/wp\/v2\/types\/product"}],"wp:featuredmedia":[{"embeddable":true,"href":"https:\/\/andalubox.com\/fr\/wp-json\/wp\/v2\/media\/14883"}],"wp:attachment":[{"href":"https:\/\/andalubox.com\/fr\/wp-json\/wp\/v2\/media?parent=14885"}],"wp:term":[{"taxonomy":"product_brand","embeddable":true,"href":"https:\/\/andalubox.com\/fr\/wp-json\/wp\/v2\/product_brand?post=14885"},{"taxonomy":"product_cat","embeddable":true,"href":"https:\/\/andalubox.com\/fr\/wp-json\/wp\/v2\/product_cat?post=14885"},{"taxonomy":"product_tag","embeddable":true,"href":"https:\/\/andalubox.com\/fr\/wp-json\/wp\/v2\/product_tag?post=14885"}],"curies":[{"name":"wp","href":"https:\/\/api.w.org\/{rel}","templated":true}]}}